{"id":50,"date":"2024-01-08T11:20:42","date_gmt":"2024-01-08T10:20:42","guid":{"rendered":"https:\/\/issaline.com\/?page_id=50"},"modified":"2024-11-04T13:41:10","modified_gmt":"2024-11-04T12:41:10","slug":"politica-de-privacidade","status":"publish","type":"page","link":"https:\/\/issaline.com\/pt\/politica-de-privacidad\/","title":{"rendered":"Pol\u00edtica de privacidade"},"content":{"rendered":"<div data-elementor-type=\"wp-page\" data-elementor-id=\"50\" class=\"elementor elementor-50\" data-elementor-post-type=\"page\">\n\t\t\t\t\t\t<section class=\"elementor-section elementor-top-section elementor-element elementor-element-4f2a582 elementor-section-boxed elementor-section-height-default elementor-section-height-default\" data-id=\"4f2a582\" data-element_type=\"section\" data-e-type=\"section\">\n\t\t\t\t\t\t<div class=\"elementor-container elementor-column-gap-default\">\n\t\t\t\t\t<div class=\"elementor-column elementor-col-100 elementor-top-column elementor-element elementor-element-c504694\" data-id=\"c504694\" data-element_type=\"column\" data-e-type=\"column\">\n\t\t\t<div class=\"elementor-widget-wrap elementor-element-populated\">\n\t\t\t\t\t\t<div class=\"elementor-element elementor-element-466311d elementor-widget elementor-widget-text-editor\" data-id=\"466311d\" data-element_type=\"widget\" data-e-type=\"widget\" data-widget_type=\"text-editor.default\">\n\t\t\t\t<div class=\"elementor-widget-container\">\n\t\t\t\t\t\t\t\t\t<h1><strong><u>POL\u00cdTICA DE PRIVACIDADE<\/u><\/strong><\/h1><p><strong>\u00a0<\/strong><\/p><p><strong>INTRODU\u00c7\u00c3O<\/strong><\/p><p>Com a presente pol\u00edtica, passamos a inform\u00e1-lo sobre os dados que recolhemos dos utilizadores, bem como sobre a utiliza\u00e7\u00e3o e a finalidade que lhes damos.<\/p><p>A este respeito, informamos que nunca solicitaremos mais informa\u00e7\u00f5es do que aquelas de que realmente necessitamos para os servi\u00e7os solicitados; estas informa\u00e7\u00f5es n\u00e3o ser\u00e3o partilhadas com terceiros, exceto se formos legalmente obrigados a faz\u00ea-lo ou com a sua autoriza\u00e7\u00e3o pr\u00e9via expressa. De igual modo, nunca utilizaremos os dados que nos possa fornecer para um fim diferente do comunicado.<\/p><p>\u00c9 da responsabilidade do utilizador deste s\u00edtio Web ler e seguir atentamente o que est\u00e1 indicado nesta pol\u00edtica de privacidade, tanto no primeiro acesso a este s\u00edtio Web como nos casos em que sejam introduzidos novos dados pessoais, uma vez que esta informa\u00e7\u00e3o pode sofrer modifica\u00e7\u00f5es devido ao objetivo de cumprir a regulamenta\u00e7\u00e3o em vigor, bem como poss\u00edveis actualiza\u00e7\u00f5es, sem que sejamos obrigados a avisar previamente ou a informar os utilizadores destas obriga\u00e7\u00f5es, sendo suficiente a publica\u00e7\u00e3o no s\u00edtio Web do fornecedor.<\/p><p>\u00a0<\/p><p><strong>CONTROLADOR DE DADOS<\/strong><\/p><ul><li><strong>Nome ou designa\u00e7\u00e3o da empresa:<\/strong> <span style=\"color: #ff0000;\"><strong>AAAA<\/strong><\/span><\/li><li><strong>NIF:<\/strong> <span style=\"color: #ff0000;\"><strong>CCCC<\/strong><\/span><\/li><li><strong>Endere\u00e7o postal:<\/strong> <span style=\"color: #ff0000;\"><strong>BBBB<\/strong><\/span><\/li><li><strong>Correio eletr\u00f3nico:<\/strong> <span style=\"color: #ff0000;\"><strong>EEEE<\/strong><\/span><\/li><\/ul><p>\u00a0<\/p><p><span style=\"color: #ff0000;\"><strong>AAAA<\/strong><\/span>na qualidade de respons\u00e1vel pelo s\u00edtio Web, em conformidade com o disposto no Regulamento (UE) 2016\/679 de 27 de abril de 2016 (RGPD) relativo \u00e0 prote\u00e7\u00e3o das pessoas singulares no que diz respeito ao tratamento de dados pessoais e \u00e0 livre circula\u00e7\u00e3o desses dados e demais legisla\u00e7\u00e3o em vigor em mat\u00e9ria de prote\u00e7\u00e3o de dados pessoais, e pela Lei 34\/2002, de 11 de julho, relativa aos Servi\u00e7os da Sociedade da Informa\u00e7\u00e3o e do Com\u00e9rcio Eletr\u00f3nico (LSSICE), informa que implementou as medidas de seguran\u00e7a t\u00e9cnicas e organizacionais necess\u00e1rias para garantir e proteger a confidencialidade, integridade e disponibilidade dos dados introduzidos.<\/p><p>\u00a0<\/p><p><strong>RECOLHA DE DADOS E TIPOLOGIA<\/strong><\/p><p>Os dados que recolhemos s\u00e3o os dados que o utilizador do s\u00edtio Web aceita fornecer-nos e os que s\u00e3o necess\u00e1rios para podermos oferecer-lhe o servi\u00e7o requerido no seu caso. A forma de os obter \u00e9 atrav\u00e9s do preenchimento do formul\u00e1rio de contacto, ou de servi\u00e7os de newsletter que possamos oferecer. O tipo de dados ser\u00e1, portanto, o seu nome, n\u00famero de identifica\u00e7\u00e3o, n\u00famero de telefone, dados profissionais, dados banc\u00e1rios (para efetuar, se necess\u00e1rio, um pagamento), etc.<\/p><p>A este respeito, informamos que este tipo de dados n\u00e3o se enquadra na categoria de dados especialmente protegidos.<\/p><p><strong>\u00a0<\/strong><\/p><p><strong>OBJECTIVO DO TRATAMENTO<\/strong><\/p><p>Os seus dados pessoais s\u00f3 ser\u00e3o utilizados para os fins abaixo indicados, com o seu consentimento para cada um dos fins na sec\u00e7\u00e3o correspondente do s\u00edtio Web:<\/p><p>No caso de preenchimento de um formul\u00e1rio de contacto, a finalidade do tratamento \u00e9 responder a poss\u00edveis quest\u00f5es ou poder fornecer-lhe as informa\u00e7\u00f5es necess\u00e1rias.<\/p><p>No caso do preenchimento do formul\u00e1rio de subscri\u00e7\u00e3o da newsletter, o objetivo \u00e9 poder enviar-lhe todas as comunica\u00e7\u00f5es ou publicidade relevantes, desde que o utilizador tenha aceite expressamente este envio.<\/p><p>Note-se que pode revogar o seu consentimento em qualquer altura. Para o fazer, envie uma mensagem de correio eletr\u00f3nico para o seguinte endere\u00e7o <span style=\"color: #ff0000;\"><strong>EEEE<\/strong><\/span> comunicando essa revoga\u00e7\u00e3o.<\/p><p>A este respeito, gostar\u00edamos de informar que <span style=\"color: #ff0000;\"><strong>AAAA<\/strong><\/span> n\u00e3o recorre a pr\u00e1ticas de SPAM, ou seja, nunca envia mensagens comerciais por correio eletr\u00f3nico que n\u00e3o tenham sido expressamente solicitadas pelo utilizador.<\/p><p>Informamos que n\u00e3o trataremos os seus dados pessoais para qualquer outro fim que n\u00e3o os acima descritos, exceto por obriga\u00e7\u00e3o legal ou ordem judicial.<\/p><p><strong>\u00a0<\/strong><\/p><p><strong>LEGITIMA\u00c7\u00c3O DO TRATAMENTO<\/strong><\/p><p>A base jur\u00eddica para o tratamento dos dados \u00e9 o consentimento expresso prestado pelo utilizador no momento do preenchimento do formul\u00e1rio correspondente, a fim de receber as informa\u00e7\u00f5es solicitadas. Caso o utilizador n\u00e3o forne\u00e7a os dados e o consentimento, ser\u00e1 imposs\u00edvel atingir as finalidades acima descritas.<\/p><p>Nos casos em que exista uma rela\u00e7\u00e3o contratual entre as partes, a base jur\u00eddica para o cumprimento das obriga\u00e7\u00f5es da\u00ed decorrentes \u00e9 a exist\u00eancia da rela\u00e7\u00e3o comercial estabelecida entre as partes.<\/p><p>A oferta prospetiva ou comercial de produtos e servi\u00e7os baseia-se no consentimento que lhe \u00e9 solicitado, sem que a retirada deste consentimento possa, em caso algum, condicionar a execu\u00e7\u00e3o do contrato de subscri\u00e7\u00e3o.<\/p><p><strong>\u00a0<\/strong><\/p><p><strong>PER\u00cdODO DE CONSERVA\u00c7\u00c3O DOS DADOS:<\/strong><\/p><p>Os seus dados ser\u00e3o conservados durante a vig\u00eancia da sua rela\u00e7\u00e3o comercial connosco ou enquanto exercer o seu direito de anular, opor-se ou limitar o tratamento dos seus dados. Conservaremos igualmente os seus dados durante os per\u00edodos de tempo legalmente previstos nas disposi\u00e7\u00f5es aplic\u00e1veis.<\/p><p><strong>\u00a0<\/strong><\/p><p><strong>DESTINAT\u00c1RIOS DE CESS\u00d5ES OU TRANSFER\u00caNCIAS<\/strong><\/p><p>Informamos que n\u00e3o cedemos, comunicamos ou transferimos os dados pessoais que nos fornece a nenhum Estado ou terceiro. Estes dados s\u00f3 ser\u00e3o comunicados por ordem judicial ou por disposi\u00e7\u00f5es legais.<\/p><p>As informa\u00e7\u00f5es fornecidas ser\u00e3o apenas as que est\u00e3o atualmente dispon\u00edveis para o prestador.<\/p><p><strong>\u00a0<\/strong><\/p><p><strong>DIREITOS DAS PESSOAS EM CAUSA<\/strong><\/p><p>Enquanto titular dos dados, tem os seguintes direitos, em conformidade com o Regulamento Geral sobre a Prote\u00e7\u00e3o de Dados (RGPD):<\/p><ul><li>Art. 15\u00ba do RGPD, o direito, na medida do indicado, de obter informa\u00e7\u00f5es sobre os dados pessoais que lhe dizem respeito e que tratamos;<\/li><li>Art. 16\u00ba do RGPD, o direito de obter, sem demora injustificada, a retifica\u00e7\u00e3o ou o completamento dos dados pessoais que lhe digam respeito;<\/li><li>Art. 17\u00ba do RGPD, o direito de obter o apagamento dos dados pessoais que lhe digam respeito, desde que o tratamento n\u00e3o seja necess\u00e1rio:<ul><li>exercer o direito \u00e0 liberdade de express\u00e3o e de informa\u00e7\u00e3o,<\/li><li>para o cumprimento de uma obriga\u00e7\u00e3o legal,<\/li><li>por raz\u00f5es de interesse p\u00fablico, ou<\/li><li>para a formula\u00e7\u00e3o, o exerc\u00edcio ou a defesa de reclama\u00e7\u00f5es;<\/li><\/ul><\/li><li>Art. 18\u00ba do RGPD, o direito de obter a limita\u00e7\u00e3o do tratamento dos seus dados quando<ul><li>a pessoa em causa contesta a exatid\u00e3o dos dados,<\/li><li>o tratamento \u00e9 ilegal e o utilizador op\u00f5e-se ao apagamento dos dados,<\/li><li>j\u00e1 n\u00e3o precisarmos dos dados, mas o utilizador precisar deles para a formula\u00e7\u00e3o, o exerc\u00edcio ou a defesa de reclama\u00e7\u00f5es, ou<\/li><li>se op\u00f4s ao tratamento nos termos do artigo 21\u00ba do RGPD;<\/li><\/ul><\/li><li>Art. 20.\u00ba do RGPD, o direito de receber os dados pessoais que lhe dizem respeito e que nos forneceu, num formato estruturado, de uso corrente e de leitura autom\u00e1tica, ou de solicitar a sua transfer\u00eancia para outro respons\u00e1vel pelo tratamento;<\/li><li>Art. 77.\u00ba do RGPD, o direito de apresentar uma queixa a uma autoridade de controlo.<\/li><\/ul><p>\u00a0<\/p><p>Regra geral, pode contactar a autoridade de controlo do seu local de resid\u00eancia ou de trabalho habitual ou da sede da nossa empresa.<\/p><p>\u00a0<\/p><p><strong>Em Espanha:<\/strong><\/p><ul><li>Ag\u00eancia Espanhola de Prote\u00e7\u00e3o de Dados (AEPD)<\/li><li>Calle Jorge Juan, n\u00ba6<\/li><li>28001-Madrid<\/li><li>Telefone 901 100 099<\/li><li>https:\/\/www.aepd.es\/<\/li><\/ul><p><em>\u00a0<\/em><\/p><p>Enquanto utilizador, tem o direito de retirar o seu consentimento em qualquer altura. A retirada do consentimento n\u00e3o afectar\u00e1 a legalidade do tratamento efectuado antes da retirada do consentimento.<\/p><p><strong>\u00a0<\/strong><\/p><p><strong>MEDIDAS DE SEGURAN\u00c7A<\/strong><\/p><p>Os dados que nos fornecer ser\u00e3o tratados com a m\u00e1xima confidencialidade. O portal adoptou todas as medidas t\u00e9cnicas e organizativas e todos os n\u00edveis de prote\u00e7\u00e3o necess\u00e1rios para garantir a seguran\u00e7a no tratamento dos dados e evitar a sua altera\u00e7\u00e3o, perda, roubo, tratamento ou acesso n\u00e3o autorizado, de acordo com o estado da tecnologia e a natureza dos dados armazenados. Da mesma forma, garante-se que o tratamento e o registo em ficheiros, programas, sistemas ou equipamentos, instala\u00e7\u00f5es e centros cumprem os requisitos e condi\u00e7\u00f5es de integridade e seguran\u00e7a estabelecidos na regulamenta\u00e7\u00e3o em vigor.<\/p><p><strong>\u00a0<\/strong><\/p><p><strong>REDES SOCIAIS<\/strong><\/p><p>Note-se que <span style=\"color: #ff0000;\"><strong>AAAA<\/strong><\/span> pode ter presen\u00e7a nas redes sociais. O tratamento de dados realizado sobre as pessoas que se tornem seguidoras nas redes sociais (e\/ou realizem qualquer a\u00e7\u00e3o de liga\u00e7\u00e3o ou conex\u00e3o atrav\u00e9s das redes sociais) das p\u00e1ginas oficiais deste portal web ser\u00e1 regido por esta sec\u00e7\u00e3o, bem como pelas condi\u00e7\u00f5es de utiliza\u00e7\u00e3o, pol\u00edticas de privacidade e regulamentos de acesso pertencentes \u00e0 rede social aplic\u00e1vel em cada caso e previamente aceites pelo utilizador.<\/p><p>Informamos que trataremos os seus dados com a finalidade de gerir corretamente a sua presen\u00e7a na rede social, informando-o das actividades, produtos ou servi\u00e7os do fornecedor, bem como para qualquer outra finalidade que a regulamenta\u00e7\u00e3o das redes sociais permita.<\/p><p>\u00c9 estritamente proibido publicar conte\u00fados ilegais de acordo com a legisla\u00e7\u00e3o em vigor, ou que violem as boas pr\u00e1ticas comerciais ou a boa f\u00e9, bem como conte\u00fados que violem os direitos fundamentais das pessoas singulares, incluindo todos os conte\u00fados que o propriet\u00e1rio deste portal web considere inadequados. Neste sentido, informamos que nos reservamos o direito de eliminar, sem aviso pr\u00e9vio, qualquer conte\u00fado que possa ser inadequado.<\/p><p><strong>\u00a0<\/strong><\/p><p><strong>ALTERA\u00c7\u00d5ES A ESTA POL\u00cdTICA DE PRIVACIDADE<\/strong><\/p><p>O propriet\u00e1rio deste s\u00edtio Web reserva-se o direito de modificar a presente pol\u00edtica para a adaptar \u00e0 nova legisla\u00e7\u00e3o ou jurisprud\u00eancia.<\/p><p><strong>\u00a0<\/strong><\/p><p><strong>REVOCABILIDADE<\/strong><\/p><p>O consentimento dado pelo utilizador pode ser revogado a qualquer momento, na forma acima descrita. A referida revoga\u00e7\u00e3o produzir\u00e1 efeitos a partir do momento da sua correta rece\u00e7\u00e3o pelo propriet\u00e1rio do portal web.<\/p><p><strong>\u00a0<\/strong><\/p><p><strong>LEGISLA\u00c7\u00c3O<\/strong><\/p><p>Todas as rela\u00e7\u00f5es e condi\u00e7\u00f5es que afectam este s\u00edtio Web est\u00e3o sujeitas \u00e0 legisla\u00e7\u00e3o espanhola.<\/p>\t\t\t\t\t\t\t\t<\/div>\n\t\t\t\t<\/div>\n\t\t\t\t\t<\/div>\n\t\t<\/div>\n\t\t\t\t\t<\/div>\n\t\t<\/section>\n\t\t\t\t<\/div>","protected":false},"excerpt":{"rendered":"<p>POLITICA DE PRIVACIDAD \u00a0 INTRODUCCI\u00d3N Con la presente pol\u00edtica, procedemos a informarles de los datos que recopilamos de los usuarios, as\u00ed como la utilizaci\u00f3n y finalidad que realizamos con los mismos En este sentido le informamos de que nunca solicitaremos m\u00e1s informaci\u00f3n de la que realmente necesitaremos para los servicios requeridos; dicha informaci\u00f3n no ser\u00e1 [&hellip;]<\/p>\n","protected":false},"author":1,"featured_media":0,"parent":0,"menu_order":0,"comment_status":"closed","ping_status":"closed","template":"","meta":{"footnotes":""},"class_list":["post-50","page","type-page","status-publish","hentry"],"yoast_head":"<!-- This site is optimized with the Yoast SEO plugin v27.3 - https:\/\/yoast.com\/product\/yoast-seo-wordpress\/ -->\n<title>Pol\u00edtica de Privacidad - Issaline<\/title>\n<meta name=\"robots\" content=\"index, follow, max-snippet:-1, max-image-preview:large, max-video-preview:-1\" \/>\n<link rel=\"canonical\" href=\"https:\/\/issaline.com\/pt\/politica-de-privacidade\/\" \/>\n<meta property=\"og:locale\" content=\"pt_PT\" \/>\n<meta property=\"og:type\" content=\"article\" \/>\n<meta property=\"og:title\" content=\"Pol\u00edtica de Privacidad - Issaline\" \/>\n<meta property=\"og:description\" content=\"POLITICA DE PRIVACIDAD \u00a0 INTRODUCCI\u00d3N Con la presente pol\u00edtica, procedemos a informarles de los datos que recopilamos de los usuarios, as\u00ed como la utilizaci\u00f3n y finalidad que realizamos con los mismos En este sentido le informamos de que nunca solicitaremos m\u00e1s informaci\u00f3n de la que realmente necesitaremos para los servicios requeridos; dicha informaci\u00f3n no ser\u00e1 [&hellip;]\" \/>\n<meta property=\"og:url\" content=\"https:\/\/issaline.com\/pt\/politica-de-privacidade\/\" \/>\n<meta property=\"og:site_name\" content=\"Issaline\" \/>\n<meta property=\"article:modified_time\" content=\"2024-11-04T12:41:10+00:00\" \/>\n<meta name=\"twitter:card\" content=\"summary_large_image\" \/>\n<meta name=\"twitter:label1\" content=\"Tempo estimado de leitura\" \/>\n\t<meta name=\"twitter:data1\" content=\"8 minutos\" \/>\n<script type=\"application\/ld+json\" class=\"yoast-schema-graph\">{\"@context\":\"https:\\\/\\\/schema.org\",\"@graph\":[{\"@type\":\"WebPage\",\"@id\":\"https:\\\/\\\/issaline.com\\\/politica-de-privacidad\\\/\",\"url\":\"https:\\\/\\\/issaline.com\\\/politica-de-privacidad\\\/\",\"name\":\"Pol\u00edtica de Privacidad - Issaline\",\"isPartOf\":{\"@id\":\"https:\\\/\\\/issaline.com\\\/#website\"},\"datePublished\":\"2024-01-08T10:20:42+00:00\",\"dateModified\":\"2024-11-04T12:41:10+00:00\",\"breadcrumb\":{\"@id\":\"https:\\\/\\\/issaline.com\\\/politica-de-privacidad\\\/#breadcrumb\"},\"inLanguage\":\"pt-PT\",\"potentialAction\":[{\"@type\":\"ReadAction\",\"target\":[\"https:\\\/\\\/issaline.com\\\/politica-de-privacidad\\\/\"]}]},{\"@type\":\"BreadcrumbList\",\"@id\":\"https:\\\/\\\/issaline.com\\\/politica-de-privacidad\\\/#breadcrumb\",\"itemListElement\":[{\"@type\":\"ListItem\",\"position\":1,\"name\":\"Portada\",\"item\":\"https:\\\/\\\/issaline.com\\\/\"},{\"@type\":\"ListItem\",\"position\":2,\"name\":\"Pol\u00edtica de Privacidad\"}]},{\"@type\":\"WebSite\",\"@id\":\"https:\\\/\\\/issaline.com\\\/#website\",\"url\":\"https:\\\/\\\/issaline.com\\\/\",\"name\":\"Issaline\",\"description\":\"\",\"publisher\":{\"@id\":\"https:\\\/\\\/issaline.com\\\/#organization\"},\"potentialAction\":[{\"@type\":\"SearchAction\",\"target\":{\"@type\":\"EntryPoint\",\"urlTemplate\":\"https:\\\/\\\/issaline.com\\\/?s={search_term_string}\"},\"query-input\":{\"@type\":\"PropertyValueSpecification\",\"valueRequired\":true,\"valueName\":\"search_term_string\"}}],\"inLanguage\":\"pt-PT\"},{\"@type\":\"Organization\",\"@id\":\"https:\\\/\\\/issaline.com\\\/#organization\",\"name\":\"Issaline\",\"url\":\"https:\\\/\\\/issaline.com\\\/\",\"logo\":{\"@type\":\"ImageObject\",\"inLanguage\":\"pt-PT\",\"@id\":\"https:\\\/\\\/issaline.com\\\/#\\\/schema\\\/logo\\\/image\\\/\",\"url\":\"https:\\\/\\\/issaline.com\\\/wp-content\\\/uploads\\\/2023\\\/07\\\/Issaline_logo.png\",\"contentUrl\":\"https:\\\/\\\/issaline.com\\\/wp-content\\\/uploads\\\/2023\\\/07\\\/Issaline_logo.png\",\"width\":959,\"height\":391,\"caption\":\"Issaline\"},\"image\":{\"@id\":\"https:\\\/\\\/issaline.com\\\/#\\\/schema\\\/logo\\\/image\\\/\"}}]}<\/script>\n<!-- \/ Yoast SEO plugin. -->","yoast_head_json":{"title":"Pol\u00edtica de privacidade - Issaline","robots":{"index":"index","follow":"follow","max-snippet":"max-snippet:-1","max-image-preview":"max-image-preview:large","max-video-preview":"max-video-preview:-1"},"canonical":"https:\/\/issaline.com\/pt\/politica-de-privacidade\/","og_locale":"pt_PT","og_type":"article","og_title":"Pol\u00edtica de Privacidad - Issaline","og_description":"POLITICA DE PRIVACIDAD \u00a0 INTRODUCCI\u00d3N Con la presente pol\u00edtica, procedemos a informarles de los datos que recopilamos de los usuarios, as\u00ed como la utilizaci\u00f3n y finalidad que realizamos con los mismos En este sentido le informamos de que nunca solicitaremos m\u00e1s informaci\u00f3n de la que realmente necesitaremos para los servicios requeridos; dicha informaci\u00f3n no ser\u00e1 [&hellip;]","og_url":"https:\/\/issaline.com\/pt\/politica-de-privacidade\/","og_site_name":"Issaline","article_modified_time":"2024-11-04T12:41:10+00:00","twitter_card":"summary_large_image","twitter_misc":{"Tempo estimado de leitura":"8 minutos"},"schema":{"@context":"https:\/\/schema.org","@graph":[{"@type":"WebPage","@id":"https:\/\/issaline.com\/politica-de-privacidad\/","url":"https:\/\/issaline.com\/politica-de-privacidad\/","name":"Pol\u00edtica de privacidade - Issaline","isPartOf":{"@id":"https:\/\/issaline.com\/#website"},"datePublished":"2024-01-08T10:20:42+00:00","dateModified":"2024-11-04T12:41:10+00:00","breadcrumb":{"@id":"https:\/\/issaline.com\/politica-de-privacidad\/#breadcrumb"},"inLanguage":"pt-PT","potentialAction":[{"@type":"ReadAction","target":["https:\/\/issaline.com\/politica-de-privacidad\/"]}]},{"@type":"BreadcrumbList","@id":"https:\/\/issaline.com\/politica-de-privacidad\/#breadcrumb","itemListElement":[{"@type":"ListItem","position":1,"name":"Portada","item":"https:\/\/issaline.com\/"},{"@type":"ListItem","position":2,"name":"Pol\u00edtica de Privacidad"}]},{"@type":"WebSite","@id":"https:\/\/issaline.com\/#website","url":"https:\/\/issaline.com\/","name":"Issaline","description":"","publisher":{"@id":"https:\/\/issaline.com\/#organization"},"potentialAction":[{"@type":"SearchAction","target":{"@type":"EntryPoint","urlTemplate":"https:\/\/issaline.com\/?s={search_term_string}"},"query-input":{"@type":"PropertyValueSpecification","valueRequired":true,"valueName":"search_term_string"}}],"inLanguage":"pt-PT"},{"@type":"Organization","@id":"https:\/\/issaline.com\/#organization","name":"Issaline","url":"https:\/\/issaline.com\/","logo":{"@type":"ImageObject","inLanguage":"pt-PT","@id":"https:\/\/issaline.com\/#\/schema\/logo\/image\/","url":"https:\/\/issaline.com\/wp-content\/uploads\/2023\/07\/Issaline_logo.png","contentUrl":"https:\/\/issaline.com\/wp-content\/uploads\/2023\/07\/Issaline_logo.png","width":959,"height":391,"caption":"Issaline"},"image":{"@id":"https:\/\/issaline.com\/#\/schema\/logo\/image\/"}}]}},"_links":{"self":[{"href":"https:\/\/issaline.com\/pt\/wp-json\/wp\/v2\/pages\/50","targetHints":{"allow":["GET"]}}],"collection":[{"href":"https:\/\/issaline.com\/pt\/wp-json\/wp\/v2\/pages"}],"about":[{"href":"https:\/\/issaline.com\/pt\/wp-json\/wp\/v2\/types\/page"}],"author":[{"embeddable":true,"href":"https:\/\/issaline.com\/pt\/wp-json\/wp\/v2\/users\/1"}],"replies":[{"embeddable":true,"href":"https:\/\/issaline.com\/pt\/wp-json\/wp\/v2\/comments?post=50"}],"version-history":[{"count":17,"href":"https:\/\/issaline.com\/pt\/wp-json\/wp\/v2\/pages\/50\/revisions"}],"predecessor-version":[{"id":8195,"href":"https:\/\/issaline.com\/pt\/wp-json\/wp\/v2\/pages\/50\/revisions\/8195"}],"wp:attachment":[{"href":"https:\/\/issaline.com\/pt\/wp-json\/wp\/v2\/media?parent=50"}],"curies":[{"name":"wp","href":"https:\/\/api.w.org\/{rel}","templated":true}]}}