{"id":38,"date":"2024-01-08T11:10:14","date_gmt":"2024-01-08T10:10:14","guid":{"rendered":"https:\/\/issaline.com\/?page_id=38"},"modified":"2024-11-04T13:43:43","modified_gmt":"2024-11-04T12:43:43","slug":"aviso-legal","status":"publish","type":"page","link":"https:\/\/issaline.com\/pt\/aviso-legal\/","title":{"rendered":"Aviso legal"},"content":{"rendered":"<div data-elementor-type=\"wp-page\" data-elementor-id=\"38\" class=\"elementor elementor-38\" data-elementor-post-type=\"page\">\n\t\t\t\t\t\t<section class=\"elementor-section elementor-top-section elementor-element elementor-element-c65cb9d elementor-section-boxed elementor-section-height-default elementor-section-height-default\" data-id=\"c65cb9d\" data-element_type=\"section\" data-e-type=\"section\">\n\t\t\t\t\t\t<div class=\"elementor-container elementor-column-gap-default\">\n\t\t\t\t\t<div class=\"elementor-column elementor-col-100 elementor-top-column elementor-element elementor-element-5e5ca6f\" data-id=\"5e5ca6f\" data-element_type=\"column\" data-e-type=\"column\">\n\t\t\t<div class=\"elementor-widget-wrap elementor-element-populated\">\n\t\t\t\t\t\t<div class=\"elementor-element elementor-element-07f1b4c elementor-widget elementor-widget-text-editor\" data-id=\"07f1b4c\" data-element_type=\"widget\" data-e-type=\"widget\" data-widget_type=\"text-editor.default\">\n\t\t\t\t<div class=\"elementor-widget-container\">\n\t\t\t\t\t\t\t\t\t<p><strong>\u00a0<\/strong><\/p><h1><strong><u>AVISO LEGAL<\/u><\/strong><\/h1><p>Para dar cumprimento ao artigo 10 da Lei 34\/2002 sobre Servi\u00e7os da Sociedade da Informa\u00e7\u00e3o e Com\u00e9rcio Eletr\u00f3nico, informamos os utilizadores dos nossos dados:<\/p><ul><li><strong>Nome da empresa:<\/strong> <strong><span style=\"color: #ff0000;\">AAAA<\/span><\/strong><\/li><li><strong>Sede social:<\/strong> <span style=\"color: #ff0000;\"><strong>BBBB<\/strong><\/span><\/li><li><strong>NIF<\/strong>: <span style=\"color: #ff0000;\"><strong>CCCC<\/strong><\/span><\/li><li><b>Registo comercial:<\/b> Esta empresa est\u00e1 registada no Registo Comercial de <span style=\"color: #ff0000;\"><strong>\u2014-<\/strong><\/span>, Volume <span style=\"color: #ff0000;\"><strong>\u2014-<\/strong><\/span>, f\u00f3lio <strong><span style=\"color: #ff0000;\">\u2014-<\/span><\/strong> folha <strong><span style=\"color: #ff0000;\">\u2014-<\/span><\/strong>.<\/li><li><strong>Telefone:<\/strong> <span style=\"color: #ff0000;\"><strong>DDDD<\/strong><\/span><\/li><li><strong>E-Mail:<\/strong> <span style=\"color: #ff0000;\"><strong>EEEE<\/strong><\/span><\/li><li><strong>S\u00edtio Web:<\/strong> <strong><span style=\"color: #ff0000;\">FFFF<\/span><\/strong><\/li><\/ul><p><strong>\u00a0<\/strong><\/p><p><strong>OBJECTO<\/strong><\/p><p><span style=\"color: #ff0000;\"><strong>AAAA<\/strong><\/span>(doravante tamb\u00e9m o fornecedor), enquanto respons\u00e1vel pelo s\u00edtio Web, coloca \u00e0 disposi\u00e7\u00e3o dos utilizadores o presente documento, que regula a utiliza\u00e7\u00e3o do s\u00edtio Web. <span style=\"color: #ff0000;\"><strong>FFFF<\/strong><\/span>O s\u00edtio Web cumpre o disposto na Lei 34\/2002, de Servi\u00e7os da Sociedade da Informa\u00e7\u00e3o e Com\u00e9rcio Eletr\u00f3nico (LSSICE ou LSSI), e informa todos os utilizadores do s\u00edtio Web das suas condi\u00e7\u00f5es de utiliza\u00e7\u00e3o.<\/p><p>O acesso e a utiliza\u00e7\u00e3o deste s\u00edtio Web conferem ao visitante a condi\u00e7\u00e3o de utilizador. Isto implica que o utilizador aceita as condi\u00e7\u00f5es de utiliza\u00e7\u00e3o em vigor a todo o momento e compromete-se a fazer uma utiliza\u00e7\u00e3o adequada dos conte\u00fados do s\u00edtio Web e a observar e cumprir rigorosamente as disposi\u00e7\u00f5es do presente aviso e de qualquer regulamenta\u00e7\u00e3o aplic\u00e1vel.<\/p><p>\u00c9 obriga\u00e7\u00e3o dos utilizadores ler e observar o conte\u00fado do presente aviso legal, informando-os de que este pode sofrer modifica\u00e7\u00f5es como resultado da adapta\u00e7\u00e3o do mesmo pelo propriet\u00e1rio do portal web aos regulamentos em vigor em qualquer momento. Por conseguinte, informamos que, sem aviso pr\u00e9vio, o propriet\u00e1rio do s\u00edtio Web pode modificar o conte\u00fado do mesmo.<\/p><p><strong>\u00a0<\/strong><\/p><p><strong>TERMOS E CONDI\u00c7\u00d5ES DE UTILIZA\u00c7\u00c3O DO S\u00cdTIO WEB<\/strong><\/p><p>A utiliza\u00e7\u00e3o deste s\u00edtio Web \u00e9 gratuita e n\u00e3o \u00e9 necess\u00e1ria qualquer subscri\u00e7\u00e3o pr\u00e9via para o utilizar. No entanto, para alguns servi\u00e7os, \u00e9 necess\u00e1rio o preenchimento de um formul\u00e1rio (por exemplo, para comprar produtos ou receber informa\u00e7\u00f5es). Este registo ser\u00e1 efectuado nas condi\u00e7\u00f5es indicadas na sec\u00e7\u00e3o correspondente.<\/p><p>O utilizador compromete-se a garantir que todas as informa\u00e7\u00f5es fornecidas s\u00e3o verdadeiras e est\u00e3o sempre actualizadas, n\u00e3o assumindo o propriet\u00e1rio do s\u00edtio Web qualquer responsabilidade pela falsidade dessas informa\u00e7\u00f5es.<\/p><p>No caso de o utilizador ser menor de idade, dever\u00e1 sempre obter o consentimento pr\u00e9vio expresso dos seus pais, tutores ou representantes legais para a pr\u00e1tica de qualquer ato.<\/p><p>O Utilizador compromete-se a utilizar o S\u00edtio Web em conformidade com a Lei e o presente Aviso Legal. Neste sentido, n\u00e3o difundir\u00e1 conte\u00fados que sejam contr\u00e1rios \u00e0 lei ou \u00e0 dignidade da pessoa; que sejam discriminat\u00f3rios por motivos de nascimento, ra\u00e7a, sexo, religi\u00e3o, opini\u00e3o ou qualquer outra condi\u00e7\u00e3o ou circunst\u00e2ncia pessoal ou social; ou que, de qualquer forma, sejam contr\u00e1rios \u00e0 lei e \u00e0 ordem p\u00fablica; bem como \u00e0 moral e aos bons costumes.<\/p><p><strong>\u00a0<\/strong><\/p><p><strong>EXCLUS\u00c3O DE GARANTIAS E RESPONSABILIDADE<\/strong><\/p><p>O propriet\u00e1rio deste s\u00edtio Web est\u00e1 isento de responsabilidade nos casos em que as informa\u00e7\u00f5es fornecidas sejam falsas ou em que as informa\u00e7\u00f5es publicadas no s\u00edtio Web tenham sido manipuladas por terceiros.<\/p><p>Da mesma forma, o propriet\u00e1rio do portal web declina qualquer responsabilidade que possa surgir como consequ\u00eancia do funcionamento incorreto do mesmo, como consequ\u00eancia da presen\u00e7a de v\u00edrus, programas maliciosos ou nocivos nos conte\u00fados; da utiliza\u00e7\u00e3o il\u00edcita, negligente, fraudulenta ou contr\u00e1ria ao presente Aviso Legal e condi\u00e7\u00f5es de utiliza\u00e7\u00e3o.<\/p><p><strong>\u00a0<\/strong><\/p><p><strong>COOKIES<\/strong><\/p><p>O s\u00edtio Web do prestador pode utilizar cookies (pequenos ficheiros de informa\u00e7\u00e3o que o servidor envia para o computador da pessoa que acede \u00e0 p\u00e1gina) para realizar determinadas fun\u00e7\u00f5es consideradas essenciais para o correto funcionamento e visualiza\u00e7\u00e3o do s\u00edtio. Os cookies utilizados s\u00e3o, em qualquer caso, de natureza tempor\u00e1ria, com o \u00fanico objetivo de tornar a navega\u00e7\u00e3o mais eficiente, e desaparecem no final da sess\u00e3o do utilizador.<\/p><p>Em nenhuma circunst\u00e2ncia os cookies ser\u00e3o utilizados para recolher informa\u00e7\u00f5es pessoais.<\/p><p>Para mais informa\u00e7\u00f5es, consulte a nossa <a href=\"\/pt\/politica-de-cookies\/\">Pol\u00edtica de cookies<\/a>.<\/p><p><strong>\u00a0<\/strong><\/p><p><strong>POL\u00cdTICA DE LIGA\u00c7\u00d5ES<\/strong><\/p><p>O s\u00edtio Web pode conter liga\u00e7\u00f5es a outros s\u00edtios Web com pol\u00edticas de privacidade diferentes da presente. <span style=\"color: #ff0000;\"><strong>AAAA<\/strong><\/span> n\u00e3o \u00e9 respons\u00e1vel pelo conte\u00fado ou pr\u00e1ticas dos s\u00edtios ligados e aconselha-se o utilizador a ler atentamente a pol\u00edtica de privacidade de qualquer s\u00edtio a que aceda a partir deste.<\/p><p><strong>\u00a0<\/strong><\/p><p><strong>PROTEC\u00c7\u00c3O DE DADOS PESSOAIS<\/strong><\/p><p>O propriet\u00e1rio do portal Web garante o cumprimento integral das obriga\u00e7\u00f5es em vigor, bem como a aplica\u00e7\u00e3o das medidas de seguran\u00e7a previstas no Regulamento Europeu de Prote\u00e7\u00e3o de Dados e na regulamenta\u00e7\u00e3o espanhola em mat\u00e9ria de prote\u00e7\u00e3o de dados. Para mais informa\u00e7\u00f5es, consulte o nosso <a href=\"\/pt\/politica-de-privacidade\/\">Pol\u00edtica de privacidade<\/a>.<\/p><p><strong>\u00a0<\/strong><\/p><p><strong>PROPRIEDADE INTELECTUAL E INDUSTRIAL<\/strong><\/p><p>O Utilizador reconhece e aceita que todos os conte\u00fados apresentados no Website e, em particular, os desenhos, textos, imagens, log\u00f3tipos, \u00edcones, bot\u00f5es, software, nomes comerciais, marcas ou quaisquer outros sinais suscept\u00edveis de utiliza\u00e7\u00e3o industrial e\/ou comercial est\u00e3o sujeitos a direitos de Propriedade Intelectual e todas as marcas, nomes comerciais ou sinais distintivos, todos os direitos de propriedade industrial e intelectual, sobre os conte\u00fados e\/ou quaisquer outros elementos inseridos na p\u00e1gina, s\u00e3o propriedade exclusiva do propriet\u00e1rio do portal web e\/ou de terceiros, que t\u00eam o direito exclusivo de os utilizar no tr\u00e1fego econ\u00f3mico. Por conseguinte, o Utilizador compromete-se a n\u00e3o reproduzir, copiar, distribuir, disponibilizar ou de qualquer outra forma comunicar publicamente, transformar ou modificar tais conte\u00fados, mantendo a indemniza\u00e7\u00e3o a <span style=\"color: #ff0000;\"><strong>AAAA<\/strong><\/span>O Utilizador n\u00e3o ser\u00e1 respons\u00e1vel por qualquer reclama\u00e7\u00e3o decorrente do incumprimento de tais obriga\u00e7\u00f5es. O acesso ao S\u00edtio Web n\u00e3o implica, em caso algum, qualquer tipo de ren\u00fancia, transmiss\u00e3o, licen\u00e7a ou cess\u00e3o total ou parcial dos referidos direitos, salvo disposi\u00e7\u00e3o expressa em contr\u00e1rio. As presentes Condi\u00e7\u00f5es Gerais de Utiliza\u00e7\u00e3o do S\u00edtio Web n\u00e3o concedem ao Utilizador qualquer outro direito de utiliza\u00e7\u00e3o, altera\u00e7\u00e3o, explora\u00e7\u00e3o, reprodu\u00e7\u00e3o, distribui\u00e7\u00e3o ou comunica\u00e7\u00e3o p\u00fablica do S\u00edtio Web e\/ou dos seus Conte\u00fados para al\u00e9m dos expressamente previstos nas mesmas. Qualquer outra utiliza\u00e7\u00e3o ou explora\u00e7\u00e3o de quaisquer outros direitos estar\u00e1 sujeita \u00e0 autoriza\u00e7\u00e3o pr\u00e9via e expressa concedida especificamente para o efeito por <span style=\"color: #ff0000;\"><strong>AAAA<\/strong><\/span>ou o terceiro titular dos direitos em causa.<\/p><p>Os conte\u00fados, textos, fotografias, desenhos, log\u00f3tipos, imagens, programas inform\u00e1ticos, c\u00f3digos-fonte e, em geral, qualquer cria\u00e7\u00e3o intelectual deste s\u00edtio, bem como o pr\u00f3prio s\u00edtio no seu conjunto, enquanto obra art\u00edstica multim\u00e9dia, est\u00e3o protegidos por direitos de autor pela legisla\u00e7\u00e3o relativa \u00e0 propriedade intelectual. <span style=\"color: #ff0000;\"><strong>AAAA<\/strong><\/span>O utilizador \u00e9 o propriet\u00e1rio dos elementos que comp\u00f5em o design gr\u00e1fico do S\u00edtio Web, os menus, bot\u00f5es de navega\u00e7\u00e3o, c\u00f3digo HTML, textos, imagens, texturas, gr\u00e1ficos e qualquer outro conte\u00fado do S\u00edtio Web ou, em qualquer caso, possui a autoriza\u00e7\u00e3o correspondente para a utiliza\u00e7\u00e3o dos referidos elementos. Os conte\u00fados disponibilizados no S\u00edtio Web n\u00e3o podem ser reproduzidos, no todo ou em parte, nem transmitidos, nem registados por qualquer sistema de recupera\u00e7\u00e3o de informa\u00e7\u00e3o, sob qualquer forma ou por qualquer meio, sem a autoriza\u00e7\u00e3o pr\u00e9via e por escrito da referida Entidade.<\/p><p>\u00c9 igualmente proibido remover, iludir e\/ou manipular os direitos de autor, bem como os dispositivos t\u00e9cnicos de prote\u00e7\u00e3o ou quaisquer mecanismos de informa\u00e7\u00e3o que possam estar contidos nos conte\u00fados. O Utilizador deste S\u00edtio Web compromete-se a respeitar os direitos supracitados e a evitar qualquer a\u00e7\u00e3o que os possa prejudicar, reservando-se, em qualquer caso, o direito de <span style=\"color: #ff0000;\"><strong>AAAA<\/strong><\/span> o exerc\u00edcio de todos os meios ou ac\u00e7\u00f5es legais que lhe possam corresponder em defesa dos seus leg\u00edtimos direitos de propriedade intelectual e industrial.<\/p><p><strong>\u00a0<\/strong><\/p><p><strong>LEGISLA\u00c7\u00c3O APLIC\u00c1VEL<\/strong><\/p><p>A lei aplic\u00e1vel em caso de lit\u00edgio ou conflito de interpreta\u00e7\u00e3o das condi\u00e7\u00f5es que comp\u00f5em o presente aviso legal, bem como de qualquer quest\u00e3o relacionada com os servi\u00e7os deste portal, ser\u00e1 a lei espanhola.<\/p>\t\t\t\t\t\t\t\t<\/div>\n\t\t\t\t<\/div>\n\t\t\t\t\t<\/div>\n\t\t<\/div>\n\t\t\t\t\t<\/div>\n\t\t<\/section>\n\t\t\t\t<\/div>","protected":false},"excerpt":{"rendered":"<p>\u00a0 AVISO LEGAL Con el fin de dar cumplimiento al art\u00edculo 10 de la Ley 34\/2002 de Servicios de la Sociedad de la Informaci\u00f3n y del Comercio Electr\u00f3nico, informamos a los usuarios de nuestros datos: Denominaci\u00f3n Social: AAAA Domicilio Social: BBBB NIF: CCCC Registro mercantil: Esta sociedad consta inscrita en el Registro Mercantil de &#8212;-, [&hellip;]<\/p>\n","protected":false},"author":1,"featured_media":0,"parent":0,"menu_order":0,"comment_status":"closed","ping_status":"closed","template":"elementor_header_footer","meta":{"footnotes":""},"class_list":["post-38","page","type-page","status-publish","hentry"],"yoast_head":"<!-- This site is optimized with the Yoast SEO plugin v27.3 - https:\/\/yoast.com\/product\/yoast-seo-wordpress\/ -->\n<title>Aviso Legal - Issaline<\/title>\n<meta name=\"robots\" content=\"index, follow, max-snippet:-1, max-image-preview:large, max-video-preview:-1\" \/>\n<link rel=\"canonical\" href=\"https:\/\/issaline.com\/pt\/aviso-legal\/\" \/>\n<meta property=\"og:locale\" content=\"pt_PT\" \/>\n<meta property=\"og:type\" content=\"article\" \/>\n<meta property=\"og:title\" content=\"Aviso Legal - Issaline\" \/>\n<meta property=\"og:description\" content=\"\u00a0 AVISO LEGAL Con el fin de dar cumplimiento al art\u00edculo 10 de la Ley 34\/2002 de Servicios de la Sociedad de la Informaci\u00f3n y del Comercio Electr\u00f3nico, informamos a los usuarios de nuestros datos: Denominaci\u00f3n Social: AAAA Domicilio Social: BBBB NIF: CCCC Registro mercantil: Esta sociedad consta inscrita en el Registro Mercantil de &#8212;-, [&hellip;]\" \/>\n<meta property=\"og:url\" content=\"https:\/\/issaline.com\/pt\/aviso-legal\/\" \/>\n<meta property=\"og:site_name\" content=\"Issaline\" \/>\n<meta property=\"article:modified_time\" content=\"2024-11-04T12:43:43+00:00\" \/>\n<meta name=\"twitter:card\" content=\"summary_large_image\" \/>\n<meta name=\"twitter:label1\" content=\"Tempo estimado de leitura\" \/>\n\t<meta name=\"twitter:data1\" content=\"7 minutos\" \/>\n<script type=\"application\/ld+json\" class=\"yoast-schema-graph\">{\"@context\":\"https:\\\/\\\/schema.org\",\"@graph\":[{\"@type\":\"WebPage\",\"@id\":\"https:\\\/\\\/issaline.com\\\/aviso-legal\\\/\",\"url\":\"https:\\\/\\\/issaline.com\\\/aviso-legal\\\/\",\"name\":\"Aviso Legal - Issaline\",\"isPartOf\":{\"@id\":\"https:\\\/\\\/issaline.com\\\/#website\"},\"datePublished\":\"2024-01-08T10:10:14+00:00\",\"dateModified\":\"2024-11-04T12:43:43+00:00\",\"breadcrumb\":{\"@id\":\"https:\\\/\\\/issaline.com\\\/aviso-legal\\\/#breadcrumb\"},\"inLanguage\":\"pt-PT\",\"potentialAction\":[{\"@type\":\"ReadAction\",\"target\":[\"https:\\\/\\\/issaline.com\\\/aviso-legal\\\/\"]}]},{\"@type\":\"BreadcrumbList\",\"@id\":\"https:\\\/\\\/issaline.com\\\/aviso-legal\\\/#breadcrumb\",\"itemListElement\":[{\"@type\":\"ListItem\",\"position\":1,\"name\":\"Portada\",\"item\":\"https:\\\/\\\/issaline.com\\\/\"},{\"@type\":\"ListItem\",\"position\":2,\"name\":\"Aviso Legal\"}]},{\"@type\":\"WebSite\",\"@id\":\"https:\\\/\\\/issaline.com\\\/#website\",\"url\":\"https:\\\/\\\/issaline.com\\\/\",\"name\":\"Issaline\",\"description\":\"\",\"publisher\":{\"@id\":\"https:\\\/\\\/issaline.com\\\/#organization\"},\"potentialAction\":[{\"@type\":\"SearchAction\",\"target\":{\"@type\":\"EntryPoint\",\"urlTemplate\":\"https:\\\/\\\/issaline.com\\\/?s={search_term_string}\"},\"query-input\":{\"@type\":\"PropertyValueSpecification\",\"valueRequired\":true,\"valueName\":\"search_term_string\"}}],\"inLanguage\":\"pt-PT\"},{\"@type\":\"Organization\",\"@id\":\"https:\\\/\\\/issaline.com\\\/#organization\",\"name\":\"Issaline\",\"url\":\"https:\\\/\\\/issaline.com\\\/\",\"logo\":{\"@type\":\"ImageObject\",\"inLanguage\":\"pt-PT\",\"@id\":\"https:\\\/\\\/issaline.com\\\/#\\\/schema\\\/logo\\\/image\\\/\",\"url\":\"https:\\\/\\\/issaline.com\\\/wp-content\\\/uploads\\\/2023\\\/07\\\/Issaline_logo.png\",\"contentUrl\":\"https:\\\/\\\/issaline.com\\\/wp-content\\\/uploads\\\/2023\\\/07\\\/Issaline_logo.png\",\"width\":959,\"height\":391,\"caption\":\"Issaline\"},\"image\":{\"@id\":\"https:\\\/\\\/issaline.com\\\/#\\\/schema\\\/logo\\\/image\\\/\"}}]}<\/script>\n<!-- \/ Yoast SEO plugin. -->","yoast_head_json":{"title":"Aviso legal - Issaline","robots":{"index":"index","follow":"follow","max-snippet":"max-snippet:-1","max-image-preview":"max-image-preview:large","max-video-preview":"max-video-preview:-1"},"canonical":"https:\/\/issaline.com\/pt\/aviso-legal\/","og_locale":"pt_PT","og_type":"article","og_title":"Aviso Legal - Issaline","og_description":"\u00a0 AVISO LEGAL Con el fin de dar cumplimiento al art\u00edculo 10 de la Ley 34\/2002 de Servicios de la Sociedad de la Informaci\u00f3n y del Comercio Electr\u00f3nico, informamos a los usuarios de nuestros datos: Denominaci\u00f3n Social: AAAA Domicilio Social: BBBB NIF: CCCC Registro mercantil: Esta sociedad consta inscrita en el Registro Mercantil de &#8212;-, [&hellip;]","og_url":"https:\/\/issaline.com\/pt\/aviso-legal\/","og_site_name":"Issaline","article_modified_time":"2024-11-04T12:43:43+00:00","twitter_card":"summary_large_image","twitter_misc":{"Tempo estimado de leitura":"7 minutos"},"schema":{"@context":"https:\/\/schema.org","@graph":[{"@type":"WebPage","@id":"https:\/\/issaline.com\/aviso-legal\/","url":"https:\/\/issaline.com\/aviso-legal\/","name":"Aviso legal - Issaline","isPartOf":{"@id":"https:\/\/issaline.com\/#website"},"datePublished":"2024-01-08T10:10:14+00:00","dateModified":"2024-11-04T12:43:43+00:00","breadcrumb":{"@id":"https:\/\/issaline.com\/aviso-legal\/#breadcrumb"},"inLanguage":"pt-PT","potentialAction":[{"@type":"ReadAction","target":["https:\/\/issaline.com\/aviso-legal\/"]}]},{"@type":"BreadcrumbList","@id":"https:\/\/issaline.com\/aviso-legal\/#breadcrumb","itemListElement":[{"@type":"ListItem","position":1,"name":"Portada","item":"https:\/\/issaline.com\/"},{"@type":"ListItem","position":2,"name":"Aviso Legal"}]},{"@type":"WebSite","@id":"https:\/\/issaline.com\/#website","url":"https:\/\/issaline.com\/","name":"Issaline","description":"","publisher":{"@id":"https:\/\/issaline.com\/#organization"},"potentialAction":[{"@type":"SearchAction","target":{"@type":"EntryPoint","urlTemplate":"https:\/\/issaline.com\/?s={search_term_string}"},"query-input":{"@type":"PropertyValueSpecification","valueRequired":true,"valueName":"search_term_string"}}],"inLanguage":"pt-PT"},{"@type":"Organization","@id":"https:\/\/issaline.com\/#organization","name":"Issaline","url":"https:\/\/issaline.com\/","logo":{"@type":"ImageObject","inLanguage":"pt-PT","@id":"https:\/\/issaline.com\/#\/schema\/logo\/image\/","url":"https:\/\/issaline.com\/wp-content\/uploads\/2023\/07\/Issaline_logo.png","contentUrl":"https:\/\/issaline.com\/wp-content\/uploads\/2023\/07\/Issaline_logo.png","width":959,"height":391,"caption":"Issaline"},"image":{"@id":"https:\/\/issaline.com\/#\/schema\/logo\/image\/"}}]}},"_links":{"self":[{"href":"https:\/\/issaline.com\/pt\/wp-json\/wp\/v2\/pages\/38","targetHints":{"allow":["GET"]}}],"collection":[{"href":"https:\/\/issaline.com\/pt\/wp-json\/wp\/v2\/pages"}],"about":[{"href":"https:\/\/issaline.com\/pt\/wp-json\/wp\/v2\/types\/page"}],"author":[{"embeddable":true,"href":"https:\/\/issaline.com\/pt\/wp-json\/wp\/v2\/users\/1"}],"replies":[{"embeddable":true,"href":"https:\/\/issaline.com\/pt\/wp-json\/wp\/v2\/comments?post=38"}],"version-history":[{"count":13,"href":"https:\/\/issaline.com\/pt\/wp-json\/wp\/v2\/pages\/38\/revisions"}],"predecessor-version":[{"id":8198,"href":"https:\/\/issaline.com\/pt\/wp-json\/wp\/v2\/pages\/38\/revisions\/8198"}],"wp:attachment":[{"href":"https:\/\/issaline.com\/pt\/wp-json\/wp\/v2\/media?parent=38"}],"curies":[{"name":"wp","href":"https:\/\/api.w.org\/{rel}","templated":true}]}}