{"id":10826,"date":"2025-04-07T13:21:20","date_gmt":"2025-04-07T11:21:20","guid":{"rendered":"https:\/\/issaline.com\/?page_id=10826"},"modified":"2025-06-03T10:13:46","modified_gmt":"2025-06-03T08:13:46","slug":"softsheell","status":"publish","type":"page","link":"https:\/\/issaline.com\/pt\/softsheell\/","title":{"rendered":"Softsheell"},"content":{"rendered":"<div data-elementor-type=\"wp-page\" data-elementor-id=\"10826\" class=\"elementor elementor-10826\" data-elementor-post-type=\"page\">\n\t\t\t\t\t\t<section class=\"elementor-section elementor-top-section elementor-element elementor-element-439c6fbe elementor-section-full_width elementor-section-height-default elementor-section-height-default\" data-id=\"439c6fbe\" data-element_type=\"section\" data-e-type=\"section\">\n\t\t\t\t\t\t<div class=\"elementor-container elementor-column-gap-no\">\n\t\t\t\t\t<div class=\"elementor-column elementor-col-100 elementor-top-column elementor-element elementor-element-5cda1583\" data-id=\"5cda1583\" data-element_type=\"column\" data-e-type=\"column\">\n\t\t\t<div class=\"elementor-widget-wrap elementor-element-populated\">\n\t\t\t\t\t\t<div class=\"elementor-element elementor-element-57cf0d8b img-banner-normativa elementor-widget elementor-widget-image\" data-id=\"57cf0d8b\" data-element_type=\"widget\" data-e-type=\"widget\" data-widget_type=\"image.default\">\n\t\t\t\t<div class=\"elementor-widget-container\">\n\t\t\t\t\t\t\t\t\t\t\t\t\t\t\t<img fetchpriority=\"high\" decoding=\"async\" width=\"1920\" height=\"643\" src=\"https:\/\/issaline.com\/wp-content\/uploads\/2025\/06\/softshell_2.jpg\" class=\"attachment-full size-full wp-image-10940\" alt=\"\" srcset=\"https:\/\/issaline.com\/wp-content\/uploads\/2025\/06\/softshell_2.jpg 1920w, https:\/\/issaline.com\/wp-content\/uploads\/2025\/06\/softshell_2-300x100.jpg 300w, https:\/\/issaline.com\/wp-content\/uploads\/2025\/06\/softshell_2-1024x343.jpg 1024w, https:\/\/issaline.com\/wp-content\/uploads\/2025\/06\/softshell_2-768x257.jpg 768w, https:\/\/issaline.com\/wp-content\/uploads\/2025\/06\/softshell_2-1536x514.jpg 1536w\" sizes=\"(max-width: 1920px) 100vw, 1920px\" \/>\t\t\t\t\t\t\t\t\t\t\t\t\t\t\t<\/div>\n\t\t\t\t<\/div>\n\t\t\t\t<section class=\"elementor-section elementor-inner-section elementor-element elementor-element-6426e4fb texto-sobre-imagen-under normativa elementor-section-boxed elementor-section-height-default elementor-section-height-default\" data-id=\"6426e4fb\" data-element_type=\"section\" data-e-type=\"section\">\n\t\t\t\t\t\t<div class=\"elementor-container elementor-column-gap-default\">\n\t\t\t\t\t<div class=\"elementor-column elementor-col-50 elementor-inner-column elementor-element elementor-element-1833b709\" data-id=\"1833b709\" data-element_type=\"column\" data-e-type=\"column\">\n\t\t\t<div class=\"elementor-widget-wrap elementor-element-populated\">\n\t\t\t\t\t\t<div class=\"elementor-element elementor-element-641f21c9 elementor-widget elementor-widget-text-editor\" data-id=\"641f21c9\" data-element_type=\"widget\" data-e-type=\"widget\" data-widget_type=\"text-editor.default\">\n\t\t\t\t<div class=\"elementor-widget-container\">\n\t\t\t\t\t\t\t\t\t<p style=\"margin-bottom: 0;\">softshell<\/p>\t\t\t\t\t\t\t\t<\/div>\n\t\t\t\t<\/div>\n\t\t\t\t\t<\/div>\n\t\t<\/div>\n\t\t\t\t<div class=\"elementor-column elementor-col-50 elementor-inner-column elementor-element elementor-element-576db7c7\" data-id=\"576db7c7\" data-element_type=\"column\" data-e-type=\"column\">\n\t\t\t<div class=\"elementor-widget-wrap\">\n\t\t\t\t\t\t\t<\/div>\n\t\t<\/div>\n\t\t\t\t\t<\/div>\n\t\t<\/section>\n\t\t\t\t\t<\/div>\n\t\t<\/div>\n\t\t\t\t\t<\/div>\n\t\t<\/section>\n\t\t\t\t<section class=\"elementor-section elementor-top-section elementor-element elementor-element-409bd4ba elementor-section-boxed elementor-section-height-default elementor-section-height-default\" data-id=\"409bd4ba\" data-element_type=\"section\" data-e-type=\"section\">\n\t\t\t\t\t\t<div class=\"elementor-container elementor-column-gap-default\">\n\t\t\t\t\t<div class=\"elementor-column elementor-col-100 elementor-top-column elementor-element elementor-element-294321c0  padding-corregir-normativa\" data-id=\"294321c0\" data-element_type=\"column\" data-e-type=\"column\" data-settings=\"{&quot;background_background&quot;:&quot;classic&quot;}\">\n\t\t\t<div class=\"elementor-widget-wrap elementor-element-populated\">\n\t\t\t\t\t\t<div class=\"elementor-element elementor-element-fe821d5 elementor-widget__width-auto elementor-widget elementor-widget-image\" data-id=\"fe821d5\" data-element_type=\"widget\" data-e-type=\"widget\" data-widget_type=\"image.default\">\n\t\t\t\t<div class=\"elementor-widget-container\">\n\t\t\t\t\t\t\t\t\t\t\t\t\t\t\t<img decoding=\"async\" width=\"157\" height=\"64\" src=\"https:\/\/issaline.com\/wp-content\/uploads\/2024\/10\/Logo_Verde.svg\" class=\"attachment-full size-full wp-image-4879\" alt=\"\" \/>\t\t\t\t\t\t\t\t\t\t\t\t\t\t\t<\/div>\n\t\t\t\t<\/div>\n\t\t\t\t<div class=\"elementor-element elementor-element-136d2929 elementor-widget elementor-widget-text-editor\" data-id=\"136d2929\" data-element_type=\"widget\" data-e-type=\"widget\" data-widget_type=\"text-editor.default\">\n\t\t\t\t<div class=\"elementor-widget-container\">\n\t\t\t\t\t\t\t\t\t<p>O ISSALINE Softshell utiliza uma membrana de TPU proveniente do mundo do desporto para abordar dois aspectos importantes: a impermeabilidade e a respirabilidade.<\/p><p>A membrana ISSALINE cont\u00e9m milhares de microfuros para impedir a entrada de \u00e1gua, mas suficientemente grandes para permitir a sa\u00edda do suor, resultando numa temperatura corporal confort\u00e1vel.<\/p>\t\t\t\t\t\t\t\t<\/div>\n\t\t\t\t<\/div>\n\t\t\t\t<div class=\"elementor-element elementor-element-6639940 elementor-widget elementor-widget-text-editor\" data-id=\"6639940\" data-element_type=\"widget\" data-e-type=\"widget\" data-widget_type=\"text-editor.default\">\n\t\t\t\t<div class=\"elementor-widget-container\">\n\t\t\t\t\t\t\t\t\t<p>O corpo de um homem adulto pode produzir uma quantidade de suor por hora igual a 50 ml na fase de repouso, um litro por hora durante actividades laborais pesadas e at\u00e9 quatro litros durante uma maratona ol\u00edmpica.<\/p><p>\u00c9 f\u00e1cil compreender que o suor que n\u00e3o pode ser transferido para o exterior fica na pele e penetra na roupa, provocando um efeito de frio no inverno e de calor no ver\u00e3o.<\/p>\t\t\t\t\t\t\t\t<\/div>\n\t\t\t\t<\/div>\n\t\t\t\t\t<\/div>\n\t\t<\/div>\n\t\t\t\t\t<\/div>\n\t\t<\/section>\n\t\t\t\t<section class=\"elementor-section elementor-top-section elementor-element elementor-element-d3dff68 elementor-section-full_width contenedores-mecanico contenedor-a-invertir elementor-section-height-default elementor-section-height-default\" data-id=\"d3dff68\" data-element_type=\"section\" data-e-type=\"section\">\n\t\t\t\t\t\t<div class=\"elementor-container elementor-column-gap-default\">\n\t\t\t\t\t<div class=\"elementor-column elementor-col-50 elementor-top-column elementor-element elementor-element-c3f4a8e contenedor-imagen\" data-id=\"c3f4a8e\" data-element_type=\"column\" data-e-type=\"column\" data-settings=\"{&quot;background_background&quot;:&quot;classic&quot;}\">\n\t\t\t<div class=\"elementor-widget-wrap elementor-element-populated\">\n\t\t\t\t\t\t<div class=\"elementor-element elementor-element-e539c3e elementor-widget elementor-widget-spacer\" data-id=\"e539c3e\" data-element_type=\"widget\" data-e-type=\"widget\" data-widget_type=\"spacer.default\">\n\t\t\t\t<div class=\"elementor-widget-container\">\n\t\t\t\t\t\t\t<div class=\"elementor-spacer\">\n\t\t\t<div class=\"elementor-spacer-inner\"><\/div>\n\t\t<\/div>\n\t\t\t\t\t\t<\/div>\n\t\t\t\t<\/div>\n\t\t\t\t\t<\/div>\n\t\t<\/div>\n\t\t\t\t<div class=\"elementor-column elementor-col-50 elementor-top-column elementor-element elementor-element-85ea1f4 contenedor-texto padding-a-60\" data-id=\"85ea1f4\" data-element_type=\"column\" data-e-type=\"column\" data-settings=\"{&quot;background_background&quot;:&quot;classic&quot;}\">\n\t\t\t<div class=\"elementor-widget-wrap elementor-element-populated\">\n\t\t\t\t\t\t<div class=\"elementor-element elementor-element-267d248 elementor-widget elementor-widget-heading\" data-id=\"267d248\" data-element_type=\"widget\" data-e-type=\"widget\" data-widget_type=\"heading.default\">\n\t\t\t\t<div class=\"elementor-widget-container\">\n\t\t\t\t\t<h2 class=\"elementor-heading-title elementor-size-default\">WP - IMPERMEABILIZA\u00c7\u00c3O<\/h2>\t\t\t\t<\/div>\n\t\t\t\t<\/div>\n\t\t\t\t<div class=\"elementor-element elementor-element-72b4e3a elementor-widget elementor-widget-text-editor\" data-id=\"72b4e3a\" data-element_type=\"widget\" data-e-type=\"widget\" data-widget_type=\"text-editor.default\">\n\t\t\t\t<div class=\"elementor-widget-container\">\n\t\t\t\t\t\t\t\t\t<p>Mede-se em mm atingidos, o valor com uma coluna de \u00e1gua colocada sobre o tecido sem o atravessar: quanto mais elevado for o n\u00famero (alta press\u00e3o), maior \u00e9 a resist\u00eancia do tecido \u00e0 \u00e1gua.<\/p>\t\t\t\t\t\t\t\t<\/div>\n\t\t\t\t<\/div>\n\t\t\t\t\t<\/div>\n\t\t<\/div>\n\t\t\t\t\t<\/div>\n\t\t<\/section>\n\t\t\t\t<section class=\"elementor-section elementor-top-section elementor-element elementor-element-10f2a4f elementor-section-full_width contenedores-mecanico contenedor-a-invertir elementor-section-height-default elementor-section-height-default\" data-id=\"10f2a4f\" data-element_type=\"section\" data-e-type=\"section\">\n\t\t\t\t\t\t<div class=\"elementor-container elementor-column-gap-default\">\n\t\t\t\t\t<div class=\"elementor-column elementor-col-50 elementor-top-column elementor-element elementor-element-6fa785f contenedor-texto padding-a-60\" data-id=\"6fa785f\" data-element_type=\"column\" data-e-type=\"column\" data-settings=\"{&quot;background_background&quot;:&quot;classic&quot;}\">\n\t\t\t<div class=\"elementor-widget-wrap elementor-element-populated\">\n\t\t\t\t\t\t<div class=\"elementor-element elementor-element-d5e3b2b elementor-widget elementor-widget-heading\" data-id=\"d5e3b2b\" data-element_type=\"widget\" data-e-type=\"widget\" data-widget_type=\"heading.default\">\n\t\t\t\t<div class=\"elementor-widget-container\">\n\t\t\t\t\t<h2 class=\"elementor-heading-title elementor-size-default\">BR - RESPIRABILIDADE<\/h2>\t\t\t\t<\/div>\n\t\t\t\t<\/div>\n\t\t\t\t<div class=\"elementor-element elementor-element-fb1fc48 elementor-widget elementor-widget-text-editor\" data-id=\"fb1fc48\" data-element_type=\"widget\" data-e-type=\"widget\" data-widget_type=\"text-editor.default\">\n\t\t\t\t<div class=\"elementor-widget-container\">\n\t\t\t\t\t\t\t\t\t<p>\u00c9 medida em MVP, a quantidade de vapor de \u00e1gua (suor) que passa atrav\u00e9s de um m2 de tecido em 24 h, gramas \/ m2\/ 24h. Quanto mais elevado for este valor, mais elevado \u00e9 o n\u00edvel de respirabilidade.<\/p>\t\t\t\t\t\t\t\t<\/div>\n\t\t\t\t<\/div>\n\t\t\t\t\t<\/div>\n\t\t<\/div>\n\t\t\t\t<div class=\"elementor-column elementor-col-50 elementor-top-column elementor-element elementor-element-73ea32e contenedor-imagen\" data-id=\"73ea32e\" data-element_type=\"column\" data-e-type=\"column\" data-settings=\"{&quot;background_background&quot;:&quot;classic&quot;}\">\n\t\t\t<div class=\"elementor-widget-wrap elementor-element-populated\">\n\t\t\t\t\t\t<div class=\"elementor-element elementor-element-e0de4f0 elementor-widget elementor-widget-spacer\" data-id=\"e0de4f0\" data-element_type=\"widget\" data-e-type=\"widget\" data-widget_type=\"spacer.default\">\n\t\t\t\t<div class=\"elementor-widget-container\">\n\t\t\t\t\t\t\t<div class=\"elementor-spacer\">\n\t\t\t<div class=\"elementor-spacer-inner\"><\/div>\n\t\t<\/div>\n\t\t\t\t\t\t<\/div>\n\t\t\t\t<\/div>\n\t\t\t\t\t<\/div>\n\t\t<\/div>\n\t\t\t\t\t<\/div>\n\t\t<\/section>\n\t\t\t\t<section class=\"elementor-section elementor-top-section elementor-element elementor-element-3ae4940 elementor-section-boxed elementor-section-height-default elementor-section-height-default\" data-id=\"3ae4940\" data-element_type=\"section\" data-e-type=\"section\">\n\t\t\t\t\t\t<div class=\"elementor-container elementor-column-gap-default\">\n\t\t\t\t\t<div class=\"elementor-column elementor-col-50 elementor-top-column elementor-element elementor-element-a4d5a93\" data-id=\"a4d5a93\" data-element_type=\"column\" data-e-type=\"column\">\n\t\t\t<div class=\"elementor-widget-wrap elementor-element-populated\">\n\t\t\t\t\t\t<div class=\"elementor-element elementor-element-34f0dd5 elementor-widget elementor-widget-text-editor\" data-id=\"34f0dd5\" data-element_type=\"widget\" data-e-type=\"widget\" data-widget_type=\"text-editor.default\">\n\t\t\t\t<div class=\"elementor-widget-container\">\n\t\t\t\t\t\t\t\t\t<p>Produtos<\/p>\t\t\t\t\t\t\t\t<\/div>\n\t\t\t\t<\/div>\n\t\t\t\t<div class=\"elementor-element elementor-element-09cc193 elementor-widget elementor-widget-text-editor\" data-id=\"09cc193\" data-element_type=\"widget\" data-e-type=\"widget\" data-widget_type=\"text-editor.default\">\n\t\t\t\t<div class=\"elementor-widget-container\">\n\t\t\t\t\t\t\t\t\t<p>STRETCH<\/p>\t\t\t\t\t\t\t\t<\/div>\n\t\t\t\t<\/div>\n\t\t\t\t\t<\/div>\n\t\t<\/div>\n\t\t\t\t<div class=\"elementor-column elementor-col-50 elementor-top-column elementor-element elementor-element-97e12d5  padding-corregir-normativa\" data-id=\"97e12d5\" data-element_type=\"column\" data-e-type=\"column\" data-settings=\"{&quot;background_background&quot;:&quot;classic&quot;}\">\n\t\t\t<div class=\"elementor-widget-wrap elementor-element-populated\">\n\t\t\t\t\t\t<div class=\"elementor-element elementor-element-35a9595 elementor-widget elementor-widget-shortcode\" data-id=\"35a9595\" data-element_type=\"widget\" data-e-type=\"widget\" data-widget_type=\"shortcode.default\">\n\t\t\t\t<div class=\"elementor-widget-container\">\n\t\t\t\t\t        <div class=\"slider-carrusel\" data-slider=\"productos-relacionados\"> \n            <div class=\"productos-relacionados\">\n            <p>N\u00e3o existem produtos relacionados com o ss23.<\/p>            <\/div>\n                    <\/div>\n    \t\t<div class=\"elementor-shortcode\"><\/div>\n\t\t\t\t\t\t<\/div>\n\t\t\t\t<\/div>\n\t\t\t\t\t<\/div>\n\t\t<\/div>\n\t\t\t\t\t<\/div>\n\t\t<\/section>\n\t\t\t\t<\/div>","protected":false},"excerpt":{"rendered":"<p>softshell Las Softshell de ISSALINE utilizan membrana TPU proveniente del mundo del deporte que permite afrontar dos aspectos importantes, impermeabilidad y transpirabilidad. La membrana ISSALINE contiene miles de microorificios para evitar el paso del agua pero suficientemente grandes como para permitir que salga el sudor, consiguiendo una temperatura corporal agradable. El cuerpo de un hombre [&hellip;]<\/p>\n","protected":false},"author":2,"featured_media":0,"parent":0,"menu_order":0,"comment_status":"closed","ping_status":"closed","template":"elementor_header_footer","meta":{"footnotes":""},"class_list":["post-10826","page","type-page","status-publish","hentry"],"yoast_head":"<!-- This site is optimized with the Yoast SEO plugin v27.3 - https:\/\/yoast.com\/product\/yoast-seo-wordpress\/ -->\n<title>Softsheell - Issaline<\/title>\n<meta name=\"robots\" content=\"index, follow, max-snippet:-1, max-image-preview:large, max-video-preview:-1\" \/>\n<link rel=\"canonical\" href=\"https:\/\/issaline.com\/pt\/softsheell\/\" \/>\n<meta property=\"og:locale\" content=\"pt_PT\" \/>\n<meta property=\"og:type\" content=\"article\" \/>\n<meta property=\"og:title\" content=\"Softsheell - Issaline\" \/>\n<meta property=\"og:description\" content=\"softshell Las Softshell de ISSALINE utilizan membrana TPU proveniente del mundo del deporte que permite afrontar dos aspectos importantes, impermeabilidad y transpirabilidad. La membrana ISSALINE contiene miles de microorificios para evitar el paso del agua pero suficientemente grandes como para permitir que salga el sudor, consiguiendo una temperatura corporal agradable. El cuerpo de un hombre [&hellip;]\" \/>\n<meta property=\"og:url\" content=\"https:\/\/issaline.com\/pt\/softsheell\/\" \/>\n<meta property=\"og:site_name\" content=\"Issaline\" \/>\n<meta property=\"article:modified_time\" content=\"2025-06-03T08:13:46+00:00\" \/>\n<meta property=\"og:image\" content=\"https:\/\/issaline.com\/wp-content\/uploads\/2025\/06\/softshell_2.jpg\" \/>\n\t<meta property=\"og:image:width\" content=\"1920\" \/>\n\t<meta property=\"og:image:height\" content=\"643\" \/>\n\t<meta property=\"og:image:type\" content=\"image\/jpeg\" \/>\n<meta name=\"twitter:card\" content=\"summary_large_image\" \/>\n<meta name=\"twitter:label1\" content=\"Tempo estimado de leitura\" \/>\n\t<meta name=\"twitter:data1\" content=\"1 minuto\" \/>\n<script type=\"application\/ld+json\" class=\"yoast-schema-graph\">{\"@context\":\"https:\\\/\\\/schema.org\",\"@graph\":[{\"@type\":\"WebPage\",\"@id\":\"https:\\\/\\\/issaline.com\\\/softsheell\\\/\",\"url\":\"https:\\\/\\\/issaline.com\\\/softsheell\\\/\",\"name\":\"Softsheell - Issaline\",\"isPartOf\":{\"@id\":\"https:\\\/\\\/issaline.com\\\/#website\"},\"primaryImageOfPage\":{\"@id\":\"https:\\\/\\\/issaline.com\\\/softsheell\\\/#primaryimage\"},\"image\":{\"@id\":\"https:\\\/\\\/issaline.com\\\/softsheell\\\/#primaryimage\"},\"thumbnailUrl\":\"https:\\\/\\\/issaline.com\\\/wp-content\\\/uploads\\\/2025\\\/06\\\/softshell_2.jpg\",\"datePublished\":\"2025-04-07T11:21:20+00:00\",\"dateModified\":\"2025-06-03T08:13:46+00:00\",\"breadcrumb\":{\"@id\":\"https:\\\/\\\/issaline.com\\\/softsheell\\\/#breadcrumb\"},\"inLanguage\":\"pt-PT\",\"potentialAction\":[{\"@type\":\"ReadAction\",\"target\":[\"https:\\\/\\\/issaline.com\\\/softsheell\\\/\"]}]},{\"@type\":\"ImageObject\",\"inLanguage\":\"pt-PT\",\"@id\":\"https:\\\/\\\/issaline.com\\\/softsheell\\\/#primaryimage\",\"url\":\"https:\\\/\\\/issaline.com\\\/wp-content\\\/uploads\\\/2025\\\/06\\\/softshell_2.jpg\",\"contentUrl\":\"https:\\\/\\\/issaline.com\\\/wp-content\\\/uploads\\\/2025\\\/06\\\/softshell_2.jpg\"},{\"@type\":\"BreadcrumbList\",\"@id\":\"https:\\\/\\\/issaline.com\\\/softsheell\\\/#breadcrumb\",\"itemListElement\":[{\"@type\":\"ListItem\",\"position\":1,\"name\":\"Portada\",\"item\":\"https:\\\/\\\/issaline.com\\\/\"},{\"@type\":\"ListItem\",\"position\":2,\"name\":\"Softsheell\"}]},{\"@type\":\"WebSite\",\"@id\":\"https:\\\/\\\/issaline.com\\\/#website\",\"url\":\"https:\\\/\\\/issaline.com\\\/\",\"name\":\"Issaline\",\"description\":\"\",\"publisher\":{\"@id\":\"https:\\\/\\\/issaline.com\\\/#organization\"},\"potentialAction\":[{\"@type\":\"SearchAction\",\"target\":{\"@type\":\"EntryPoint\",\"urlTemplate\":\"https:\\\/\\\/issaline.com\\\/?s={search_term_string}\"},\"query-input\":{\"@type\":\"PropertyValueSpecification\",\"valueRequired\":true,\"valueName\":\"search_term_string\"}}],\"inLanguage\":\"pt-PT\"},{\"@type\":\"Organization\",\"@id\":\"https:\\\/\\\/issaline.com\\\/#organization\",\"name\":\"Issaline\",\"url\":\"https:\\\/\\\/issaline.com\\\/\",\"logo\":{\"@type\":\"ImageObject\",\"inLanguage\":\"pt-PT\",\"@id\":\"https:\\\/\\\/issaline.com\\\/#\\\/schema\\\/logo\\\/image\\\/\",\"url\":\"https:\\\/\\\/issaline.com\\\/wp-content\\\/uploads\\\/2023\\\/07\\\/Issaline_logo.png\",\"contentUrl\":\"https:\\\/\\\/issaline.com\\\/wp-content\\\/uploads\\\/2023\\\/07\\\/Issaline_logo.png\",\"width\":959,\"height\":391,\"caption\":\"Issaline\"},\"image\":{\"@id\":\"https:\\\/\\\/issaline.com\\\/#\\\/schema\\\/logo\\\/image\\\/\"}}]}<\/script>\n<!-- \/ Yoast SEO plugin. -->","yoast_head_json":{"title":"Softsheell - Issaline","robots":{"index":"index","follow":"follow","max-snippet":"max-snippet:-1","max-image-preview":"max-image-preview:large","max-video-preview":"max-video-preview:-1"},"canonical":"https:\/\/issaline.com\/pt\/softsheell\/","og_locale":"pt_PT","og_type":"article","og_title":"Softsheell - Issaline","og_description":"softshell Las Softshell de ISSALINE utilizan membrana TPU proveniente del mundo del deporte que permite afrontar dos aspectos importantes, impermeabilidad y transpirabilidad. La membrana ISSALINE contiene miles de microorificios para evitar el paso del agua pero suficientemente grandes como para permitir que salga el sudor, consiguiendo una temperatura corporal agradable. El cuerpo de un hombre [&hellip;]","og_url":"https:\/\/issaline.com\/pt\/softsheell\/","og_site_name":"Issaline","article_modified_time":"2025-06-03T08:13:46+00:00","og_image":[{"width":1920,"height":643,"url":"https:\/\/issaline.com\/wp-content\/uploads\/2025\/06\/softshell_2.jpg","type":"image\/jpeg"}],"twitter_card":"summary_large_image","twitter_misc":{"Tempo estimado de leitura":"1 minuto"},"schema":{"@context":"https:\/\/schema.org","@graph":[{"@type":"WebPage","@id":"https:\/\/issaline.com\/softsheell\/","url":"https:\/\/issaline.com\/softsheell\/","name":"Softsheell - Issaline","isPartOf":{"@id":"https:\/\/issaline.com\/#website"},"primaryImageOfPage":{"@id":"https:\/\/issaline.com\/softsheell\/#primaryimage"},"image":{"@id":"https:\/\/issaline.com\/softsheell\/#primaryimage"},"thumbnailUrl":"https:\/\/issaline.com\/wp-content\/uploads\/2025\/06\/softshell_2.jpg","datePublished":"2025-04-07T11:21:20+00:00","dateModified":"2025-06-03T08:13:46+00:00","breadcrumb":{"@id":"https:\/\/issaline.com\/softsheell\/#breadcrumb"},"inLanguage":"pt-PT","potentialAction":[{"@type":"ReadAction","target":["https:\/\/issaline.com\/softsheell\/"]}]},{"@type":"ImageObject","inLanguage":"pt-PT","@id":"https:\/\/issaline.com\/softsheell\/#primaryimage","url":"https:\/\/issaline.com\/wp-content\/uploads\/2025\/06\/softshell_2.jpg","contentUrl":"https:\/\/issaline.com\/wp-content\/uploads\/2025\/06\/softshell_2.jpg"},{"@type":"BreadcrumbList","@id":"https:\/\/issaline.com\/softsheell\/#breadcrumb","itemListElement":[{"@type":"ListItem","position":1,"name":"Portada","item":"https:\/\/issaline.com\/"},{"@type":"ListItem","position":2,"name":"Softsheell"}]},{"@type":"WebSite","@id":"https:\/\/issaline.com\/#website","url":"https:\/\/issaline.com\/","name":"Issaline","description":"","publisher":{"@id":"https:\/\/issaline.com\/#organization"},"potentialAction":[{"@type":"SearchAction","target":{"@type":"EntryPoint","urlTemplate":"https:\/\/issaline.com\/?s={search_term_string}"},"query-input":{"@type":"PropertyValueSpecification","valueRequired":true,"valueName":"search_term_string"}}],"inLanguage":"pt-PT"},{"@type":"Organization","@id":"https:\/\/issaline.com\/#organization","name":"Issaline","url":"https:\/\/issaline.com\/","logo":{"@type":"ImageObject","inLanguage":"pt-PT","@id":"https:\/\/issaline.com\/#\/schema\/logo\/image\/","url":"https:\/\/issaline.com\/wp-content\/uploads\/2023\/07\/Issaline_logo.png","contentUrl":"https:\/\/issaline.com\/wp-content\/uploads\/2023\/07\/Issaline_logo.png","width":959,"height":391,"caption":"Issaline"},"image":{"@id":"https:\/\/issaline.com\/#\/schema\/logo\/image\/"}}]}},"_links":{"self":[{"href":"https:\/\/issaline.com\/pt\/wp-json\/wp\/v2\/pages\/10826","targetHints":{"allow":["GET"]}}],"collection":[{"href":"https:\/\/issaline.com\/pt\/wp-json\/wp\/v2\/pages"}],"about":[{"href":"https:\/\/issaline.com\/pt\/wp-json\/wp\/v2\/types\/page"}],"author":[{"embeddable":true,"href":"https:\/\/issaline.com\/pt\/wp-json\/wp\/v2\/users\/2"}],"replies":[{"embeddable":true,"href":"https:\/\/issaline.com\/pt\/wp-json\/wp\/v2\/comments?post=10826"}],"version-history":[{"count":31,"href":"https:\/\/issaline.com\/pt\/wp-json\/wp\/v2\/pages\/10826\/revisions"}],"predecessor-version":[{"id":10943,"href":"https:\/\/issaline.com\/pt\/wp-json\/wp\/v2\/pages\/10826\/revisions\/10943"}],"wp:attachment":[{"href":"https:\/\/issaline.com\/pt\/wp-json\/wp\/v2\/media?parent=10826"}],"curies":[{"name":"wp","href":"https:\/\/api.w.org\/{rel}","templated":true}]}}