{"id":7408,"date":"2024-10-30T10:16:03","date_gmt":"2024-10-30T09:16:03","guid":{"rendered":"https:\/\/issaline.com\/?page_id=7408"},"modified":"2025-04-02T09:03:46","modified_gmt":"2025-04-02T07:03:46","slug":"przewodnik-po-odziezy-roboczej","status":"publish","type":"page","link":"https:\/\/issaline.com\/pl\/guia-vestuario-laboral\/","title":{"rendered":"Przewodnik po odzie\u017cy roboczej"},"content":{"rendered":"<div data-elementor-type=\"wp-page\" data-elementor-id=\"7408\" class=\"elementor elementor-7408\" data-elementor-post-type=\"page\">\n\t\t\t\t\t\t<section class=\"elementor-section elementor-top-section elementor-element elementor-element-3e034007 elementor-section-full_width elementor-section-height-default elementor-section-height-default\" data-id=\"3e034007\" data-element_type=\"section\" data-e-type=\"section\">\n\t\t\t\t\t\t<div class=\"elementor-container elementor-column-gap-no\">\n\t\t\t\t\t<div class=\"elementor-column elementor-col-100 elementor-top-column elementor-element elementor-element-2bf107cc\" data-id=\"2bf107cc\" data-element_type=\"column\" data-e-type=\"column\">\n\t\t\t<div class=\"elementor-widget-wrap elementor-element-populated\">\n\t\t\t\t\t\t<div class=\"elementor-element elementor-element-47404c03 img-banner-normativa elementor-widget elementor-widget-image\" data-id=\"47404c03\" data-element_type=\"widget\" data-e-type=\"widget\" data-widget_type=\"image.default\">\n\t\t\t\t<div class=\"elementor-widget-container\">\n\t\t\t\t\t\t\t\t\t\t\t\t\t\t\t<img fetchpriority=\"high\" decoding=\"async\" width=\"1920\" height=\"643\" src=\"https:\/\/issaline.com\/wp-content\/uploads\/2024\/11\/8825N-52-1.jpg\" class=\"attachment-full size-full wp-image-8610\" alt=\"\" srcset=\"https:\/\/issaline.com\/wp-content\/uploads\/2024\/11\/8825N-52-1.jpg 1920w, https:\/\/issaline.com\/wp-content\/uploads\/2024\/11\/8825N-52-1-300x100.jpg 300w, https:\/\/issaline.com\/wp-content\/uploads\/2024\/11\/8825N-52-1-1024x343.jpg 1024w, https:\/\/issaline.com\/wp-content\/uploads\/2024\/11\/8825N-52-1-768x257.jpg 768w, https:\/\/issaline.com\/wp-content\/uploads\/2024\/11\/8825N-52-1-1536x514.jpg 1536w\" sizes=\"(max-width: 1920px) 100vw, 1920px\" \/>\t\t\t\t\t\t\t\t\t\t\t\t\t\t\t<\/div>\n\t\t\t\t<\/div>\n\t\t\t\t<section class=\"elementor-section elementor-inner-section elementor-element elementor-element-4ccb62cc texto-sobre-imagen-under normativa elementor-section-boxed elementor-section-height-default elementor-section-height-default\" data-id=\"4ccb62cc\" data-element_type=\"section\" data-e-type=\"section\">\n\t\t\t\t\t\t<div class=\"elementor-container elementor-column-gap-default\">\n\t\t\t\t\t<div class=\"elementor-column elementor-col-100 elementor-inner-column elementor-element elementor-element-1c8486af\" data-id=\"1c8486af\" data-element_type=\"column\" data-e-type=\"column\">\n\t\t\t<div class=\"elementor-widget-wrap elementor-element-populated\">\n\t\t\t\t\t\t<div class=\"elementor-element elementor-element-6876ec6f elementor-widget elementor-widget-text-editor\" data-id=\"6876ec6f\" data-element_type=\"widget\" data-e-type=\"widget\" data-widget_type=\"text-editor.default\">\n\t\t\t\t<div class=\"elementor-widget-container\">\n\t\t\t\t\t\t\t\t\t<p style=\"margin-bottom: 0;\">Przewodnik po odzie\u017cy roboczej<\/p>\t\t\t\t\t\t\t\t<\/div>\n\t\t\t\t<\/div>\n\t\t\t\t<div class=\"elementor-element elementor-element-2bc403a9 elementor-widget__width-initial elementor-widget-tablet__width-inherit elementor-widget elementor-widget-text-editor\" data-id=\"2bc403a9\" data-element_type=\"widget\" data-e-type=\"widget\" data-widget_type=\"text-editor.default\">\n\t\t\t\t<div class=\"elementor-widget-container\">\n\t\t\t\t\t\t\t\t\t<p>Wyszukaj swoj\u0105 specjalizacj\u0119 i znajd\u017a najlepszy sprz\u0119t do jej realizacji.<\/p>\t\t\t\t\t\t\t\t<\/div>\n\t\t\t\t<\/div>\n\t\t\t\t\t<\/div>\n\t\t<\/div>\n\t\t\t\t\t<\/div>\n\t\t<\/section>\n\t\t\t\t\t<\/div>\n\t\t<\/div>\n\t\t\t\t\t<\/div>\n\t\t<\/section>\n\t\t\t\t<section class=\"elementor-section elementor-top-section elementor-element elementor-element-f00f670 elementor-section-full_width elementor-section-height-default elementor-section-height-default\" data-id=\"f00f670\" data-element_type=\"section\" data-e-type=\"section\">\n\t\t\t\t\t\t<div class=\"elementor-container elementor-column-gap-default\">\n\t\t\t\t\t<div class=\"elementor-column elementor-col-33 elementor-top-column elementor-element elementor-element-05d1b5b\" data-id=\"05d1b5b\" data-element_type=\"column\" data-e-type=\"column\">\n\t\t\t<div class=\"elementor-widget-wrap elementor-element-populated\">\n\t\t\t\t\t\t<div class=\"elementor-element elementor-element-99c70d2 elementor-widget elementor-widget-image\" data-id=\"99c70d2\" data-element_type=\"widget\" data-e-type=\"widget\" data-widget_type=\"image.default\">\n\t\t\t\t<div class=\"elementor-widget-container\">\n\t\t\t\t\t\t\t\t\t\t\t\t\t\t\t<img decoding=\"async\" width=\"572\" height=\"901\" src=\"https:\/\/issaline.com\/wp-content\/uploads\/2024\/11\/Grupo-8837.jpg\" class=\"attachment-large size-large wp-image-8617\" alt=\"\" srcset=\"https:\/\/issaline.com\/wp-content\/uploads\/2024\/11\/Grupo-8837.jpg 572w, https:\/\/issaline.com\/wp-content\/uploads\/2024\/11\/Grupo-8837-190x300.jpg 190w\" sizes=\"(max-width: 572px) 100vw, 572px\" \/>\t\t\t\t\t\t\t\t\t\t\t\t\t\t\t<\/div>\n\t\t\t\t<\/div>\n\t\t\t\t<div class=\"elementor-element elementor-element-2d2a624 elementor-widget__width-auto elementor-absolute elementor-widget elementor-widget-html\" data-id=\"2d2a624\" data-element_type=\"widget\" data-e-type=\"widget\" data-settings=\"{&quot;_position&quot;:&quot;absolute&quot;}\" data-widget_type=\"html.default\">\n\t\t\t\t<div class=\"elementor-widget-container\">\n\t\t\t\t\t<div class=\"Titulo-servicio-custom custom-guia-vestuario\">\r\n            <p>Praca Konstrukcja<\/p>\r\n<\/div>\r\n<a href=\"\/pl\/pracownik\/\" class=\"boton-por-defecto boton-animado\">\r\n    <span class=\"texto-dentro-boton\">ODKRYJ<\/span>\r\n    <span class=\"flecha-dentro-boton\">\r\n        <div><\/div>\r\n        <div><\/div>\r\n        <div><\/div>\r\n    <\/span>\r\n<\/a>\t\t\t\t<\/div>\n\t\t\t\t<\/div>\n\t\t\t\t<div class=\"elementor-element elementor-element-8ca7144 elementor-widget__width-auto elementor-absolute elementor-widget elementor-widget-text-editor\" data-id=\"8ca7144\" data-element_type=\"widget\" data-e-type=\"widget\" data-settings=\"{&quot;_position&quot;:&quot;absolute&quot;}\" data-widget_type=\"text-editor.default\">\n\t\t\t\t<div class=\"elementor-widget-container\">\n\t\t\t\t\t\t\t\t\t<p>Sprz\u0119t dla pracownik\u00f3w<\/p>\t\t\t\t\t\t\t\t<\/div>\n\t\t\t\t<\/div>\n\t\t\t\t\t<\/div>\n\t\t<\/div>\n\t\t\t\t<div class=\"elementor-column elementor-col-33 elementor-top-column elementor-element elementor-element-fd5d802\" data-id=\"fd5d802\" data-element_type=\"column\" data-e-type=\"column\">\n\t\t\t<div class=\"elementor-widget-wrap elementor-element-populated\">\n\t\t\t\t\t\t<div class=\"elementor-element elementor-element-b015fc1 elementor-widget elementor-widget-image\" data-id=\"b015fc1\" data-element_type=\"widget\" data-e-type=\"widget\" data-widget_type=\"image.default\">\n\t\t\t\t<div class=\"elementor-widget-container\">\n\t\t\t\t\t\t\t\t\t\t\t\t\t\t\t<img decoding=\"async\" width=\"572\" height=\"901\" src=\"https:\/\/issaline.com\/wp-content\/uploads\/2024\/11\/Grupo-194020.jpg\" class=\"attachment-large size-large wp-image-8618\" alt=\"\" srcset=\"https:\/\/issaline.com\/wp-content\/uploads\/2024\/11\/Grupo-194020.jpg 572w, https:\/\/issaline.com\/wp-content\/uploads\/2024\/11\/Grupo-194020-190x300.jpg 190w\" sizes=\"(max-width: 572px) 100vw, 572px\" \/>\t\t\t\t\t\t\t\t\t\t\t\t\t\t\t<\/div>\n\t\t\t\t<\/div>\n\t\t\t\t<div class=\"elementor-element elementor-element-79978d1 elementor-widget__width-auto elementor-absolute elementor-widget elementor-widget-html\" data-id=\"79978d1\" data-element_type=\"widget\" data-e-type=\"widget\" data-settings=\"{&quot;_position&quot;:&quot;absolute&quot;}\" data-widget_type=\"html.default\">\n\t\t\t\t<div class=\"elementor-widget-container\">\n\t\t\t\t\t<div class=\"Titulo-servicio-custom custom-guia-vestuario\">\r\n            <p>Mechanika<\/p>\r\n<\/div>\r\n<a href=\"\/pl\/mechanik\/\" class=\"boton-por-defecto boton-animado\">\r\n    <span class=\"texto-dentro-boton\">ODKRYJ<\/span>\r\n    <span class=\"flecha-dentro-boton\">\r\n        <div><\/div>\r\n        <div><\/div>\r\n        <div><\/div>\r\n    <\/span>\r\n<\/a>\t\t\t\t<\/div>\n\t\t\t\t<\/div>\n\t\t\t\t<div class=\"elementor-element elementor-element-4d6d815 elementor-widget__width-auto elementor-absolute elementor-widget elementor-widget-text-editor\" data-id=\"4d6d815\" data-element_type=\"widget\" data-e-type=\"widget\" data-settings=\"{&quot;_position&quot;:&quot;absolute&quot;}\" data-widget_type=\"text-editor.default\">\n\t\t\t\t<div class=\"elementor-widget-container\">\n\t\t\t\t\t\t\t\t\t<p>Sprz\u0119t dla mechanik\u00f3w<\/p>\t\t\t\t\t\t\t\t<\/div>\n\t\t\t\t<\/div>\n\t\t\t\t\t<\/div>\n\t\t<\/div>\n\t\t\t\t<div class=\"elementor-column elementor-col-33 elementor-top-column elementor-element elementor-element-370066f\" data-id=\"370066f\" data-element_type=\"column\" data-e-type=\"column\">\n\t\t\t<div class=\"elementor-widget-wrap elementor-element-populated\">\n\t\t\t\t\t\t<div class=\"elementor-element elementor-element-7996e45 elementor-widget elementor-widget-image\" data-id=\"7996e45\" data-element_type=\"widget\" data-e-type=\"widget\" data-widget_type=\"image.default\">\n\t\t\t\t<div class=\"elementor-widget-container\">\n\t\t\t\t\t\t\t\t\t\t\t\t\t\t\t<img loading=\"lazy\" decoding=\"async\" width=\"572\" height=\"901\" src=\"https:\/\/issaline.com\/wp-content\/uploads\/2024\/11\/Grupo-194021.jpg\" class=\"attachment-large size-large wp-image-8619\" alt=\"\" srcset=\"https:\/\/issaline.com\/wp-content\/uploads\/2024\/11\/Grupo-194021.jpg 572w, https:\/\/issaline.com\/wp-content\/uploads\/2024\/11\/Grupo-194021-190x300.jpg 190w\" sizes=\"(max-width: 572px) 100vw, 572px\" \/>\t\t\t\t\t\t\t\t\t\t\t\t\t\t\t<\/div>\n\t\t\t\t<\/div>\n\t\t\t\t<div class=\"elementor-element elementor-element-2db16e1 elementor-widget__width-auto elementor-absolute elementor-widget elementor-widget-html\" data-id=\"2db16e1\" data-element_type=\"widget\" data-e-type=\"widget\" data-settings=\"{&quot;_position&quot;:&quot;absolute&quot;}\" data-widget_type=\"html.default\">\n\t\t\t\t<div class=\"elementor-widget-container\">\n\t\t\t\t\t<div class=\"Titulo-servicio-custom custom-guia-vestuario\">\r\n            <p>Ciesielstwo<\/p>\r\n<\/div>\r\n<a href=\"\/pl\/stolarz\/\" class=\"boton-por-defecto boton-animado\">\r\n    <span class=\"texto-dentro-boton\">ODKRYJ<\/span>\r\n    <span class=\"flecha-dentro-boton\">\r\n        <div><\/div>\r\n        <div><\/div>\r\n        <div><\/div>\r\n    <\/span>\r\n<\/a>\t\t\t\t<\/div>\n\t\t\t\t<\/div>\n\t\t\t\t<div class=\"elementor-element elementor-element-ccc433a elementor-widget__width-auto elementor-absolute elementor-widget elementor-widget-text-editor\" data-id=\"ccc433a\" data-element_type=\"widget\" data-e-type=\"widget\" data-settings=\"{&quot;_position&quot;:&quot;absolute&quot;}\" data-widget_type=\"text-editor.default\">\n\t\t\t\t<div class=\"elementor-widget-container\">\n\t\t\t\t\t\t\t\t\t<p>Sprz\u0119t dla stolarzy<\/p>\t\t\t\t\t\t\t\t<\/div>\n\t\t\t\t<\/div>\n\t\t\t\t\t<\/div>\n\t\t<\/div>\n\t\t\t\t\t<\/div>\n\t\t<\/section>\n\t\t\t\t<\/div>","protected":false},"excerpt":{"rendered":"<p>Przewodnik po odzie\u017cy roboczej Wyszukaj swoj\u0105 specjalizacj\u0119 i znajd\u017a najlepszy sprz\u0119t do jej wykonywania. Plac budowy Prace budowlane UNDISCOVER Sprz\u0119t dla robotnik\u00f3w Mechanika UNDISCOVER Sprz\u0119t dla mechanik\u00f3w Stolarstwo UNDISCOVER Sprz\u0119t dla stolarzy<\/p>","protected":false},"author":1,"featured_media":0,"parent":0,"menu_order":0,"comment_status":"closed","ping_status":"closed","template":"elementor_header_footer","meta":{"footnotes":""},"class_list":["post-7408","page","type-page","status-publish","hentry"],"yoast_head":"<!-- This site is optimized with the Yoast SEO plugin v27.3 - https:\/\/yoast.com\/product\/yoast-seo-wordpress\/ -->\n<title>Gu\u00eda Vestuario Laboral - Issaline<\/title>\n<meta name=\"robots\" content=\"index, follow, max-snippet:-1, max-image-preview:large, max-video-preview:-1\" \/>\n<link rel=\"canonical\" href=\"https:\/\/issaline.com\/pl\/przewodnik-po-odziezy-roboczej\/\" \/>\n<meta property=\"og:locale\" content=\"pl_PL\" \/>\n<meta property=\"og:type\" content=\"article\" \/>\n<meta property=\"og:title\" content=\"Gu\u00eda Vestuario Laboral - Issaline\" \/>\n<meta property=\"og:description\" content=\"Gu\u00eda vestuario laboral Busca tu especialidad y encuentra la mejor equipaci\u00f3n para llevarla a cabo. Obra Construcci\u00f3n DESCUBRIR Equipamiento para obreros Mec\u00e1nica DESCUBRIR Equipamiento para mec\u00e1nicos Carpinter\u00eda DESCUBRIR Equipamiento para carpinteros\" \/>\n<meta property=\"og:url\" content=\"https:\/\/issaline.com\/pl\/przewodnik-po-odziezy-roboczej\/\" \/>\n<meta property=\"og:site_name\" content=\"Issaline\" \/>\n<meta property=\"article:modified_time\" content=\"2025-04-02T07:03:46+00:00\" \/>\n<meta property=\"og:image\" content=\"https:\/\/issaline.com\/wp-content\/uploads\/2024\/11\/8825N-52-1.jpg\" \/>\n\t<meta property=\"og:image:width\" content=\"1920\" \/>\n\t<meta property=\"og:image:height\" content=\"643\" \/>\n\t<meta property=\"og:image:type\" content=\"image\/jpeg\" \/>\n<meta name=\"twitter:card\" content=\"summary_large_image\" \/>\n<script type=\"application\/ld+json\" class=\"yoast-schema-graph\">{\"@context\":\"https:\\\/\\\/schema.org\",\"@graph\":[{\"@type\":\"WebPage\",\"@id\":\"https:\\\/\\\/issaline.com\\\/guia-vestuario-laboral\\\/\",\"url\":\"https:\\\/\\\/issaline.com\\\/guia-vestuario-laboral\\\/\",\"name\":\"Gu\u00eda Vestuario Laboral - Issaline\",\"isPartOf\":{\"@id\":\"https:\\\/\\\/issaline.com\\\/#website\"},\"primaryImageOfPage\":{\"@id\":\"https:\\\/\\\/issaline.com\\\/guia-vestuario-laboral\\\/#primaryimage\"},\"image\":{\"@id\":\"https:\\\/\\\/issaline.com\\\/guia-vestuario-laboral\\\/#primaryimage\"},\"thumbnailUrl\":\"https:\\\/\\\/issaline.com\\\/wp-content\\\/uploads\\\/2024\\\/11\\\/8825N-52-1.jpg\",\"datePublished\":\"2024-10-30T09:16:03+00:00\",\"dateModified\":\"2025-04-02T07:03:46+00:00\",\"breadcrumb\":{\"@id\":\"https:\\\/\\\/issaline.com\\\/guia-vestuario-laboral\\\/#breadcrumb\"},\"inLanguage\":\"pl-PL\",\"potentialAction\":[{\"@type\":\"ReadAction\",\"target\":[\"https:\\\/\\\/issaline.com\\\/guia-vestuario-laboral\\\/\"]}]},{\"@type\":\"ImageObject\",\"inLanguage\":\"pl-PL\",\"@id\":\"https:\\\/\\\/issaline.com\\\/guia-vestuario-laboral\\\/#primaryimage\",\"url\":\"https:\\\/\\\/issaline.com\\\/wp-content\\\/uploads\\\/2024\\\/11\\\/8825N-52-1.jpg\",\"contentUrl\":\"https:\\\/\\\/issaline.com\\\/wp-content\\\/uploads\\\/2024\\\/11\\\/8825N-52-1.jpg\"},{\"@type\":\"BreadcrumbList\",\"@id\":\"https:\\\/\\\/issaline.com\\\/guia-vestuario-laboral\\\/#breadcrumb\",\"itemListElement\":[{\"@type\":\"ListItem\",\"position\":1,\"name\":\"Portada\",\"item\":\"https:\\\/\\\/issaline.com\\\/\"},{\"@type\":\"ListItem\",\"position\":2,\"name\":\"Gu\u00eda Vestuario Laboral\"}]},{\"@type\":\"WebSite\",\"@id\":\"https:\\\/\\\/issaline.com\\\/#website\",\"url\":\"https:\\\/\\\/issaline.com\\\/\",\"name\":\"Issaline\",\"description\":\"\",\"publisher\":{\"@id\":\"https:\\\/\\\/issaline.com\\\/#organization\"},\"potentialAction\":[{\"@type\":\"SearchAction\",\"target\":{\"@type\":\"EntryPoint\",\"urlTemplate\":\"https:\\\/\\\/issaline.com\\\/?s={search_term_string}\"},\"query-input\":{\"@type\":\"PropertyValueSpecification\",\"valueRequired\":true,\"valueName\":\"search_term_string\"}}],\"inLanguage\":\"pl-PL\"},{\"@type\":\"Organization\",\"@id\":\"https:\\\/\\\/issaline.com\\\/#organization\",\"name\":\"Issaline\",\"url\":\"https:\\\/\\\/issaline.com\\\/\",\"logo\":{\"@type\":\"ImageObject\",\"inLanguage\":\"pl-PL\",\"@id\":\"https:\\\/\\\/issaline.com\\\/#\\\/schema\\\/logo\\\/image\\\/\",\"url\":\"https:\\\/\\\/issaline.com\\\/wp-content\\\/uploads\\\/2023\\\/07\\\/Issaline_logo.png\",\"contentUrl\":\"https:\\\/\\\/issaline.com\\\/wp-content\\\/uploads\\\/2023\\\/07\\\/Issaline_logo.png\",\"width\":959,\"height\":391,\"caption\":\"Issaline\"},\"image\":{\"@id\":\"https:\\\/\\\/issaline.com\\\/#\\\/schema\\\/logo\\\/image\\\/\"}}]}<\/script>\n<!-- \/ Yoast SEO plugin. -->","yoast_head_json":{"title":"Wytyczne dotycz\u0105ce odzie\u017cy roboczej - Issaline","robots":{"index":"index","follow":"follow","max-snippet":"max-snippet:-1","max-image-preview":"max-image-preview:large","max-video-preview":"max-video-preview:-1"},"canonical":"https:\/\/issaline.com\/pl\/przewodnik-po-odziezy-roboczej\/","og_locale":"pl_PL","og_type":"article","og_title":"Gu\u00eda Vestuario Laboral - Issaline","og_description":"Gu\u00eda vestuario laboral Busca tu especialidad y encuentra la mejor equipaci\u00f3n para llevarla a cabo. Obra Construcci\u00f3n DESCUBRIR Equipamiento para obreros Mec\u00e1nica DESCUBRIR Equipamiento para mec\u00e1nicos Carpinter\u00eda DESCUBRIR Equipamiento para carpinteros","og_url":"https:\/\/issaline.com\/pl\/przewodnik-po-odziezy-roboczej\/","og_site_name":"Issaline","article_modified_time":"2025-04-02T07:03:46+00:00","og_image":[{"width":1920,"height":643,"url":"https:\/\/issaline.com\/wp-content\/uploads\/2024\/11\/8825N-52-1.jpg","type":"image\/jpeg"}],"twitter_card":"summary_large_image","schema":{"@context":"https:\/\/schema.org","@graph":[{"@type":"WebPage","@id":"https:\/\/issaline.com\/guia-vestuario-laboral\/","url":"https:\/\/issaline.com\/guia-vestuario-laboral\/","name":"Wytyczne dotycz\u0105ce odzie\u017cy roboczej - Issaline","isPartOf":{"@id":"https:\/\/issaline.com\/#website"},"primaryImageOfPage":{"@id":"https:\/\/issaline.com\/guia-vestuario-laboral\/#primaryimage"},"image":{"@id":"https:\/\/issaline.com\/guia-vestuario-laboral\/#primaryimage"},"thumbnailUrl":"https:\/\/issaline.com\/wp-content\/uploads\/2024\/11\/8825N-52-1.jpg","datePublished":"2024-10-30T09:16:03+00:00","dateModified":"2025-04-02T07:03:46+00:00","breadcrumb":{"@id":"https:\/\/issaline.com\/guia-vestuario-laboral\/#breadcrumb"},"inLanguage":"pl-PL","potentialAction":[{"@type":"ReadAction","target":["https:\/\/issaline.com\/guia-vestuario-laboral\/"]}]},{"@type":"ImageObject","inLanguage":"pl-PL","@id":"https:\/\/issaline.com\/guia-vestuario-laboral\/#primaryimage","url":"https:\/\/issaline.com\/wp-content\/uploads\/2024\/11\/8825N-52-1.jpg","contentUrl":"https:\/\/issaline.com\/wp-content\/uploads\/2024\/11\/8825N-52-1.jpg"},{"@type":"BreadcrumbList","@id":"https:\/\/issaline.com\/guia-vestuario-laboral\/#breadcrumb","itemListElement":[{"@type":"ListItem","position":1,"name":"Portada","item":"https:\/\/issaline.com\/"},{"@type":"ListItem","position":2,"name":"Gu\u00eda Vestuario Laboral"}]},{"@type":"WebSite","@id":"https:\/\/issaline.com\/#website","url":"https:\/\/issaline.com\/","name":"Issaline","description":"","publisher":{"@id":"https:\/\/issaline.com\/#organization"},"potentialAction":[{"@type":"SearchAction","target":{"@type":"EntryPoint","urlTemplate":"https:\/\/issaline.com\/?s={search_term_string}"},"query-input":{"@type":"PropertyValueSpecification","valueRequired":true,"valueName":"search_term_string"}}],"inLanguage":"pl-PL"},{"@type":"Organization","@id":"https:\/\/issaline.com\/#organization","name":"Issaline","url":"https:\/\/issaline.com\/","logo":{"@type":"ImageObject","inLanguage":"pl-PL","@id":"https:\/\/issaline.com\/#\/schema\/logo\/image\/","url":"https:\/\/issaline.com\/wp-content\/uploads\/2023\/07\/Issaline_logo.png","contentUrl":"https:\/\/issaline.com\/wp-content\/uploads\/2023\/07\/Issaline_logo.png","width":959,"height":391,"caption":"Issaline"},"image":{"@id":"https:\/\/issaline.com\/#\/schema\/logo\/image\/"}}]}},"_links":{"self":[{"href":"https:\/\/issaline.com\/pl\/wp-json\/wp\/v2\/pages\/7408","targetHints":{"allow":["GET"]}}],"collection":[{"href":"https:\/\/issaline.com\/pl\/wp-json\/wp\/v2\/pages"}],"about":[{"href":"https:\/\/issaline.com\/pl\/wp-json\/wp\/v2\/types\/page"}],"author":[{"embeddable":true,"href":"https:\/\/issaline.com\/pl\/wp-json\/wp\/v2\/users\/1"}],"replies":[{"embeddable":true,"href":"https:\/\/issaline.com\/pl\/wp-json\/wp\/v2\/comments?post=7408"}],"version-history":[{"count":103,"href":"https:\/\/issaline.com\/pl\/wp-json\/wp\/v2\/pages\/7408\/revisions"}],"predecessor-version":[{"id":10750,"href":"https:\/\/issaline.com\/pl\/wp-json\/wp\/v2\/pages\/7408\/revisions\/10750"}],"wp:attachment":[{"href":"https:\/\/issaline.com\/pl\/wp-json\/wp\/v2\/media?parent=7408"}],"curies":[{"name":"wp","href":"https:\/\/api.w.org\/{rel}","templated":true}]}}