{"id":7140,"date":"2024-10-29T16:46:30","date_gmt":"2024-10-29T15:46:30","guid":{"rendered":"https:\/\/issaline.com\/?page_id=7140"},"modified":"2024-11-04T14:57:37","modified_gmt":"2024-11-04T13:57:37","slug":"regulamin-1","status":"publish","type":"page","link":"https:\/\/issaline.com\/pl\/normativas-1\/","title":{"rendered":"Regulamin - 1"},"content":{"rendered":"\t\t<div data-elementor-type=\"wp-page\" data-elementor-id=\"7140\" class=\"elementor elementor-7140\" data-elementor-post-type=\"page\">\n\t\t\t\t\t\t<section class=\"elementor-section elementor-top-section elementor-element elementor-element-403c0440 elementor-section-full_width elementor-section-height-default elementor-section-height-default\" data-id=\"403c0440\" data-element_type=\"section\" data-e-type=\"section\" data-settings=\"{&quot;background_background&quot;:&quot;classic&quot;}\">\n\t\t\t\t\t\t<div class=\"elementor-container elementor-column-gap-no\">\n\t\t\t\t\t<div class=\"elementor-column elementor-col-100 elementor-top-column elementor-element elementor-element-d987922\" data-id=\"d987922\" data-element_type=\"column\" data-e-type=\"column\">\n\t\t\t<div class=\"elementor-widget-wrap elementor-element-populated\">\n\t\t\t\t\t\t<div class=\"elementor-element elementor-element-bd6c19d elementor-widget elementor-widget-spacer\" data-id=\"bd6c19d\" data-element_type=\"widget\" data-e-type=\"widget\" data-widget_type=\"spacer.default\">\n\t\t\t\t<div class=\"elementor-widget-container\">\n\t\t\t\t\t\t\t<div class=\"elementor-spacer\">\n\t\t\t<div class=\"elementor-spacer-inner\"><\/div>\n\t\t<\/div>\n\t\t\t\t\t\t<\/div>\n\t\t\t\t<\/div>\n\t\t\t\t<section class=\"elementor-section elementor-inner-section elementor-element elementor-element-2116c1f7 texto-sobre-imagen-under normativa normativa-1 elementor-section-boxed elementor-section-height-default elementor-section-height-default\" data-id=\"2116c1f7\" data-element_type=\"section\" data-e-type=\"section\">\n\t\t\t\t\t\t<div class=\"elementor-container elementor-column-gap-default\">\n\t\t\t\t\t<div class=\"elementor-column elementor-col-50 elementor-inner-column elementor-element elementor-element-7adb010f\" data-id=\"7adb010f\" data-element_type=\"column\" data-e-type=\"column\">\n\t\t\t<div class=\"elementor-widget-wrap elementor-element-populated\">\n\t\t\t\t\t\t<div class=\"elementor-element elementor-element-246553a elementor-widget elementor-widget-text-editor\" data-id=\"246553a\" data-element_type=\"widget\" data-e-type=\"widget\" data-widget_type=\"text-editor.default\">\n\t\t\t\t<div class=\"elementor-widget-container\">\n\t\t\t\t\t\t\t\t\t<p>NORMA EUROPEA<\/p>\t\t\t\t\t\t\t\t<\/div>\n\t\t\t\t<\/div>\n\t\t\t\t<div class=\"elementor-element elementor-element-2b68b617 elementor-widget elementor-widget-text-editor\" data-id=\"2b68b617\" data-element_type=\"widget\" data-e-type=\"widget\" data-widget_type=\"text-editor.default\">\n\t\t\t\t<div class=\"elementor-widget-container\">\n\t\t\t\t\t\t\t\t\t<p style=\"margin-bottom: 0;\">UNI EN 13034:2009<\/p>\t\t\t\t\t\t\t\t<\/div>\n\t\t\t\t<\/div>\n\t\t\t\t<div class=\"elementor-element elementor-element-c054f32 elementor-widget elementor-widget-text-editor\" data-id=\"c054f32\" data-element_type=\"widget\" data-e-type=\"widget\" data-widget_type=\"text-editor.default\">\n\t\t\t\t<div class=\"elementor-widget-container\">\n\t\t\t\t\t\t\t\t\t<p>Prendas de protecci\u00f3n contra productos qu\u00edmicos l\u00edquidos.<\/p>\t\t\t\t\t\t\t\t<\/div>\n\t\t\t\t<\/div>\n\t\t\t\t\t<\/div>\n\t\t<\/div>\n\t\t\t\t<div class=\"elementor-column elementor-col-50 elementor-inner-column elementor-element elementor-element-6246c9fd\" data-id=\"6246c9fd\" data-element_type=\"column\" data-e-type=\"column\">\n\t\t\t<div class=\"elementor-widget-wrap\">\n\t\t\t\t\t\t\t<\/div>\n\t\t<\/div>\n\t\t\t\t\t<\/div>\n\t\t<\/section>\n\t\t\t\t\t<\/div>\n\t\t<\/div>\n\t\t\t\t\t<\/div>\n\t\t<\/section>\n\t\t\t\t<section class=\"elementor-section elementor-top-section elementor-element elementor-element-383d4f09 elementor-section-full_width elementor-section-height-default elementor-section-height-default\" data-id=\"383d4f09\" data-element_type=\"section\" data-e-type=\"section\">\n\t\t\t\t\t\t<div class=\"elementor-container elementor-column-gap-default\">\n\t\t\t\t\t<div class=\"elementor-column elementor-col-100 elementor-top-column elementor-element elementor-element-19af5b24  padding-corregir-normativa\" data-id=\"19af5b24\" data-element_type=\"column\" data-e-type=\"column\" data-settings=\"{&quot;background_background&quot;:&quot;classic&quot;}\">\n\t\t\t<div class=\"elementor-widget-wrap elementor-element-populated\">\n\t\t\t\t\t\t<div class=\"elementor-element elementor-element-57d5bb7c elementor-widget__width-auto elementor-widget elementor-widget-image\" data-id=\"57d5bb7c\" data-element_type=\"widget\" data-e-type=\"widget\" data-widget_type=\"image.default\">\n\t\t\t\t<div class=\"elementor-widget-container\">\n\t\t\t\t\t\t\t\t\t\t\t\t\t\t\t<img decoding=\"async\" width=\"157\" height=\"64\" src=\"https:\/\/issaline.com\/wp-content\/uploads\/2024\/10\/Logo_Verde.svg\" class=\"attachment-full size-full wp-image-4879\" alt=\"\" \/>\t\t\t\t\t\t\t\t\t\t\t\t\t\t\t<\/div>\n\t\t\t\t<\/div>\n\t\t\t\t<div class=\"elementor-element elementor-element-3fd83164 elementor-widget elementor-widget-text-editor\" data-id=\"3fd83164\" data-element_type=\"widget\" data-e-type=\"widget\" data-widget_type=\"text-editor.default\">\n\t\t\t\t<div class=\"elementor-widget-container\">\n\t\t\t\t\t\t\t\t\t<p>Protecci\u00f3n limitada contra agentes qu\u00edmicos l\u00edquidos (equipamiento tipo 6 y tipo&nbsp;PB [6]. La norma especifica los requisitos m\u00ednimos para las prendas de&nbsp;protecci\u00f3n qu\u00edmica reutilizables y de uso limitado que ofrecen una protecci\u00f3n&nbsp;limitada. Las prendas de protecci\u00f3n qu\u00edmica que ofrecen una protecci\u00f3n&nbsp;limitada est\u00e1n dise\u00f1adas para su uso en casos de exposici\u00f3n potencial a&nbsp;salpicaduras ligeras y aerosoles l\u00edquidos o a baja presi\u00f3n, contra los cuales no&nbsp;se requiere una barrera completa contra la permeaci\u00f3n de los l\u00edquidos (a nivel&nbsp;molecular).<\/p>\n<p>La norma prev\u00e9 pruebas mec\u00e1nicas de los materiales y pruebas de repelencia&nbsp;e impermeabilidad contra soluciones \u00e1cidas e hidrocarburos l\u00edquidos. La&nbsp;protecci\u00f3n se obtiene al aplicar productos qu\u00edmicos sobre los materiales&nbsp;utilizados o mediante materiales impermeables. La protecci\u00f3n se puede&nbsp;restaurar durante los lavados.<\/p>\t\t\t\t\t\t\t\t<\/div>\n\t\t\t\t<\/div>\n\t\t\t\t\t<\/div>\n\t\t<\/div>\n\t\t\t\t\t<\/div>\n\t\t<\/section>\n\t\t\t\t<section class=\"elementor-section elementor-top-section elementor-element elementor-element-97c90b7 elementor-section-full_width elementor-section-height-default elementor-section-height-default\" data-id=\"97c90b7\" data-element_type=\"section\" data-e-type=\"section\">\n\t\t\t\t\t\t<div class=\"elementor-container elementor-column-gap-default\">\n\t\t\t\t\t<div class=\"elementor-column elementor-col-100 elementor-top-column elementor-element elementor-element-f2de0b9\" data-id=\"f2de0b9\" data-element_type=\"column\" data-e-type=\"column\">\n\t\t\t<div class=\"elementor-widget-wrap elementor-element-populated\">\n\t\t\t\t\t\t<div class=\"elementor-element elementor-element-84971dd elementor-widget elementor-widget-text-editor\" data-id=\"84971dd\" data-element_type=\"widget\" data-e-type=\"widget\" data-widget_type=\"text-editor.default\">\n\t\t\t\t<div class=\"elementor-widget-container\">\n\t\t\t\t\t\t\t\t\t<p>Caracter\u00edsticas<\/p>\t\t\t\t\t\t\t\t<\/div>\n\t\t\t\t<\/div>\n\t\t\t\t<div class=\"elementor-element elementor-element-1f80f68 elementor-widget__width-initial elementor-widget-mobile__width-inherit elementor-widget elementor-widget-text-editor\" data-id=\"1f80f68\" data-element_type=\"widget\" data-e-type=\"widget\" data-widget_type=\"text-editor.default\">\n\t\t\t\t<div class=\"elementor-widget-container\">\n\t\t\t\t\t\t\t\t\t<p>Resistencia a la penetraci\u00f3n\/repelencia de l\u00edquidos (EN ISO 6530), nivel\u00a0de prestaciones 3 para al menos 1 producto qu\u00edmico.<\/p>\t\t\t\t\t\t\t\t<\/div>\n\t\t\t\t<\/div>\n\t\t\t\t\t<\/div>\n\t\t<\/div>\n\t\t\t\t\t<\/div>\n\t\t<\/section>\n\t\t\t\t<section class=\"elementor-section elementor-top-section elementor-element elementor-element-5d0b4dd elementor-section-full_width elementor-section-height-default elementor-section-height-default\" data-id=\"5d0b4dd\" data-element_type=\"section\" data-e-type=\"section\">\n\t\t\t\t\t\t<div class=\"elementor-container elementor-column-gap-default\">\n\t\t\t\t\t<div class=\"elementor-column elementor-col-100 elementor-top-column elementor-element elementor-element-9f98673\" data-id=\"9f98673\" data-element_type=\"column\" data-e-type=\"column\">\n\t\t\t<div class=\"elementor-widget-wrap elementor-element-populated\">\n\t\t\t\t\t\t<div class=\"elementor-element elementor-element-81f1129 elementor-widget elementor-widget-html\" data-id=\"81f1129\" data-element_type=\"widget\" data-e-type=\"widget\" data-widget_type=\"html.default\">\n\t\t\t\t<div class=\"elementor-widget-container\">\n\t\t\t\t\t<table>\n  <thead>\n    <tr>\n      <th class=\"non-style\" ><\/th>\n      <th class=\"texto-sin-estilo\">REQUISITOS PENETRACI\u00d3N<\/th>\n      <th class=\"texto-sin-estilo\">REQUISITOS REPELENCIA<\/th>\n    <\/tr>\n  <\/thead>\n  <tbody>\n    <tr>\n      <th class=\"primero\">H2SO4 30% (\u00e1dcido sulf\u00farico)<\/th>\n      <td class=\"contenido\"><10%<\/td>\n      <td class=\"final\">>80%<\/td>\n    <\/tr>\n    <tr>\n      <th class=\"primero\">NaOH 10 % (hidr\u00f3xido de sodio)<\/th>\n      <td class=\"contenido\"><10%<\/td>\n      <td class=\"final\">>80%<\/td>\n    <\/tr>\n    <tr>\n      <th class=\"primero\">O-xileno (sin diluir)<\/th>\n      <td class=\"contenido\"><10%<\/td>\n      <td class=\"final\">>80%<\/td>\n    <\/tr>\n    <tr>\n      <th class=\"primero\">Butan-1-ol (sin diluir)<\/th>\n      <td class=\"contenido\"><10%<\/td>\n      <td class=\"final\">>80%<\/td>\n    <\/tr>\n    <tr>\n      <th class=\"primero\">Resistencia a la abrasi\u00f3n (EN 530)<\/th>\n      <td class=\"contenido\">> 10 cicli<\/td>\n      <td class=\"final\"><\/td>\n    <\/tr>\n    <tr>\n      <th class=\"primero\">Resistencia al desgarro (EN ISO 9073-4)<\/th>\n      <td class=\"contenido\">> 10 N<\/td>\n      <td class=\"final\"><\/td>\n    <\/tr>\n    <tr>\n      <th class=\"primero\">Resistencia a la tracci\u00f3n (EN ISO 13934-1)<\/th>\n      <td class=\"contenido\">> 30 N<\/td>\n      <td class=\"final\"><\/td>\n    <\/tr>\n    <tr>\n      <th class=\"primero\">Resistencia a la perforaci\u00f3n (EN 863)<\/th>\n      <td class=\"contenido\">> 5 N<\/td>\n      <td class=\"final\"><\/td>\n    <\/tr>\n    <tr>\n      <th class=\"primero\">Prueba de rociado ligero (realizada sobre el EPI)<\/th>\n      <td class=\"contenido\">Solo para el Tipo 6N<\/td>\n      <td class=\"final\"><\/td>\n    <\/tr>\n  <\/tbody>\n<\/table>\n\t\t\t\t<\/div>\n\t\t\t\t<\/div>\n\t\t\t\t\t<\/div>\n\t\t<\/div>\n\t\t\t\t\t<\/div>\n\t\t<\/section>\n\t\t\t\t<\/div>\n\t\t","protected":false},"excerpt":{"rendered":"<p>NORMA EUROPEA UNI EN 13034:2009 Prendas de protecci\u00f3n contra productos qu\u00edmicos l\u00edquidos. Protecci\u00f3n limitada contra agentes qu\u00edmicos l\u00edquidos (equipamiento tipo 6 y tipo&nbsp;PB [6]. La norma especifica los requisitos m\u00ednimos para las prendas de&nbsp;protecci\u00f3n qu\u00edmica reutilizables y de uso limitado que ofrecen una protecci\u00f3n&nbsp;limitada. Las prendas de protecci\u00f3n qu\u00edmica que ofrecen una protecci\u00f3n&nbsp;limitada est\u00e1n dise\u00f1adas [&hellip;]<\/p>\n","protected":false},"author":1,"featured_media":0,"parent":0,"menu_order":0,"comment_status":"closed","ping_status":"closed","template":"elementor_header_footer","meta":{"footnotes":""},"class_list":["post-7140","page","type-page","status-publish","hentry"],"yoast_head":"<!-- This site is optimized with the Yoast SEO plugin v27.3 - https:\/\/yoast.com\/product\/yoast-seo-wordpress\/ -->\n<title>Normativas - 1 - Issaline<\/title>\n<meta name=\"robots\" content=\"index, follow, max-snippet:-1, max-image-preview:large, max-video-preview:-1\" \/>\n<link rel=\"canonical\" href=\"https:\/\/issaline.com\/pl\/regulamin-1\/\" \/>\n<meta property=\"og:locale\" content=\"pl_PL\" \/>\n<meta property=\"og:type\" content=\"article\" \/>\n<meta property=\"og:title\" content=\"Normativas - 1 - Issaline\" \/>\n<meta property=\"og:description\" content=\"NORMA EUROPEA UNI EN 13034:2009 Prendas de protecci\u00f3n contra productos qu\u00edmicos l\u00edquidos. Protecci\u00f3n limitada contra agentes qu\u00edmicos l\u00edquidos (equipamiento tipo 6 y tipo&nbsp;PB [6]. La norma especifica los requisitos m\u00ednimos para las prendas de&nbsp;protecci\u00f3n qu\u00edmica reutilizables y de uso limitado que ofrecen una protecci\u00f3n&nbsp;limitada. Las prendas de protecci\u00f3n qu\u00edmica que ofrecen una protecci\u00f3n&nbsp;limitada est\u00e1n dise\u00f1adas [&hellip;]\" \/>\n<meta property=\"og:url\" content=\"https:\/\/issaline.com\/pl\/regulamin-1\/\" \/>\n<meta property=\"og:site_name\" content=\"Issaline\" \/>\n<meta property=\"article:modified_time\" content=\"2024-11-04T13:57:37+00:00\" \/>\n<meta name=\"twitter:card\" content=\"summary_large_image\" \/>\n<meta name=\"twitter:label1\" content=\"Szacowany czas czytania\" \/>\n\t<meta name=\"twitter:data1\" content=\"1 minuta\" \/>\n<script type=\"application\/ld+json\" class=\"yoast-schema-graph\">{\"@context\":\"https:\\\/\\\/schema.org\",\"@graph\":[{\"@type\":\"WebPage\",\"@id\":\"https:\\\/\\\/issaline.com\\\/normativas-1\\\/\",\"url\":\"https:\\\/\\\/issaline.com\\\/normativas-1\\\/\",\"name\":\"Normativas - 1 - Issaline\",\"isPartOf\":{\"@id\":\"https:\\\/\\\/issaline.com\\\/#website\"},\"primaryImageOfPage\":{\"@id\":\"https:\\\/\\\/issaline.com\\\/normativas-1\\\/#primaryimage\"},\"image\":{\"@id\":\"https:\\\/\\\/issaline.com\\\/normativas-1\\\/#primaryimage\"},\"thumbnailUrl\":\"https:\\\/\\\/issaline.com\\\/wp-content\\\/uploads\\\/2024\\\/10\\\/Logo_Verde.svg\",\"datePublished\":\"2024-10-29T15:46:30+00:00\",\"dateModified\":\"2024-11-04T13:57:37+00:00\",\"breadcrumb\":{\"@id\":\"https:\\\/\\\/issaline.com\\\/normativas-1\\\/#breadcrumb\"},\"inLanguage\":\"pl-PL\",\"potentialAction\":[{\"@type\":\"ReadAction\",\"target\":[\"https:\\\/\\\/issaline.com\\\/normativas-1\\\/\"]}]},{\"@type\":\"ImageObject\",\"inLanguage\":\"pl-PL\",\"@id\":\"https:\\\/\\\/issaline.com\\\/normativas-1\\\/#primaryimage\",\"url\":\"https:\\\/\\\/issaline.com\\\/wp-content\\\/uploads\\\/2024\\\/10\\\/Logo_Verde.svg\",\"contentUrl\":\"https:\\\/\\\/issaline.com\\\/wp-content\\\/uploads\\\/2024\\\/10\\\/Logo_Verde.svg\"},{\"@type\":\"BreadcrumbList\",\"@id\":\"https:\\\/\\\/issaline.com\\\/normativas-1\\\/#breadcrumb\",\"itemListElement\":[{\"@type\":\"ListItem\",\"position\":1,\"name\":\"Portada\",\"item\":\"https:\\\/\\\/issaline.com\\\/\"},{\"@type\":\"ListItem\",\"position\":2,\"name\":\"Normativas &#8211; 1\"}]},{\"@type\":\"WebSite\",\"@id\":\"https:\\\/\\\/issaline.com\\\/#website\",\"url\":\"https:\\\/\\\/issaline.com\\\/\",\"name\":\"Issaline\",\"description\":\"\",\"publisher\":{\"@id\":\"https:\\\/\\\/issaline.com\\\/#organization\"},\"potentialAction\":[{\"@type\":\"SearchAction\",\"target\":{\"@type\":\"EntryPoint\",\"urlTemplate\":\"https:\\\/\\\/issaline.com\\\/?s={search_term_string}\"},\"query-input\":{\"@type\":\"PropertyValueSpecification\",\"valueRequired\":true,\"valueName\":\"search_term_string\"}}],\"inLanguage\":\"pl-PL\"},{\"@type\":\"Organization\",\"@id\":\"https:\\\/\\\/issaline.com\\\/#organization\",\"name\":\"Issaline\",\"url\":\"https:\\\/\\\/issaline.com\\\/\",\"logo\":{\"@type\":\"ImageObject\",\"inLanguage\":\"pl-PL\",\"@id\":\"https:\\\/\\\/issaline.com\\\/#\\\/schema\\\/logo\\\/image\\\/\",\"url\":\"https:\\\/\\\/issaline.com\\\/wp-content\\\/uploads\\\/2023\\\/07\\\/Issaline_logo.png\",\"contentUrl\":\"https:\\\/\\\/issaline.com\\\/wp-content\\\/uploads\\\/2023\\\/07\\\/Issaline_logo.png\",\"width\":959,\"height\":391,\"caption\":\"Issaline\"},\"image\":{\"@id\":\"https:\\\/\\\/issaline.com\\\/#\\\/schema\\\/logo\\\/image\\\/\"}}]}<\/script>\n<!-- \/ Yoast SEO plugin. -->","yoast_head_json":{"title":"Regulamin - 1 - Issaline","robots":{"index":"index","follow":"follow","max-snippet":"max-snippet:-1","max-image-preview":"max-image-preview:large","max-video-preview":"max-video-preview:-1"},"canonical":"https:\/\/issaline.com\/pl\/regulamin-1\/","og_locale":"pl_PL","og_type":"article","og_title":"Normativas - 1 - Issaline","og_description":"NORMA EUROPEA UNI EN 13034:2009 Prendas de protecci\u00f3n contra productos qu\u00edmicos l\u00edquidos. Protecci\u00f3n limitada contra agentes qu\u00edmicos l\u00edquidos (equipamiento tipo 6 y tipo&nbsp;PB [6]. La norma especifica los requisitos m\u00ednimos para las prendas de&nbsp;protecci\u00f3n qu\u00edmica reutilizables y de uso limitado que ofrecen una protecci\u00f3n&nbsp;limitada. Las prendas de protecci\u00f3n qu\u00edmica que ofrecen una protecci\u00f3n&nbsp;limitada est\u00e1n dise\u00f1adas [&hellip;]","og_url":"https:\/\/issaline.com\/pl\/regulamin-1\/","og_site_name":"Issaline","article_modified_time":"2024-11-04T13:57:37+00:00","twitter_card":"summary_large_image","twitter_misc":{"Szacowany czas czytania":"1 minuta"},"schema":{"@context":"https:\/\/schema.org","@graph":[{"@type":"WebPage","@id":"https:\/\/issaline.com\/normativas-1\/","url":"https:\/\/issaline.com\/normativas-1\/","name":"Regulamin - 1 - Issaline","isPartOf":{"@id":"https:\/\/issaline.com\/#website"},"primaryImageOfPage":{"@id":"https:\/\/issaline.com\/normativas-1\/#primaryimage"},"image":{"@id":"https:\/\/issaline.com\/normativas-1\/#primaryimage"},"thumbnailUrl":"https:\/\/issaline.com\/wp-content\/uploads\/2024\/10\/Logo_Verde.svg","datePublished":"2024-10-29T15:46:30+00:00","dateModified":"2024-11-04T13:57:37+00:00","breadcrumb":{"@id":"https:\/\/issaline.com\/normativas-1\/#breadcrumb"},"inLanguage":"pl-PL","potentialAction":[{"@type":"ReadAction","target":["https:\/\/issaline.com\/normativas-1\/"]}]},{"@type":"ImageObject","inLanguage":"pl-PL","@id":"https:\/\/issaline.com\/normativas-1\/#primaryimage","url":"https:\/\/issaline.com\/wp-content\/uploads\/2024\/10\/Logo_Verde.svg","contentUrl":"https:\/\/issaline.com\/wp-content\/uploads\/2024\/10\/Logo_Verde.svg"},{"@type":"BreadcrumbList","@id":"https:\/\/issaline.com\/normativas-1\/#breadcrumb","itemListElement":[{"@type":"ListItem","position":1,"name":"Portada","item":"https:\/\/issaline.com\/"},{"@type":"ListItem","position":2,"name":"Normativas &#8211; 1"}]},{"@type":"WebSite","@id":"https:\/\/issaline.com\/#website","url":"https:\/\/issaline.com\/","name":"Issaline","description":"","publisher":{"@id":"https:\/\/issaline.com\/#organization"},"potentialAction":[{"@type":"SearchAction","target":{"@type":"EntryPoint","urlTemplate":"https:\/\/issaline.com\/?s={search_term_string}"},"query-input":{"@type":"PropertyValueSpecification","valueRequired":true,"valueName":"search_term_string"}}],"inLanguage":"pl-PL"},{"@type":"Organization","@id":"https:\/\/issaline.com\/#organization","name":"Issaline","url":"https:\/\/issaline.com\/","logo":{"@type":"ImageObject","inLanguage":"pl-PL","@id":"https:\/\/issaline.com\/#\/schema\/logo\/image\/","url":"https:\/\/issaline.com\/wp-content\/uploads\/2023\/07\/Issaline_logo.png","contentUrl":"https:\/\/issaline.com\/wp-content\/uploads\/2023\/07\/Issaline_logo.png","width":959,"height":391,"caption":"Issaline"},"image":{"@id":"https:\/\/issaline.com\/#\/schema\/logo\/image\/"}}]}},"_links":{"self":[{"href":"https:\/\/issaline.com\/pl\/wp-json\/wp\/v2\/pages\/7140","targetHints":{"allow":["GET"]}}],"collection":[{"href":"https:\/\/issaline.com\/pl\/wp-json\/wp\/v2\/pages"}],"about":[{"href":"https:\/\/issaline.com\/pl\/wp-json\/wp\/v2\/types\/page"}],"author":[{"embeddable":true,"href":"https:\/\/issaline.com\/pl\/wp-json\/wp\/v2\/users\/1"}],"replies":[{"embeddable":true,"href":"https:\/\/issaline.com\/pl\/wp-json\/wp\/v2\/comments?post=7140"}],"version-history":[{"count":91,"href":"https:\/\/issaline.com\/pl\/wp-json\/wp\/v2\/pages\/7140\/revisions"}],"predecessor-version":[{"id":8320,"href":"https:\/\/issaline.com\/pl\/wp-json\/wp\/v2\/pages\/7140\/revisions\/8320"}],"wp:attachment":[{"href":"https:\/\/issaline.com\/pl\/wp-json\/wp\/v2\/media?parent=7140"}],"curies":[{"name":"wp","href":"https:\/\/api.w.org\/{rel}","templated":true}]}}