{"id":50,"date":"2024-01-08T11:20:42","date_gmt":"2024-01-08T10:20:42","guid":{"rendered":"https:\/\/issaline.com\/?page_id=50"},"modified":"2024-11-04T13:41:10","modified_gmt":"2024-11-04T12:41:10","slug":"polityka-prywatnosci","status":"publish","type":"page","link":"https:\/\/issaline.com\/pl\/politica-de-privacidad\/","title":{"rendered":"Polityka prywatno\u015bci"},"content":{"rendered":"<div data-elementor-type=\"wp-page\" data-elementor-id=\"50\" class=\"elementor elementor-50\" data-elementor-post-type=\"page\">\n\t\t\t\t\t\t<section class=\"elementor-section elementor-top-section elementor-element elementor-element-4f2a582 elementor-section-boxed elementor-section-height-default elementor-section-height-default\" data-id=\"4f2a582\" data-element_type=\"section\" data-e-type=\"section\">\n\t\t\t\t\t\t<div class=\"elementor-container elementor-column-gap-default\">\n\t\t\t\t\t<div class=\"elementor-column elementor-col-100 elementor-top-column elementor-element elementor-element-c504694\" data-id=\"c504694\" data-element_type=\"column\" data-e-type=\"column\">\n\t\t\t<div class=\"elementor-widget-wrap elementor-element-populated\">\n\t\t\t\t\t\t<div class=\"elementor-element elementor-element-466311d elementor-widget elementor-widget-text-editor\" data-id=\"466311d\" data-element_type=\"widget\" data-e-type=\"widget\" data-widget_type=\"text-editor.default\">\n\t\t\t\t<div class=\"elementor-widget-container\">\n\t\t\t\t\t\t\t\t\t<h1><strong><u>POLITYKA PRYWATNO\u015aCI<\/u><\/strong><\/h1><p><strong>\u00a0<\/strong><\/p><p><strong>WPROWADZENIE<\/strong><\/p><p>W niniejszej polityce informujemy o danych, kt\u00f3re zbieramy od u\u017cytkownik\u00f3w, a tak\u017ce o ich wykorzystaniu i celu, w jakim je wykorzystujemy.<\/p><p>W zwi\u0105zku z tym informujemy, \u017ce nigdy nie b\u0119dziemy \u017c\u0105da\u0107 wi\u0119cej informacji, ni\u017c rzeczywi\u015bcie potrzebujemy do \u015bwiadczenia \u017c\u0105danych us\u0142ug; informacje te nie b\u0119d\u0105 udost\u0119pniane stronom trzecim, chyba \u017ce jest to prawnie wymagane lub za wyra\u017an\u0105 uprzedni\u0105 zgod\u0105 u\u017cytkownika. Podobnie, nigdy nie b\u0119dziemy wykorzystywa\u0107 danych, kt\u00f3re mo\u017cesz nam przekaza\u0107, do cel\u00f3w innych ni\u017c te, kt\u00f3re zosta\u0142y przekazane.<\/p><p>Obowi\u0105zkiem u\u017cytkownika tej strony internetowej jest uwa\u017cne przeczytanie i przestrzeganie informacji zawartych w niniejszej polityce prywatno\u015bci, zar\u00f3wno przy pierwszym wej\u015bciu na t\u0119 stron\u0119 internetow\u0105, jak i w przypadkach, gdy wprowadzane s\u0105 nowe dane osobowe, poniewa\u017c informacje te mog\u0105 podlega\u0107 modyfikacjom w celu zapewnienia zgodno\u015bci z obowi\u0105zuj\u0105cymi przepisami, a tak\u017ce ewentualnym aktualizacjom, bez obowi\u0105zku uprzedniego powiadomienia lub poinformowania u\u017cytkownik\u00f3w o tych obowi\u0105zkach, przy czym wystarczaj\u0105ca jest publikacja na stronie internetowej dostawcy.<\/p><p>\u00a0<\/p><p><strong>ADMINISTRATOR DANYCH<\/strong><\/p><ul><li><strong>Imi\u0119 i nazwisko lub nazwa firmy:<\/strong> <span style=\"color: #ff0000;\"><strong>AAAA<\/strong><\/span><\/li><li><strong>NIF:<\/strong> <span style=\"color: #ff0000;\"><strong>CCCC<\/strong><\/span><\/li><li><strong>Adres pocztowy:<\/strong> <span style=\"color: #ff0000;\"><strong>BBBB<\/strong><\/span><\/li><li><strong>E-mail:<\/strong> <span style=\"color: #ff0000;\"><strong>EEEE<\/strong><\/span><\/li><\/ul><p>\u00a0<\/p><p><span style=\"color: #ff0000;\"><strong>AAAA<\/strong><\/span>jako podmiot odpowiedzialny za Serwis, zgodnie z przepisami Rozporz\u0105dzenia (UE) 2016\/679 z dnia 27 kwietnia 2016 r. (RODO) w sprawie ochrony os\u00f3b fizycznych w zwi\u0105zku z przetwarzaniem danych osobowych i w sprawie swobodnego przep\u0142ywu takich danych oraz innymi obowi\u0105zuj\u0105cymi przepisami dotycz\u0105cymi ochrony danych osobowych, oraz ustawy 34\/2002 z dnia 11 lipca 2002 r. o us\u0142ugach spo\u0142ecze\u0144stwa informacyjnego i handlu elektronicznym (LSSICE), informuje, \u017ce wdro\u017cy\u0142 niezb\u0119dne techniczne i organizacyjne \u015brodki bezpiecze\u0144stwa w celu zagwarantowania i ochrony poufno\u015bci, integralno\u015bci i dost\u0119pno\u015bci wprowadzonych danych.<\/p><p>\u00a0<\/p><p><strong>GROMADZENIE DANYCH I TYPOLOGIA<\/strong><\/p><p>Gromadzone przez nas dane to te, kt\u00f3re u\u017cytkownik strony internetowej zgadza si\u0119 nam przekaza\u0107, oraz te, kt\u00f3re s\u0105 niezb\u0119dne do zaoferowania u\u017cytkownikowi us\u0142ugi wymaganej w jego przypadku. Sposobem na ich uzyskanie jest wype\u0142nienie formularza kontaktowego lub us\u0142ugi newslettera, kt\u00f3re mo\u017cemy zaoferowa\u0107. Typem takich danych b\u0119dzie zatem imi\u0119 i nazwisko, numer identyfikacyjny, numer telefonu, dane zawodowe, dane bankowe (w celu dokonania, w razie potrzeby, p\u0142atno\u015bci) itp.<\/p><p>W zwi\u0105zku z tym informujemy, \u017ce ten rodzaj danych nie nale\u017cy do kategorii danych szczeg\u00f3lnie chronionych.<\/p><p><strong>\u00a0<\/strong><\/p><p><strong>CEL PRZETWARZANIA<\/strong><\/p><p>Dane osobowe u\u017cytkownika b\u0119d\u0105 wykorzystywane wy\u0142\u0105cznie do cel\u00f3w wskazanych poni\u017cej, za zgod\u0105 u\u017cytkownika dla ka\u017cdego z cel\u00f3w w odpowiedniej sekcji strony internetowej:<\/p><p>W przypadku wype\u0142nienia formularza kontaktowego celem przetwarzania jest udzielenie odpowiedzi na ewentualne zapytania lub przekazanie u\u017cytkownikowi wymaganych informacji.<\/p><p>W przypadku wype\u0142niania formularza subskrypcji newslettera, celem jest umo\u017cliwienie przesy\u0142ania u\u017cytkownikowi wszelkich istotnych komunikat\u00f3w lub reklam, pod warunkiem, \u017ce u\u017cytkownik wyra\u017anie zaakceptowa\u0142 takie przesy\u0142anie.<\/p><p>Nale\u017cy pami\u0119ta\u0107, \u017ce zgod\u0119 mo\u017cna wycofa\u0107 w dowolnym momencie. W tym celu nale\u017cy wys\u0142a\u0107 wiadomo\u015b\u0107 e-mail na nast\u0119puj\u0105cy adres <span style=\"color: #ff0000;\"><strong>EEEE<\/strong><\/span> informuj\u0105c o takim odwo\u0142aniu.<\/p><p>W zwi\u0105zku z tym chcieliby\u015bmy poinformowa\u0107, \u017ce <span style=\"color: #ff0000;\"><strong>AAAA<\/strong><\/span> nie anga\u017cuje si\u0119 w praktyki SPAM, tj. nigdy nie wysy\u0142amy komercyjnych wiadomo\u015bci e-mail, je\u015bli nie zosta\u0142y one wcze\u015bniej wyra\u017anie zam\u00f3wione przez u\u017cytkownika.<\/p><p>Informujemy, \u017ce nie b\u0119dziemy przetwarza\u0107 danych osobowych u\u017cytkownika w \u017cadnym innym celu ni\u017c opisany powy\u017cej, chyba \u017ce b\u0119dzie to wynika\u0107 z obowi\u0105zku prawnego lub nakazu s\u0105dowego.<\/p><p><strong>\u00a0<\/strong><\/p><p><strong>LEGITYMIZACJA PRZETWARZANIA<\/strong><\/p><p>Podstaw\u0105 prawn\u0105 przetwarzania danych jest wyra\u017ana zgoda udzielona przez u\u017cytkownika w momencie wype\u0142niania odpowiedniego formularza w celu otrzymania \u017c\u0105danych informacji. Je\u015bli u\u017cytkownik nie poda danych i nie wyrazi zgody, osi\u0105gni\u0119cie cel\u00f3w opisanych powy\u017cej b\u0119dzie niemo\u017cliwe.<\/p><p>W przypadkach, w kt\u00f3rych mi\u0119dzy stronami istnieje stosunek umowny, podstaw\u0105 prawn\u0105 wykonania wynikaj\u0105cych z niego zobowi\u0105za\u0144 jest istnienie stosunku handlowego nawi\u0105zanego mi\u0119dzy stronami.<\/p><p>Potencjalna lub komercyjna oferta produkt\u00f3w i us\u0142ug opiera si\u0119 na zgodzie, o kt\u00f3r\u0105 u\u017cytkownik poprosi\u0142, bez mo\u017cliwo\u015bci wycofania tej zgody w ka\u017cdym przypadku warunkuj\u0105cym wykonanie umowy subskrypcji.<\/p><p><strong>\u00a0<\/strong><\/p><p><strong>OKRES PRZECHOWYWANIA DANYCH:<\/strong><\/p><p>Dane u\u017cytkownika b\u0119d\u0105 przechowywane przez okres trwania relacji biznesowej z nami lub tak d\u0142ugo, jak u\u017cytkownik b\u0119dzie korzysta\u0142 z prawa do anulowania, sprzeciwu lub ograniczenia przetwarzania swoich danych. B\u0119dziemy r\u00f3wnie\u017c przechowywa\u0107 dane u\u017cytkownika przez okresy przewidziane prawnie w obowi\u0105zuj\u0105cych przepisach.<\/p><p><strong>\u00a0<\/strong><\/p><p><strong>ODBIORCY PRZYDZIA\u0141\u00d3W LUB TRANSFER\u00d3W<\/strong><\/p><p>Informujemy, \u017ce nie przypisujemy, nie przekazujemy ani nie przekazujemy danych osobowych, kt\u00f3re nam przekazujesz, \u017cadnemu pa\u0144stwu ani stronie trzeciej. Dane te b\u0119d\u0105 przekazywane wy\u0142\u0105cznie na mocy nakazu s\u0105dowego lub przepis\u00f3w prawa.<\/p><p>Dostarczone informacje b\u0119d\u0105 tylko tymi, kt\u00f3re s\u0105 aktualnie dost\u0119pne dla dostawcy.<\/p><p><strong>\u00a0<\/strong><\/p><p><strong>PRAWA ZAINTERESOWANYCH OS\u00d3B<\/strong><\/p><p>Jako osoba, kt\u00f3rej dane dotycz\u0105, u\u017cytkownik ma nast\u0119puj\u0105ce prawa wynikaj\u0105ce z og\u00f3lnego rozporz\u0105dzenia o ochronie danych (RODO):<\/p><ul><li>Art. 15 RODO, prawo, w zakresie w nim wskazanym, do uzyskania informacji o przetwarzanych przez nas danych osobowych dotycz\u0105cych u\u017cytkownika;<\/li><li>Art. 16 RODO, prawo do uzyskania bez zb\u0119dnej zw\u0142oki sprostowania lub uzupe\u0142nienia danych osobowych, kt\u00f3re go dotycz\u0105;<\/li><li>Art. 17 RODO, prawo do usuni\u0119cia danych osobowych, kt\u00f3re go dotycz\u0105, pod warunkiem, \u017ce przetwarzanie nie jest konieczne:<ul><li>korzystania z prawa do wolno\u015bci wypowiedzi i informacji,<\/li><li>w celu wype\u0142nienia obowi\u0105zku prawnego,<\/li><li>ze wzgl\u0119du na interes publiczny, lub<\/li><li>w celu formu\u0142owania, wykonywania lub obrony roszcze\u0144;<\/li><\/ul><\/li><li>Art. 18 RODO, prawo do uzyskania ograniczenia przetwarzania danych, gdy<ul><li>osoba, kt\u00f3rej dane dotycz\u0105, kwestionuje prawid\u0142owo\u015b\u0107 danych,<\/li><li>przetwarzanie jest niezgodne z prawem, a u\u017cytkownik sprzeciwia si\u0119 usuni\u0119ciu danych,<\/li><li>nie potrzebujemy ju\u017c danych, ale s\u0105 one potrzebne do sformu\u0142owania, wykonania lub obrony roszcze\u0144, lub<\/li><li>u\u017cytkownik sprzeciwi\u0142 si\u0119 przetwarzaniu danych zgodnie z art. 21 RODO;<\/li><\/ul><\/li><li>Art. 20 RODO, prawo do otrzymania w ustrukturyzowanym, powszechnie u\u017cywanym formacie nadaj\u0105cym si\u0119 do odczytu maszynowego danych osobowych dotycz\u0105cych u\u017cytkownika, kt\u00f3re nam przekaza\u0142, lub do \u017c\u0105dania przekazania tych danych innemu administratorowi;<\/li><li>Art. 77 RODO, prawo do wniesienia skargi do organu nadzorczego.<\/li><\/ul><p>\u00a0<\/p><p>Co do zasady, u\u017cytkownik mo\u017ce skontaktowa\u0107 si\u0119 z organem nadzorczym w\u0142a\u015bciwym dla miejsca zamieszkania lub pracy u\u017cytkownika lub dla siedziby naszej firmy.<\/p><p>\u00a0<\/p><p><strong>W Hiszpanii:<\/strong><\/p><ul><li>Hiszpa\u0144ska Agencja Ochrony Danych (AEPD)<\/li><li>Calle Jorge Juan, n\u00ba6<\/li><li>28001-Madryt<\/li><li>Telefon 901 100 099<\/li><li>https:\/\/www.aepd.es\/<\/li><\/ul><p><em>\u00a0<\/em><\/p><p>U\u017cytkownik ma prawo do wycofania zgody w dowolnym momencie. Wycofanie zgody nie b\u0119dzie mia\u0142o wp\u0142ywu na zgodno\u015b\u0107 z prawem przetwarzania dokonanego przed wycofaniem zgody.<\/p><p><strong>\u00a0<\/strong><\/p><p><strong>\u015aRODKI BEZPIECZE\u0143STWA<\/strong><\/p><p>Przekazane nam dane b\u0119d\u0105 traktowane z najwy\u017csz\u0105 poufno\u015bci\u0105. Portal internetowy przyj\u0105\u0142 wszystkie \u015brodki techniczne i organizacyjne oraz wszystkie niezb\u0119dne poziomy ochrony w celu zagwarantowania bezpiecze\u0144stwa przetwarzania danych i unikni\u0119cia ich zmiany, utraty, kradzie\u017cy, nieuprawnionego przetwarzania lub dost\u0119pu, zgodnie ze stanem technologii i charakterem przechowywanych danych. Gwarantuje si\u0119 r\u00f3wnie\u017c, \u017ce przetwarzanie i rejestrowanie w plikach, programach, systemach lub sprz\u0119cie, pomieszczeniach i o\u015brodkach spe\u0142nia wymogi i warunki integralno\u015bci i bezpiecze\u0144stwa okre\u015blone w obowi\u0105zuj\u0105cych przepisach.<\/p><p><strong>\u00a0<\/strong><\/p><p><strong>SIECI SPO\u0141ECZNO\u015aCIOWE<\/strong><\/p><p>Nale\u017cy pami\u0119ta\u0107, \u017ce <span style=\"color: #ff0000;\"><strong>AAAA<\/strong><\/span> mo\u017ce by\u0107 obecny w sieciach spo\u0142eczno\u015bciowych. Przetwarzanie danych dotycz\u0105cych os\u00f3b, kt\u00f3re staj\u0105 si\u0119 obserwatorami w sieciach spo\u0142eczno\u015bciowych (i\/lub wykonuj\u0105 jakiekolwiek dzia\u0142ania zwi\u0105zane z linkami lub po\u0142\u0105czeniami za po\u015brednictwem sieci spo\u0142eczno\u015bciowych) oficjalnych stron tego portalu internetowego b\u0119dzie podlega\u0107 niniejszej sekcji, a tak\u017ce warunkom u\u017cytkowania, polityce prywatno\u015bci i regulaminowi dost\u0119pu, kt\u00f3re nale\u017c\u0105 do sieci spo\u0142eczno\u015bciowej, kt\u00f3ra ma zastosowanie w ka\u017cdym przypadku i zosta\u0142a wcze\u015bniej zaakceptowana przez u\u017cytkownika.<\/p><p>Informujemy, \u017ce b\u0119dziemy przetwarza\u0107 dane u\u017cytkownika w celu prawid\u0142owego zarz\u0105dzania jego obecno\u015bci\u0105 w sieci spo\u0142eczno\u015bciowej, informowania go o dzia\u0142aniach, produktach lub us\u0142ugach dostawcy, a tak\u017ce w ka\u017cdym innym celu, na kt\u00f3ry zezwalaj\u0105 przepisy dotycz\u0105ce sieci spo\u0142eczno\u015bciowych.<\/p><p>Surowo zabrania si\u0119 publikowania tre\u015bci niezgodnych z obowi\u0105zuj\u0105cym prawem, dobrymi praktykami handlowymi lub dobrymi obyczajami, a tak\u017ce tre\u015bci naruszaj\u0105cych podstawowe prawa os\u00f3b fizycznych, w tym wszelkich tre\u015bci, kt\u00f3re w\u0142a\u015bciciel niniejszej witryny uzna za nieodpowiednie. W zwi\u0105zku z tym informujemy, \u017ce zastrzegamy sobie prawo do usuni\u0119cia, bez wcze\u015bniejszego powiadomienia, wszelkich tre\u015bci, kt\u00f3re mog\u0105 by\u0107 nieodpowiednie.<\/p><p><strong>\u00a0<\/strong><\/p><p><strong>ZMIANY W NINIEJSZEJ POLITYCE PRYWATNO\u015aCI<\/strong><\/p><p>W\u0142a\u015bciciel niniejszej strony internetowej zastrzega sobie prawo do zmiany niniejszej polityki w celu dostosowania jej do nowych przepis\u00f3w prawa lub orzecznictwa.<\/p><p><strong>\u00a0<\/strong><\/p><p><strong>MO\u017bLIWO\u015a\u0106 ODWO\u0141ANIA<\/strong><\/p><p>Zgoda udzielona przez u\u017cytkownika mo\u017ce zosta\u0107 odwo\u0142ana w dowolnym momencie w spos\u00f3b opisany powy\u017cej. Wspomniane odwo\u0142anie b\u0119dzie skuteczne od momentu jego prawid\u0142owego otrzymania przez w\u0142a\u015bciciela portalu internetowego.<\/p><p><strong>\u00a0<\/strong><\/p><p><strong>USTAWODAWSTWO<\/strong><\/p><p>Wszystkie relacje i warunki dotycz\u0105ce tej strony internetowej podlegaj\u0105 prawu hiszpa\u0144skiemu.<\/p>\t\t\t\t\t\t\t\t<\/div>\n\t\t\t\t<\/div>\n\t\t\t\t\t<\/div>\n\t\t<\/div>\n\t\t\t\t\t<\/div>\n\t\t<\/section>\n\t\t\t\t<\/div>","protected":false},"excerpt":{"rendered":"<p>POLITICA DE PRIVACIDAD \u00a0 INTRODUCCI\u00d3N Con la presente pol\u00edtica, procedemos a informarles de los datos que recopilamos de los usuarios, as\u00ed como la utilizaci\u00f3n y finalidad que realizamos con los mismos En este sentido le informamos de que nunca solicitaremos m\u00e1s informaci\u00f3n de la que realmente necesitaremos para los servicios requeridos; dicha informaci\u00f3n no ser\u00e1 [&hellip;]<\/p>\n","protected":false},"author":1,"featured_media":0,"parent":0,"menu_order":0,"comment_status":"closed","ping_status":"closed","template":"","meta":{"footnotes":""},"class_list":["post-50","page","type-page","status-publish","hentry"],"yoast_head":"<!-- This site is optimized with the Yoast SEO plugin v27.3 - https:\/\/yoast.com\/product\/yoast-seo-wordpress\/ -->\n<title>Pol\u00edtica de Privacidad - Issaline<\/title>\n<meta name=\"robots\" content=\"index, follow, max-snippet:-1, max-image-preview:large, max-video-preview:-1\" \/>\n<link rel=\"canonical\" href=\"https:\/\/issaline.com\/pl\/polityka-prywatnosci\/\" \/>\n<meta property=\"og:locale\" content=\"pl_PL\" \/>\n<meta property=\"og:type\" content=\"article\" \/>\n<meta property=\"og:title\" content=\"Pol\u00edtica de Privacidad - Issaline\" \/>\n<meta property=\"og:description\" content=\"POLITICA DE PRIVACIDAD \u00a0 INTRODUCCI\u00d3N Con la presente pol\u00edtica, procedemos a informarles de los datos que recopilamos de los usuarios, as\u00ed como la utilizaci\u00f3n y finalidad que realizamos con los mismos En este sentido le informamos de que nunca solicitaremos m\u00e1s informaci\u00f3n de la que realmente necesitaremos para los servicios requeridos; dicha informaci\u00f3n no ser\u00e1 [&hellip;]\" \/>\n<meta property=\"og:url\" content=\"https:\/\/issaline.com\/pl\/polityka-prywatnosci\/\" \/>\n<meta property=\"og:site_name\" content=\"Issaline\" \/>\n<meta property=\"article:modified_time\" content=\"2024-11-04T12:41:10+00:00\" \/>\n<meta name=\"twitter:card\" content=\"summary_large_image\" \/>\n<meta name=\"twitter:label1\" content=\"Szacowany czas czytania\" \/>\n\t<meta name=\"twitter:data1\" content=\"8 minut\" \/>\n<script type=\"application\/ld+json\" class=\"yoast-schema-graph\">{\"@context\":\"https:\\\/\\\/schema.org\",\"@graph\":[{\"@type\":\"WebPage\",\"@id\":\"https:\\\/\\\/issaline.com\\\/politica-de-privacidad\\\/\",\"url\":\"https:\\\/\\\/issaline.com\\\/politica-de-privacidad\\\/\",\"name\":\"Pol\u00edtica de Privacidad - Issaline\",\"isPartOf\":{\"@id\":\"https:\\\/\\\/issaline.com\\\/#website\"},\"datePublished\":\"2024-01-08T10:20:42+00:00\",\"dateModified\":\"2024-11-04T12:41:10+00:00\",\"breadcrumb\":{\"@id\":\"https:\\\/\\\/issaline.com\\\/politica-de-privacidad\\\/#breadcrumb\"},\"inLanguage\":\"pl-PL\",\"potentialAction\":[{\"@type\":\"ReadAction\",\"target\":[\"https:\\\/\\\/issaline.com\\\/politica-de-privacidad\\\/\"]}]},{\"@type\":\"BreadcrumbList\",\"@id\":\"https:\\\/\\\/issaline.com\\\/politica-de-privacidad\\\/#breadcrumb\",\"itemListElement\":[{\"@type\":\"ListItem\",\"position\":1,\"name\":\"Portada\",\"item\":\"https:\\\/\\\/issaline.com\\\/\"},{\"@type\":\"ListItem\",\"position\":2,\"name\":\"Pol\u00edtica de Privacidad\"}]},{\"@type\":\"WebSite\",\"@id\":\"https:\\\/\\\/issaline.com\\\/#website\",\"url\":\"https:\\\/\\\/issaline.com\\\/\",\"name\":\"Issaline\",\"description\":\"\",\"publisher\":{\"@id\":\"https:\\\/\\\/issaline.com\\\/#organization\"},\"potentialAction\":[{\"@type\":\"SearchAction\",\"target\":{\"@type\":\"EntryPoint\",\"urlTemplate\":\"https:\\\/\\\/issaline.com\\\/?s={search_term_string}\"},\"query-input\":{\"@type\":\"PropertyValueSpecification\",\"valueRequired\":true,\"valueName\":\"search_term_string\"}}],\"inLanguage\":\"pl-PL\"},{\"@type\":\"Organization\",\"@id\":\"https:\\\/\\\/issaline.com\\\/#organization\",\"name\":\"Issaline\",\"url\":\"https:\\\/\\\/issaline.com\\\/\",\"logo\":{\"@type\":\"ImageObject\",\"inLanguage\":\"pl-PL\",\"@id\":\"https:\\\/\\\/issaline.com\\\/#\\\/schema\\\/logo\\\/image\\\/\",\"url\":\"https:\\\/\\\/issaline.com\\\/wp-content\\\/uploads\\\/2023\\\/07\\\/Issaline_logo.png\",\"contentUrl\":\"https:\\\/\\\/issaline.com\\\/wp-content\\\/uploads\\\/2023\\\/07\\\/Issaline_logo.png\",\"width\":959,\"height\":391,\"caption\":\"Issaline\"},\"image\":{\"@id\":\"https:\\\/\\\/issaline.com\\\/#\\\/schema\\\/logo\\\/image\\\/\"}}]}<\/script>\n<!-- \/ Yoast SEO plugin. -->","yoast_head_json":{"title":"Polityka prywatno\u015bci - Issaline","robots":{"index":"index","follow":"follow","max-snippet":"max-snippet:-1","max-image-preview":"max-image-preview:large","max-video-preview":"max-video-preview:-1"},"canonical":"https:\/\/issaline.com\/pl\/polityka-prywatnosci\/","og_locale":"pl_PL","og_type":"article","og_title":"Pol\u00edtica de Privacidad - Issaline","og_description":"POLITICA DE PRIVACIDAD \u00a0 INTRODUCCI\u00d3N Con la presente pol\u00edtica, procedemos a informarles de los datos que recopilamos de los usuarios, as\u00ed como la utilizaci\u00f3n y finalidad que realizamos con los mismos En este sentido le informamos de que nunca solicitaremos m\u00e1s informaci\u00f3n de la que realmente necesitaremos para los servicios requeridos; dicha informaci\u00f3n no ser\u00e1 [&hellip;]","og_url":"https:\/\/issaline.com\/pl\/polityka-prywatnosci\/","og_site_name":"Issaline","article_modified_time":"2024-11-04T12:41:10+00:00","twitter_card":"summary_large_image","twitter_misc":{"Szacowany czas czytania":"8 minut"},"schema":{"@context":"https:\/\/schema.org","@graph":[{"@type":"WebPage","@id":"https:\/\/issaline.com\/politica-de-privacidad\/","url":"https:\/\/issaline.com\/politica-de-privacidad\/","name":"Polityka prywatno\u015bci - Issaline","isPartOf":{"@id":"https:\/\/issaline.com\/#website"},"datePublished":"2024-01-08T10:20:42+00:00","dateModified":"2024-11-04T12:41:10+00:00","breadcrumb":{"@id":"https:\/\/issaline.com\/politica-de-privacidad\/#breadcrumb"},"inLanguage":"pl-PL","potentialAction":[{"@type":"ReadAction","target":["https:\/\/issaline.com\/politica-de-privacidad\/"]}]},{"@type":"BreadcrumbList","@id":"https:\/\/issaline.com\/politica-de-privacidad\/#breadcrumb","itemListElement":[{"@type":"ListItem","position":1,"name":"Portada","item":"https:\/\/issaline.com\/"},{"@type":"ListItem","position":2,"name":"Pol\u00edtica de Privacidad"}]},{"@type":"WebSite","@id":"https:\/\/issaline.com\/#website","url":"https:\/\/issaline.com\/","name":"Issaline","description":"","publisher":{"@id":"https:\/\/issaline.com\/#organization"},"potentialAction":[{"@type":"SearchAction","target":{"@type":"EntryPoint","urlTemplate":"https:\/\/issaline.com\/?s={search_term_string}"},"query-input":{"@type":"PropertyValueSpecification","valueRequired":true,"valueName":"search_term_string"}}],"inLanguage":"pl-PL"},{"@type":"Organization","@id":"https:\/\/issaline.com\/#organization","name":"Issaline","url":"https:\/\/issaline.com\/","logo":{"@type":"ImageObject","inLanguage":"pl-PL","@id":"https:\/\/issaline.com\/#\/schema\/logo\/image\/","url":"https:\/\/issaline.com\/wp-content\/uploads\/2023\/07\/Issaline_logo.png","contentUrl":"https:\/\/issaline.com\/wp-content\/uploads\/2023\/07\/Issaline_logo.png","width":959,"height":391,"caption":"Issaline"},"image":{"@id":"https:\/\/issaline.com\/#\/schema\/logo\/image\/"}}]}},"_links":{"self":[{"href":"https:\/\/issaline.com\/pl\/wp-json\/wp\/v2\/pages\/50","targetHints":{"allow":["GET"]}}],"collection":[{"href":"https:\/\/issaline.com\/pl\/wp-json\/wp\/v2\/pages"}],"about":[{"href":"https:\/\/issaline.com\/pl\/wp-json\/wp\/v2\/types\/page"}],"author":[{"embeddable":true,"href":"https:\/\/issaline.com\/pl\/wp-json\/wp\/v2\/users\/1"}],"replies":[{"embeddable":true,"href":"https:\/\/issaline.com\/pl\/wp-json\/wp\/v2\/comments?post=50"}],"version-history":[{"count":17,"href":"https:\/\/issaline.com\/pl\/wp-json\/wp\/v2\/pages\/50\/revisions"}],"predecessor-version":[{"id":8195,"href":"https:\/\/issaline.com\/pl\/wp-json\/wp\/v2\/pages\/50\/revisions\/8195"}],"wp:attachment":[{"href":"https:\/\/issaline.com\/pl\/wp-json\/wp\/v2\/media?parent=50"}],"curies":[{"name":"wp","href":"https:\/\/api.w.org\/{rel}","templated":true}]}}