{"id":38,"date":"2024-01-08T11:10:14","date_gmt":"2024-01-08T10:10:14","guid":{"rendered":"https:\/\/issaline.com\/?page_id=38"},"modified":"2024-11-04T13:43:43","modified_gmt":"2024-11-04T12:43:43","slug":"nota-prawna","status":"publish","type":"page","link":"https:\/\/issaline.com\/pl\/aviso-legal\/","title":{"rendered":"Nota prawna"},"content":{"rendered":"<div data-elementor-type=\"wp-page\" data-elementor-id=\"38\" class=\"elementor elementor-38\" data-elementor-post-type=\"page\">\n\t\t\t\t\t\t<section class=\"elementor-section elementor-top-section elementor-element elementor-element-c65cb9d elementor-section-boxed elementor-section-height-default elementor-section-height-default\" data-id=\"c65cb9d\" data-element_type=\"section\" data-e-type=\"section\">\n\t\t\t\t\t\t<div class=\"elementor-container elementor-column-gap-default\">\n\t\t\t\t\t<div class=\"elementor-column elementor-col-100 elementor-top-column elementor-element elementor-element-5e5ca6f\" data-id=\"5e5ca6f\" data-element_type=\"column\" data-e-type=\"column\">\n\t\t\t<div class=\"elementor-widget-wrap elementor-element-populated\">\n\t\t\t\t\t\t<div class=\"elementor-element elementor-element-07f1b4c elementor-widget elementor-widget-text-editor\" data-id=\"07f1b4c\" data-element_type=\"widget\" data-e-type=\"widget\" data-widget_type=\"text-editor.default\">\n\t\t\t\t<div class=\"elementor-widget-container\">\n\t\t\t\t\t\t\t\t\t<p><strong>\u00a0<\/strong><\/p><h1><strong><u>INFORMACJA PRAWNA<\/u><\/strong><\/h1><p>Aby zachowa\u0107 zgodno\u015b\u0107 z art. 10 ustawy 34\/2002 o us\u0142ugach spo\u0142ecze\u0144stwa informacyjnego i handlu elektronicznym, informujemy u\u017cytkownik\u00f3w o naszych danych:<\/p><ul><li><strong>Nazwa firmy:<\/strong> <strong><span style=\"color: #ff0000;\">AAAA<\/span><\/strong><\/li><li><strong>Siedziba statutowa:<\/strong> <span style=\"color: #ff0000;\"><strong>BBBB<\/strong><\/span><\/li><li><strong>NIF<\/strong>: <span style=\"color: #ff0000;\"><strong>CCCC<\/strong><\/span><\/li><li><b>Rejestr handlowy:<\/b> Sp\u00f3\u0142ka ta jest zarejestrowana w rejestrze handlowym <span style=\"color: #ff0000;\"><strong>\u2014-<\/strong><\/span>Tom <span style=\"color: #ff0000;\"><strong>\u2014-<\/strong><\/span>, folio <strong><span style=\"color: #ff0000;\">\u2014-<\/span><\/strong> arkusz <strong><span style=\"color: #ff0000;\">\u2014-<\/span><\/strong>.<\/li><li><strong>Telefon:<\/strong> <span style=\"color: #ff0000;\"><strong>DDDD<\/strong><\/span><\/li><li><strong>E-mail:<\/strong> <span style=\"color: #ff0000;\"><strong>EEEE<\/strong><\/span><\/li><li><strong>Strona internetowa:<\/strong> <strong><span style=\"color: #ff0000;\">FFFF<\/span><\/strong><\/li><\/ul><p><strong>\u00a0<\/strong><\/p><p><strong>OBJECT<\/strong><\/p><p><span style=\"color: #ff0000;\"><strong>AAAA<\/strong><\/span>(dalej r\u00f3wnie\u017c dostawca), jako strona odpowiedzialna za stron\u0119 internetow\u0105, udost\u0119pnia u\u017cytkownikom niniejszy dokument, kt\u00f3ry reguluje korzystanie ze strony internetowej. <span style=\"color: #ff0000;\"><strong>FFFF<\/strong><\/span>Witryna jest zgodna z przepisami ustawy 34\/2002 o us\u0142ugach spo\u0142ecze\u0144stwa informacyjnego i handlu elektronicznym (LSSICE lub LSSI) i informuje wszystkich u\u017cytkownik\u00f3w witryny o warunkach korzystania z niej.<\/p><p>Dost\u0119p do niniejszej strony internetowej i korzystanie z niej nadaje odwiedzaj\u0105cemu status u\u017cytkownika. Oznacza to, \u017ce u\u017cytkownik akceptuje warunki u\u017cytkowania obowi\u0105zuj\u0105ce przez ca\u0142y czas i zobowi\u0105zuje si\u0119 do w\u0142a\u015bciwego korzystania z zawarto\u015bci strony internetowej oraz do \u015bcis\u0142ego przestrzegania i stosowania si\u0119 do postanowie\u0144 niniejszej informacji i wszelkich obowi\u0105zuj\u0105cych przepis\u00f3w.<\/p><p>Obowi\u0105zkiem u\u017cytkownik\u00f3w jest zapoznanie si\u0119 i przestrzeganie tre\u015bci niniejszej noty prawnej, informuj\u0105c ich, \u017ce mo\u017ce ona podlega\u0107 modyfikacjom w wyniku dostosowania jej przez w\u0142a\u015bciciela portalu internetowego do obowi\u0105zuj\u0105cych w danym czasie przepis\u00f3w. W zwi\u0105zku z tym informujemy, \u017ce bez uprzedzenia w\u0142a\u015bciciel portalu mo\u017ce modyfikowa\u0107 jego tre\u015b\u0107.<\/p><p><strong>\u00a0<\/strong><\/p><p><strong>WARUNKI KORZYSTANIA ZE STRONY INTERNETOWEJ<\/strong><\/p><p>Korzystanie z tej strony internetowej jest bezp\u0142atne, a do korzystania z niej nie jest wymagana wcze\u015bniejsza subskrypcja. Jednak w przypadku niekt\u00f3rych us\u0142ug wymagane jest wype\u0142nienie formularza (na przyk\u0142ad w celu zakupu produkt\u00f3w lub otrzymywania informacji). Rejestracja ta zostanie przeprowadzona na warunkach wskazanych w odpowiedniej sekcji.<\/p><p>U\u017cytkownik zobowi\u0105zuje si\u0119 zapewni\u0107, \u017ce wszystkie podane informacje s\u0105 prawdziwe i aktualne przez ca\u0142y czas, a w\u0142a\u015bciciel strony internetowej nie ponosi \u017cadnej odpowiedzialno\u015bci w wyniku nieprawdziwo\u015bci tych informacji.<\/p><p>W przypadku, gdy u\u017cytkownik jest niepe\u0142noletni, musi zawsze uzyska\u0107 wyra\u017an\u0105 uprzedni\u0105 zgod\u0119 swoich rodzic\u00f3w, opiekun\u00f3w lub przedstawicieli prawnych na wykonanie jakiejkolwiek czynno\u015bci.<\/p><p>U\u017cytkownik zobowi\u0105zuje si\u0119 do korzystania z Witryny zgodnie z prawem i niniejsz\u0105 Informacj\u0105 prawn\u0105. W tym sensie nie b\u0119dzie rozpowszechnia\u0107 tre\u015bci, kt\u00f3re s\u0105 sprzeczne z prawem lub godno\u015bci\u0105 osoby; kt\u00f3re s\u0105 dyskryminuj\u0105ce ze wzgl\u0119du na urodzenie, ras\u0119, p\u0142e\u0107, religi\u0119, pogl\u0105dy lub jakiekolwiek inne warunki lub okoliczno\u015bci osobiste lub spo\u0142eczne; lub kt\u00f3re w jakikolwiek spos\u00f3b s\u0105 sprzeczne z prawem i porz\u0105dkiem publicznym; a tak\u017ce z moralno\u015bci\u0105 i dobrymi obyczajami.<\/p><p><strong>\u00a0<\/strong><\/p><p><strong>WY\u0141\u0104CZENIE GWARANCJI I ODPOWIEDZIALNO\u015aCI<\/strong><\/p><p>W\u0142a\u015bciciel niniejszej strony internetowej jest zwolniony z odpowiedzialno\u015bci w przypadkach, w kt\u00f3rych podane informacje s\u0105 nieprawdziwe lub opublikowane na stronie internetowej zosta\u0142y zmanipulowane przez osoby trzecie.<\/p><p>Podobnie, w\u0142a\u015bciciel strony internetowej zrzeka si\u0119 wszelkiej odpowiedzialno\u015bci, kt\u00f3ra mo\u017ce powsta\u0107 w wyniku nieprawid\u0142owego dzia\u0142ania strony internetowej, w wyniku wirus\u00f3w, z\u0142o\u015bliwych lub szkodliwych program\u00f3w w tre\u015bci; nielegalnego, niedba\u0142ego, oszuka\u0144czego lub sprzecznego z niniejsz\u0105 informacj\u0105 prawn\u0105 i warunkami u\u017cytkowania.<\/p><p><strong>\u00a0<\/strong><\/p><p><strong>CIASTECZKA<\/strong><\/p><p>Strona internetowa dostawcy mo\u017ce wykorzystywa\u0107 pliki cookie (ma\u0142e pliki informacyjne, kt\u00f3re serwer wysy\u0142a do komputera osoby uzyskuj\u0105cej dost\u0119p do strony) w celu realizacji niekt\u00f3rych funkcji, kt\u00f3re s\u0105 uwa\u017cane za niezb\u0119dne do prawid\u0142owego funkcjonowania i wizualizacji strony. U\u017cywane pliki cookie maj\u0105 w ka\u017cdym przypadku charakter tymczasowy, wy\u0142\u0105cznie w celu usprawnienia przegl\u0105dania i znikaj\u0105 po zako\u0144czeniu sesji u\u017cytkownika.<\/p><p>W \u017cadnym wypadku pliki cookie nie b\u0119d\u0105 wykorzystywane do gromadzenia danych osobowych.<\/p><p>Wi\u0119cej informacji mo\u017cna znale\u017a\u0107 na naszej stronie <a href=\"\/pl\/polityka-plikow-cookie\/\">Polityka dotycz\u0105ca plik\u00f3w cookie<\/a>.<\/p><p><strong>\u00a0<\/strong><\/p><p><strong>POLITYKA LINK\u00d3W<\/strong><\/p><p>Witryna mo\u017ce zawiera\u0107 \u0142\u0105cza do innych witryn internetowych, kt\u00f3rych polityka prywatno\u015bci r\u00f3\u017cni si\u0119 od niniejszej. <span style=\"color: #ff0000;\"><strong>AAAA<\/strong><\/span> nie ponosi odpowiedzialno\u015bci za tre\u015b\u0107 lub praktyki stron, do kt\u00f3rych prowadz\u0105 odno\u015bniki, a u\u017cytkownikowi zaleca si\u0119 uwa\u017cne zapoznanie si\u0119 z polityk\u0105 prywatno\u015bci ka\u017cdej strony internetowej, do kt\u00f3rej uzyskuje dost\u0119p z tej strony.<\/p><p><strong>\u00a0<\/strong><\/p><p><strong>OCHRONA DANYCH OSOBOWYCH<\/strong><\/p><p>W\u0142a\u015bciciel portalu internetowego gwarantuje pe\u0142n\u0105 zgodno\u015b\u0107 z obowi\u0105zuj\u0105cymi zobowi\u0105zaniami, a tak\u017ce wdro\u017cenie \u015brodk\u00f3w bezpiecze\u0144stwa okre\u015blonych w europejskim rozporz\u0105dzeniu o ochronie danych i hiszpa\u0144skich przepisach o ochronie danych. Wi\u0119cej informacji mo\u017cna znale\u017a\u0107 na stronie <a href=\"\/pl\/polityka-prywatnosci\/\">Polityka prywatno\u015bci<\/a>.<\/p><p><strong>\u00a0<\/strong><\/p><p><strong>W\u0141ASNO\u015a\u0106 INTELEKTUALNA I PRZEMYS\u0141OWA<\/strong><\/p><p>U\u017cytkownik przyjmuje do wiadomo\u015bci i akceptuje, \u017ce wszystkie tre\u015bci prezentowane na stronie internetowej, a w szczeg\u00f3lno\u015bci projekty, teksty, obrazy, logo, ikony, przyciski, oprogramowanie, nazwy handlowe, marki lub wszelkie inne znaki nadaj\u0105ce si\u0119 do u\u017cytku przemys\u0142owego i\/lub handlowego podlegaj\u0105 prawom w\u0142asno\u015bci intelektualnej, a wszystkie marki, nazwy handlowe lub znaki wyr\u00f3\u017cniaj\u0105ce, wszystkie prawa w\u0142asno\u015bci przemys\u0142owej i intelektualnej, dotycz\u0105ce tre\u015bci i\/lub wszelkich innych element\u00f3w umieszczonych na stronie, s\u0105 wy\u0142\u0105czn\u0105 w\u0142asno\u015bci\u0105 w\u0142a\u015bciciela portalu internetowego i\/lub os\u00f3b trzecich, kt\u00f3re maj\u0105 wy\u0142\u0105czne prawo do korzystania z nich w obrocie gospodarczym. W zwi\u0105zku z tym u\u017cytkownik zobowi\u0105zuje si\u0119 nie powiela\u0107, kopiowa\u0107, rozpowszechnia\u0107, udost\u0119pnia\u0107 lub w jakikolwiek inny spos\u00f3b publicznie komunikowa\u0107, przekszta\u0142ca\u0107 lub modyfikowa\u0107 takich tre\u015bci i nie b\u0119dzie ponosi\u0142 z tego tytu\u0142u odpowiedzialno\u015bci. <span style=\"color: #ff0000;\"><strong>AAAA<\/strong><\/span>U\u017cytkownik nie ponosi odpowiedzialno\u015bci za jakiekolwiek roszczenia wynikaj\u0105ce z naruszenia takich zobowi\u0105za\u0144. W \u017cadnym wypadku dost\u0119p do Witryny nie oznacza jakiegokolwiek zrzeczenia si\u0119, przekazania, licencji lub ca\u0142kowitego lub cz\u0119\u015bciowego przeniesienia wspomnianych praw, chyba \u017ce wyra\u017anie ustalono inaczej. Niniejsze Og\u00f3lne Warunki Korzystania z Witryny nie przyznaj\u0105 U\u017cytkownikom \u017cadnych innych praw do korzystania, zmieniania, wykorzystywania, powielania, rozpowszechniania lub publicznego komunikowania Witryny i\/lub jej Tre\u015bci, innych ni\u017c te wyra\u017anie przewidziane w niniejszym dokumencie. Ka\u017cde inne u\u017cycie lub wykorzystanie jakichkolwiek innych praw podlega uprzedniemu i wyra\u017anemu zezwoleniu udzielonemu w tym celu przez <span style=\"color: #ff0000;\"><strong>AAAA<\/strong><\/span>lub osoby trzeciej b\u0119d\u0105cej posiadaczem danych praw.<\/p><p>Tre\u015bci, teksty, zdj\u0119cia, projekty, logo, obrazy, programy komputerowe, kody \u017ar\u00f3d\u0142owe i, og\u00f3lnie, wszelka tw\u00f3rczo\u015b\u0107 intelektualna na tej stronie, jak r\u00f3wnie\u017c sama strona jako ca\u0142o\u015b\u0107, jako multimedialne dzie\u0142o artystyczne, s\u0105 chronione prawem autorskim na mocy przepis\u00f3w o w\u0142asno\u015bci intelektualnej. <span style=\"color: #ff0000;\"><strong>AAAA<\/strong><\/span>U\u017cytkownik jest w\u0142a\u015bcicielem element\u00f3w sk\u0142adaj\u0105cych si\u0119 na projekt graficzny Witryny, menu, przycisk\u00f3w nawigacyjnych, kodu HTML, tekst\u00f3w, obraz\u00f3w, tekstur, grafiki i wszelkich innych tre\u015bci Witryny lub, w ka\u017cdym przypadku, posiada odpowiednie upowa\u017cnienie do korzystania z tych element\u00f3w. Tre\u015bci zamieszczone na Stronie Internetowej nie mog\u0105 by\u0107 powielane w ca\u0142o\u015bci lub w cz\u0119\u015bci, przekazywane lub zapisywane przez jakikolwiek system wyszukiwania informacji, w jakiejkolwiek formie lub w jakikolwiek spos\u00f3b, bez uprzedniej pisemnej zgody ww. podmiotu.<\/p><p>Zabronione jest r\u00f3wnie\u017c usuwanie, omijanie i\/lub manipulowanie prawami autorskimi, jak r\u00f3wnie\u017c technicznymi urz\u0105dzeniami zabezpieczaj\u0105cymi lub jakimikolwiek mechanizmami informacyjnymi, kt\u00f3re mog\u0105 by\u0107 zawarte w tre\u015bci. U\u017cytkownik niniejszej Witryny zobowi\u0105zuje si\u0119 do poszanowania wy\u017cej wymienionych praw i unikania wszelkich dzia\u0142a\u0144, kt\u00f3re mog\u0142yby im zaszkodzi\u0107, zastrzegaj\u0105c sobie w ka\u017cdym przypadku prawo do <span style=\"color: #ff0000;\"><strong>AAAA<\/strong><\/span> korzystania z wszelkich \u015brodk\u00f3w prawnych lub dzia\u0142a\u0144, kt\u00f3re mog\u0105 mu odpowiada\u0107 w obronie jego uzasadnionych praw w\u0142asno\u015bci intelektualnej i przemys\u0142owej.<\/p><p><strong>\u00a0<\/strong><\/p><p><strong>OBOWI\u0104ZUJ\u0104CE PRAWO<\/strong><\/p><p>Prawem w\u0142a\u015bciwym w przypadku sporu lub konfliktu interpretacji warunk\u00f3w, kt\u00f3re sk\u0142adaj\u0105 si\u0119 na niniejsz\u0105 not\u0119 prawn\u0105, a tak\u017ce wszelkich kwestii zwi\u0105zanych z us\u0142ugami tego portalu, jest prawo hiszpa\u0144skie.<\/p>\t\t\t\t\t\t\t\t<\/div>\n\t\t\t\t<\/div>\n\t\t\t\t\t<\/div>\n\t\t<\/div>\n\t\t\t\t\t<\/div>\n\t\t<\/section>\n\t\t\t\t<\/div>","protected":false},"excerpt":{"rendered":"<p>\u00a0 AVISO LEGAL Con el fin de dar cumplimiento al art\u00edculo 10 de la Ley 34\/2002 de Servicios de la Sociedad de la Informaci\u00f3n y del Comercio Electr\u00f3nico, informamos a los usuarios de nuestros datos: Denominaci\u00f3n Social: AAAA Domicilio Social: BBBB NIF: CCCC Registro mercantil: Esta sociedad consta inscrita en el Registro Mercantil de &#8212;-, [&hellip;]<\/p>\n","protected":false},"author":1,"featured_media":0,"parent":0,"menu_order":0,"comment_status":"closed","ping_status":"closed","template":"elementor_header_footer","meta":{"footnotes":""},"class_list":["post-38","page","type-page","status-publish","hentry"],"yoast_head":"<!-- This site is optimized with the Yoast SEO plugin v27.3 - https:\/\/yoast.com\/product\/yoast-seo-wordpress\/ -->\n<title>Aviso Legal - Issaline<\/title>\n<meta name=\"robots\" content=\"index, follow, max-snippet:-1, max-image-preview:large, max-video-preview:-1\" \/>\n<link rel=\"canonical\" href=\"https:\/\/issaline.com\/pl\/nota-prawna\/\" \/>\n<meta property=\"og:locale\" content=\"pl_PL\" \/>\n<meta property=\"og:type\" content=\"article\" \/>\n<meta property=\"og:title\" content=\"Aviso Legal - Issaline\" \/>\n<meta property=\"og:description\" content=\"\u00a0 AVISO LEGAL Con el fin de dar cumplimiento al art\u00edculo 10 de la Ley 34\/2002 de Servicios de la Sociedad de la Informaci\u00f3n y del Comercio Electr\u00f3nico, informamos a los usuarios de nuestros datos: Denominaci\u00f3n Social: AAAA Domicilio Social: BBBB NIF: CCCC Registro mercantil: Esta sociedad consta inscrita en el Registro Mercantil de &#8212;-, [&hellip;]\" \/>\n<meta property=\"og:url\" content=\"https:\/\/issaline.com\/pl\/nota-prawna\/\" \/>\n<meta property=\"og:site_name\" content=\"Issaline\" \/>\n<meta property=\"article:modified_time\" content=\"2024-11-04T12:43:43+00:00\" \/>\n<meta name=\"twitter:card\" content=\"summary_large_image\" \/>\n<meta name=\"twitter:label1\" content=\"Szacowany czas czytania\" \/>\n\t<meta name=\"twitter:data1\" content=\"7 minut\" \/>\n<script type=\"application\/ld+json\" class=\"yoast-schema-graph\">{\"@context\":\"https:\\\/\\\/schema.org\",\"@graph\":[{\"@type\":\"WebPage\",\"@id\":\"https:\\\/\\\/issaline.com\\\/aviso-legal\\\/\",\"url\":\"https:\\\/\\\/issaline.com\\\/aviso-legal\\\/\",\"name\":\"Aviso Legal - Issaline\",\"isPartOf\":{\"@id\":\"https:\\\/\\\/issaline.com\\\/#website\"},\"datePublished\":\"2024-01-08T10:10:14+00:00\",\"dateModified\":\"2024-11-04T12:43:43+00:00\",\"breadcrumb\":{\"@id\":\"https:\\\/\\\/issaline.com\\\/aviso-legal\\\/#breadcrumb\"},\"inLanguage\":\"pl-PL\",\"potentialAction\":[{\"@type\":\"ReadAction\",\"target\":[\"https:\\\/\\\/issaline.com\\\/aviso-legal\\\/\"]}]},{\"@type\":\"BreadcrumbList\",\"@id\":\"https:\\\/\\\/issaline.com\\\/aviso-legal\\\/#breadcrumb\",\"itemListElement\":[{\"@type\":\"ListItem\",\"position\":1,\"name\":\"Portada\",\"item\":\"https:\\\/\\\/issaline.com\\\/\"},{\"@type\":\"ListItem\",\"position\":2,\"name\":\"Aviso Legal\"}]},{\"@type\":\"WebSite\",\"@id\":\"https:\\\/\\\/issaline.com\\\/#website\",\"url\":\"https:\\\/\\\/issaline.com\\\/\",\"name\":\"Issaline\",\"description\":\"\",\"publisher\":{\"@id\":\"https:\\\/\\\/issaline.com\\\/#organization\"},\"potentialAction\":[{\"@type\":\"SearchAction\",\"target\":{\"@type\":\"EntryPoint\",\"urlTemplate\":\"https:\\\/\\\/issaline.com\\\/?s={search_term_string}\"},\"query-input\":{\"@type\":\"PropertyValueSpecification\",\"valueRequired\":true,\"valueName\":\"search_term_string\"}}],\"inLanguage\":\"pl-PL\"},{\"@type\":\"Organization\",\"@id\":\"https:\\\/\\\/issaline.com\\\/#organization\",\"name\":\"Issaline\",\"url\":\"https:\\\/\\\/issaline.com\\\/\",\"logo\":{\"@type\":\"ImageObject\",\"inLanguage\":\"pl-PL\",\"@id\":\"https:\\\/\\\/issaline.com\\\/#\\\/schema\\\/logo\\\/image\\\/\",\"url\":\"https:\\\/\\\/issaline.com\\\/wp-content\\\/uploads\\\/2023\\\/07\\\/Issaline_logo.png\",\"contentUrl\":\"https:\\\/\\\/issaline.com\\\/wp-content\\\/uploads\\\/2023\\\/07\\\/Issaline_logo.png\",\"width\":959,\"height\":391,\"caption\":\"Issaline\"},\"image\":{\"@id\":\"https:\\\/\\\/issaline.com\\\/#\\\/schema\\\/logo\\\/image\\\/\"}}]}<\/script>\n<!-- \/ Yoast SEO plugin. -->","yoast_head_json":{"title":"Nota prawna - Issaline","robots":{"index":"index","follow":"follow","max-snippet":"max-snippet:-1","max-image-preview":"max-image-preview:large","max-video-preview":"max-video-preview:-1"},"canonical":"https:\/\/issaline.com\/pl\/nota-prawna\/","og_locale":"pl_PL","og_type":"article","og_title":"Aviso Legal - Issaline","og_description":"\u00a0 AVISO LEGAL Con el fin de dar cumplimiento al art\u00edculo 10 de la Ley 34\/2002 de Servicios de la Sociedad de la Informaci\u00f3n y del Comercio Electr\u00f3nico, informamos a los usuarios de nuestros datos: Denominaci\u00f3n Social: AAAA Domicilio Social: BBBB NIF: CCCC Registro mercantil: Esta sociedad consta inscrita en el Registro Mercantil de &#8212;-, [&hellip;]","og_url":"https:\/\/issaline.com\/pl\/nota-prawna\/","og_site_name":"Issaline","article_modified_time":"2024-11-04T12:43:43+00:00","twitter_card":"summary_large_image","twitter_misc":{"Szacowany czas czytania":"7 minut"},"schema":{"@context":"https:\/\/schema.org","@graph":[{"@type":"WebPage","@id":"https:\/\/issaline.com\/aviso-legal\/","url":"https:\/\/issaline.com\/aviso-legal\/","name":"Nota prawna - Issaline","isPartOf":{"@id":"https:\/\/issaline.com\/#website"},"datePublished":"2024-01-08T10:10:14+00:00","dateModified":"2024-11-04T12:43:43+00:00","breadcrumb":{"@id":"https:\/\/issaline.com\/aviso-legal\/#breadcrumb"},"inLanguage":"pl-PL","potentialAction":[{"@type":"ReadAction","target":["https:\/\/issaline.com\/aviso-legal\/"]}]},{"@type":"BreadcrumbList","@id":"https:\/\/issaline.com\/aviso-legal\/#breadcrumb","itemListElement":[{"@type":"ListItem","position":1,"name":"Portada","item":"https:\/\/issaline.com\/"},{"@type":"ListItem","position":2,"name":"Aviso Legal"}]},{"@type":"WebSite","@id":"https:\/\/issaline.com\/#website","url":"https:\/\/issaline.com\/","name":"Issaline","description":"","publisher":{"@id":"https:\/\/issaline.com\/#organization"},"potentialAction":[{"@type":"SearchAction","target":{"@type":"EntryPoint","urlTemplate":"https:\/\/issaline.com\/?s={search_term_string}"},"query-input":{"@type":"PropertyValueSpecification","valueRequired":true,"valueName":"search_term_string"}}],"inLanguage":"pl-PL"},{"@type":"Organization","@id":"https:\/\/issaline.com\/#organization","name":"Issaline","url":"https:\/\/issaline.com\/","logo":{"@type":"ImageObject","inLanguage":"pl-PL","@id":"https:\/\/issaline.com\/#\/schema\/logo\/image\/","url":"https:\/\/issaline.com\/wp-content\/uploads\/2023\/07\/Issaline_logo.png","contentUrl":"https:\/\/issaline.com\/wp-content\/uploads\/2023\/07\/Issaline_logo.png","width":959,"height":391,"caption":"Issaline"},"image":{"@id":"https:\/\/issaline.com\/#\/schema\/logo\/image\/"}}]}},"_links":{"self":[{"href":"https:\/\/issaline.com\/pl\/wp-json\/wp\/v2\/pages\/38","targetHints":{"allow":["GET"]}}],"collection":[{"href":"https:\/\/issaline.com\/pl\/wp-json\/wp\/v2\/pages"}],"about":[{"href":"https:\/\/issaline.com\/pl\/wp-json\/wp\/v2\/types\/page"}],"author":[{"embeddable":true,"href":"https:\/\/issaline.com\/pl\/wp-json\/wp\/v2\/users\/1"}],"replies":[{"embeddable":true,"href":"https:\/\/issaline.com\/pl\/wp-json\/wp\/v2\/comments?post=38"}],"version-history":[{"count":13,"href":"https:\/\/issaline.com\/pl\/wp-json\/wp\/v2\/pages\/38\/revisions"}],"predecessor-version":[{"id":8198,"href":"https:\/\/issaline.com\/pl\/wp-json\/wp\/v2\/pages\/38\/revisions\/8198"}],"wp:attachment":[{"href":"https:\/\/issaline.com\/pl\/wp-json\/wp\/v2\/media?parent=38"}],"curies":[{"name":"wp","href":"https:\/\/api.w.org\/{rel}","templated":true}]}}