{"id":50,"date":"2024-01-08T11:20:42","date_gmt":"2024-01-08T10:20:42","guid":{"rendered":"https:\/\/issaline.com\/?page_id=50"},"modified":"2024-11-04T13:41:10","modified_gmt":"2024-11-04T12:41:10","slug":"informativa-sulla-privacy","status":"publish","type":"page","link":"https:\/\/issaline.com\/it\/politica-de-privacidad\/","title":{"rendered":"Informativa sulla privacy"},"content":{"rendered":"<div data-elementor-type=\"wp-page\" data-elementor-id=\"50\" class=\"elementor elementor-50\" data-elementor-post-type=\"page\">\n\t\t\t\t\t\t<section class=\"elementor-section elementor-top-section elementor-element elementor-element-4f2a582 elementor-section-boxed elementor-section-height-default elementor-section-height-default\" data-id=\"4f2a582\" data-element_type=\"section\" data-e-type=\"section\">\n\t\t\t\t\t\t<div class=\"elementor-container elementor-column-gap-default\">\n\t\t\t\t\t<div class=\"elementor-column elementor-col-100 elementor-top-column elementor-element elementor-element-c504694\" data-id=\"c504694\" data-element_type=\"column\" data-e-type=\"column\">\n\t\t\t<div class=\"elementor-widget-wrap elementor-element-populated\">\n\t\t\t\t\t\t<div class=\"elementor-element elementor-element-466311d elementor-widget elementor-widget-text-editor\" data-id=\"466311d\" data-element_type=\"widget\" data-e-type=\"widget\" data-widget_type=\"text-editor.default\">\n\t\t\t\t<div class=\"elementor-widget-container\">\n\t\t\t\t\t\t\t\t\t<h1><strong><u>INFORMATIVA SULLA PRIVACY<\/u><\/strong><\/h1><p><strong>\u00a0<\/strong><\/p><p><strong>INTRODUZIONE<\/strong><\/p><p>Con la presente informativa, procediamo a informarvi sui dati che raccogliamo dagli utenti, nonch\u00e9 sull'uso e sullo scopo che ne facciamo.<\/p><p>A questo proposito, vi informiamo che non vi chiederemo mai pi\u00f9 informazioni di quelle realmente necessarie per i servizi richiesti; tali informazioni non saranno condivise con terze parti, a meno che non siano obbligate per legge o previa vostra espressa autorizzazione. Allo stesso modo, non utilizzeremo mai i dati che ci fornirete per uno scopo diverso da quello comunicato.<\/p><p>\u00c8 responsabilit\u00e0 dell'utente di questo sito web leggere e seguire attentamente quanto indicato nella presente informativa sulla privacy, sia nel primo accesso a questo sito web che nei casi di inserimento di nuovi dati personali, in quanto tali informazioni possono subire modifiche dovute all'obiettivo di conformarsi alla normativa vigente nonch\u00e9 ad eventuali aggiornamenti, senza che noi siamo tenuti a darne preventiva comunicazione o ad informare gli utenti di tali obblighi, essendo sufficiente la pubblicazione sul sito web del provider.<\/p><p>\u00a0<\/p><p><strong>CONTROLLORE DEI DATI<\/strong><\/p><ul><li><strong>Nome o ragione sociale:<\/strong> <span style=\"color: #ff0000;\"><strong>AAAA<\/strong><\/span><\/li><li><strong>NIF:<\/strong> <span style=\"color: #ff0000;\"><strong>CCCC<\/strong><\/span><\/li><li><strong>Indirizzo postale:<\/strong> <span style=\"color: #ff0000;\"><strong>BBBB<\/strong><\/span><\/li><li><strong>E-mail:<\/strong> <span style=\"color: #ff0000;\"><strong>EEEE<\/strong><\/span><\/li><\/ul><p>\u00a0<\/p><p><span style=\"color: #ff0000;\"><strong>AAAA<\/strong><\/span>in qualit\u00e0 di responsabile del Sito, in conformit\u00e0 alle disposizioni del Regolamento (UE) 2016\/679 del 27 aprile 2016 (GDPR) relativo alla protezione delle persone fisiche con riguardo al trattamento dei dati personali, nonch\u00e9 alla libera circolazione di tali dati e delle altre normative vigenti in materia di protezione dei dati personali, e dalla Legge 34\/2002 dell'11 luglio 2002 sui Servizi della Societ\u00e0 dell'Informazione e del Commercio Elettronico (LSSICE), La informa di aver implementato le misure di sicurezza tecniche e organizzative necessarie a garantire e proteggere la riservatezza, l'integrit\u00e0 e la disponibilit\u00e0 dei dati inseriti.<\/p><p>\u00a0<\/p><p><strong>RACCOLTA DATI E TIPOLOGIA<\/strong><\/p><p>I dati che raccogliamo sono quelli che l'utente del sito web accetta di fornirci e quelli che sono necessari per potervi offrire il servizio richiesto nel vostro caso. Il modo per ottenerli \u00e8 attraverso la compilazione del modulo di contatto, o i servizi di newsletter che possiamo offrire. La tipologia di tali dati sar\u00e0 quindi il nome, il numero di identificazione, il numero di telefono, i dati professionali, le coordinate bancarie (per effettuare, se necessario, un pagamento), ecc.<\/p><p>A questo proposito, vi informiamo che questo tipo di dati non rientra nella categoria dei dati particolarmente protetti.<\/p><p><strong>\u00a0<\/strong><\/p><p><strong>FINALIT\u00c0 DEL TRATTAMENTO<\/strong><\/p><p>I vostri dati personali saranno utilizzati esclusivamente per le finalit\u00e0 indicate di seguito, previo vostro consenso per ciascuna delle finalit\u00e0 riportate nella corrispondente sezione del sito:<\/p><p>Nel caso di compilazione di un modulo di contatto, lo scopo del trattamento \u00e8 quello di rispondere a eventuali domande o di potervi fornire le informazioni richieste.<\/p><p>Nel caso di compilazione del modulo di iscrizione alla newsletter, lo scopo \u00e8 quello di poter inviare all'utente tutte le comunicazioni o pubblicit\u00e0 pertinenti, a condizione che l'utente abbia espressamente accettato questo invio.<\/p><p>L'utente pu\u00f2 revocare il proprio consenso in qualsiasi momento. A tale scopo, inviare un'e-mail al seguente indirizzo <span style=\"color: #ff0000;\"><strong>EEEE<\/strong><\/span> comunicare tale revoca.<\/p><p>A questo proposito, desideriamo informarvi che <span style=\"color: #ff0000;\"><strong>AAAA<\/strong><\/span> non effettua pratiche di SPAM, ossia non invia mai e-mail commerciali se non sono state espressamente richieste dall'utente.<\/p><p>Vi informiamo che non tratteremo i vostri dati personali per scopi diversi da quelli sopra descritti, tranne che per obbligo di legge o per ordine del tribunale.<\/p><p><strong>\u00a0<\/strong><\/p><p><strong>LEGITTIMAZIONE DEL TRATTAMENTO<\/strong><\/p><p>La base giuridica per il trattamento dei dati \u00e8 il consenso esplicito fornito dall'utente al momento della compilazione del relativo modulo per ricevere le informazioni richieste. Se l'utente non fornisce i dati e il consenso, sar\u00e0 impossibile raggiungere gli scopi sopra descritti.<\/p><p>Nei casi in cui esista un rapporto contrattuale tra le parti, la base giuridica per l'esecuzione degli obblighi che ne derivano \u00e8 l'esistenza del rapporto commerciale instaurato tra le parti.<\/p><p>L'offerta prospettica o commerciale di prodotti e servizi si basa sul consenso che vi viene richiesto, senza che la revoca di tale consenso possa in ogni caso condizionare l'esecuzione del contratto di abbonamento.<\/p><p><strong>\u00a0<\/strong><\/p><p><strong>PERIODO DI CONSERVAZIONE DEI DATI:<\/strong><\/p><p>I vostri dati saranno conservati per tutta la durata del vostro rapporto commerciale con noi o per tutto il tempo in cui eserciterete il diritto di cancellare, opporvi o limitare il trattamento dei vostri dati. Conserveremo inoltre i vostri dati per i periodi di tempo legalmente previsti dalle disposizioni applicabili.<\/p><p><strong>\u00a0<\/strong><\/p><p><strong>DESTINATARI DI CESSIONI O TRASFERIMENTI<\/strong><\/p><p>Vi informiamo che non cediamo, comunichiamo o trasferiamo i dati personali che ci fornite a nessuno Stato o a terzi. Tali dati saranno comunicati solo per ordine del tribunale o per disposizioni di legge.<\/p><p>Le informazioni fornite saranno solo quelle attualmente disponibili al fornitore.<\/p><p><strong>\u00a0<\/strong><\/p><p><strong>DIRITTI DELLE PERSONE INTERESSATE<\/strong><\/p><p>In qualit\u00e0 di soggetto interessato, avete i seguenti diritti in conformit\u00e0 al Regolamento generale sulla protezione dei dati (GDPR):<\/p><ul><li>Art. 15 GDPR, il diritto, nella misura ivi indicata, di ottenere informazioni sui dati personali che vi riguardano e che noi trattiamo;<\/li><li>Art. 16 GDPR, il diritto di ottenere senza ingiustificato ritardo la rettifica o il completamento dei dati personali che lo riguardano;<\/li><li>Art. 17 RGPD, il diritto di ottenere la cancellazione dei dati personali che lo riguardano, a condizione che il trattamento non sia necessario:<ul><li>esercitare il diritto alla libert\u00e0 di espressione e di informazione,<\/li><li>per l'adempimento di un obbligo legale,<\/li><li>per motivi di interesse pubblico, o<\/li><li>per la formulazione, l'esercizio o la difesa di richieste di risarcimento;<\/li><\/ul><\/li><li>Art. 18 RGPD, il diritto di ottenere la limitazione del trattamento dei Suoi dati quando<ul><li>l'interessato contesta l'esattezza dei dati,<\/li><li>il trattamento \u00e8 illecito e l'utente si oppone alla cancellazione dei dati,<\/li><li>non abbiamo pi\u00f9 bisogno dei dati ma voi ne avete bisogno per la formulazione, l'esercizio o la difesa di rivendicazioni, oppure<\/li><li>vi siete opposti al trattamento ai sensi dell'articolo 21 del GDPR;<\/li><\/ul><\/li><li>Art. 20 GDPR, il diritto di ricevere i dati personali che vi riguardano e che ci avete fornito, in un formato strutturato, di uso comune e leggibile da dispositivo automatico, o di richiederne il trasferimento a un altro titolare del trattamento;<\/li><li>Art. 77 GDPR, il diritto di proporre reclamo a un'autorit\u00e0 di controllo.<\/li><\/ul><p>\u00a0<\/p><p>Di norma, potete rivolgervi all'autorit\u00e0 di controllo del vostro luogo abituale di residenza o di lavoro o della sede centrale della nostra societ\u00e0.<\/p><p>\u00a0<\/p><p><strong>In Spagna:<\/strong><\/p><ul><li>Agenzia spagnola per la protezione dei dati (AEPD)<\/li><li>Calle Jorge Juan, n\u00ba6<\/li><li>28001-Madrid<\/li><li>Telefono 901 100 099<\/li><li>https:\/\/www.aepd.es\/<\/li><\/ul><p><em>\u00a0<\/em><\/p><p>L'utente ha il diritto di revocare il proprio consenso in qualsiasi momento. La revoca del consenso non pregiudica la liceit\u00e0 del trattamento effettuato prima della revoca stessa.<\/p><p><strong>\u00a0<\/strong><\/p><p><strong>MISURE DI SICUREZZA<\/strong><\/p><p>I dati forniti saranno trattati con la massima riservatezza. Il portale web ha adottato tutte le misure tecniche e organizzative e tutti i livelli di protezione necessari per garantire la sicurezza nel trattamento dei dati ed evitarne l'alterazione, la perdita, il furto, il trattamento o l'accesso non autorizzato, in conformit\u00e0 allo stato della tecnologia e alla natura dei dati memorizzati. Allo stesso modo, si garantisce che il trattamento e la registrazione in archivi, programmi, sistemi o apparecchiature, locali e centri siano conformi ai requisiti e alle condizioni di integrit\u00e0 e sicurezza stabiliti dalla normativa vigente.<\/p><p><strong>\u00a0<\/strong><\/p><p><strong>RETI SOCIALI<\/strong><\/p><p>Si prega di notare che <span style=\"color: #ff0000;\"><strong>AAAA<\/strong><\/span> possono avere una presenza sui social network. Il trattamento dei dati effettuato sulle persone che diventano follower sui social network (e\/o effettuano qualsiasi azione di collegamento o connessione attraverso i social network) delle pagine ufficiali di questo portale web sar\u00e0 regolato da questa sezione, oltre che dalle condizioni d'uso, dalle politiche sulla privacy e dalle norme di accesso che appartengono al social network che si applica in ciascun caso e che sono state precedentemente accettate dall'utente.<\/p><p>La informiamo che tratteremo i suoi dati per gestire correttamente la sua presenza sul social network, per informarla sulle attivit\u00e0, i prodotti o i servizi del provider, nonch\u00e9 per qualsiasi altra finalit\u00e0 che i regolamenti dei social network consentono.<\/p><p>\u00c8 severamente vietato pubblicare contenuti illegali secondo la legislazione vigente, o che contravvengano alle buone pratiche commerciali o alla buona fede, nonch\u00e9 contenuti che violino i diritti fondamentali delle persone fisiche, compresi tutti i contenuti che il proprietario di questo portale web considera inappropriati. A questo proposito, vi informiamo che ci riserviamo il diritto di rimuovere, senza preavviso, qualsiasi contenuto che possa risultare inappropriato.<\/p><p><strong>\u00a0<\/strong><\/p><p><strong>MODIFICHE ALLA PRESENTE INFORMATIVA SULLA PRIVACY<\/strong><\/p><p>Il proprietario di questo sito web si riserva il diritto di modificare questa politica per adattarla a nuove leggi o giurisprudenze.<\/p><p><strong>\u00a0<\/strong><\/p><p><strong>REVOCABILIT\u00c0<\/strong><\/p><p>Il consenso fornito dall'utente pu\u00f2 essere revocato in qualsiasi momento, secondo le modalit\u00e0 sopra descritte. Tale revoca avr\u00e0 effetto dal momento della sua corretta ricezione da parte del titolare del portale web.<\/p><p><strong>\u00a0<\/strong><\/p><p><strong>LEGISLAZIONE<\/strong><\/p><p>Tutte le relazioni e le condizioni relative a questo sito web sono soggette alla legge spagnola.<\/p>\t\t\t\t\t\t\t\t<\/div>\n\t\t\t\t<\/div>\n\t\t\t\t\t<\/div>\n\t\t<\/div>\n\t\t\t\t\t<\/div>\n\t\t<\/section>\n\t\t\t\t<\/div>","protected":false},"excerpt":{"rendered":"<p>POLITICA DE PRIVACIDAD \u00a0 INTRODUCCI\u00d3N Con la presente pol\u00edtica, procedemos a informarles de los datos que recopilamos de los usuarios, as\u00ed como la utilizaci\u00f3n y finalidad que realizamos con los mismos En este sentido le informamos de que nunca solicitaremos m\u00e1s informaci\u00f3n de la que realmente necesitaremos para los servicios requeridos; dicha informaci\u00f3n no ser\u00e1 [&hellip;]<\/p>\n","protected":false},"author":1,"featured_media":0,"parent":0,"menu_order":0,"comment_status":"closed","ping_status":"closed","template":"","meta":{"footnotes":""},"class_list":["post-50","page","type-page","status-publish","hentry"],"yoast_head":"<!-- This site is optimized with the Yoast SEO plugin v27.3 - https:\/\/yoast.com\/product\/yoast-seo-wordpress\/ -->\n<title>Pol\u00edtica de Privacidad - Issaline<\/title>\n<meta name=\"robots\" content=\"index, follow, max-snippet:-1, max-image-preview:large, max-video-preview:-1\" \/>\n<link rel=\"canonical\" href=\"https:\/\/issaline.com\/it\/informativa-sulla-privacy\/\" \/>\n<meta property=\"og:locale\" content=\"it_IT\" \/>\n<meta property=\"og:type\" content=\"article\" \/>\n<meta property=\"og:title\" content=\"Pol\u00edtica de Privacidad - Issaline\" \/>\n<meta property=\"og:description\" content=\"POLITICA DE PRIVACIDAD \u00a0 INTRODUCCI\u00d3N Con la presente pol\u00edtica, procedemos a informarles de los datos que recopilamos de los usuarios, as\u00ed como la utilizaci\u00f3n y finalidad que realizamos con los mismos En este sentido le informamos de que nunca solicitaremos m\u00e1s informaci\u00f3n de la que realmente necesitaremos para los servicios requeridos; dicha informaci\u00f3n no ser\u00e1 [&hellip;]\" \/>\n<meta property=\"og:url\" content=\"https:\/\/issaline.com\/it\/informativa-sulla-privacy\/\" \/>\n<meta property=\"og:site_name\" content=\"Issaline\" \/>\n<meta property=\"article:modified_time\" content=\"2024-11-04T12:41:10+00:00\" \/>\n<meta name=\"twitter:card\" content=\"summary_large_image\" \/>\n<meta name=\"twitter:label1\" content=\"Tempo di lettura stimato\" \/>\n\t<meta name=\"twitter:data1\" content=\"8 minuti\" \/>\n<script type=\"application\/ld+json\" class=\"yoast-schema-graph\">{\"@context\":\"https:\\\/\\\/schema.org\",\"@graph\":[{\"@type\":\"WebPage\",\"@id\":\"https:\\\/\\\/issaline.com\\\/politica-de-privacidad\\\/\",\"url\":\"https:\\\/\\\/issaline.com\\\/politica-de-privacidad\\\/\",\"name\":\"Pol\u00edtica de Privacidad - Issaline\",\"isPartOf\":{\"@id\":\"https:\\\/\\\/issaline.com\\\/#website\"},\"datePublished\":\"2024-01-08T10:20:42+00:00\",\"dateModified\":\"2024-11-04T12:41:10+00:00\",\"breadcrumb\":{\"@id\":\"https:\\\/\\\/issaline.com\\\/politica-de-privacidad\\\/#breadcrumb\"},\"inLanguage\":\"it-IT\",\"potentialAction\":[{\"@type\":\"ReadAction\",\"target\":[\"https:\\\/\\\/issaline.com\\\/politica-de-privacidad\\\/\"]}]},{\"@type\":\"BreadcrumbList\",\"@id\":\"https:\\\/\\\/issaline.com\\\/politica-de-privacidad\\\/#breadcrumb\",\"itemListElement\":[{\"@type\":\"ListItem\",\"position\":1,\"name\":\"Portada\",\"item\":\"https:\\\/\\\/issaline.com\\\/\"},{\"@type\":\"ListItem\",\"position\":2,\"name\":\"Pol\u00edtica de Privacidad\"}]},{\"@type\":\"WebSite\",\"@id\":\"https:\\\/\\\/issaline.com\\\/#website\",\"url\":\"https:\\\/\\\/issaline.com\\\/\",\"name\":\"Issaline\",\"description\":\"\",\"publisher\":{\"@id\":\"https:\\\/\\\/issaline.com\\\/#organization\"},\"potentialAction\":[{\"@type\":\"SearchAction\",\"target\":{\"@type\":\"EntryPoint\",\"urlTemplate\":\"https:\\\/\\\/issaline.com\\\/?s={search_term_string}\"},\"query-input\":{\"@type\":\"PropertyValueSpecification\",\"valueRequired\":true,\"valueName\":\"search_term_string\"}}],\"inLanguage\":\"it-IT\"},{\"@type\":\"Organization\",\"@id\":\"https:\\\/\\\/issaline.com\\\/#organization\",\"name\":\"Issaline\",\"url\":\"https:\\\/\\\/issaline.com\\\/\",\"logo\":{\"@type\":\"ImageObject\",\"inLanguage\":\"it-IT\",\"@id\":\"https:\\\/\\\/issaline.com\\\/#\\\/schema\\\/logo\\\/image\\\/\",\"url\":\"https:\\\/\\\/issaline.com\\\/wp-content\\\/uploads\\\/2023\\\/07\\\/Issaline_logo.png\",\"contentUrl\":\"https:\\\/\\\/issaline.com\\\/wp-content\\\/uploads\\\/2023\\\/07\\\/Issaline_logo.png\",\"width\":959,\"height\":391,\"caption\":\"Issaline\"},\"image\":{\"@id\":\"https:\\\/\\\/issaline.com\\\/#\\\/schema\\\/logo\\\/image\\\/\"}}]}<\/script>\n<!-- \/ Yoast SEO plugin. -->","yoast_head_json":{"title":"Informativa sulla privacy - Issaline","robots":{"index":"index","follow":"follow","max-snippet":"max-snippet:-1","max-image-preview":"max-image-preview:large","max-video-preview":"max-video-preview:-1"},"canonical":"https:\/\/issaline.com\/it\/informativa-sulla-privacy\/","og_locale":"it_IT","og_type":"article","og_title":"Pol\u00edtica de Privacidad - Issaline","og_description":"POLITICA DE PRIVACIDAD \u00a0 INTRODUCCI\u00d3N Con la presente pol\u00edtica, procedemos a informarles de los datos que recopilamos de los usuarios, as\u00ed como la utilizaci\u00f3n y finalidad que realizamos con los mismos En este sentido le informamos de que nunca solicitaremos m\u00e1s informaci\u00f3n de la que realmente necesitaremos para los servicios requeridos; dicha informaci\u00f3n no ser\u00e1 [&hellip;]","og_url":"https:\/\/issaline.com\/it\/informativa-sulla-privacy\/","og_site_name":"Issaline","article_modified_time":"2024-11-04T12:41:10+00:00","twitter_card":"summary_large_image","twitter_misc":{"Tempo di lettura stimato":"8 minuti"},"schema":{"@context":"https:\/\/schema.org","@graph":[{"@type":"WebPage","@id":"https:\/\/issaline.com\/politica-de-privacidad\/","url":"https:\/\/issaline.com\/politica-de-privacidad\/","name":"Informativa sulla privacy - Issaline","isPartOf":{"@id":"https:\/\/issaline.com\/#website"},"datePublished":"2024-01-08T10:20:42+00:00","dateModified":"2024-11-04T12:41:10+00:00","breadcrumb":{"@id":"https:\/\/issaline.com\/politica-de-privacidad\/#breadcrumb"},"inLanguage":"it-IT","potentialAction":[{"@type":"ReadAction","target":["https:\/\/issaline.com\/politica-de-privacidad\/"]}]},{"@type":"BreadcrumbList","@id":"https:\/\/issaline.com\/politica-de-privacidad\/#breadcrumb","itemListElement":[{"@type":"ListItem","position":1,"name":"Portada","item":"https:\/\/issaline.com\/"},{"@type":"ListItem","position":2,"name":"Pol\u00edtica de Privacidad"}]},{"@type":"WebSite","@id":"https:\/\/issaline.com\/#website","url":"https:\/\/issaline.com\/","name":"Issaline","description":"","publisher":{"@id":"https:\/\/issaline.com\/#organization"},"potentialAction":[{"@type":"SearchAction","target":{"@type":"EntryPoint","urlTemplate":"https:\/\/issaline.com\/?s={search_term_string}"},"query-input":{"@type":"PropertyValueSpecification","valueRequired":true,"valueName":"search_term_string"}}],"inLanguage":"it-IT"},{"@type":"Organization","@id":"https:\/\/issaline.com\/#organization","name":"Issaline","url":"https:\/\/issaline.com\/","logo":{"@type":"ImageObject","inLanguage":"it-IT","@id":"https:\/\/issaline.com\/#\/schema\/logo\/image\/","url":"https:\/\/issaline.com\/wp-content\/uploads\/2023\/07\/Issaline_logo.png","contentUrl":"https:\/\/issaline.com\/wp-content\/uploads\/2023\/07\/Issaline_logo.png","width":959,"height":391,"caption":"Issaline"},"image":{"@id":"https:\/\/issaline.com\/#\/schema\/logo\/image\/"}}]}},"_links":{"self":[{"href":"https:\/\/issaline.com\/it\/wp-json\/wp\/v2\/pages\/50","targetHints":{"allow":["GET"]}}],"collection":[{"href":"https:\/\/issaline.com\/it\/wp-json\/wp\/v2\/pages"}],"about":[{"href":"https:\/\/issaline.com\/it\/wp-json\/wp\/v2\/types\/page"}],"author":[{"embeddable":true,"href":"https:\/\/issaline.com\/it\/wp-json\/wp\/v2\/users\/1"}],"replies":[{"embeddable":true,"href":"https:\/\/issaline.com\/it\/wp-json\/wp\/v2\/comments?post=50"}],"version-history":[{"count":17,"href":"https:\/\/issaline.com\/it\/wp-json\/wp\/v2\/pages\/50\/revisions"}],"predecessor-version":[{"id":8195,"href":"https:\/\/issaline.com\/it\/wp-json\/wp\/v2\/pages\/50\/revisions\/8195"}],"wp:attachment":[{"href":"https:\/\/issaline.com\/it\/wp-json\/wp\/v2\/media?parent=50"}],"curies":[{"name":"wp","href":"https:\/\/api.w.org\/{rel}","templated":true}]}}