{"id":38,"date":"2024-01-08T11:10:14","date_gmt":"2024-01-08T10:10:14","guid":{"rendered":"https:\/\/issaline.com\/?page_id=38"},"modified":"2024-11-04T13:43:43","modified_gmt":"2024-11-04T12:43:43","slug":"avviso-legale","status":"publish","type":"page","link":"https:\/\/issaline.com\/it\/aviso-legal\/","title":{"rendered":"Avviso legale"},"content":{"rendered":"<div data-elementor-type=\"wp-page\" data-elementor-id=\"38\" class=\"elementor elementor-38\" data-elementor-post-type=\"page\">\n\t\t\t\t\t\t<section class=\"elementor-section elementor-top-section elementor-element elementor-element-c65cb9d elementor-section-boxed elementor-section-height-default elementor-section-height-default\" data-id=\"c65cb9d\" data-element_type=\"section\" data-e-type=\"section\">\n\t\t\t\t\t\t<div class=\"elementor-container elementor-column-gap-default\">\n\t\t\t\t\t<div class=\"elementor-column elementor-col-100 elementor-top-column elementor-element elementor-element-5e5ca6f\" data-id=\"5e5ca6f\" data-element_type=\"column\" data-e-type=\"column\">\n\t\t\t<div class=\"elementor-widget-wrap elementor-element-populated\">\n\t\t\t\t\t\t<div class=\"elementor-element elementor-element-07f1b4c elementor-widget elementor-widget-text-editor\" data-id=\"07f1b4c\" data-element_type=\"widget\" data-e-type=\"widget\" data-widget_type=\"text-editor.default\">\n\t\t\t\t<div class=\"elementor-widget-container\">\n\t\t\t\t\t\t\t\t\t<p><strong>\u00a0<\/strong><\/p><h1><strong><u>AVVISO LEGALE<\/u><\/strong><\/h1><p>Al fine di ottemperare all'articolo 10 della legge 34\/2002 sui servizi della societ\u00e0 dell'informazione e del commercio elettronico, informiamo gli utenti dei nostri dati:<\/p><ul><li><strong>Nome della societ\u00e0:<\/strong> <strong><span style=\"color: #ff0000;\">AAAA<\/span><\/strong><\/li><li><strong>Sede legale:<\/strong> <span style=\"color: #ff0000;\"><strong>BBBB<\/strong><\/span><\/li><li><strong>NIF<\/strong>: <span style=\"color: #ff0000;\"><strong>CCCC<\/strong><\/span><\/li><li><b>Registro commerciale:<\/b> Questa societ\u00e0 \u00e8 iscritta al Registro delle Imprese di <span style=\"color: #ff0000;\"><strong>\u2014-<\/strong><\/span>, Volume <span style=\"color: #ff0000;\"><strong>\u2014-<\/strong><\/span>, folio <strong><span style=\"color: #ff0000;\">\u2014-<\/span><\/strong> foglio <strong><span style=\"color: #ff0000;\">\u2014-<\/span><\/strong>.<\/li><li><strong>Telefono:<\/strong> <span style=\"color: #ff0000;\"><strong>DDDD<\/strong><\/span><\/li><li><strong>E-mail:<\/strong> <span style=\"color: #ff0000;\"><strong>EEEE<\/strong><\/span><\/li><li><strong>Sito web:<\/strong> <strong><span style=\"color: #ff0000;\">FFFF<\/span><\/strong><\/li><\/ul><p><strong>\u00a0<\/strong><\/p><p><strong>OGGETTO<\/strong><\/p><p><span style=\"color: #ff0000;\"><strong>AAAA<\/strong><\/span>(di seguito anche il provider), in qualit\u00e0 di responsabile del sito web, mette a disposizione degli utenti il presente documento, che regola l'utilizzo del sito web. <span style=\"color: #ff0000;\"><strong>FFFF<\/strong><\/span>Il sito web \u00e8 conforme alle disposizioni della Legge 34\/2002, sui Servizi della Societ\u00e0 dell'Informazione e del Commercio Elettronico (LSSICE o LSSI), e informa tutti gli utenti del sito web delle sue condizioni di utilizzo.<\/p><p>L'accesso e l'utilizzo di questo sito web conferisce al visitatore la condizione di utente. Ci\u00f2 implica che l'utente accetta le condizioni di utilizzo in vigore in ogni momento e si impegna a fare un uso appropriato dei contenuti del sito web e a osservare e rispettare scrupolosamente le disposizioni del presente avviso e qualsiasi normativa applicabile.<\/p><p>\u00c8 obbligo degli utenti leggere e osservare il contenuto della presente nota legale, informandoli che essa pu\u00f2 subire modifiche a seguito dell'adeguamento della stessa da parte del titolare del portale web alla normativa vigente in qualsiasi momento. Pertanto, si informa che, senza preavviso, il proprietario del sito web pu\u00f2 modificare il contenuto dello stesso.<\/p><p><strong>\u00a0<\/strong><\/p><p><strong>TERMINI E CONDIZIONI DI UTILIZZO DEL SITO WEB<\/strong><\/p><p>L'uso di questo sito web \u00e8 gratuito e non \u00e8 necessario alcun abbonamento per utilizzarlo. Tuttavia, per alcuni servizi \u00e8 richiesta la compilazione di un modulo (ad esempio, per acquistare prodotti o ricevere informazioni). Tale registrazione avverr\u00e0 alle condizioni indicate nella sezione corrispondente.<\/p><p>L'utente si impegna a garantire che tutte le informazioni fornite siano veritiere e aggiornate in ogni momento, e il proprietario del sito web non si assume alcuna responsabilit\u00e0 di alcun tipo in seguito alla falsit\u00e0 di tali informazioni.<\/p><p>Nel caso in cui l'utente sia minorenne, deve sempre ottenere l'esplicito consenso preventivo dei suoi genitori, tutori o rappresentanti legali per compiere qualsiasi atto.<\/p><p>L'Utente si impegna a utilizzare il Sito Web in conformit\u00e0 alla Legge e al presente Avviso Legale. In tal senso, non diffonder\u00e0 contenuti contrari alla legge o alla dignit\u00e0 della persona; discriminatori per nascita, razza, sesso, religione, opinione o qualsiasi altra condizione o circostanza personale o sociale; o che, in qualsiasi modo, siano contrari alla legge e all'ordine pubblico; nonch\u00e9 alla morale e ai buoni costumi.<\/p><p><strong>\u00a0<\/strong><\/p><p><strong>ESCLUSIONE DI GARANZIE E RESPONSABILIT\u00c0<\/strong><\/p><p>Il proprietario di questo sito web \u00e8 esente da responsabilit\u00e0 nei casi in cui le informazioni fornite siano false o quelle pubblicate sul sito web siano state manipolate da terzi.<\/p><p>Allo stesso modo, il proprietario del portale web declina qualsiasi responsabilit\u00e0 che possa derivare dal funzionamento scorretto dello stesso, da virus, programmi dannosi o nocivi presenti nei contenuti, da un uso illecito, negligente, fraudolento o contrario al presente Avviso legale e alle condizioni di utilizzo.<\/p><p><strong>\u00a0<\/strong><\/p><p><strong>COCCOLE<\/strong><\/p><p>Il sito web del provider pu\u00f2 utilizzare i cookie (piccoli file informativi che il server invia al computer di chi accede alla pagina) per svolgere alcune funzioni ritenute essenziali per il corretto funzionamento e la visualizzazione del sito. I cookie utilizzati sono comunque di natura temporanea, al solo scopo di rendere pi\u00f9 efficiente la navigazione, e scompaiono al termine della sessione dell'utente.<\/p><p>In nessun caso i cookie verranno utilizzati per raccogliere informazioni personali.<\/p><p>Per ulteriori informazioni, consultare il nostro <a href=\"\/it\/informativa-sui-cookie\/\">Informativa sui cookie<\/a>.<\/p><p><strong>\u00a0<\/strong><\/p><p><strong>POLITICA DEI COLLEGAMENTI<\/strong><\/p><p>Il sito web pu\u00f2 contenere link ad altri siti web con politiche sulla privacy diverse da questa. <span style=\"color: #ff0000;\"><strong>AAAA<\/strong><\/span> non \u00e8 responsabile del contenuto o delle pratiche dei siti collegati e si consiglia di leggere attentamente l'informativa sulla privacy di qualsiasi sito web a cui si accede da questo.<\/p><p><strong>\u00a0<\/strong><\/p><p><strong>PROTEZIONE DEI DATI PERSONALI<\/strong><\/p><p>Il titolare del portale web garantisce il pieno rispetto degli obblighi vigenti, nonch\u00e9 l'attuazione delle misure di sicurezza previste dal Regolamento europeo sulla protezione dei dati e dalla normativa spagnola in materia. Per ulteriori informazioni, consultare il nostro <a href=\"\/it\/informativa-sulla-privacy\/\">Informativa sulla privacy<\/a>.<\/p><p><strong>\u00a0<\/strong><\/p><p><strong>PROPRIET\u00c0 INTELLETTUALE E INDUSTRIALE<\/strong><\/p><p>L'Utente riconosce e accetta che tutti i contenuti presenti sul Sito e, in particolare, disegni, testi, immagini, loghi, icone, pulsanti, software, nomi commerciali, marchi o qualsiasi altro segno suscettibile di uso industriale e\/o commerciale sono soggetti a diritti di Propriet\u00e0 Intellettuale e tutti i marchi, nomi commerciali o segni distintivi, tutti i diritti di propriet\u00e0 industriale e intellettuale, presenti sui contenuti e\/o su qualsiasi altro elemento inserito nella pagina, sono di propriet\u00e0 esclusiva del titolare del portale web e\/o di terzi, che hanno il diritto esclusivo di utilizzarli nel traffico economico. Pertanto, l'Utente si impegna a non riprodurre, copiare, distribuire, mettere a disposizione o in qualsiasi altro modo comunicare pubblicamente, trasformare o modificare tali contenuti, e a non ritenere indenne <span style=\"color: #ff0000;\"><strong>AAAA<\/strong><\/span>L'Utente non sar\u00e0 responsabile di alcun reclamo derivante dalla violazione di tali obblighi. In nessun caso l'accesso al Sito Web implica alcun tipo di rinuncia, trasmissione, licenza o trasferimento totale o parziale di tali diritti, a meno che non sia espressamente dichiarato il contrario. Le presenti Condizioni Generali di Utilizzo del Sito non concedono all'Utente alcun altro diritto di utilizzo, alterazione, sfruttamento, riproduzione, distribuzione o comunicazione pubblica del Sito e\/o dei suoi Contenuti oltre a quelli espressamente previsti nel presente documento. Qualsiasi altro utilizzo o sfruttamento di altri diritti sar\u00e0 soggetto alla preventiva ed espressa autorizzazione concessa a tale scopo da parte di <span style=\"color: #ff0000;\"><strong>AAAA<\/strong><\/span>o il terzo titolare dei diritti in questione.<\/p><p>I contenuti, i testi, le fotografie, i disegni, i loghi, le immagini, i programmi informatici, i codici sorgente e, in generale, qualsiasi creazione intellettuale presente su questo sito, nonch\u00e9 il sito stesso nel suo complesso, in quanto opera artistica multimediale, sono protetti come diritto d'autore dalla legislazione sulla propriet\u00e0 intellettuale. <span style=\"color: #ff0000;\"><strong>AAAA<\/strong><\/span>L'utente \u00e8 il proprietario degli elementi che compongono la grafica del Sito web, dei menu, dei pulsanti di navigazione, del codice HTML, dei testi, delle immagini, delle texture, della grafica e di qualsiasi altro contenuto del Sito web o, in ogni caso, dispone della corrispondente autorizzazione per l'utilizzo di tali elementi. Il contenuto fornito dal Sito web non pu\u00f2 essere riprodotto in tutto o in parte, n\u00e9 trasmesso, n\u00e9 registrato da alcun sistema di recupero di informazioni, in nessuna forma e con nessun mezzo, senza la preventiva autorizzazione scritta dell'Entit\u00e0 summenzionata.<\/p><p>\u00c8 altres\u00ec vietato rimuovere, eludere e\/o manipolare i diritti d'autore, nonch\u00e9 i dispositivi tecnici di protezione o qualsiasi meccanismo di informazione eventualmente contenuto nei contenuti. L'Utente di questo Sito si impegna a rispettare i suddetti diritti e a evitare qualsiasi azione che possa pregiudicarli, riservandosi in ogni caso il diritto di <span style=\"color: #ff0000;\"><strong>AAAA<\/strong><\/span> l'esercizio di qualsiasi mezzo legale o azione che le corrisponda in difesa dei suoi legittimi diritti di propriet\u00e0 intellettuale e industriale.<\/p><p><strong>\u00a0<\/strong><\/p><p><strong>LEGGE APPLICABILE<\/strong><\/p><p>La legge applicabile in caso di controversia o conflitto di interpretazione dei termini che compongono il presente avviso legale, nonch\u00e9 di qualsiasi questione relativa ai servizi di questo portale, sar\u00e0 la legge spagnola.<\/p>\t\t\t\t\t\t\t\t<\/div>\n\t\t\t\t<\/div>\n\t\t\t\t\t<\/div>\n\t\t<\/div>\n\t\t\t\t\t<\/div>\n\t\t<\/section>\n\t\t\t\t<\/div>","protected":false},"excerpt":{"rendered":"<p>\u00a0 AVISO LEGAL Con el fin de dar cumplimiento al art\u00edculo 10 de la Ley 34\/2002 de Servicios de la Sociedad de la Informaci\u00f3n y del Comercio Electr\u00f3nico, informamos a los usuarios de nuestros datos: Denominaci\u00f3n Social: AAAA Domicilio Social: BBBB NIF: CCCC Registro mercantil: Esta sociedad consta inscrita en el Registro Mercantil de &#8212;-, [&hellip;]<\/p>\n","protected":false},"author":1,"featured_media":0,"parent":0,"menu_order":0,"comment_status":"closed","ping_status":"closed","template":"elementor_header_footer","meta":{"footnotes":""},"class_list":["post-38","page","type-page","status-publish","hentry"],"yoast_head":"<!-- This site is optimized with the Yoast SEO plugin v27.3 - https:\/\/yoast.com\/product\/yoast-seo-wordpress\/ -->\n<title>Aviso Legal - Issaline<\/title>\n<meta name=\"robots\" content=\"index, follow, max-snippet:-1, max-image-preview:large, max-video-preview:-1\" \/>\n<link rel=\"canonical\" href=\"https:\/\/issaline.com\/it\/avviso-legale\/\" \/>\n<meta property=\"og:locale\" content=\"it_IT\" \/>\n<meta property=\"og:type\" content=\"article\" \/>\n<meta property=\"og:title\" content=\"Aviso Legal - Issaline\" \/>\n<meta property=\"og:description\" content=\"\u00a0 AVISO LEGAL Con el fin de dar cumplimiento al art\u00edculo 10 de la Ley 34\/2002 de Servicios de la Sociedad de la Informaci\u00f3n y del Comercio Electr\u00f3nico, informamos a los usuarios de nuestros datos: Denominaci\u00f3n Social: AAAA Domicilio Social: BBBB NIF: CCCC Registro mercantil: Esta sociedad consta inscrita en el Registro Mercantil de &#8212;-, [&hellip;]\" \/>\n<meta property=\"og:url\" content=\"https:\/\/issaline.com\/it\/avviso-legale\/\" \/>\n<meta property=\"og:site_name\" content=\"Issaline\" \/>\n<meta property=\"article:modified_time\" content=\"2024-11-04T12:43:43+00:00\" \/>\n<meta name=\"twitter:card\" content=\"summary_large_image\" \/>\n<meta name=\"twitter:label1\" content=\"Tempo di lettura stimato\" \/>\n\t<meta name=\"twitter:data1\" content=\"7 minuti\" \/>\n<script type=\"application\/ld+json\" class=\"yoast-schema-graph\">{\"@context\":\"https:\\\/\\\/schema.org\",\"@graph\":[{\"@type\":\"WebPage\",\"@id\":\"https:\\\/\\\/issaline.com\\\/aviso-legal\\\/\",\"url\":\"https:\\\/\\\/issaline.com\\\/aviso-legal\\\/\",\"name\":\"Aviso Legal - Issaline\",\"isPartOf\":{\"@id\":\"https:\\\/\\\/issaline.com\\\/#website\"},\"datePublished\":\"2024-01-08T10:10:14+00:00\",\"dateModified\":\"2024-11-04T12:43:43+00:00\",\"breadcrumb\":{\"@id\":\"https:\\\/\\\/issaline.com\\\/aviso-legal\\\/#breadcrumb\"},\"inLanguage\":\"it-IT\",\"potentialAction\":[{\"@type\":\"ReadAction\",\"target\":[\"https:\\\/\\\/issaline.com\\\/aviso-legal\\\/\"]}]},{\"@type\":\"BreadcrumbList\",\"@id\":\"https:\\\/\\\/issaline.com\\\/aviso-legal\\\/#breadcrumb\",\"itemListElement\":[{\"@type\":\"ListItem\",\"position\":1,\"name\":\"Portada\",\"item\":\"https:\\\/\\\/issaline.com\\\/\"},{\"@type\":\"ListItem\",\"position\":2,\"name\":\"Aviso Legal\"}]},{\"@type\":\"WebSite\",\"@id\":\"https:\\\/\\\/issaline.com\\\/#website\",\"url\":\"https:\\\/\\\/issaline.com\\\/\",\"name\":\"Issaline\",\"description\":\"\",\"publisher\":{\"@id\":\"https:\\\/\\\/issaline.com\\\/#organization\"},\"potentialAction\":[{\"@type\":\"SearchAction\",\"target\":{\"@type\":\"EntryPoint\",\"urlTemplate\":\"https:\\\/\\\/issaline.com\\\/?s={search_term_string}\"},\"query-input\":{\"@type\":\"PropertyValueSpecification\",\"valueRequired\":true,\"valueName\":\"search_term_string\"}}],\"inLanguage\":\"it-IT\"},{\"@type\":\"Organization\",\"@id\":\"https:\\\/\\\/issaline.com\\\/#organization\",\"name\":\"Issaline\",\"url\":\"https:\\\/\\\/issaline.com\\\/\",\"logo\":{\"@type\":\"ImageObject\",\"inLanguage\":\"it-IT\",\"@id\":\"https:\\\/\\\/issaline.com\\\/#\\\/schema\\\/logo\\\/image\\\/\",\"url\":\"https:\\\/\\\/issaline.com\\\/wp-content\\\/uploads\\\/2023\\\/07\\\/Issaline_logo.png\",\"contentUrl\":\"https:\\\/\\\/issaline.com\\\/wp-content\\\/uploads\\\/2023\\\/07\\\/Issaline_logo.png\",\"width\":959,\"height\":391,\"caption\":\"Issaline\"},\"image\":{\"@id\":\"https:\\\/\\\/issaline.com\\\/#\\\/schema\\\/logo\\\/image\\\/\"}}]}<\/script>\n<!-- \/ Yoast SEO plugin. -->","yoast_head_json":{"title":"Avviso legale - Issaline","robots":{"index":"index","follow":"follow","max-snippet":"max-snippet:-1","max-image-preview":"max-image-preview:large","max-video-preview":"max-video-preview:-1"},"canonical":"https:\/\/issaline.com\/it\/avviso-legale\/","og_locale":"it_IT","og_type":"article","og_title":"Aviso Legal - Issaline","og_description":"\u00a0 AVISO LEGAL Con el fin de dar cumplimiento al art\u00edculo 10 de la Ley 34\/2002 de Servicios de la Sociedad de la Informaci\u00f3n y del Comercio Electr\u00f3nico, informamos a los usuarios de nuestros datos: Denominaci\u00f3n Social: AAAA Domicilio Social: BBBB NIF: CCCC Registro mercantil: Esta sociedad consta inscrita en el Registro Mercantil de &#8212;-, [&hellip;]","og_url":"https:\/\/issaline.com\/it\/avviso-legale\/","og_site_name":"Issaline","article_modified_time":"2024-11-04T12:43:43+00:00","twitter_card":"summary_large_image","twitter_misc":{"Tempo di lettura stimato":"7 minuti"},"schema":{"@context":"https:\/\/schema.org","@graph":[{"@type":"WebPage","@id":"https:\/\/issaline.com\/aviso-legal\/","url":"https:\/\/issaline.com\/aviso-legal\/","name":"Avviso legale - Issaline","isPartOf":{"@id":"https:\/\/issaline.com\/#website"},"datePublished":"2024-01-08T10:10:14+00:00","dateModified":"2024-11-04T12:43:43+00:00","breadcrumb":{"@id":"https:\/\/issaline.com\/aviso-legal\/#breadcrumb"},"inLanguage":"it-IT","potentialAction":[{"@type":"ReadAction","target":["https:\/\/issaline.com\/aviso-legal\/"]}]},{"@type":"BreadcrumbList","@id":"https:\/\/issaline.com\/aviso-legal\/#breadcrumb","itemListElement":[{"@type":"ListItem","position":1,"name":"Portada","item":"https:\/\/issaline.com\/"},{"@type":"ListItem","position":2,"name":"Aviso Legal"}]},{"@type":"WebSite","@id":"https:\/\/issaline.com\/#website","url":"https:\/\/issaline.com\/","name":"Issaline","description":"","publisher":{"@id":"https:\/\/issaline.com\/#organization"},"potentialAction":[{"@type":"SearchAction","target":{"@type":"EntryPoint","urlTemplate":"https:\/\/issaline.com\/?s={search_term_string}"},"query-input":{"@type":"PropertyValueSpecification","valueRequired":true,"valueName":"search_term_string"}}],"inLanguage":"it-IT"},{"@type":"Organization","@id":"https:\/\/issaline.com\/#organization","name":"Issaline","url":"https:\/\/issaline.com\/","logo":{"@type":"ImageObject","inLanguage":"it-IT","@id":"https:\/\/issaline.com\/#\/schema\/logo\/image\/","url":"https:\/\/issaline.com\/wp-content\/uploads\/2023\/07\/Issaline_logo.png","contentUrl":"https:\/\/issaline.com\/wp-content\/uploads\/2023\/07\/Issaline_logo.png","width":959,"height":391,"caption":"Issaline"},"image":{"@id":"https:\/\/issaline.com\/#\/schema\/logo\/image\/"}}]}},"_links":{"self":[{"href":"https:\/\/issaline.com\/it\/wp-json\/wp\/v2\/pages\/38","targetHints":{"allow":["GET"]}}],"collection":[{"href":"https:\/\/issaline.com\/it\/wp-json\/wp\/v2\/pages"}],"about":[{"href":"https:\/\/issaline.com\/it\/wp-json\/wp\/v2\/types\/page"}],"author":[{"embeddable":true,"href":"https:\/\/issaline.com\/it\/wp-json\/wp\/v2\/users\/1"}],"replies":[{"embeddable":true,"href":"https:\/\/issaline.com\/it\/wp-json\/wp\/v2\/comments?post=38"}],"version-history":[{"count":13,"href":"https:\/\/issaline.com\/it\/wp-json\/wp\/v2\/pages\/38\/revisions"}],"predecessor-version":[{"id":8198,"href":"https:\/\/issaline.com\/it\/wp-json\/wp\/v2\/pages\/38\/revisions\/8198"}],"wp:attachment":[{"href":"https:\/\/issaline.com\/it\/wp-json\/wp\/v2\/media?parent=38"}],"curies":[{"name":"wp","href":"https:\/\/api.w.org\/{rel}","templated":true}]}}