{"id":10807,"date":"2025-04-07T13:17:40","date_gmt":"2025-04-07T11:17:40","guid":{"rendered":"https:\/\/issaline.com\/?page_id=10807"},"modified":"2025-04-10T10:42:24","modified_gmt":"2025-04-10T08:42:24","slug":"extreme","status":"publish","type":"page","link":"https:\/\/issaline.com\/it\/extreme\/","title":{"rendered":"Estremo"},"content":{"rendered":"<div data-elementor-type=\"wp-page\" data-elementor-id=\"10807\" class=\"elementor elementor-10807\" data-elementor-post-type=\"page\">\n\t\t\t\t\t\t<section class=\"elementor-section elementor-top-section elementor-element elementor-element-439c6fbe elementor-section-full_width elementor-section-height-default elementor-section-height-default\" data-id=\"439c6fbe\" data-element_type=\"section\" data-e-type=\"section\">\n\t\t\t\t\t\t<div class=\"elementor-container elementor-column-gap-no\">\n\t\t\t\t\t<div class=\"elementor-column elementor-col-100 elementor-top-column elementor-element elementor-element-5cda1583\" data-id=\"5cda1583\" data-element_type=\"column\" data-e-type=\"column\">\n\t\t\t<div class=\"elementor-widget-wrap elementor-element-populated\">\n\t\t\t\t\t\t<div class=\"elementor-element elementor-element-57cf0d8b img-banner-normativa elementor-widget elementor-widget-image\" data-id=\"57cf0d8b\" data-element_type=\"widget\" data-e-type=\"widget\" data-widget_type=\"image.default\">\n\t\t\t\t<div class=\"elementor-widget-container\">\n\t\t\t\t\t\t\t\t\t\t\t\t\t\t\t<img fetchpriority=\"high\" decoding=\"async\" width=\"1920\" height=\"643\" src=\"https:\/\/issaline.com\/wp-content\/uploads\/2025\/04\/Extreme.jpg\" class=\"attachment-full size-full wp-image-10812\" alt=\"\" srcset=\"https:\/\/issaline.com\/wp-content\/uploads\/2025\/04\/Extreme.jpg 1920w, https:\/\/issaline.com\/wp-content\/uploads\/2025\/04\/Extreme-300x100.jpg 300w, https:\/\/issaline.com\/wp-content\/uploads\/2025\/04\/Extreme-1024x343.jpg 1024w, https:\/\/issaline.com\/wp-content\/uploads\/2025\/04\/Extreme-768x257.jpg 768w, https:\/\/issaline.com\/wp-content\/uploads\/2025\/04\/Extreme-1536x514.jpg 1536w\" sizes=\"(max-width: 1920px) 100vw, 1920px\" \/>\t\t\t\t\t\t\t\t\t\t\t\t\t\t\t<\/div>\n\t\t\t\t<\/div>\n\t\t\t\t<section class=\"elementor-section elementor-inner-section elementor-element elementor-element-6426e4fb texto-sobre-imagen-under normativa elementor-section-boxed elementor-section-height-default elementor-section-height-default\" data-id=\"6426e4fb\" data-element_type=\"section\" data-e-type=\"section\">\n\t\t\t\t\t\t<div class=\"elementor-container elementor-column-gap-default\">\n\t\t\t\t\t<div class=\"elementor-column elementor-col-50 elementor-inner-column elementor-element elementor-element-1833b709\" data-id=\"1833b709\" data-element_type=\"column\" data-e-type=\"column\">\n\t\t\t<div class=\"elementor-widget-wrap elementor-element-populated\">\n\t\t\t\t\t\t<div class=\"elementor-element elementor-element-641f21c9 elementor-widget elementor-widget-text-editor\" data-id=\"641f21c9\" data-element_type=\"widget\" data-e-type=\"widget\" data-widget_type=\"text-editor.default\">\n\t\t\t\t<div class=\"elementor-widget-container\">\n\t\t\t\t\t\t\t\t\t<p style=\"margin-bottom: 0;\">extreme<\/p>\t\t\t\t\t\t\t\t<\/div>\n\t\t\t\t<\/div>\n\t\t\t\t\t<\/div>\n\t\t<\/div>\n\t\t\t\t<div class=\"elementor-column elementor-col-50 elementor-inner-column elementor-element elementor-element-576db7c7\" data-id=\"576db7c7\" data-element_type=\"column\" data-e-type=\"column\">\n\t\t\t<div class=\"elementor-widget-wrap\">\n\t\t\t\t\t\t\t<\/div>\n\t\t<\/div>\n\t\t\t\t\t<\/div>\n\t\t<\/section>\n\t\t\t\t\t<\/div>\n\t\t<\/div>\n\t\t\t\t\t<\/div>\n\t\t<\/section>\n\t\t\t\t<section class=\"elementor-section elementor-top-section elementor-element elementor-element-409bd4ba elementor-section-boxed elementor-section-height-default elementor-section-height-default\" data-id=\"409bd4ba\" data-element_type=\"section\" data-e-type=\"section\">\n\t\t\t\t\t\t<div class=\"elementor-container elementor-column-gap-default\">\n\t\t\t\t\t<div class=\"elementor-column elementor-col-100 elementor-top-column elementor-element elementor-element-294321c0  padding-corregir-normativa\" data-id=\"294321c0\" data-element_type=\"column\" data-e-type=\"column\" data-settings=\"{&quot;background_background&quot;:&quot;classic&quot;}\">\n\t\t\t<div class=\"elementor-widget-wrap elementor-element-populated\">\n\t\t\t\t\t\t<div class=\"elementor-element elementor-element-fe821d5 elementor-widget__width-auto elementor-widget elementor-widget-image\" data-id=\"fe821d5\" data-element_type=\"widget\" data-e-type=\"widget\" data-widget_type=\"image.default\">\n\t\t\t\t<div class=\"elementor-widget-container\">\n\t\t\t\t\t\t\t\t\t\t\t\t\t\t\t<img decoding=\"async\" width=\"157\" height=\"64\" src=\"https:\/\/issaline.com\/wp-content\/uploads\/2024\/10\/Logo_Verde.svg\" class=\"attachment-full size-full wp-image-4879\" alt=\"\" \/>\t\t\t\t\t\t\t\t\t\t\t\t\t\t\t<\/div>\n\t\t\t\t<\/div>\n\t\t\t\t<div class=\"elementor-element elementor-element-136d2929 elementor-widget elementor-widget-text-editor\" data-id=\"136d2929\" data-element_type=\"widget\" data-e-type=\"widget\" data-widget_type=\"text-editor.default\">\n\t\t\t\t<div class=\"elementor-widget-container\">\n\t\t\t\t\t\t\t\t\t<p>La linea Extreme \u00e8 la nostra proposta per chi affronta situazioni estreme e ha bisogno di capi altamente resistenti e flessibili. Questi capi sono progettati per sfidare le condizioni pi\u00f9 difficili e per tenere il tuo ritmo di lavoro giorno dopo giorno.<\/p>\t\t\t\t\t\t\t\t<\/div>\n\t\t\t\t<\/div>\n\t\t\t\t<div class=\"elementor-element elementor-element-59a75e4 elementor-widget elementor-widget-text-editor\" data-id=\"59a75e4\" data-element_type=\"widget\" data-e-type=\"widget\" data-widget_type=\"text-editor.default\">\n\t\t\t\t<div class=\"elementor-widget-container\">\n\t\t\t\t\t\t\t\t\t<p>Grazie agli stili ispirati al mondo della montagna e alle propriet\u00e0 tecniche dei capi, Issaline rappresenta la soluzione ideale per i lavoratori che cercano un equilibrio tra stile e aspetto tecnico.<\/p>\t\t\t\t\t\t\t\t<\/div>\n\t\t\t\t<\/div>\n\t\t\t\t\t<\/div>\n\t\t<\/div>\n\t\t\t\t\t<\/div>\n\t\t<\/section>\n\t\t\t\t<section class=\"elementor-section elementor-top-section elementor-element elementor-element-d3dff68 elementor-section-full_width contenedores-mecanico contenedor-a-invertir elementor-section-height-default elementor-section-height-default\" data-id=\"d3dff68\" data-element_type=\"section\" data-e-type=\"section\">\n\t\t\t\t\t\t<div class=\"elementor-container elementor-column-gap-default\">\n\t\t\t\t\t<div class=\"elementor-column elementor-col-50 elementor-top-column elementor-element elementor-element-c3f4a8e contenedor-imagen\" data-id=\"c3f4a8e\" data-element_type=\"column\" data-e-type=\"column\" data-settings=\"{&quot;background_background&quot;:&quot;classic&quot;}\">\n\t\t\t<div class=\"elementor-widget-wrap elementor-element-populated\">\n\t\t\t\t\t\t<div class=\"elementor-element elementor-element-e539c3e elementor-widget elementor-widget-spacer\" data-id=\"e539c3e\" data-element_type=\"widget\" data-e-type=\"widget\" data-widget_type=\"spacer.default\">\n\t\t\t\t<div class=\"elementor-widget-container\">\n\t\t\t\t\t\t\t<div class=\"elementor-spacer\">\n\t\t\t<div class=\"elementor-spacer-inner\"><\/div>\n\t\t<\/div>\n\t\t\t\t\t\t<\/div>\n\t\t\t\t<\/div>\n\t\t\t\t\t<\/div>\n\t\t<\/div>\n\t\t\t\t<div class=\"elementor-column elementor-col-50 elementor-top-column elementor-element elementor-element-85ea1f4 contenedor-texto padding-a-60\" data-id=\"85ea1f4\" data-element_type=\"column\" data-e-type=\"column\" data-settings=\"{&quot;background_background&quot;:&quot;classic&quot;}\">\n\t\t\t<div class=\"elementor-widget-wrap elementor-element-populated\">\n\t\t\t\t\t\t<div class=\"elementor-element elementor-element-267d248 elementor-widget elementor-widget-heading\" data-id=\"267d248\" data-element_type=\"widget\" data-e-type=\"widget\" data-widget_type=\"heading.default\">\n\t\t\t\t<div class=\"elementor-widget-container\">\n\t\t\t\t\t<h2 class=\"elementor-heading-title elementor-size-default\">Caratteristiche principali<\/h2>\t\t\t\t<\/div>\n\t\t\t\t<\/div>\n\t\t\t\t<div class=\"elementor-element elementor-element-72b4e3a elementor-widget elementor-widget-text-editor\" data-id=\"72b4e3a\" data-element_type=\"widget\" data-e-type=\"widget\" data-widget_type=\"text-editor.default\">\n\t\t\t\t<div class=\"elementor-widget-container\">\n\t\t\t\t\t\t\t\t\t<p>- Tessuto tecnico ed elasticizzato.<\/p><p>- Cuciture rinforzate e dettagli protettivi.<\/p><p>- Modelli dallo stile sportivo e altamente confortevoli.<\/p>\t\t\t\t\t\t\t\t<\/div>\n\t\t\t\t<\/div>\n\t\t\t\t\t<\/div>\n\t\t<\/div>\n\t\t\t\t\t<\/div>\n\t\t<\/section>\n\t\t\t\t<section class=\"elementor-section elementor-top-section elementor-element elementor-element-be52263 elementor-section-boxed elementor-section-height-default elementor-section-height-default\" data-id=\"be52263\" data-element_type=\"section\" data-e-type=\"section\">\n\t\t\t\t\t\t<div class=\"elementor-container elementor-column-gap-default\">\n\t\t\t\t\t<div class=\"elementor-column elementor-col-50 elementor-top-column elementor-element elementor-element-4b887d7\" data-id=\"4b887d7\" data-element_type=\"column\" data-e-type=\"column\">\n\t\t\t<div class=\"elementor-widget-wrap elementor-element-populated\">\n\t\t\t\t\t\t<div class=\"elementor-element elementor-element-09efcff elementor-widget elementor-widget-text-editor\" data-id=\"09efcff\" data-element_type=\"widget\" data-e-type=\"widget\" data-widget_type=\"text-editor.default\">\n\t\t\t\t<div class=\"elementor-widget-container\">\n\t\t\t\t\t\t\t\t\t<p>Prodotti<\/p>\t\t\t\t\t\t\t\t<\/div>\n\t\t\t\t<\/div>\n\t\t\t\t<div class=\"elementor-element elementor-element-0bfa3e9 elementor-widget elementor-widget-text-editor\" data-id=\"0bfa3e9\" data-element_type=\"widget\" data-e-type=\"widget\" data-widget_type=\"text-editor.default\">\n\t\t\t\t<div class=\"elementor-widget-container\">\n\t\t\t\t\t\t\t\t\t<p>EXTREME<\/p>\t\t\t\t\t\t\t\t<\/div>\n\t\t\t\t<\/div>\n\t\t\t\t\t<\/div>\n\t\t<\/div>\n\t\t\t\t<div class=\"elementor-column elementor-col-50 elementor-top-column elementor-element elementor-element-069cac0  padding-corregir-normativa\" data-id=\"069cac0\" data-element_type=\"column\" data-e-type=\"column\" data-settings=\"{&quot;background_background&quot;:&quot;classic&quot;}\">\n\t\t\t<div class=\"elementor-widget-wrap elementor-element-populated\">\n\t\t\t\t\t\t<div class=\"elementor-element elementor-element-62e13ad elementor-widget elementor-widget-shortcode\" data-id=\"62e13ad\" data-element_type=\"widget\" data-e-type=\"widget\" data-widget_type=\"shortcode.default\">\n\t\t\t\t<div class=\"elementor-widget-container\">\n\t\t\t\t\t        <div class=\"slider-carrusel\" data-slider=\"productos-relacionados\"> \n            <div class=\"productos-relacionados\">\n            <p>Non ci sono prodotti relativi a ss23.<\/p>            <\/div>\n                    <\/div>\n    \t\t<div class=\"elementor-shortcode\"><\/div>\n\t\t\t\t\t\t<\/div>\n\t\t\t\t<\/div>\n\t\t\t\t\t<\/div>\n\t\t<\/div>\n\t\t\t\t\t<\/div>\n\t\t<\/section>\n\t\t\t\t<\/div>","protected":false},"excerpt":{"rendered":"<p>extreme La l\u00ednea Extreme es nuestra propuesta para quienes enfrentan situaciones extremas y necesitan prendas altamente resistentes y flexibles. Estas prendas est\u00e1n dise\u00f1adas para desafiar las condiciones m\u00e1s duras y para seguir tu ritmo de trabajo d\u00eda a d\u00eda. Con estilos inspirados en el mundo de la monta\u00f1a y las propiedades t\u00e9cnicas de las prendas, [&hellip;]<\/p>\n","protected":false},"author":2,"featured_media":0,"parent":0,"menu_order":0,"comment_status":"closed","ping_status":"closed","template":"elementor_header_footer","meta":{"footnotes":""},"class_list":["post-10807","page","type-page","status-publish","hentry"],"yoast_head":"<!-- This site is optimized with the Yoast SEO plugin v27.3 - https:\/\/yoast.com\/product\/yoast-seo-wordpress\/ -->\n<title>Extreme - Issaline<\/title>\n<meta name=\"robots\" content=\"index, follow, max-snippet:-1, max-image-preview:large, max-video-preview:-1\" \/>\n<link rel=\"canonical\" href=\"https:\/\/issaline.com\/it\/extreme\/\" \/>\n<meta property=\"og:locale\" content=\"it_IT\" \/>\n<meta property=\"og:type\" content=\"article\" \/>\n<meta property=\"og:title\" content=\"Extreme - Issaline\" \/>\n<meta property=\"og:description\" content=\"extreme La l\u00ednea Extreme es nuestra propuesta para quienes enfrentan situaciones extremas y necesitan prendas altamente resistentes y flexibles. Estas prendas est\u00e1n dise\u00f1adas para desafiar las condiciones m\u00e1s duras y para seguir tu ritmo de trabajo d\u00eda a d\u00eda. Con estilos inspirados en el mundo de la monta\u00f1a y las propiedades t\u00e9cnicas de las prendas, [&hellip;]\" \/>\n<meta property=\"og:url\" content=\"https:\/\/issaline.com\/it\/extreme\/\" \/>\n<meta property=\"og:site_name\" content=\"Issaline\" \/>\n<meta property=\"article:modified_time\" content=\"2025-04-10T08:42:24+00:00\" \/>\n<meta property=\"og:image\" content=\"https:\/\/issaline.com\/wp-content\/uploads\/2025\/04\/Extreme.jpg\" \/>\n\t<meta property=\"og:image:width\" content=\"1920\" \/>\n\t<meta property=\"og:image:height\" content=\"643\" \/>\n\t<meta property=\"og:image:type\" content=\"image\/jpeg\" \/>\n<meta name=\"twitter:card\" content=\"summary_large_image\" \/>\n<meta name=\"twitter:label1\" content=\"Tempo di lettura stimato\" \/>\n\t<meta name=\"twitter:data1\" content=\"1 minuto\" \/>\n<script type=\"application\/ld+json\" class=\"yoast-schema-graph\">{\"@context\":\"https:\\\/\\\/schema.org\",\"@graph\":[{\"@type\":\"WebPage\",\"@id\":\"https:\\\/\\\/issaline.com\\\/extreme\\\/\",\"url\":\"https:\\\/\\\/issaline.com\\\/extreme\\\/\",\"name\":\"Extreme - Issaline\",\"isPartOf\":{\"@id\":\"https:\\\/\\\/issaline.com\\\/#website\"},\"primaryImageOfPage\":{\"@id\":\"https:\\\/\\\/issaline.com\\\/extreme\\\/#primaryimage\"},\"image\":{\"@id\":\"https:\\\/\\\/issaline.com\\\/extreme\\\/#primaryimage\"},\"thumbnailUrl\":\"https:\\\/\\\/issaline.com\\\/wp-content\\\/uploads\\\/2025\\\/04\\\/Extreme.jpg\",\"datePublished\":\"2025-04-07T11:17:40+00:00\",\"dateModified\":\"2025-04-10T08:42:24+00:00\",\"breadcrumb\":{\"@id\":\"https:\\\/\\\/issaline.com\\\/extreme\\\/#breadcrumb\"},\"inLanguage\":\"it-IT\",\"potentialAction\":[{\"@type\":\"ReadAction\",\"target\":[\"https:\\\/\\\/issaline.com\\\/extreme\\\/\"]}]},{\"@type\":\"ImageObject\",\"inLanguage\":\"it-IT\",\"@id\":\"https:\\\/\\\/issaline.com\\\/extreme\\\/#primaryimage\",\"url\":\"https:\\\/\\\/issaline.com\\\/wp-content\\\/uploads\\\/2025\\\/04\\\/Extreme.jpg\",\"contentUrl\":\"https:\\\/\\\/issaline.com\\\/wp-content\\\/uploads\\\/2025\\\/04\\\/Extreme.jpg\"},{\"@type\":\"BreadcrumbList\",\"@id\":\"https:\\\/\\\/issaline.com\\\/extreme\\\/#breadcrumb\",\"itemListElement\":[{\"@type\":\"ListItem\",\"position\":1,\"name\":\"Portada\",\"item\":\"https:\\\/\\\/issaline.com\\\/\"},{\"@type\":\"ListItem\",\"position\":2,\"name\":\"Extreme\"}]},{\"@type\":\"WebSite\",\"@id\":\"https:\\\/\\\/issaline.com\\\/#website\",\"url\":\"https:\\\/\\\/issaline.com\\\/\",\"name\":\"Issaline\",\"description\":\"\",\"publisher\":{\"@id\":\"https:\\\/\\\/issaline.com\\\/#organization\"},\"potentialAction\":[{\"@type\":\"SearchAction\",\"target\":{\"@type\":\"EntryPoint\",\"urlTemplate\":\"https:\\\/\\\/issaline.com\\\/?s={search_term_string}\"},\"query-input\":{\"@type\":\"PropertyValueSpecification\",\"valueRequired\":true,\"valueName\":\"search_term_string\"}}],\"inLanguage\":\"it-IT\"},{\"@type\":\"Organization\",\"@id\":\"https:\\\/\\\/issaline.com\\\/#organization\",\"name\":\"Issaline\",\"url\":\"https:\\\/\\\/issaline.com\\\/\",\"logo\":{\"@type\":\"ImageObject\",\"inLanguage\":\"it-IT\",\"@id\":\"https:\\\/\\\/issaline.com\\\/#\\\/schema\\\/logo\\\/image\\\/\",\"url\":\"https:\\\/\\\/issaline.com\\\/wp-content\\\/uploads\\\/2023\\\/07\\\/Issaline_logo.png\",\"contentUrl\":\"https:\\\/\\\/issaline.com\\\/wp-content\\\/uploads\\\/2023\\\/07\\\/Issaline_logo.png\",\"width\":959,\"height\":391,\"caption\":\"Issaline\"},\"image\":{\"@id\":\"https:\\\/\\\/issaline.com\\\/#\\\/schema\\\/logo\\\/image\\\/\"}}]}<\/script>\n<!-- \/ Yoast SEO plugin. -->","yoast_head_json":{"title":"Estremo - Issalina","robots":{"index":"index","follow":"follow","max-snippet":"max-snippet:-1","max-image-preview":"max-image-preview:large","max-video-preview":"max-video-preview:-1"},"canonical":"https:\/\/issaline.com\/it\/extreme\/","og_locale":"it_IT","og_type":"article","og_title":"Extreme - Issaline","og_description":"extreme La l\u00ednea Extreme es nuestra propuesta para quienes enfrentan situaciones extremas y necesitan prendas altamente resistentes y flexibles. Estas prendas est\u00e1n dise\u00f1adas para desafiar las condiciones m\u00e1s duras y para seguir tu ritmo de trabajo d\u00eda a d\u00eda. Con estilos inspirados en el mundo de la monta\u00f1a y las propiedades t\u00e9cnicas de las prendas, [&hellip;]","og_url":"https:\/\/issaline.com\/it\/extreme\/","og_site_name":"Issaline","article_modified_time":"2025-04-10T08:42:24+00:00","og_image":[{"width":1920,"height":643,"url":"https:\/\/issaline.com\/wp-content\/uploads\/2025\/04\/Extreme.jpg","type":"image\/jpeg"}],"twitter_card":"summary_large_image","twitter_misc":{"Tempo di lettura stimato":"1 minuto"},"schema":{"@context":"https:\/\/schema.org","@graph":[{"@type":"WebPage","@id":"https:\/\/issaline.com\/extreme\/","url":"https:\/\/issaline.com\/extreme\/","name":"Estremo - Issalina","isPartOf":{"@id":"https:\/\/issaline.com\/#website"},"primaryImageOfPage":{"@id":"https:\/\/issaline.com\/extreme\/#primaryimage"},"image":{"@id":"https:\/\/issaline.com\/extreme\/#primaryimage"},"thumbnailUrl":"https:\/\/issaline.com\/wp-content\/uploads\/2025\/04\/Extreme.jpg","datePublished":"2025-04-07T11:17:40+00:00","dateModified":"2025-04-10T08:42:24+00:00","breadcrumb":{"@id":"https:\/\/issaline.com\/extreme\/#breadcrumb"},"inLanguage":"it-IT","potentialAction":[{"@type":"ReadAction","target":["https:\/\/issaline.com\/extreme\/"]}]},{"@type":"ImageObject","inLanguage":"it-IT","@id":"https:\/\/issaline.com\/extreme\/#primaryimage","url":"https:\/\/issaline.com\/wp-content\/uploads\/2025\/04\/Extreme.jpg","contentUrl":"https:\/\/issaline.com\/wp-content\/uploads\/2025\/04\/Extreme.jpg"},{"@type":"BreadcrumbList","@id":"https:\/\/issaline.com\/extreme\/#breadcrumb","itemListElement":[{"@type":"ListItem","position":1,"name":"Portada","item":"https:\/\/issaline.com\/"},{"@type":"ListItem","position":2,"name":"Extreme"}]},{"@type":"WebSite","@id":"https:\/\/issaline.com\/#website","url":"https:\/\/issaline.com\/","name":"Issaline","description":"","publisher":{"@id":"https:\/\/issaline.com\/#organization"},"potentialAction":[{"@type":"SearchAction","target":{"@type":"EntryPoint","urlTemplate":"https:\/\/issaline.com\/?s={search_term_string}"},"query-input":{"@type":"PropertyValueSpecification","valueRequired":true,"valueName":"search_term_string"}}],"inLanguage":"it-IT"},{"@type":"Organization","@id":"https:\/\/issaline.com\/#organization","name":"Issaline","url":"https:\/\/issaline.com\/","logo":{"@type":"ImageObject","inLanguage":"it-IT","@id":"https:\/\/issaline.com\/#\/schema\/logo\/image\/","url":"https:\/\/issaline.com\/wp-content\/uploads\/2023\/07\/Issaline_logo.png","contentUrl":"https:\/\/issaline.com\/wp-content\/uploads\/2023\/07\/Issaline_logo.png","width":959,"height":391,"caption":"Issaline"},"image":{"@id":"https:\/\/issaline.com\/#\/schema\/logo\/image\/"}}]}},"_links":{"self":[{"href":"https:\/\/issaline.com\/it\/wp-json\/wp\/v2\/pages\/10807","targetHints":{"allow":["GET"]}}],"collection":[{"href":"https:\/\/issaline.com\/it\/wp-json\/wp\/v2\/pages"}],"about":[{"href":"https:\/\/issaline.com\/it\/wp-json\/wp\/v2\/types\/page"}],"author":[{"embeddable":true,"href":"https:\/\/issaline.com\/it\/wp-json\/wp\/v2\/users\/2"}],"replies":[{"embeddable":true,"href":"https:\/\/issaline.com\/it\/wp-json\/wp\/v2\/comments?post=10807"}],"version-history":[{"count":25,"href":"https:\/\/issaline.com\/it\/wp-json\/wp\/v2\/pages\/10807\/revisions"}],"predecessor-version":[{"id":10913,"href":"https:\/\/issaline.com\/it\/wp-json\/wp\/v2\/pages\/10807\/revisions\/10913"}],"wp:attachment":[{"href":"https:\/\/issaline.com\/it\/wp-json\/wp\/v2\/media?parent=10807"}],"curies":[{"name":"wp","href":"https:\/\/api.w.org\/{rel}","templated":true}]}}