{"id":38,"date":"2024-01-08T11:10:14","date_gmt":"2024-01-08T10:10:14","guid":{"rendered":"https:\/\/issaline.com\/?page_id=38"},"modified":"2024-11-04T13:43:43","modified_gmt":"2024-11-04T12:43:43","slug":"legal-notice","status":"publish","type":"page","link":"https:\/\/issaline.com\/en\/aviso-legal\/","title":{"rendered":"Legal Notice"},"content":{"rendered":"<div data-elementor-type=\"wp-page\" data-elementor-id=\"38\" class=\"elementor elementor-38\" data-elementor-post-type=\"page\">\n\t\t\t\t\t\t<section class=\"elementor-section elementor-top-section elementor-element elementor-element-c65cb9d elementor-section-boxed elementor-section-height-default elementor-section-height-default\" data-id=\"c65cb9d\" data-element_type=\"section\" data-e-type=\"section\">\n\t\t\t\t\t\t<div class=\"elementor-container elementor-column-gap-default\">\n\t\t\t\t\t<div class=\"elementor-column elementor-col-100 elementor-top-column elementor-element elementor-element-5e5ca6f\" data-id=\"5e5ca6f\" data-element_type=\"column\" data-e-type=\"column\">\n\t\t\t<div class=\"elementor-widget-wrap elementor-element-populated\">\n\t\t\t\t\t\t<div class=\"elementor-element elementor-element-07f1b4c elementor-widget elementor-widget-text-editor\" data-id=\"07f1b4c\" data-element_type=\"widget\" data-e-type=\"widget\" data-widget_type=\"text-editor.default\">\n\t\t\t\t<div class=\"elementor-widget-container\">\n\t\t\t\t\t\t\t\t\t<p><strong>\u00a0<\/strong><\/p><h1><strong><u>LEGAL NOTICE<\/u><\/strong><\/h1><p>In order to comply with Article 10 of Law 34\/2002 of Services of the Information Society and Electronic Commerce, we inform users of our data:<\/p><ul><li><strong>Corporate Name:<\/strong> <strong><span style=\"color: #ff0000;\">AAAA<\/span><\/strong><\/li><li><strong>Registered Office:<\/strong> <span style=\"color: #ff0000;\"><strong>BBBB<\/strong><\/span><\/li><li><strong>TAX ID<\/strong>: <span style=\"color: #ff0000;\"><strong>CCCC<\/strong><\/span><\/li><li><b>Commercial registry:<\/b> This company is registered in the Mercantile Registry of <span style=\"color: #ff0000;\"><strong>&#8212;-<\/strong><\/span>, Vol. <span style=\"color: #ff0000;\"><strong>&#8212;-<\/strong><\/span>, folio <strong><span style=\"color: #ff0000;\">&#8212;-<\/span><\/strong> sheet <strong><span style=\"color: #ff0000;\">&#8212;-<\/span><\/strong>.<\/li><li><strong>Phone:<\/strong> <span style=\"color: #ff0000;\"><strong>DDDDD<\/strong><\/span><\/li><li><strong>E-Mail:<\/strong> <span style=\"color: #ff0000;\"><strong>EEEE<\/strong><\/span><\/li><li><strong>Web site:<\/strong> <strong><span style=\"color: #ff0000;\">FFFF<\/span><\/strong><\/li><\/ul><p><strong>\u00a0<\/strong><\/p><p><strong>OBJECT<\/strong><\/p><p><span style=\"color: #ff0000;\"><strong>AAAA<\/strong><\/span>(hereinafter also the provider) as responsible for the website, makes available to users this document, which regulates the use of the website. <span style=\"color: #ff0000;\"><strong>FFFF<\/strong><\/span>In compliance with the provisions of Law 34\/2002, of Services of the Information Society and Electronic Commerce (LSSICE or LSSI), as well as informing all users of the website of its conditions of use.<\/p><p>The access and use of this website attributes to the visitor the condition of user. This implies that the user accepts the conditions of use in force at all times and undertakes to make proper use of the contents of the website and to observe and strictly comply with the provisions of this notice and the rules that may be applicable.<\/p><p>It is the obligation of users to read and observe the contents of this legal notice, informing them that it may undergo modifications as a result of the adaptation of the same by the owner of the web portal to the regulations in force at any time. Therefore, we inform you that without prior notice, the owner of the website may modify the content of the same.<\/p><p><strong>\u00a0<\/strong><\/p><p><strong>TERMS AND CONDITIONS OF USE OF THE WEBSITE<\/strong><\/p><p>The use of this website is free of charge, and no prior subscription is required to use it. However, for some services the completion of a form is required (for example, to purchase products or receive information). This registration will be carried out under the conditions indicated in the corresponding section.<\/p><p>The user undertakes to ensure that all information provided is truthful and updated at all times, declining any liability on the part of the owner of the website as a result of the falsity of such information.<\/p><p>In case the user is a minor, he\/she must always obtain the express and prior consent of his\/her parents, guardians or legal representatives to perform any act.<\/p><p>The User agrees to use the Web in accordance with the Law and this Legal Notice. In this sense, it will not disseminate content contrary to the law or the dignity of the person; which are discriminatory on grounds of birth, race, sex, religion, opinion or any other condition or personal or social circumstance; or that, in any way, are contrary to law and public order; as well as morality and good customs.<\/p><p><strong>\u00a0<\/strong><\/p><p><strong>DISCLAIMER OF WARRANTIES AND LIABILITY<\/strong><\/p><p>The owner of this website is exempt from liability in those cases in which the information provided is false, or that which is published on it has been manipulated by third parties.<\/p><p>Likewise, the owner of the web portal declines any liability that may arise as a result of a malfunction of the same, as a result of viruses, malicious or harmful programs in the contents; the illicit, negligent, fraudulent or contrary to this Legal Notice and conditions of use.<\/p><p><strong>\u00a0<\/strong><\/p><p><strong>COOKIES<\/strong><\/p><p>The provider's website may use cookies (small information files that the server sends to the computer of the person accessing the page) to carry out certain functions that are considered essential for the proper functioning and display of the site. The cookies used are, in any case, of a temporary nature, with the sole purpose of making navigation more efficient, and disappear at the end of the user's session.<\/p><p>Under no circumstances will cookies be used to collect personal information.<\/p><p>For more information, see our <a href=\"\/en\/cookies-policy\/\">Cookies Policy<\/a>.<\/p><p><strong>\u00a0<\/strong><\/p><p><strong>LINKS POLICY<\/strong><\/p><p>The website may contain links to other websites with privacy policies different from this one. <span style=\"color: #ff0000;\"><strong>AAAA<\/strong><\/span> is not responsible for the content or practices of linked sites and encourages the user to carefully read the privacy policy of any website accessed from this one.<\/p><p><strong>\u00a0<\/strong><\/p><p><strong>PROTECTION OF PERSONAL DATA<\/strong><\/p><p>The owner of the web portal guarantees full compliance with the obligations in force, as well as the implementation of the security measures provided for in the European Data Protection Regulation and Spanish data protection regulations. For more information, see our <a href=\"\/en\/privacy-policy\/\">Privacy Policy<\/a>.<\/p><p><strong>\u00a0<\/strong><\/p><p><strong>INTELLECTUAL AND INDUSTRIAL PROPERTY<\/strong><\/p><p>The User acknowledges and agrees that all content displayed on the Website and in particular, designs, text, images, logos, icons, buttons, software, trade names, trademarks, or any other signs susceptible of industrial and\/or commercial use are subject to intellectual property rights and all trademarks, trade names or logos, all industrial and intellectual property rights on the contents and\/or any other elements inserted in the page, which are the exclusive property of the owner of the web portal and\/or third parties, who have the exclusive right to use them in the course of trade. Therefore, the User agrees not to reproduce, copy, distribute, make available or in any other way publicly communicate, transform or modify such content, keeping indemnified to <span style=\"color: #ff0000;\"><strong>AAAA<\/strong><\/span>The User shall not be liable for any claim arising from the breach of such obligations. Under no circumstances does access to the Website imply any kind of waiver, transmission, license or total or partial transfer of such rights, unless otherwise expressly stated. These General Conditions of Use of the Website do not grant Users any other right of use, alteration, exploitation, reproduction, distribution or public communication of the Website and\/or its Contents other than those expressly provided herein. Any other use or exploitation of any other rights shall be subject to the prior and express authorization specifically granted for such purpose by <span style=\"color: #ff0000;\"><strong>AAAA<\/strong><\/span>or the third party holder of the affected rights.<\/p><p>The contents, texts, photographs, designs, logos, images, computer programs, source codes and, in general, any intellectual creation on this site, as well as the site itself as a whole, as a multimedia artistic work, are protected as copyrights by intellectual property legislation. <span style=\"color: #ff0000;\"><strong>AAAA<\/strong><\/span>is the owner of the elements that make up the graphic design of the Web Site, menus, navigation buttons, HTML code, texts, images, textures, graphics and any other content of the Web Site or, in any case, has the corresponding authorization for the use of such elements. The content provided on the Web Site may not be reproduced in whole or in part, or transmitted, or recorded by any information retrieval system, in any form or by any means, unless prior written authorization has been obtained from the aforementioned Entity.<\/p><p>It is also forbidden to remove, evade and\/or manipulate the \"copyright\" as well as the technical protection devices, or any information mechanisms that may contain the contents. The User of this Web Site undertakes to respect the aforementioned rights and to avoid any action that could damage them, reserving in any case <span style=\"color: #ff0000;\"><strong>AAAA<\/strong><\/span> the exercise of any legal means or actions that may correspond to it in defense of its legitimate intellectual and industrial property rights.<\/p><p><strong>\u00a0<\/strong><\/p><p><strong>APPLICABLE LAW<\/strong><\/p><p>The applicable law in case of dispute or conflict of interpretation of the terms that make up this legal notice, as well as any matter related to the services of this portal, shall be Spanish law.<\/p>\t\t\t\t\t\t\t\t<\/div>\n\t\t\t\t<\/div>\n\t\t\t\t\t<\/div>\n\t\t<\/div>\n\t\t\t\t\t<\/div>\n\t\t<\/section>\n\t\t\t\t<\/div>","protected":false},"excerpt":{"rendered":"<p>\u00a0 AVISO LEGAL Con el fin de dar cumplimiento al art\u00edculo 10 de la Ley 34\/2002 de Servicios de la Sociedad de la Informaci\u00f3n y del Comercio Electr\u00f3nico, informamos a los usuarios de nuestros datos: Denominaci\u00f3n Social: AAAA Domicilio Social: BBBB NIF: CCCC Registro mercantil: Esta sociedad consta inscrita en el Registro Mercantil de &#8212;-, [&hellip;]<\/p>\n","protected":false},"author":1,"featured_media":0,"parent":0,"menu_order":0,"comment_status":"closed","ping_status":"closed","template":"elementor_header_footer","meta":{"footnotes":""},"class_list":["post-38","page","type-page","status-publish","hentry"],"yoast_head":"<!-- This site is optimized with the Yoast SEO plugin v27.3 - https:\/\/yoast.com\/product\/yoast-seo-wordpress\/ -->\n<title>Aviso Legal - Issaline<\/title>\n<meta name=\"robots\" content=\"index, follow, max-snippet:-1, max-image-preview:large, max-video-preview:-1\" \/>\n<link rel=\"canonical\" href=\"https:\/\/issaline.com\/en\/legal-notice\/\" \/>\n<meta property=\"og:locale\" content=\"en_US\" \/>\n<meta property=\"og:type\" content=\"article\" \/>\n<meta property=\"og:title\" content=\"Aviso Legal - Issaline\" \/>\n<meta property=\"og:description\" content=\"\u00a0 AVISO LEGAL Con el fin de dar cumplimiento al art\u00edculo 10 de la Ley 34\/2002 de Servicios de la Sociedad de la Informaci\u00f3n y del Comercio Electr\u00f3nico, informamos a los usuarios de nuestros datos: Denominaci\u00f3n Social: AAAA Domicilio Social: BBBB NIF: CCCC Registro mercantil: Esta sociedad consta inscrita en el Registro Mercantil de &#8212;-, [&hellip;]\" \/>\n<meta property=\"og:url\" content=\"https:\/\/issaline.com\/en\/legal-notice\/\" \/>\n<meta property=\"og:site_name\" content=\"Issaline\" \/>\n<meta property=\"article:modified_time\" content=\"2024-11-04T12:43:43+00:00\" \/>\n<meta name=\"twitter:card\" content=\"summary_large_image\" \/>\n<meta name=\"twitter:label1\" content=\"Est. reading time\" \/>\n\t<meta name=\"twitter:data1\" content=\"7 minutes\" \/>\n<script type=\"application\/ld+json\" class=\"yoast-schema-graph\">{\"@context\":\"https:\\\/\\\/schema.org\",\"@graph\":[{\"@type\":\"WebPage\",\"@id\":\"https:\\\/\\\/issaline.com\\\/aviso-legal\\\/\",\"url\":\"https:\\\/\\\/issaline.com\\\/aviso-legal\\\/\",\"name\":\"Aviso Legal - Issaline\",\"isPartOf\":{\"@id\":\"https:\\\/\\\/issaline.com\\\/#website\"},\"datePublished\":\"2024-01-08T10:10:14+00:00\",\"dateModified\":\"2024-11-04T12:43:43+00:00\",\"breadcrumb\":{\"@id\":\"https:\\\/\\\/issaline.com\\\/aviso-legal\\\/#breadcrumb\"},\"inLanguage\":\"en-US\",\"potentialAction\":[{\"@type\":\"ReadAction\",\"target\":[\"https:\\\/\\\/issaline.com\\\/aviso-legal\\\/\"]}]},{\"@type\":\"BreadcrumbList\",\"@id\":\"https:\\\/\\\/issaline.com\\\/aviso-legal\\\/#breadcrumb\",\"itemListElement\":[{\"@type\":\"ListItem\",\"position\":1,\"name\":\"Portada\",\"item\":\"https:\\\/\\\/issaline.com\\\/\"},{\"@type\":\"ListItem\",\"position\":2,\"name\":\"Aviso Legal\"}]},{\"@type\":\"WebSite\",\"@id\":\"https:\\\/\\\/issaline.com\\\/#website\",\"url\":\"https:\\\/\\\/issaline.com\\\/\",\"name\":\"Issaline\",\"description\":\"\",\"publisher\":{\"@id\":\"https:\\\/\\\/issaline.com\\\/#organization\"},\"potentialAction\":[{\"@type\":\"SearchAction\",\"target\":{\"@type\":\"EntryPoint\",\"urlTemplate\":\"https:\\\/\\\/issaline.com\\\/?s={search_term_string}\"},\"query-input\":{\"@type\":\"PropertyValueSpecification\",\"valueRequired\":true,\"valueName\":\"search_term_string\"}}],\"inLanguage\":\"en-US\"},{\"@type\":\"Organization\",\"@id\":\"https:\\\/\\\/issaline.com\\\/#organization\",\"name\":\"Issaline\",\"url\":\"https:\\\/\\\/issaline.com\\\/\",\"logo\":{\"@type\":\"ImageObject\",\"inLanguage\":\"en-US\",\"@id\":\"https:\\\/\\\/issaline.com\\\/#\\\/schema\\\/logo\\\/image\\\/\",\"url\":\"https:\\\/\\\/issaline.com\\\/wp-content\\\/uploads\\\/2023\\\/07\\\/Issaline_logo.png\",\"contentUrl\":\"https:\\\/\\\/issaline.com\\\/wp-content\\\/uploads\\\/2023\\\/07\\\/Issaline_logo.png\",\"width\":959,\"height\":391,\"caption\":\"Issaline\"},\"image\":{\"@id\":\"https:\\\/\\\/issaline.com\\\/#\\\/schema\\\/logo\\\/image\\\/\"}}]}<\/script>\n<!-- \/ Yoast SEO plugin. -->","yoast_head_json":{"title":"Legal Notice - Issaline","robots":{"index":"index","follow":"follow","max-snippet":"max-snippet:-1","max-image-preview":"max-image-preview:large","max-video-preview":"max-video-preview:-1"},"canonical":"https:\/\/issaline.com\/en\/legal-notice\/","og_locale":"en_US","og_type":"article","og_title":"Aviso Legal - Issaline","og_description":"\u00a0 AVISO LEGAL Con el fin de dar cumplimiento al art\u00edculo 10 de la Ley 34\/2002 de Servicios de la Sociedad de la Informaci\u00f3n y del Comercio Electr\u00f3nico, informamos a los usuarios de nuestros datos: Denominaci\u00f3n Social: AAAA Domicilio Social: BBBB NIF: CCCC Registro mercantil: Esta sociedad consta inscrita en el Registro Mercantil de &#8212;-, [&hellip;]","og_url":"https:\/\/issaline.com\/en\/legal-notice\/","og_site_name":"Issaline","article_modified_time":"2024-11-04T12:43:43+00:00","twitter_card":"summary_large_image","twitter_misc":{"Est. reading time":"7 minutes"},"schema":{"@context":"https:\/\/schema.org","@graph":[{"@type":"WebPage","@id":"https:\/\/issaline.com\/aviso-legal\/","url":"https:\/\/issaline.com\/aviso-legal\/","name":"Legal Notice - Issaline","isPartOf":{"@id":"https:\/\/issaline.com\/#website"},"datePublished":"2024-01-08T10:10:14+00:00","dateModified":"2024-11-04T12:43:43+00:00","breadcrumb":{"@id":"https:\/\/issaline.com\/aviso-legal\/#breadcrumb"},"inLanguage":"en-US","potentialAction":[{"@type":"ReadAction","target":["https:\/\/issaline.com\/aviso-legal\/"]}]},{"@type":"BreadcrumbList","@id":"https:\/\/issaline.com\/aviso-legal\/#breadcrumb","itemListElement":[{"@type":"ListItem","position":1,"name":"Portada","item":"https:\/\/issaline.com\/"},{"@type":"ListItem","position":2,"name":"Aviso Legal"}]},{"@type":"WebSite","@id":"https:\/\/issaline.com\/#website","url":"https:\/\/issaline.com\/","name":"Issaline","description":"","publisher":{"@id":"https:\/\/issaline.com\/#organization"},"potentialAction":[{"@type":"SearchAction","target":{"@type":"EntryPoint","urlTemplate":"https:\/\/issaline.com\/?s={search_term_string}"},"query-input":{"@type":"PropertyValueSpecification","valueRequired":true,"valueName":"search_term_string"}}],"inLanguage":"en-US"},{"@type":"Organization","@id":"https:\/\/issaline.com\/#organization","name":"Issaline","url":"https:\/\/issaline.com\/","logo":{"@type":"ImageObject","inLanguage":"en-US","@id":"https:\/\/issaline.com\/#\/schema\/logo\/image\/","url":"https:\/\/issaline.com\/wp-content\/uploads\/2023\/07\/Issaline_logo.png","contentUrl":"https:\/\/issaline.com\/wp-content\/uploads\/2023\/07\/Issaline_logo.png","width":959,"height":391,"caption":"Issaline"},"image":{"@id":"https:\/\/issaline.com\/#\/schema\/logo\/image\/"}}]}},"_links":{"self":[{"href":"https:\/\/issaline.com\/en\/wp-json\/wp\/v2\/pages\/38","targetHints":{"allow":["GET"]}}],"collection":[{"href":"https:\/\/issaline.com\/en\/wp-json\/wp\/v2\/pages"}],"about":[{"href":"https:\/\/issaline.com\/en\/wp-json\/wp\/v2\/types\/page"}],"author":[{"embeddable":true,"href":"https:\/\/issaline.com\/en\/wp-json\/wp\/v2\/users\/1"}],"replies":[{"embeddable":true,"href":"https:\/\/issaline.com\/en\/wp-json\/wp\/v2\/comments?post=38"}],"version-history":[{"count":13,"href":"https:\/\/issaline.com\/en\/wp-json\/wp\/v2\/pages\/38\/revisions"}],"predecessor-version":[{"id":8198,"href":"https:\/\/issaline.com\/en\/wp-json\/wp\/v2\/pages\/38\/revisions\/8198"}],"wp:attachment":[{"href":"https:\/\/issaline.com\/en\/wp-json\/wp\/v2\/media?parent=38"}],"curies":[{"name":"wp","href":"https:\/\/api.w.org\/{rel}","templated":true}]}}