{"id":10773,"date":"2025-04-07T12:49:11","date_gmt":"2025-04-07T10:49:11","guid":{"rendered":"https:\/\/issaline.com\/?page_id=10773"},"modified":"2025-06-03T10:10:07","modified_gmt":"2025-06-03T08:10:07","slug":"stretch","status":"publish","type":"page","link":"https:\/\/issaline.com\/en\/stretch\/","title":{"rendered":"Stretch"},"content":{"rendered":"<div data-elementor-type=\"wp-page\" data-elementor-id=\"10773\" class=\"elementor elementor-10773\" data-elementor-post-type=\"page\">\n\t\t\t\t\t\t<section class=\"elementor-section elementor-top-section elementor-element elementor-element-439c6fbe elementor-section-full_width elementor-section-height-default elementor-section-height-default\" data-id=\"439c6fbe\" data-element_type=\"section\" data-e-type=\"section\">\n\t\t\t\t\t\t<div class=\"elementor-container elementor-column-gap-no\">\n\t\t\t\t\t<div class=\"elementor-column elementor-col-100 elementor-top-column elementor-element elementor-element-5cda1583\" data-id=\"5cda1583\" data-element_type=\"column\" data-e-type=\"column\">\n\t\t\t<div class=\"elementor-widget-wrap elementor-element-populated\">\n\t\t\t\t\t\t<div class=\"elementor-element elementor-element-57cf0d8b img-banner-normativa elementor-widget elementor-widget-image\" data-id=\"57cf0d8b\" data-element_type=\"widget\" data-e-type=\"widget\" data-widget_type=\"image.default\">\n\t\t\t\t<div class=\"elementor-widget-container\">\n\t\t\t\t\t\t\t\t\t\t\t\t\t\t\t<img fetchpriority=\"high\" decoding=\"async\" width=\"1920\" height=\"643\" src=\"https:\/\/issaline.com\/wp-content\/uploads\/2025\/06\/stretch_1.jpg\" class=\"attachment-full size-full wp-image-10936\" alt=\"\" srcset=\"https:\/\/issaline.com\/wp-content\/uploads\/2025\/06\/stretch_1.jpg 1920w, https:\/\/issaline.com\/wp-content\/uploads\/2025\/06\/stretch_1-300x100.jpg 300w, https:\/\/issaline.com\/wp-content\/uploads\/2025\/06\/stretch_1-1024x343.jpg 1024w, https:\/\/issaline.com\/wp-content\/uploads\/2025\/06\/stretch_1-768x257.jpg 768w, https:\/\/issaline.com\/wp-content\/uploads\/2025\/06\/stretch_1-1536x514.jpg 1536w\" sizes=\"(max-width: 1920px) 100vw, 1920px\" \/>\t\t\t\t\t\t\t\t\t\t\t\t\t\t\t<\/div>\n\t\t\t\t<\/div>\n\t\t\t\t<section class=\"elementor-section elementor-inner-section elementor-element elementor-element-6426e4fb texto-sobre-imagen-under normativa elementor-section-boxed elementor-section-height-default elementor-section-height-default\" data-id=\"6426e4fb\" data-element_type=\"section\" data-e-type=\"section\">\n\t\t\t\t\t\t<div class=\"elementor-container elementor-column-gap-default\">\n\t\t\t\t\t<div class=\"elementor-column elementor-col-50 elementor-inner-column elementor-element elementor-element-1833b709\" data-id=\"1833b709\" data-element_type=\"column\" data-e-type=\"column\">\n\t\t\t<div class=\"elementor-widget-wrap elementor-element-populated\">\n\t\t\t\t\t\t<div class=\"elementor-element elementor-element-641f21c9 elementor-widget elementor-widget-text-editor\" data-id=\"641f21c9\" data-element_type=\"widget\" data-e-type=\"widget\" data-widget_type=\"text-editor.default\">\n\t\t\t\t<div class=\"elementor-widget-container\">\n\t\t\t\t\t\t\t\t\t<p style=\"margin-bottom: 0;\">stretch<\/p>\t\t\t\t\t\t\t\t<\/div>\n\t\t\t\t<\/div>\n\t\t\t\t\t<\/div>\n\t\t<\/div>\n\t\t\t\t<div class=\"elementor-column elementor-col-50 elementor-inner-column elementor-element elementor-element-576db7c7\" data-id=\"576db7c7\" data-element_type=\"column\" data-e-type=\"column\">\n\t\t\t<div class=\"elementor-widget-wrap\">\n\t\t\t\t\t\t\t<\/div>\n\t\t<\/div>\n\t\t\t\t\t<\/div>\n\t\t<\/section>\n\t\t\t\t\t<\/div>\n\t\t<\/div>\n\t\t\t\t\t<\/div>\n\t\t<\/section>\n\t\t\t\t<section class=\"elementor-section elementor-top-section elementor-element elementor-element-409bd4ba elementor-section-boxed elementor-section-height-default elementor-section-height-default\" data-id=\"409bd4ba\" data-element_type=\"section\" data-e-type=\"section\">\n\t\t\t\t\t\t<div class=\"elementor-container elementor-column-gap-default\">\n\t\t\t\t\t<div class=\"elementor-column elementor-col-100 elementor-top-column elementor-element elementor-element-294321c0  padding-corregir-normativa\" data-id=\"294321c0\" data-element_type=\"column\" data-e-type=\"column\" data-settings=\"{&quot;background_background&quot;:&quot;classic&quot;}\">\n\t\t\t<div class=\"elementor-widget-wrap elementor-element-populated\">\n\t\t\t\t\t\t<div class=\"elementor-element elementor-element-fe821d5 elementor-widget__width-auto elementor-widget elementor-widget-image\" data-id=\"fe821d5\" data-element_type=\"widget\" data-e-type=\"widget\" data-widget_type=\"image.default\">\n\t\t\t\t<div class=\"elementor-widget-container\">\n\t\t\t\t\t\t\t\t\t\t\t\t\t\t\t<img decoding=\"async\" width=\"157\" height=\"64\" src=\"https:\/\/issaline.com\/wp-content\/uploads\/2024\/10\/Logo_Verde.svg\" class=\"attachment-full size-full wp-image-4879\" alt=\"\" \/>\t\t\t\t\t\t\t\t\t\t\t\t\t\t\t<\/div>\n\t\t\t\t<\/div>\n\t\t\t\t<div class=\"elementor-element elementor-element-136d2929 elementor-widget elementor-widget-text-editor\" data-id=\"136d2929\" data-element_type=\"widget\" data-e-type=\"widget\" data-widget_type=\"text-editor.default\">\n\t\t\t\t<div class=\"elementor-widget-container\">\n\t\t\t\t\t\t\t\t\t<p>Issaline introduced the Stretch concept in its workwear in 2006. Two decades in which our design team has been in charge of developing and evolving a line that today is fundamental for the world of work.<\/p>\t\t\t\t\t\t\t\t<\/div>\n\t\t\t\t<\/div>\n\t\t\t\t<div class=\"elementor-element elementor-element-59a75e4 elementor-widget elementor-widget-text-editor\" data-id=\"59a75e4\" data-element_type=\"widget\" data-e-type=\"widget\" data-widget_type=\"text-editor.default\">\n\t\t\t\t<div class=\"elementor-widget-container\">\n\t\t\t\t\t\t\t\t\t<p>Our Stretch line is the perfect choice for those who need flexibility and freedom of movement during their activities. These stretch garments are designed to fit the body, allowing for natural, unrestricted movement.<\/p>\t\t\t\t\t\t\t\t<\/div>\n\t\t\t\t<\/div>\n\t\t\t\t\t<\/div>\n\t\t<\/div>\n\t\t\t\t\t<\/div>\n\t\t<\/section>\n\t\t\t\t<section class=\"elementor-section elementor-top-section elementor-element elementor-element-d3dff68 elementor-section-full_width contenedores-mecanico contenedor-a-invertir elementor-section-height-default elementor-section-height-default\" data-id=\"d3dff68\" data-element_type=\"section\" data-e-type=\"section\">\n\t\t\t\t\t\t<div class=\"elementor-container elementor-column-gap-default\">\n\t\t\t\t\t<div class=\"elementor-column elementor-col-50 elementor-top-column elementor-element elementor-element-c3f4a8e contenedor-imagen\" data-id=\"c3f4a8e\" data-element_type=\"column\" data-e-type=\"column\" data-settings=\"{&quot;background_background&quot;:&quot;classic&quot;}\">\n\t\t\t<div class=\"elementor-widget-wrap elementor-element-populated\">\n\t\t\t\t\t\t<div class=\"elementor-element elementor-element-e539c3e elementor-widget elementor-widget-spacer\" data-id=\"e539c3e\" data-element_type=\"widget\" data-e-type=\"widget\" data-widget_type=\"spacer.default\">\n\t\t\t\t<div class=\"elementor-widget-container\">\n\t\t\t\t\t\t\t<div class=\"elementor-spacer\">\n\t\t\t<div class=\"elementor-spacer-inner\"><\/div>\n\t\t<\/div>\n\t\t\t\t\t\t<\/div>\n\t\t\t\t<\/div>\n\t\t\t\t\t<\/div>\n\t\t<\/div>\n\t\t\t\t<div class=\"elementor-column elementor-col-50 elementor-top-column elementor-element elementor-element-85ea1f4 contenedor-texto padding-a-60\" data-id=\"85ea1f4\" data-element_type=\"column\" data-e-type=\"column\" data-settings=\"{&quot;background_background&quot;:&quot;classic&quot;}\">\n\t\t\t<div class=\"elementor-widget-wrap elementor-element-populated\">\n\t\t\t\t\t\t<div class=\"elementor-element elementor-element-267d248 elementor-widget elementor-widget-heading\" data-id=\"267d248\" data-element_type=\"widget\" data-e-type=\"widget\" data-widget_type=\"heading.default\">\n\t\t\t\t<div class=\"elementor-widget-container\">\n\t\t\t\t\t<h2 class=\"elementor-heading-title elementor-size-default\">Main characteristics<\/h2>\t\t\t\t<\/div>\n\t\t\t\t<\/div>\n\t\t\t\t<div class=\"elementor-element elementor-element-72b4e3a elementor-widget elementor-widget-text-editor\" data-id=\"72b4e3a\" data-element_type=\"widget\" data-e-type=\"widget\" data-widget_type=\"text-editor.default\">\n\t\t\t\t<div class=\"elementor-widget-container\">\n\t\t\t\t\t\t\t\t\t<p>- High quality elastic fabric.<\/p><p>- Reinforcements in areas subject to stress.<\/p><p>- Ideal for active and dynamic professionals.<\/p>\t\t\t\t\t\t\t\t<\/div>\n\t\t\t\t<\/div>\n\t\t\t\t\t<\/div>\n\t\t<\/div>\n\t\t\t\t\t<\/div>\n\t\t<\/section>\n\t\t\t\t<section class=\"elementor-section elementor-top-section elementor-element elementor-element-0a43a1f elementor-section-boxed elementor-section-height-default elementor-section-height-default\" data-id=\"0a43a1f\" data-element_type=\"section\" data-e-type=\"section\">\n\t\t\t\t\t\t<div class=\"elementor-container elementor-column-gap-default\">\n\t\t\t\t\t<div class=\"elementor-column elementor-col-50 elementor-top-column elementor-element elementor-element-5a62a3e\" data-id=\"5a62a3e\" data-element_type=\"column\" data-e-type=\"column\">\n\t\t\t<div class=\"elementor-widget-wrap elementor-element-populated\">\n\t\t\t\t\t\t<div class=\"elementor-element elementor-element-20886e5 elementor-widget elementor-widget-text-editor\" data-id=\"20886e5\" data-element_type=\"widget\" data-e-type=\"widget\" data-widget_type=\"text-editor.default\">\n\t\t\t\t<div class=\"elementor-widget-container\">\n\t\t\t\t\t\t\t\t\t<p>Products<\/p>\t\t\t\t\t\t\t\t<\/div>\n\t\t\t\t<\/div>\n\t\t\t\t<div class=\"elementor-element elementor-element-8af115e elementor-widget elementor-widget-text-editor\" data-id=\"8af115e\" data-element_type=\"widget\" data-e-type=\"widget\" data-widget_type=\"text-editor.default\">\n\t\t\t\t<div class=\"elementor-widget-container\">\n\t\t\t\t\t\t\t\t\t<p>STRETCH<\/p>\t\t\t\t\t\t\t\t<\/div>\n\t\t\t\t<\/div>\n\t\t\t\t\t<\/div>\n\t\t<\/div>\n\t\t\t\t<div class=\"elementor-column elementor-col-50 elementor-top-column elementor-element elementor-element-7e48e26  padding-corregir-normativa\" data-id=\"7e48e26\" data-element_type=\"column\" data-e-type=\"column\" data-settings=\"{&quot;background_background&quot;:&quot;classic&quot;}\">\n\t\t\t<div class=\"elementor-widget-wrap elementor-element-populated\">\n\t\t\t\t\t\t<div class=\"elementor-element elementor-element-0a2a929 elementor-widget elementor-widget-shortcode\" data-id=\"0a2a929\" data-element_type=\"widget\" data-e-type=\"widget\" data-widget_type=\"shortcode.default\">\n\t\t\t\t<div class=\"elementor-widget-container\">\n\t\t\t\t\t        <div class=\"slider-carrusel\" data-slider=\"productos-relacionados\"> \n            <div class=\"productos-relacionados\">\n            <p>There are no products related to ss23.<\/p>            <\/div>\n                    <\/div>\n    \t\t<div class=\"elementor-shortcode\"><\/div>\n\t\t\t\t\t\t<\/div>\n\t\t\t\t<\/div>\n\t\t\t\t\t<\/div>\n\t\t<\/div>\n\t\t\t\t\t<\/div>\n\t\t<\/section>\n\t\t\t\t<\/div>","protected":false},"excerpt":{"rendered":"<p>stretch Issaline introdujo el concepto Stretch en su vestuario laboral en el a\u00f1o 2006. Dos d\u00e9cadas en las que nuestro equipo de dise\u00f1o se ha encargado de desarrollar y evolucionar una l\u00ednea que hoy es fundamental para el mundo del trabajo. Nuestra l\u00ednea Stretch es la elecci\u00f3n perfecta para quienes necesitan flexibilidad y libertad de [&hellip;]<\/p>\n","protected":false},"author":2,"featured_media":0,"parent":0,"menu_order":0,"comment_status":"closed","ping_status":"closed","template":"elementor_header_footer","meta":{"footnotes":""},"class_list":["post-10773","page","type-page","status-publish","hentry"],"yoast_head":"<!-- This site is optimized with the Yoast SEO plugin v27.3 - https:\/\/yoast.com\/product\/yoast-seo-wordpress\/ -->\n<title>Stretch - Issaline<\/title>\n<meta name=\"robots\" content=\"index, follow, max-snippet:-1, max-image-preview:large, max-video-preview:-1\" \/>\n<link rel=\"canonical\" href=\"https:\/\/issaline.com\/en\/stretch\/\" \/>\n<meta property=\"og:locale\" content=\"en_US\" \/>\n<meta property=\"og:type\" content=\"article\" \/>\n<meta property=\"og:title\" content=\"Stretch - Issaline\" \/>\n<meta property=\"og:description\" content=\"stretch Issaline introdujo el concepto Stretch en su vestuario laboral en el a\u00f1o 2006. Dos d\u00e9cadas en las que nuestro equipo de dise\u00f1o se ha encargado de desarrollar y evolucionar una l\u00ednea que hoy es fundamental para el mundo del trabajo. Nuestra l\u00ednea Stretch es la elecci\u00f3n perfecta para quienes necesitan flexibilidad y libertad de [&hellip;]\" \/>\n<meta property=\"og:url\" content=\"https:\/\/issaline.com\/en\/stretch\/\" \/>\n<meta property=\"og:site_name\" content=\"Issaline\" \/>\n<meta property=\"article:modified_time\" content=\"2025-06-03T08:10:07+00:00\" \/>\n<meta property=\"og:image\" content=\"https:\/\/issaline.com\/wp-content\/uploads\/2025\/06\/stretch_1.jpg\" \/>\n\t<meta property=\"og:image:width\" content=\"1920\" \/>\n\t<meta property=\"og:image:height\" content=\"643\" \/>\n\t<meta property=\"og:image:type\" content=\"image\/jpeg\" \/>\n<meta name=\"twitter:card\" content=\"summary_large_image\" \/>\n<meta name=\"twitter:label1\" content=\"Est. reading time\" \/>\n\t<meta name=\"twitter:data1\" content=\"1 minute\" \/>\n<script type=\"application\/ld+json\" class=\"yoast-schema-graph\">{\"@context\":\"https:\\\/\\\/schema.org\",\"@graph\":[{\"@type\":\"WebPage\",\"@id\":\"https:\\\/\\\/issaline.com\\\/stretch\\\/\",\"url\":\"https:\\\/\\\/issaline.com\\\/stretch\\\/\",\"name\":\"Stretch - Issaline\",\"isPartOf\":{\"@id\":\"https:\\\/\\\/issaline.com\\\/#website\"},\"primaryImageOfPage\":{\"@id\":\"https:\\\/\\\/issaline.com\\\/stretch\\\/#primaryimage\"},\"image\":{\"@id\":\"https:\\\/\\\/issaline.com\\\/stretch\\\/#primaryimage\"},\"thumbnailUrl\":\"https:\\\/\\\/issaline.com\\\/wp-content\\\/uploads\\\/2025\\\/06\\\/stretch_1.jpg\",\"datePublished\":\"2025-04-07T10:49:11+00:00\",\"dateModified\":\"2025-06-03T08:10:07+00:00\",\"breadcrumb\":{\"@id\":\"https:\\\/\\\/issaline.com\\\/stretch\\\/#breadcrumb\"},\"inLanguage\":\"en-US\",\"potentialAction\":[{\"@type\":\"ReadAction\",\"target\":[\"https:\\\/\\\/issaline.com\\\/stretch\\\/\"]}]},{\"@type\":\"ImageObject\",\"inLanguage\":\"en-US\",\"@id\":\"https:\\\/\\\/issaline.com\\\/stretch\\\/#primaryimage\",\"url\":\"https:\\\/\\\/issaline.com\\\/wp-content\\\/uploads\\\/2025\\\/06\\\/stretch_1.jpg\",\"contentUrl\":\"https:\\\/\\\/issaline.com\\\/wp-content\\\/uploads\\\/2025\\\/06\\\/stretch_1.jpg\"},{\"@type\":\"BreadcrumbList\",\"@id\":\"https:\\\/\\\/issaline.com\\\/stretch\\\/#breadcrumb\",\"itemListElement\":[{\"@type\":\"ListItem\",\"position\":1,\"name\":\"Portada\",\"item\":\"https:\\\/\\\/issaline.com\\\/\"},{\"@type\":\"ListItem\",\"position\":2,\"name\":\"Stretch\"}]},{\"@type\":\"WebSite\",\"@id\":\"https:\\\/\\\/issaline.com\\\/#website\",\"url\":\"https:\\\/\\\/issaline.com\\\/\",\"name\":\"Issaline\",\"description\":\"\",\"publisher\":{\"@id\":\"https:\\\/\\\/issaline.com\\\/#organization\"},\"potentialAction\":[{\"@type\":\"SearchAction\",\"target\":{\"@type\":\"EntryPoint\",\"urlTemplate\":\"https:\\\/\\\/issaline.com\\\/?s={search_term_string}\"},\"query-input\":{\"@type\":\"PropertyValueSpecification\",\"valueRequired\":true,\"valueName\":\"search_term_string\"}}],\"inLanguage\":\"en-US\"},{\"@type\":\"Organization\",\"@id\":\"https:\\\/\\\/issaline.com\\\/#organization\",\"name\":\"Issaline\",\"url\":\"https:\\\/\\\/issaline.com\\\/\",\"logo\":{\"@type\":\"ImageObject\",\"inLanguage\":\"en-US\",\"@id\":\"https:\\\/\\\/issaline.com\\\/#\\\/schema\\\/logo\\\/image\\\/\",\"url\":\"https:\\\/\\\/issaline.com\\\/wp-content\\\/uploads\\\/2023\\\/07\\\/Issaline_logo.png\",\"contentUrl\":\"https:\\\/\\\/issaline.com\\\/wp-content\\\/uploads\\\/2023\\\/07\\\/Issaline_logo.png\",\"width\":959,\"height\":391,\"caption\":\"Issaline\"},\"image\":{\"@id\":\"https:\\\/\\\/issaline.com\\\/#\\\/schema\\\/logo\\\/image\\\/\"}}]}<\/script>\n<!-- \/ Yoast SEO plugin. -->","yoast_head_json":{"title":"Stretch - Issaline","robots":{"index":"index","follow":"follow","max-snippet":"max-snippet:-1","max-image-preview":"max-image-preview:large","max-video-preview":"max-video-preview:-1"},"canonical":"https:\/\/issaline.com\/en\/stretch\/","og_locale":"en_US","og_type":"article","og_title":"Stretch - Issaline","og_description":"stretch Issaline introdujo el concepto Stretch en su vestuario laboral en el a\u00f1o 2006. Dos d\u00e9cadas en las que nuestro equipo de dise\u00f1o se ha encargado de desarrollar y evolucionar una l\u00ednea que hoy es fundamental para el mundo del trabajo. Nuestra l\u00ednea Stretch es la elecci\u00f3n perfecta para quienes necesitan flexibilidad y libertad de [&hellip;]","og_url":"https:\/\/issaline.com\/en\/stretch\/","og_site_name":"Issaline","article_modified_time":"2025-06-03T08:10:07+00:00","og_image":[{"width":1920,"height":643,"url":"https:\/\/issaline.com\/wp-content\/uploads\/2025\/06\/stretch_1.jpg","type":"image\/jpeg"}],"twitter_card":"summary_large_image","twitter_misc":{"Est. reading time":"1 minute"},"schema":{"@context":"https:\/\/schema.org","@graph":[{"@type":"WebPage","@id":"https:\/\/issaline.com\/stretch\/","url":"https:\/\/issaline.com\/stretch\/","name":"Stretch - Issaline","isPartOf":{"@id":"https:\/\/issaline.com\/#website"},"primaryImageOfPage":{"@id":"https:\/\/issaline.com\/stretch\/#primaryimage"},"image":{"@id":"https:\/\/issaline.com\/stretch\/#primaryimage"},"thumbnailUrl":"https:\/\/issaline.com\/wp-content\/uploads\/2025\/06\/stretch_1.jpg","datePublished":"2025-04-07T10:49:11+00:00","dateModified":"2025-06-03T08:10:07+00:00","breadcrumb":{"@id":"https:\/\/issaline.com\/stretch\/#breadcrumb"},"inLanguage":"en-US","potentialAction":[{"@type":"ReadAction","target":["https:\/\/issaline.com\/stretch\/"]}]},{"@type":"ImageObject","inLanguage":"en-US","@id":"https:\/\/issaline.com\/stretch\/#primaryimage","url":"https:\/\/issaline.com\/wp-content\/uploads\/2025\/06\/stretch_1.jpg","contentUrl":"https:\/\/issaline.com\/wp-content\/uploads\/2025\/06\/stretch_1.jpg"},{"@type":"BreadcrumbList","@id":"https:\/\/issaline.com\/stretch\/#breadcrumb","itemListElement":[{"@type":"ListItem","position":1,"name":"Portada","item":"https:\/\/issaline.com\/"},{"@type":"ListItem","position":2,"name":"Stretch"}]},{"@type":"WebSite","@id":"https:\/\/issaline.com\/#website","url":"https:\/\/issaline.com\/","name":"Issaline","description":"","publisher":{"@id":"https:\/\/issaline.com\/#organization"},"potentialAction":[{"@type":"SearchAction","target":{"@type":"EntryPoint","urlTemplate":"https:\/\/issaline.com\/?s={search_term_string}"},"query-input":{"@type":"PropertyValueSpecification","valueRequired":true,"valueName":"search_term_string"}}],"inLanguage":"en-US"},{"@type":"Organization","@id":"https:\/\/issaline.com\/#organization","name":"Issaline","url":"https:\/\/issaline.com\/","logo":{"@type":"ImageObject","inLanguage":"en-US","@id":"https:\/\/issaline.com\/#\/schema\/logo\/image\/","url":"https:\/\/issaline.com\/wp-content\/uploads\/2023\/07\/Issaline_logo.png","contentUrl":"https:\/\/issaline.com\/wp-content\/uploads\/2023\/07\/Issaline_logo.png","width":959,"height":391,"caption":"Issaline"},"image":{"@id":"https:\/\/issaline.com\/#\/schema\/logo\/image\/"}}]}},"_links":{"self":[{"href":"https:\/\/issaline.com\/en\/wp-json\/wp\/v2\/pages\/10773","targetHints":{"allow":["GET"]}}],"collection":[{"href":"https:\/\/issaline.com\/en\/wp-json\/wp\/v2\/pages"}],"about":[{"href":"https:\/\/issaline.com\/en\/wp-json\/wp\/v2\/types\/page"}],"author":[{"embeddable":true,"href":"https:\/\/issaline.com\/en\/wp-json\/wp\/v2\/users\/2"}],"replies":[{"embeddable":true,"href":"https:\/\/issaline.com\/en\/wp-json\/wp\/v2\/comments?post=10773"}],"version-history":[{"count":46,"href":"https:\/\/issaline.com\/en\/wp-json\/wp\/v2\/pages\/10773\/revisions"}],"predecessor-version":[{"id":10939,"href":"https:\/\/issaline.com\/en\/wp-json\/wp\/v2\/pages\/10773\/revisions\/10939"}],"wp:attachment":[{"href":"https:\/\/issaline.com\/en\/wp-json\/wp\/v2\/media?parent=10773"}],"curies":[{"name":"wp","href":"https:\/\/api.w.org\/{rel}","templated":true}]}}