{"id":50,"date":"2024-01-08T11:20:42","date_gmt":"2024-01-08T10:20:42","guid":{"rendered":"https:\/\/issaline.com\/?page_id=50"},"modified":"2024-11-04T13:41:10","modified_gmt":"2024-11-04T12:41:10","slug":"zasady-ochrany-osobnich-udaju","status":"publish","type":"page","link":"https:\/\/issaline.com\/cs\/politica-de-privacidad\/","title":{"rendered":"Z\u00e1sady ochrany osobn\u00edch \u00fadaj\u016f"},"content":{"rendered":"<div data-elementor-type=\"wp-page\" data-elementor-id=\"50\" class=\"elementor elementor-50\" data-elementor-post-type=\"page\">\n\t\t\t\t\t\t<section class=\"elementor-section elementor-top-section elementor-element elementor-element-4f2a582 elementor-section-boxed elementor-section-height-default elementor-section-height-default\" data-id=\"4f2a582\" data-element_type=\"section\" data-e-type=\"section\">\n\t\t\t\t\t\t<div class=\"elementor-container elementor-column-gap-default\">\n\t\t\t\t\t<div class=\"elementor-column elementor-col-100 elementor-top-column elementor-element elementor-element-c504694\" data-id=\"c504694\" data-element_type=\"column\" data-e-type=\"column\">\n\t\t\t<div class=\"elementor-widget-wrap elementor-element-populated\">\n\t\t\t\t\t\t<div class=\"elementor-element elementor-element-466311d elementor-widget elementor-widget-text-editor\" data-id=\"466311d\" data-element_type=\"widget\" data-e-type=\"widget\" data-widget_type=\"text-editor.default\">\n\t\t\t\t<div class=\"elementor-widget-container\">\n\t\t\t\t\t\t\t\t\t<h1><strong><u>Z\u00c1SADY OCHRANY OSOBN\u00cdCH \u00daDAJ\u016e<\/u><\/strong><\/h1><p><strong>\u00a0<\/strong><\/p><p><strong>\u00daVOD<\/strong><\/p><p>T\u011bmito z\u00e1sadami v\u00e1s chceme informovat o \u00fadaj\u00edch, kter\u00e9 od u\u017eivatel\u016f shroma\u017e\u010fujeme, a tak\u00e9 o jejich vyu\u017eit\u00ed a \u00fa\u010delu.<\/p><p>V t\u00e9to souvislosti v\u00e1s informujeme, \u017ee nikdy nebudeme po\u017eadovat v\u00edce informac\u00ed, ne\u017e skute\u010dn\u011b pot\u0159ebujeme pro po\u017eadovan\u00e9 slu\u017eby; tyto informace nebudou sd\u00edleny s t\u0159et\u00edmi stranami, pokud k tomu nebudou m\u00edt z\u00e1konnou povinnost nebo pokud k tomu nebudete m\u00edt v\u00fdslovn\u00fd p\u0159edchoz\u00ed souhlas. Stejn\u011b tak nikdy nepou\u017eijeme \u00fadaje, kter\u00e9 n\u00e1m p\u0159\u00edpadn\u011b poskytnete, k jin\u00e9mu \u00fa\u010delu, ne\u017e kter\u00fd n\u00e1m byl sd\u011blen.<\/p><p>U\u017eivatel t\u011bchto webov\u00fdch str\u00e1nek je povinen pe\u010dliv\u011b si p\u0159e\u010d\u00edst a sledovat, co je uvedeno v t\u011bchto z\u00e1sad\u00e1ch ochrany osobn\u00edch \u00fadaj\u016f, a to jak p\u0159i prvn\u00edm p\u0159\u00edstupu na tyto webov\u00e9 str\u00e1nky, tak v p\u0159\u00edpadech, kdy jsou zad\u00e1v\u00e1ny nov\u00e9 osobn\u00ed \u00fadaje, proto\u017ee tyto informace mohou b\u00fdt zm\u011bn\u011bny z d\u016fvodu dodr\u017een\u00ed platn\u00fdch p\u0159edpis\u016f, jako\u017e i p\u0159\u00edpadn\u00fdch aktualizac\u00ed, ani\u017e bychom byli povinni na to u\u017eivatele p\u0159edem upozornit nebo je o t\u011bchto povinnostech informovat, p\u0159i\u010dem\u017e posta\u010d\u00ed zve\u0159ejn\u011bn\u00ed na webov\u00fdch str\u00e1nk\u00e1ch poskytovatele.<\/p><p>\u00a0<\/p><p><strong>SPR\u00c1VCE \u00daDAJ\u016e<\/strong><\/p><ul><li><strong>Jm\u00e9no nebo n\u00e1zev spole\u010dnosti:<\/strong> <span style=\"color: #ff0000;\"><strong>AAAA<\/strong><\/span><\/li><li><strong>NIF:<\/strong> <span style=\"color: #ff0000;\"><strong>CCCC<\/strong><\/span><\/li><li><strong>Po\u0161tovn\u00ed adresa:<\/strong> <span style=\"color: #ff0000;\"><strong>BBBB<\/strong><\/span><\/li><li><strong>E-mail:<\/strong> <span style=\"color: #ff0000;\"><strong>EEEE<\/strong><\/span><\/li><\/ul><p>\u00a0<\/p><p><span style=\"color: #ff0000;\"><strong>AAAA<\/strong><\/span>jako strana odpov\u011bdn\u00e1 za Webov\u00e9 str\u00e1nky v souladu s ustanoven\u00edmi na\u0159\u00edzen\u00ed (EU) 2016\/679 ze dne 27. dubna 2016 (GDPR) o ochran\u011b fyzick\u00fdch osob v souvislosti se zpracov\u00e1n\u00edm osobn\u00edch \u00fadaj\u016f a voln\u00e9m pohybu t\u011bchto \u00fadaj\u016f a dal\u0161\u00edmi platn\u00fdmi pr\u00e1vn\u00edmi p\u0159edpisy o ochran\u011b osobn\u00edch \u00fadaj\u016f, a z\u00e1konem \u010d. 34\/2002 ze dne 11. \u010dervence 2002 o slu\u017eb\u00e1ch informa\u010dn\u00ed spole\u010dnosti a elektronick\u00e9m obchodu (LSSICE), V\u00e1s informuje, \u017ee zavedl nezbytn\u00e1 technick\u00e1 a organiza\u010dn\u00ed bezpe\u010dnostn\u00ed opat\u0159en\u00ed, kter\u00e1 zaru\u010duj\u00ed a chr\u00e1n\u00ed d\u016fv\u011brnost, integritu a dostupnost zadan\u00fdch \u00fadaj\u016f.<\/p><p>\u00a0<\/p><p><strong>SB\u011aR DAT A TYPOLOGIE<\/strong><\/p><p>\u00dadaje, kter\u00e9 shroma\u017e\u010fujeme, jsou ty, kter\u00e9 n\u00e1m u\u017eivatel webov\u00fdch str\u00e1nek souhlas\u00ed poskytnout, a ty, kter\u00e9 jsou nezbytn\u00e9 k tomu, abychom v\u00e1m mohli nab\u00eddnout po\u017eadovanou slu\u017ebu. Zp\u016fsob, jak je z\u00edskat, je vypln\u011bn\u00ed kontaktn\u00edho formul\u00e1\u0159e nebo slu\u017eby zas\u00edl\u00e1n\u00ed newsletteru, kter\u00e9 m\u016f\u017eeme nab\u00eddnout. Typem t\u011bchto \u00fadaj\u016f tedy bude va\u0161e jm\u00e9no, \u010d\u00edslo ob\u010dansk\u00e9ho pr\u016fkazu, telefonn\u00ed \u010d\u00edslo, profesn\u00ed \u00fadaje, bankovn\u00ed spojen\u00ed (pro p\u0159\u00edpadn\u00e9 proveden\u00ed platby) atd.<\/p><p>V t\u00e9to souvislosti v\u00e1s informujeme, \u017ee tento typ \u00fadaj\u016f nespad\u00e1 do kategorie zvl\u00e1\u0161t\u011b chr\u00e1n\u011bn\u00fdch \u00fadaj\u016f.<\/p><p><strong>\u00a0<\/strong><\/p><p><strong>\u00da\u010cEL ZPRACOV\u00c1N\u00cd<\/strong><\/p><p>Va\u0161e osobn\u00ed \u00fadaje budou pou\u017eity pouze k n\u00ed\u017ee uveden\u00fdm \u00fa\u010del\u016fm, a to s va\u0161\u00edm souhlasem pro ka\u017ed\u00fd z \u00fa\u010del\u016f uveden\u00fdch v p\u0159\u00edslu\u0161n\u00e9 \u010d\u00e1sti webov\u00fdch str\u00e1nek:<\/p><p>V p\u0159\u00edpad\u011b vypln\u011bn\u00ed kontaktn\u00edho formul\u00e1\u0159e je \u00fa\u010delem zpracov\u00e1n\u00ed odpov\u011bd\u011bt na p\u0159\u00edpadn\u00e9 dotazy nebo v\u00e1m poskytnout po\u017eadovan\u00e9 informace.<\/p><p>V p\u0159\u00edpad\u011b vypln\u011bn\u00ed formul\u00e1\u0159e pro p\u0159ihl\u00e1\u0161en\u00ed k odb\u011bru newsletteru je \u00fa\u010delem zas\u00edl\u00e1n\u00ed v\u0161ech relevantn\u00edch sd\u011blen\u00ed nebo reklam, pokud u\u017eivatel v\u00fdslovn\u011b souhlasil s t\u00edmto zas\u00edl\u00e1n\u00edm.<\/p><p>Upozor\u0148ujeme, \u017ee sv\u016fj souhlas m\u016f\u017eete kdykoli odvolat. Za t\u00edmto \u00fa\u010delem za\u0161lete e-mail na n\u00e1sleduj\u00edc\u00ed adresu <span style=\"color: #ff0000;\"><strong>EEEE<\/strong><\/span> sd\u011blit toto odvol\u00e1n\u00ed.<\/p><p>V t\u00e9to souvislosti bychom v\u00e1s r\u00e1di informovali, \u017ee <span style=\"color: #ff0000;\"><strong>AAAA<\/strong><\/span> nepou\u017e\u00edv\u00e1 SPAM, tj. nikdy nezas\u00edl\u00e1me komer\u010dn\u00ed e-maily, pokud si je u\u017eivatel p\u0159edem v\u00fdslovn\u011b nevy\u017e\u00e1dal.<\/p><p>Informujeme v\u00e1s, \u017ee va\u0161e osobn\u00ed \u00fadaje nebudeme zpracov\u00e1vat k \u017e\u00e1dn\u00e9mu jin\u00e9mu \u00fa\u010delu, ne\u017e kter\u00fd je pops\u00e1n v\u00fd\u0161e, s v\u00fdjimkou z\u00e1konn\u00e9 povinnosti nebo soudn\u00edho p\u0159\u00edkazu.<\/p><p><strong>\u00a0<\/strong><\/p><p><strong>LEGITIMIZACE ZPRACOV\u00c1N\u00cd<\/strong><\/p><p>Pr\u00e1vn\u00edm z\u00e1kladem pro zpracov\u00e1n\u00ed \u00fadaj\u016f je v\u00fdslovn\u00fd souhlas, kter\u00fd u\u017eivatel ud\u011blil p\u0159i vypl\u0148ov\u00e1n\u00ed p\u0159\u00edslu\u0161n\u00e9ho formul\u00e1\u0159e, aby obdr\u017eel po\u017eadovan\u00e9 informace. Pokud u\u017eivatel \u00fadaje a souhlas neposkytne, nebude mo\u017en\u00e9 dos\u00e1hnout v\u00fd\u0161e popsan\u00fdch \u00fa\u010del\u016f.<\/p><p>V p\u0159\u00edpadech, kdy mezi stranami existuje smluvn\u00ed vztah, je pr\u00e1vn\u00edm z\u00e1kladem pro pln\u011bn\u00ed povinnost\u00ed z n\u011bj vypl\u00fdvaj\u00edc\u00edch existence obchodn\u00edho vztahu zalo\u017een\u00e9ho mezi stranami.<\/p><p>Potenci\u00e1ln\u00ed nebo komer\u010dn\u00ed nab\u00eddka produkt\u016f a slu\u017eeb je zalo\u017eena na souhlasu, kter\u00fd jste si vy\u017e\u00e1dali, ani\u017e by bylo mo\u017en\u00e9 tento souhlas odvolat v jak\u00e9mkoli p\u0159\u00edpad\u011b podmi\u0148uj\u00edc\u00edm uzav\u0159en\u00ed smlouvy o odb\u011bru.<\/p><p><strong>\u00a0<\/strong><\/p><p><strong>DOBA UCHOV\u00c1V\u00c1N\u00cd \u00daDAJ\u016e:<\/strong><\/p><p>Va\u0161e \u00fadaje budou uchov\u00e1v\u00e1ny po dobu trv\u00e1n\u00ed va\u0161eho obchodn\u00edho vztahu s n\u00e1mi nebo po dobu, kdy uplatn\u00edte sv\u00e9 pr\u00e1vo na zru\u0161en\u00ed, odm\u00edtnut\u00ed nebo omezen\u00ed zpracov\u00e1n\u00ed va\u0161ich \u00fadaj\u016f. Va\u0161e \u00fadaje budeme rovn\u011b\u017e uchov\u00e1vat po dobu z\u00e1konem stanovenou v p\u0159\u00edslu\u0161n\u00fdch p\u0159edpisech.<\/p><p><strong>\u00a0<\/strong><\/p><p><strong>P\u0158\u00cdJEMCI P\u0158ID\u011aLEN\u00cd NEBO P\u0158EVOD\u016e<\/strong><\/p><p>Informujeme v\u00e1s, \u017ee osobn\u00ed \u00fadaje, kter\u00e9 n\u00e1m poskytnete, nepostupujeme, nesd\u011blujeme ani nep\u0159ed\u00e1v\u00e1me \u017e\u00e1dn\u00e9mu st\u00e1tu ani t\u0159et\u00ed stran\u011b. Tyto \u00fadaje budou sd\u011bleny pouze na z\u00e1klad\u011b soudn\u00edho p\u0159\u00edkazu nebo pr\u00e1vn\u00edch p\u0159edpis\u016f.<\/p><p>Poskytnut\u00e9 informace budou pouze ty, kter\u00e9 m\u00e1 poskytovatel aktu\u00e1ln\u011b k dispozici.<\/p><p><strong>\u00a0<\/strong><\/p><p><strong>PR\u00c1VA DOT\u010cEN\u00ddCH OSOB<\/strong><\/p><p>Jako subjekt \u00fadaj\u016f m\u00e1te podle obecn\u00e9ho na\u0159\u00edzen\u00ed o ochran\u011b osobn\u00edch \u00fadaj\u016f (GDPR) n\u00e1sleduj\u00edc\u00ed pr\u00e1va:<\/p><ul><li>\u010dl. 15 GDPR pr\u00e1vo v rozsahu tam uveden\u00e9m z\u00edskat informace o osobn\u00edch \u00fadaj\u00edch, kter\u00e9 se v\u00e1s t\u00fdkaj\u00ed a kter\u00e9 zpracov\u00e1v\u00e1me;<\/li><li>\u010dl. 16 GDPR pr\u00e1vo na to, aby byly bez zbyte\u010dn\u00e9ho odkladu opraveny nebo dopln\u011bny osobn\u00ed \u00fadaje, kter\u00e9 se ho t\u00fdkaj\u00ed;<\/li><li>\u010dl. 17 RGPD pr\u00e1vo na v\u00fdmaz osobn\u00edch \u00fadaj\u016f, kter\u00e9 se ho t\u00fdkaj\u00ed, za p\u0159edpokladu, \u017ee zpracov\u00e1n\u00ed nen\u00ed nezbytn\u00e9:<ul><li>uplat\u0148ovat pr\u00e1vo na svobodu projevu a informac\u00ed,<\/li><li>pro spln\u011bn\u00ed pr\u00e1vn\u00ed povinnosti,<\/li><li>z d\u016fvodu ve\u0159ejn\u00e9ho z\u00e1jmu, nebo<\/li><li>pro formulaci, uplatn\u011bn\u00ed nebo obhajobu n\u00e1rok\u016f;<\/li><\/ul><\/li><li>\u010dl. 18 RGPD, pr\u00e1vo na omezen\u00ed zpracov\u00e1n\u00ed va\u0161ich \u00fadaj\u016f, kdy\u017e<ul><li>subjekt \u00fadaj\u016f zpochyb\u0148uje p\u0159esnost \u00fadaj\u016f,<\/li><li>zpracov\u00e1n\u00ed je protipr\u00e1vn\u00ed a vy vznesete n\u00e1mitku proti v\u00fdmazu \u00fadaj\u016f,<\/li><li>my ji\u017e \u00fadaje nepot\u0159ebujeme, ale vy je pot\u0159ebujete pro formulaci, uplatn\u011bn\u00ed nebo obhajobu n\u00e1rok\u016f, nebo<\/li><li>jste vznesli n\u00e1mitku proti zpracov\u00e1n\u00ed podle \u010dl\u00e1nku 21 GDPR;<\/li><\/ul><\/li><li>\u010dl. 20 GDPR pr\u00e1vo z\u00edskat osobn\u00ed \u00fadaje, kter\u00e9 se v\u00e1s t\u00fdkaj\u00ed a kter\u00e9 jste n\u00e1m poskytli, ve strukturovan\u00e9m, b\u011b\u017en\u011b pou\u017e\u00edvan\u00e9m a strojov\u011b \u010diteln\u00e9m form\u00e1tu, nebo po\u017e\u00e1dat o jejich p\u0159ed\u00e1n\u00ed jin\u00e9mu spr\u00e1vci;<\/li><li>\u010dl. 77 GDPR pr\u00e1vo podat st\u00ed\u017enost u dozorov\u00e9ho \u00fa\u0159adu.<\/li><\/ul><p>\u00a0<\/p><p>Obecn\u011b plat\u00ed, \u017ee se m\u016f\u017eete obr\u00e1tit na dozorov\u00fd \u00fa\u0159ad v m\u00edst\u011b sv\u00e9ho obvykl\u00e9ho bydli\u0161t\u011b nebo zam\u011bstn\u00e1n\u00ed nebo v s\u00eddle na\u0161\u00ed spole\u010dnosti.<\/p><p>\u00a0<\/p><p><strong>Ve \u0160pan\u011blsku:<\/strong><\/p><ul><li>\u0160pan\u011blsk\u00e1 agentura pro ochranu \u00fadaj\u016f (AEPD)<\/li><li>Calle Jorge Juan, n\u00ba6<\/li><li>28001-Madrid<\/li><li>Telefon 901 100 099<\/li><li>https:\/\/www.aepd.es\/<\/li><\/ul><p><em>\u00a0<\/em><\/p><p>Jako u\u017eivatel m\u00e1te pr\u00e1vo sv\u016fj souhlas kdykoli odvolat. Odvol\u00e1n\u00ed souhlasu nem\u00e1 vliv na z\u00e1konnost zpracov\u00e1n\u00ed proveden\u00e9ho p\u0159ed odvol\u00e1n\u00edm souhlasu.<\/p><p><strong>\u00a0<\/strong><\/p><p><strong>BEZPE\u010cNOSTN\u00cd OPAT\u0158EN\u00cd<\/strong><\/p><p>S \u00fadaji, kter\u00e9 n\u00e1m poskytnete, bude nakl\u00e1d\u00e1no jako s p\u0159\u00edsn\u011b d\u016fv\u011brn\u00fdmi. Webov\u00fd port\u00e1l p\u0159ijal ve\u0161ker\u00e1 technick\u00e1 a organiza\u010dn\u00ed opat\u0159en\u00ed a v\u0161echny nezbytn\u00e9 \u00farovn\u011b ochrany, aby byla zaru\u010dena bezpe\u010dnost p\u0159i zpracov\u00e1n\u00ed \u00fadaj\u016f a aby se zabr\u00e1nilo jejich zm\u011bn\u011b, ztr\u00e1t\u011b, kr\u00e1de\u017ei, neopr\u00e1vn\u011bn\u00e9mu zpracov\u00e1n\u00ed nebo p\u0159\u00edstupu k nim, a to v souladu se stavem techniky a povahou ukl\u00e1dan\u00fdch \u00fadaj\u016f. Stejn\u011b tak je zaru\u010deno, \u017ee zpracov\u00e1n\u00ed a z\u00e1znam v souborech, programech, syst\u00e9mech nebo za\u0159\u00edzen\u00edch, prostor\u00e1ch a st\u0159edisc\u00edch spl\u0148uj\u00ed po\u017eadavky a podm\u00ednky integrity a bezpe\u010dnosti stanoven\u00e9 platn\u00fdmi p\u0159edpisy.<\/p><p><strong>\u00a0<\/strong><\/p><p><strong>SOCI\u00c1LN\u00cd S\u00cdT\u011a<\/strong><\/p><p>Upozor\u0148ujeme, \u017ee <span style=\"color: #ff0000;\"><strong>AAAA<\/strong><\/span> mohou b\u00fdt p\u0159\u00edtomny na soci\u00e1ln\u00edch s\u00edt\u00edch. Zpracov\u00e1n\u00ed \u00fadaj\u016f o osob\u00e1ch, kter\u00e9 se stanou sleduj\u00edc\u00edmi na soci\u00e1ln\u00edch s\u00edt\u00edch (a\/nebo provedou jak\u00fdkoli odkaz nebo akci propojen\u00ed prost\u0159ednictv\u00edm soci\u00e1ln\u00edch s\u00edt\u00ed) ofici\u00e1ln\u00edch str\u00e1nek tohoto webov\u00e9ho port\u00e1lu, se \u0159\u00edd\u00ed t\u00edmto odd\u00edlem, jako\u017e i podm\u00ednkami pou\u017e\u00edv\u00e1n\u00ed, z\u00e1sadami ochrany osobn\u00edch \u00fadaj\u016f a pravidly p\u0159\u00edstupu, kter\u00e9 n\u00e1le\u017e\u00ed soci\u00e1ln\u00ed s\u00edti, kter\u00e1 se v ka\u017ed\u00e9m p\u0159\u00edpad\u011b pou\u017eije a kterou u\u017eivatel p\u0159edem p\u0159ijal.<\/p><p>Informujeme v\u00e1s, \u017ee va\u0161e \u00fadaje budeme zpracov\u00e1vat za \u00fa\u010delem spr\u00e1vn\u00e9 spr\u00e1vy va\u0161\u00ed p\u0159\u00edtomnosti na soci\u00e1ln\u00ed s\u00edti, informov\u00e1n\u00ed o aktivit\u00e1ch, produktech nebo slu\u017eb\u00e1ch poskytovatele, jako\u017e i za jak\u00fdmkoli jin\u00fdm \u00fa\u010delem, kter\u00fd umo\u017e\u0148uj\u00ed p\u0159edpisy soci\u00e1ln\u00edch s\u00edt\u00ed.<\/p><p>Je p\u0159\u00edsn\u011b zak\u00e1z\u00e1no zve\u0159ej\u0148ovat obsah, kter\u00fd je podle platn\u00fdch pr\u00e1vn\u00edch p\u0159edpis\u016f nez\u00e1konn\u00fd nebo kter\u00fd je v rozporu s dobr\u00fdmi obchodn\u00edmi zvyklostmi nebo dobrou v\u00edrou, jako\u017e i obsah, kter\u00fd poru\u0161uje z\u00e1kladn\u00ed pr\u00e1va fyzick\u00fdch osob, v\u010detn\u011b ve\u0161ker\u00e9ho obsahu, kter\u00fd vlastn\u00edk t\u011bchto webov\u00fdch str\u00e1nek pova\u017euje za nevhodn\u00fd. V t\u00e9to souvislosti v\u00e1s informujeme, \u017ee si vyhrazujeme pr\u00e1vo odstranit bez p\u0159edchoz\u00edho upozorn\u011bn\u00ed jak\u00fdkoli obsah, kter\u00fd by mohl b\u00fdt nevhodn\u00fd.<\/p><p><strong>\u00a0<\/strong><\/p><p><strong>ZM\u011aNY T\u011aCHTO Z\u00c1SAD OCHRANY OSOBN\u00cdCH \u00daDAJ\u016e<\/strong><\/p><p>Vlastn\u00edk t\u011bchto webov\u00fdch str\u00e1nek si vyhrazuje pr\u00e1vo tyto z\u00e1sady upravit a p\u0159izp\u016fsobit je nov\u00fdm pr\u00e1vn\u00edm p\u0159edpis\u016fm nebo judikatu\u0159e.<\/p><p><strong>\u00a0<\/strong><\/p><p><strong>ODVOLATELNOST<\/strong><\/p><p>Souhlas ud\u011blen\u00fd u\u017eivatelem m\u016f\u017ee b\u00fdt kdykoli odvol\u00e1n v\u00fd\u0161e popsan\u00fdm zp\u016fsobem. Toto odvol\u00e1n\u00ed nab\u00fdv\u00e1 \u00fa\u010dinnosti okam\u017eikem jeho \u0159\u00e1dn\u00e9ho p\u0159ijet\u00ed vlastn\u00edkem webov\u00e9ho port\u00e1lu.<\/p><p><strong>\u00a0<\/strong><\/p><p><strong>LEGISLATIVA<\/strong><\/p><p>Ve\u0161ker\u00e9 vztahy a podm\u00ednky t\u00fdkaj\u00edc\u00ed se t\u011bchto webov\u00fdch str\u00e1nek podl\u00e9haj\u00ed \u0161pan\u011blsk\u00e9mu pr\u00e1vu.<\/p>\t\t\t\t\t\t\t\t<\/div>\n\t\t\t\t<\/div>\n\t\t\t\t\t<\/div>\n\t\t<\/div>\n\t\t\t\t\t<\/div>\n\t\t<\/section>\n\t\t\t\t<\/div>","protected":false},"excerpt":{"rendered":"<p>POLITICA DE PRIVACIDAD \u00a0 INTRODUCCI\u00d3N Con la presente pol\u00edtica, procedemos a informarles de los datos que recopilamos de los usuarios, as\u00ed como la utilizaci\u00f3n y finalidad que realizamos con los mismos En este sentido le informamos de que nunca solicitaremos m\u00e1s informaci\u00f3n de la que realmente necesitaremos para los servicios requeridos; dicha informaci\u00f3n no ser\u00e1 [&hellip;]<\/p>\n","protected":false},"author":1,"featured_media":0,"parent":0,"menu_order":0,"comment_status":"closed","ping_status":"closed","template":"","meta":{"footnotes":""},"class_list":["post-50","page","type-page","status-publish","hentry"],"yoast_head":"<!-- This site is optimized with the Yoast SEO plugin v27.3 - https:\/\/yoast.com\/product\/yoast-seo-wordpress\/ -->\n<title>Pol\u00edtica de Privacidad - Issaline<\/title>\n<meta name=\"robots\" content=\"index, follow, max-snippet:-1, max-image-preview:large, max-video-preview:-1\" \/>\n<link rel=\"canonical\" href=\"https:\/\/issaline.com\/cs\/zasady-ochrany-osobnich-udaju\/\" \/>\n<meta property=\"og:locale\" content=\"cs_CZ\" \/>\n<meta property=\"og:type\" content=\"article\" \/>\n<meta property=\"og:title\" content=\"Pol\u00edtica de Privacidad - Issaline\" \/>\n<meta property=\"og:description\" content=\"POLITICA DE PRIVACIDAD \u00a0 INTRODUCCI\u00d3N Con la presente pol\u00edtica, procedemos a informarles de los datos que recopilamos de los usuarios, as\u00ed como la utilizaci\u00f3n y finalidad que realizamos con los mismos En este sentido le informamos de que nunca solicitaremos m\u00e1s informaci\u00f3n de la que realmente necesitaremos para los servicios requeridos; dicha informaci\u00f3n no ser\u00e1 [&hellip;]\" \/>\n<meta property=\"og:url\" content=\"https:\/\/issaline.com\/cs\/zasady-ochrany-osobnich-udaju\/\" \/>\n<meta property=\"og:site_name\" content=\"Issaline\" \/>\n<meta property=\"article:modified_time\" content=\"2024-11-04T12:41:10+00:00\" \/>\n<meta name=\"twitter:card\" content=\"summary_large_image\" \/>\n<meta name=\"twitter:label1\" content=\"Odhadovan\u00e1 doba \u010dten\u00ed\" \/>\n\t<meta name=\"twitter:data1\" content=\"8 minut\" \/>\n<script type=\"application\/ld+json\" class=\"yoast-schema-graph\">{\"@context\":\"https:\\\/\\\/schema.org\",\"@graph\":[{\"@type\":\"WebPage\",\"@id\":\"https:\\\/\\\/issaline.com\\\/politica-de-privacidad\\\/\",\"url\":\"https:\\\/\\\/issaline.com\\\/politica-de-privacidad\\\/\",\"name\":\"Pol\u00edtica de Privacidad - Issaline\",\"isPartOf\":{\"@id\":\"https:\\\/\\\/issaline.com\\\/#website\"},\"datePublished\":\"2024-01-08T10:20:42+00:00\",\"dateModified\":\"2024-11-04T12:41:10+00:00\",\"breadcrumb\":{\"@id\":\"https:\\\/\\\/issaline.com\\\/politica-de-privacidad\\\/#breadcrumb\"},\"inLanguage\":\"cs\",\"potentialAction\":[{\"@type\":\"ReadAction\",\"target\":[\"https:\\\/\\\/issaline.com\\\/politica-de-privacidad\\\/\"]}]},{\"@type\":\"BreadcrumbList\",\"@id\":\"https:\\\/\\\/issaline.com\\\/politica-de-privacidad\\\/#breadcrumb\",\"itemListElement\":[{\"@type\":\"ListItem\",\"position\":1,\"name\":\"Portada\",\"item\":\"https:\\\/\\\/issaline.com\\\/\"},{\"@type\":\"ListItem\",\"position\":2,\"name\":\"Pol\u00edtica de Privacidad\"}]},{\"@type\":\"WebSite\",\"@id\":\"https:\\\/\\\/issaline.com\\\/#website\",\"url\":\"https:\\\/\\\/issaline.com\\\/\",\"name\":\"Issaline\",\"description\":\"\",\"publisher\":{\"@id\":\"https:\\\/\\\/issaline.com\\\/#organization\"},\"potentialAction\":[{\"@type\":\"SearchAction\",\"target\":{\"@type\":\"EntryPoint\",\"urlTemplate\":\"https:\\\/\\\/issaline.com\\\/?s={search_term_string}\"},\"query-input\":{\"@type\":\"PropertyValueSpecification\",\"valueRequired\":true,\"valueName\":\"search_term_string\"}}],\"inLanguage\":\"cs\"},{\"@type\":\"Organization\",\"@id\":\"https:\\\/\\\/issaline.com\\\/#organization\",\"name\":\"Issaline\",\"url\":\"https:\\\/\\\/issaline.com\\\/\",\"logo\":{\"@type\":\"ImageObject\",\"inLanguage\":\"cs\",\"@id\":\"https:\\\/\\\/issaline.com\\\/#\\\/schema\\\/logo\\\/image\\\/\",\"url\":\"https:\\\/\\\/issaline.com\\\/wp-content\\\/uploads\\\/2023\\\/07\\\/Issaline_logo.png\",\"contentUrl\":\"https:\\\/\\\/issaline.com\\\/wp-content\\\/uploads\\\/2023\\\/07\\\/Issaline_logo.png\",\"width\":959,\"height\":391,\"caption\":\"Issaline\"},\"image\":{\"@id\":\"https:\\\/\\\/issaline.com\\\/#\\\/schema\\\/logo\\\/image\\\/\"}}]}<\/script>\n<!-- \/ Yoast SEO plugin. -->","yoast_head_json":{"title":"Z\u00e1sady ochrany osobn\u00edch \u00fadaj\u016f - Issaline","robots":{"index":"index","follow":"follow","max-snippet":"max-snippet:-1","max-image-preview":"max-image-preview:large","max-video-preview":"max-video-preview:-1"},"canonical":"https:\/\/issaline.com\/cs\/zasady-ochrany-osobnich-udaju\/","og_locale":"cs_CZ","og_type":"article","og_title":"Pol\u00edtica de Privacidad - Issaline","og_description":"POLITICA DE PRIVACIDAD \u00a0 INTRODUCCI\u00d3N Con la presente pol\u00edtica, procedemos a informarles de los datos que recopilamos de los usuarios, as\u00ed como la utilizaci\u00f3n y finalidad que realizamos con los mismos En este sentido le informamos de que nunca solicitaremos m\u00e1s informaci\u00f3n de la que realmente necesitaremos para los servicios requeridos; dicha informaci\u00f3n no ser\u00e1 [&hellip;]","og_url":"https:\/\/issaline.com\/cs\/zasady-ochrany-osobnich-udaju\/","og_site_name":"Issaline","article_modified_time":"2024-11-04T12:41:10+00:00","twitter_card":"summary_large_image","twitter_misc":{"Odhadovan\u00e1 doba \u010dten\u00ed":"8 minut"},"schema":{"@context":"https:\/\/schema.org","@graph":[{"@type":"WebPage","@id":"https:\/\/issaline.com\/politica-de-privacidad\/","url":"https:\/\/issaline.com\/politica-de-privacidad\/","name":"Z\u00e1sady ochrany osobn\u00edch \u00fadaj\u016f - Issaline","isPartOf":{"@id":"https:\/\/issaline.com\/#website"},"datePublished":"2024-01-08T10:20:42+00:00","dateModified":"2024-11-04T12:41:10+00:00","breadcrumb":{"@id":"https:\/\/issaline.com\/politica-de-privacidad\/#breadcrumb"},"inLanguage":"cs","potentialAction":[{"@type":"ReadAction","target":["https:\/\/issaline.com\/politica-de-privacidad\/"]}]},{"@type":"BreadcrumbList","@id":"https:\/\/issaline.com\/politica-de-privacidad\/#breadcrumb","itemListElement":[{"@type":"ListItem","position":1,"name":"Portada","item":"https:\/\/issaline.com\/"},{"@type":"ListItem","position":2,"name":"Pol\u00edtica de Privacidad"}]},{"@type":"WebSite","@id":"https:\/\/issaline.com\/#website","url":"https:\/\/issaline.com\/","name":"Issaline","description":"","publisher":{"@id":"https:\/\/issaline.com\/#organization"},"potentialAction":[{"@type":"SearchAction","target":{"@type":"EntryPoint","urlTemplate":"https:\/\/issaline.com\/?s={search_term_string}"},"query-input":{"@type":"PropertyValueSpecification","valueRequired":true,"valueName":"search_term_string"}}],"inLanguage":"cs"},{"@type":"Organization","@id":"https:\/\/issaline.com\/#organization","name":"Issaline","url":"https:\/\/issaline.com\/","logo":{"@type":"ImageObject","inLanguage":"cs","@id":"https:\/\/issaline.com\/#\/schema\/logo\/image\/","url":"https:\/\/issaline.com\/wp-content\/uploads\/2023\/07\/Issaline_logo.png","contentUrl":"https:\/\/issaline.com\/wp-content\/uploads\/2023\/07\/Issaline_logo.png","width":959,"height":391,"caption":"Issaline"},"image":{"@id":"https:\/\/issaline.com\/#\/schema\/logo\/image\/"}}]}},"_links":{"self":[{"href":"https:\/\/issaline.com\/cs\/wp-json\/wp\/v2\/pages\/50","targetHints":{"allow":["GET"]}}],"collection":[{"href":"https:\/\/issaline.com\/cs\/wp-json\/wp\/v2\/pages"}],"about":[{"href":"https:\/\/issaline.com\/cs\/wp-json\/wp\/v2\/types\/page"}],"author":[{"embeddable":true,"href":"https:\/\/issaline.com\/cs\/wp-json\/wp\/v2\/users\/1"}],"replies":[{"embeddable":true,"href":"https:\/\/issaline.com\/cs\/wp-json\/wp\/v2\/comments?post=50"}],"version-history":[{"count":17,"href":"https:\/\/issaline.com\/cs\/wp-json\/wp\/v2\/pages\/50\/revisions"}],"predecessor-version":[{"id":8195,"href":"https:\/\/issaline.com\/cs\/wp-json\/wp\/v2\/pages\/50\/revisions\/8195"}],"wp:attachment":[{"href":"https:\/\/issaline.com\/cs\/wp-json\/wp\/v2\/media?parent=50"}],"curies":[{"name":"wp","href":"https:\/\/api.w.org\/{rel}","templated":true}]}}