{"id":38,"date":"2024-01-08T11:10:14","date_gmt":"2024-01-08T10:10:14","guid":{"rendered":"https:\/\/issaline.com\/?page_id=38"},"modified":"2024-11-04T13:43:43","modified_gmt":"2024-11-04T12:43:43","slug":"pravni-upozorneni","status":"publish","type":"page","link":"https:\/\/issaline.com\/cs\/aviso-legal\/","title":{"rendered":"Pr\u00e1vn\u00ed upozorn\u011bn\u00ed"},"content":{"rendered":"<div data-elementor-type=\"wp-page\" data-elementor-id=\"38\" class=\"elementor elementor-38\" data-elementor-post-type=\"page\">\n\t\t\t\t\t\t<section class=\"elementor-section elementor-top-section elementor-element elementor-element-c65cb9d elementor-section-boxed elementor-section-height-default elementor-section-height-default\" data-id=\"c65cb9d\" data-element_type=\"section\" data-e-type=\"section\">\n\t\t\t\t\t\t<div class=\"elementor-container elementor-column-gap-default\">\n\t\t\t\t\t<div class=\"elementor-column elementor-col-100 elementor-top-column elementor-element elementor-element-5e5ca6f\" data-id=\"5e5ca6f\" data-element_type=\"column\" data-e-type=\"column\">\n\t\t\t<div class=\"elementor-widget-wrap elementor-element-populated\">\n\t\t\t\t\t\t<div class=\"elementor-element elementor-element-07f1b4c elementor-widget elementor-widget-text-editor\" data-id=\"07f1b4c\" data-element_type=\"widget\" data-e-type=\"widget\" data-widget_type=\"text-editor.default\">\n\t\t\t\t<div class=\"elementor-widget-container\">\n\t\t\t\t\t\t\t\t\t<p><strong>\u00a0<\/strong><\/p><h1><strong><u>PR\u00c1VN\u00cd UPOZORN\u011aN\u00cd<\/u><\/strong><\/h1><p>V souladu s \u010dl\u00e1nkem 10 z\u00e1kona 34\/2002 o slu\u017eb\u00e1ch informa\u010dn\u00ed spole\u010dnosti a elektronick\u00e9m obchodu informujeme u\u017eivatele o na\u0161ich \u00fadaj\u00edch:<\/p><ul><li><strong>N\u00e1zev spole\u010dnosti:<\/strong> <strong><span style=\"color: #ff0000;\">AAAA<\/span><\/strong><\/li><li><strong>S\u00eddlo spole\u010dnosti:<\/strong> <span style=\"color: #ff0000;\"><strong>BBBB<\/strong><\/span><\/li><li><strong>NIF<\/strong>: <span style=\"color: #ff0000;\"><strong>CCCC<\/strong><\/span><\/li><li><b>Obchodn\u00ed rejst\u0159\u00edk:<\/b> Tato spole\u010dnost je zaps\u00e1na v obchodn\u00edm rejst\u0159\u00edku <span style=\"color: #ff0000;\"><strong>\u2014-<\/strong><\/span>, svazek <span style=\"color: #ff0000;\"><strong>\u2014-<\/strong><\/span>, folio <strong><span style=\"color: #ff0000;\">\u2014-<\/span><\/strong> list <strong><span style=\"color: #ff0000;\">\u2014-<\/span><\/strong>.<\/li><li><strong>Telefon:<\/strong> <span style=\"color: #ff0000;\"><strong>DDDD<\/strong><\/span><\/li><li><strong>E-mail:<\/strong> <span style=\"color: #ff0000;\"><strong>EEEE<\/strong><\/span><\/li><li><strong>Webov\u00e9 str\u00e1nky:<\/strong> <strong><span style=\"color: #ff0000;\">FFFF<\/span><\/strong><\/li><\/ul><p><strong>\u00a0<\/strong><\/p><p><strong>OBJEKT<\/strong><\/p><p><span style=\"color: #ff0000;\"><strong>AAAA<\/strong><\/span>(d\u00e1le tak\u00e9 poskytovatel), jako\u017eto osoba odpov\u011bdn\u00e1 za webov\u00e9 str\u00e1nky, zp\u0159\u00edstup\u0148uje u\u017eivatel\u016fm tento dokument, kter\u00fd upravuje pou\u017e\u00edv\u00e1n\u00ed webov\u00fdch str\u00e1nek. <span style=\"color: #ff0000;\"><strong>FFFF<\/strong><\/span>Tyto webov\u00e9 str\u00e1nky jsou v souladu s ustanoven\u00edmi z\u00e1kona 34\/2002 o slu\u017eb\u00e1ch informa\u010dn\u00ed spole\u010dnosti a elektronick\u00e9m obchodu (LSSICE nebo LSSI) a informuj\u00ed v\u0161echny u\u017eivatele webov\u00fdch str\u00e1nek o podm\u00ednk\u00e1ch jejich pou\u017e\u00edv\u00e1n\u00ed.<\/p><p>P\u0159\u00edstupem na tyto webov\u00e9 str\u00e1nky a jejich pou\u017e\u00edv\u00e1n\u00edm se n\u00e1v\u0161t\u011bvn\u00edk st\u00e1v\u00e1 u\u017eivatelem. To znamen\u00e1, \u017ee u\u017eivatel p\u0159ij\u00edm\u00e1 v\u017edy platn\u00e9 podm\u00ednky pou\u017e\u00edv\u00e1n\u00ed a zavazuje se, \u017ee bude obsah webov\u00fdch str\u00e1nek n\u00e1le\u017eit\u011b vyu\u017e\u00edvat a \u017ee bude p\u0159\u00edsn\u011b dodr\u017eovat a plnit ustanoven\u00ed tohoto ozn\u00e1men\u00ed a v\u0161ech platn\u00fdch p\u0159edpis\u016f.<\/p><p>U\u017eivatel\u00e9 jsou povinni sezn\u00e1mit se s obsahem tohoto pr\u00e1vn\u00edho upozorn\u011bn\u00ed a dodr\u017eovat jej, p\u0159i\u010dem\u017e jsou informov\u00e1ni o tom, \u017ee m\u016f\u017ee doj\u00edt k jeho zm\u011bn\u00e1m v d\u016fsledku jeho p\u0159izp\u016fsoben\u00ed vlastn\u00edkem webov\u00e9ho port\u00e1lu aktu\u00e1ln\u011b platn\u00fdm p\u0159edpis\u016fm. Proto v\u00e1s informujeme, \u017ee vlastn\u00edk webov\u00e9ho port\u00e1lu m\u016f\u017ee bez p\u0159edchoz\u00edho upozorn\u011bn\u00ed upravit jeho obsah.<\/p><p><strong>\u00a0<\/strong><\/p><p><strong>PODM\u00cdNKY POU\u017d\u00cdV\u00c1N\u00cd WEBOV\u00ddCH STR\u00c1NEK<\/strong><\/p><p>Pou\u017e\u00edv\u00e1n\u00ed t\u011bchto webov\u00fdch str\u00e1nek je bezplatn\u00e9 a k jejich pou\u017e\u00edv\u00e1n\u00ed nen\u00ed nutn\u00e9 p\u0159edchoz\u00ed p\u0159edplatn\u00e9. U n\u011bkter\u00fdch slu\u017eeb je v\u0161ak vy\u017eadov\u00e1no vypln\u011bn\u00ed formul\u00e1\u0159e (nap\u0159\u00edklad pro n\u00e1kup produkt\u016f nebo z\u00edsk\u00e1n\u00ed informac\u00ed). Tato registrace bude provedena za podm\u00ednek uveden\u00fdch v p\u0159\u00edslu\u0161n\u00e9 sekci.<\/p><p>U\u017eivatel se zavazuje, \u017ee ve\u0161ker\u00e9 poskytnut\u00e9 informace jsou pravdiv\u00e9 a v\u017edy aktu\u00e1ln\u00ed, a vlastn\u00edk webov\u00fdch str\u00e1nek nenese \u017e\u00e1dnou odpov\u011bdnost za nepravdivost uveden\u00fdch informac\u00ed.<\/p><p>V p\u0159\u00edpad\u011b, \u017ee je u\u017eivatel nezletil\u00fd, mus\u00ed v\u017edy z\u00edskat v\u00fdslovn\u00fd p\u0159edchoz\u00ed souhlas sv\u00fdch rodi\u010d\u016f, opatrovn\u00edk\u016f nebo z\u00e1konn\u00fdch z\u00e1stupc\u016f k proveden\u00ed jak\u00e9hokoli \u00fakonu.<\/p><p>U\u017eivatel se zavazuje pou\u017e\u00edvat webov\u00e9 str\u00e1nky v souladu se z\u00e1konem a t\u00edmto pr\u00e1vn\u00edm ozn\u00e1men\u00edm. V tomto smyslu nebude \u0161\u00ed\u0159it obsah, kter\u00fd je v rozporu se z\u00e1konem nebo d\u016fstojnost\u00ed \u010dlov\u011bka; kter\u00fd je diskrimina\u010dn\u00ed na z\u00e1klad\u011b narozen\u00ed, rasy, pohlav\u00ed, n\u00e1bo\u017eenstv\u00ed, n\u00e1zoru nebo jak\u00e9hokoli jin\u00e9ho osobn\u00edho \u010di spole\u010densk\u00e9ho stavu nebo okolnosti; nebo kter\u00fd je jak\u00fdmkoli zp\u016fsobem v rozporu se z\u00e1konem a ve\u0159ejn\u00fdm po\u0159\u00e1dkem; jako\u017e i s mor\u00e1lkou a dobr\u00fdmi mravy.<\/p><p><strong>\u00a0<\/strong><\/p><p><strong>VYLOU\u010cEN\u00cd Z\u00c1RUK A ODPOV\u011aDNOSTI<\/strong><\/p><p>Vlastn\u00edk t\u011bchto webov\u00fdch str\u00e1nek je zpro\u0161t\u011bn odpov\u011bdnosti v p\u0159\u00edpadech, kdy jsou poskytnut\u00e9 informace nepravdiv\u00e9 nebo kdy byly informace zve\u0159ejn\u011bn\u00e9 na t\u011bchto webov\u00fdch str\u00e1nk\u00e1ch zmanipulov\u00e1ny t\u0159et\u00edmi stranami.<\/p><p>Vlastn\u00edk webov\u00fdch str\u00e1nek se rovn\u011b\u017e z\u0159\u00edk\u00e1 jak\u00e9koli odpov\u011bdnosti, kter\u00e1 m\u016f\u017ee vzniknout v d\u016fsledku nefunk\u010dnosti webov\u00fdch str\u00e1nek, v d\u016fsledku vir\u016f, \u0161kodliv\u00fdch nebo \u0161kodliv\u00fdch program\u016f v obsahu; nez\u00e1konn\u00e9ho, nedbal\u00e9ho, podvodn\u00e9ho jedn\u00e1n\u00ed nebo jedn\u00e1n\u00ed v rozporu s t\u00edmto pr\u00e1vn\u00edm ozn\u00e1men\u00edm a podm\u00ednkami pou\u017e\u00edv\u00e1n\u00ed.<\/p><p><strong>\u00a0<\/strong><\/p><p><strong>COOKIES<\/strong><\/p><p>Webov\u00e9 str\u00e1nky poskytovatele mohou pou\u017e\u00edvat soubory cookie (mal\u00e9 informa\u010dn\u00ed soubory, kter\u00e9 server odes\u00edl\u00e1 do po\u010d\u00edta\u010de osoby, kter\u00e1 str\u00e1nku nav\u0161t\u011bvuje) k prov\u00e1d\u011bn\u00ed ur\u010dit\u00fdch funkc\u00ed, kter\u00e9 jsou pova\u017eov\u00e1ny za nezbytn\u00e9 pro spr\u00e1vn\u00e9 fungov\u00e1n\u00ed a vizualizaci str\u00e1nek. Pou\u017eit\u00e9 soubory cookie jsou v ka\u017ed\u00e9m p\u0159\u00edpad\u011b do\u010dasn\u00e9 povahy, jejich jedin\u00fdm \u00fa\u010delem je zefektivnit prohl\u00ed\u017een\u00ed str\u00e1nek a po skon\u010den\u00ed relace u\u017eivatele zmiz\u00ed.<\/p><p>Soubory cookie nebudou v \u017e\u00e1dn\u00e9m p\u0159\u00edpad\u011b pou\u017e\u00edv\u00e1ny ke shroma\u017e\u010fov\u00e1n\u00ed osobn\u00edch \u00fadaj\u016f.<\/p><p>Dal\u0161\u00ed informace naleznete v na\u0161em <a href=\"\/cs\/zasady-pouzivani-souboru-cookie\/\">Z\u00e1sady pou\u017e\u00edv\u00e1n\u00ed soubor\u016f cookie<\/a>.<\/p><p><strong>\u00a0<\/strong><\/p><p><strong>POLITIKA ODKAZ\u016e<\/strong><\/p><p>Tyto webov\u00e9 str\u00e1nky mohou obsahovat odkazy na jin\u00e9 webov\u00e9 str\u00e1nky, jejich\u017e z\u00e1sady ochrany osobn\u00edch \u00fadaj\u016f se li\u0161\u00ed od t\u011bchto. <span style=\"color: #ff0000;\"><strong>AAAA<\/strong><\/span> neodpov\u00edd\u00e1 za obsah nebo postupy odkazovan\u00fdch str\u00e1nek a doporu\u010dujeme v\u00e1m, abyste si pe\u010dliv\u011b p\u0159e\u010detli z\u00e1sady ochrany osobn\u00edch \u00fadaj\u016f jak\u00e9koli webov\u00e9 str\u00e1nky, na kterou z t\u00e9to str\u00e1nky vstoup\u00edte.<\/p><p><strong>\u00a0<\/strong><\/p><p><strong>OCHRANA OSOBN\u00cdCH \u00daDAJ\u016e<\/strong><\/p><p>Vlastn\u00edk webov\u00e9ho port\u00e1lu zaru\u010duje pln\u00e9 dodr\u017eov\u00e1n\u00ed platn\u00fdch povinnost\u00ed, jako\u017e i prov\u00e1d\u011bn\u00ed bezpe\u010dnostn\u00edch opat\u0159en\u00ed stanoven\u00fdch v evropsk\u00e9m na\u0159\u00edzen\u00ed o ochran\u011b \u00fadaj\u016f a \u0161pan\u011blsk\u00fdch p\u0159edpisech o ochran\u011b \u00fadaj\u016f. Dal\u0161\u00ed informace naleznete v na\u0161em <a href=\"\/cs\/zasady-ochrany-osobnich-udaju\/\">Z\u00e1sady ochrany osobn\u00edch \u00fadaj\u016f<\/a>.<\/p><p><strong>\u00a0<\/strong><\/p><p><strong>DU\u0160EVN\u00cd A PR\u016eMYSLOV\u00c9 VLASTNICTV\u00cd<\/strong><\/p><p>U\u017eivatel bere na v\u011bdom\u00ed a souhlas\u00ed s t\u00edm, \u017ee ve\u0161ker\u00fd obsah zobrazen\u00fd na webov\u00fdch str\u00e1nk\u00e1ch a zejm\u00e9na n\u00e1vrhy, texty, obr\u00e1zky, loga, ikony, tla\u010d\u00edtka, software, obchodn\u00ed n\u00e1zvy, zna\u010dky nebo jak\u00e9koli jin\u00e9 znaky zp\u016fsobil\u00e9 k pr\u016fmyslov\u00e9mu a\/nebo obchodn\u00edmu vyu\u017eit\u00ed jsou p\u0159edm\u011btem pr\u00e1v du\u0161evn\u00edho vlastnictv\u00ed a v\u0161echny zna\u010dky, obchodn\u00ed n\u00e1zvy nebo rozli\u0161ovac\u00ed znaky, ve\u0161ker\u00e1 pr\u00e1va pr\u016fmyslov\u00e9ho a du\u0161evn\u00edho vlastnictv\u00ed na obsah a\/nebo jak\u00e9koli jin\u00e9 prvky vlo\u017een\u00e9 na str\u00e1nky, kter\u00e9 jsou v\u00fdhradn\u00edm vlastnictv\u00edm vlastn\u00edka webov\u00e9ho port\u00e1lu a\/nebo t\u0159et\u00edch stran, kter\u00e9 maj\u00ed v\u00fdhradn\u00ed pr\u00e1vo je pou\u017e\u00edvat v r\u00e1mci obchodn\u00edho styku. U\u017eivatel se proto zavazuje, \u017ee nebude takov\u00fd obsah reprodukovat, kop\u00edrovat, distribuovat, zp\u0159\u00edstup\u0148ovat nebo jak\u00fdmkoli jin\u00fdm zp\u016fsobem ve\u0159ejn\u011b sd\u011blovat, p\u0159etv\u00e1\u0159et nebo upravovat, a nebude z toho vyvozovat \u017e\u00e1dnou odpov\u011bdnost. <span style=\"color: #ff0000;\"><strong>AAAA<\/strong><\/span>U\u017eivatel neodpov\u00edd\u00e1 za \u017e\u00e1dn\u00e9 n\u00e1roky vypl\u00fdvaj\u00edc\u00ed z poru\u0161en\u00ed t\u011bchto povinnost\u00ed. P\u0159\u00edstup na webov\u00e9 str\u00e1nky v \u017e\u00e1dn\u00e9m p\u0159\u00edpad\u011b neznamen\u00e1 vzd\u00e1n\u00ed se jak\u00e9hokoli druhu pr\u00e1v, p\u0159evod, licenci nebo \u00fapln\u00fd \u010di \u010d\u00e1ste\u010dn\u00fd p\u0159evod uveden\u00fdch pr\u00e1v, pokud nen\u00ed v\u00fdslovn\u011b stanoveno jinak. Tyto V\u0161eobecn\u00e9 podm\u00ednky pou\u017e\u00edv\u00e1n\u00ed Webov\u00fdch str\u00e1nek neud\u011bluj\u00ed U\u017eivatel\u016fm \u017e\u00e1dn\u00e1 jin\u00e1 pr\u00e1va na pou\u017e\u00edv\u00e1n\u00ed, \u00fapravu, vyu\u017e\u00edv\u00e1n\u00ed, reprodukci, \u0161\u00ed\u0159en\u00ed nebo ve\u0159ejn\u00e9 sd\u011blov\u00e1n\u00ed Webov\u00fdch str\u00e1nek a\/nebo jejich obsahu, ne\u017e kter\u00e1 jsou zde v\u00fdslovn\u011b stanovena. Jak\u00e9koli jin\u00e9 pou\u017eit\u00ed nebo vyu\u017eit\u00ed jak\u00fdchkoli jin\u00fdch pr\u00e1v podl\u00e9h\u00e1 p\u0159edchoz\u00edmu a v\u00fdslovn\u00e9mu povolen\u00ed, kter\u00e9 za t\u00edmto \u00fa\u010delem v\u00fdslovn\u011b ud\u011bluje <span style=\"color: #ff0000;\"><strong>AAAA<\/strong><\/span>nebo t\u0159et\u00ed strana, kter\u00e1 je dr\u017eitelem p\u0159\u00edslu\u0161n\u00fdch pr\u00e1v.<\/p><p>Obsah, texty, fotografie, n\u00e1vrhy, loga, obr\u00e1zky, po\u010d\u00edta\u010dov\u00e9 programy, zdrojov\u00e9 k\u00f3dy a obecn\u011b jak\u00e1koli du\u0161evn\u00ed tvorba na t\u011bchto str\u00e1nk\u00e1ch, jako\u017e i samotn\u00e9 str\u00e1nky jako celek, jako\u017eto multimedi\u00e1ln\u00ed um\u011bleck\u00e9 d\u00edlo, jsou chr\u00e1n\u011bny autorsk\u00fdm pr\u00e1vem podle pr\u00e1vn\u00edch p\u0159edpis\u016f o du\u0161evn\u00edm vlastnictv\u00ed. <span style=\"color: #ff0000;\"><strong>AAAA<\/strong><\/span>U\u017eivatel je vlastn\u00edkem prvk\u016f, kter\u00e9 tvo\u0159\u00ed grafickou podobu webov\u00fdch str\u00e1nek, menu, naviga\u010dn\u00edch tla\u010d\u00edtek, k\u00f3du HTML, text\u016f, obr\u00e1zk\u016f, textur, grafiky a jak\u00e9hokoli jin\u00e9ho obsahu webov\u00fdch str\u00e1nek, nebo m\u00e1 v ka\u017ed\u00e9m p\u0159\u00edpad\u011b odpov\u00eddaj\u00edc\u00ed opr\u00e1vn\u011bn\u00ed k pou\u017eit\u00ed t\u011bchto prvk\u016f. Obsah poskytovan\u00fd na Webov\u00fdch str\u00e1nk\u00e1ch nesm\u00ed b\u00fdt reprodukov\u00e1n jako celek ani po \u010d\u00e1stech, ani p\u0159en\u00e1\u0161en, ani zaznamen\u00e1v\u00e1n jak\u00fdmkoli syst\u00e9mem pro vyhled\u00e1v\u00e1n\u00ed informac\u00ed, a to v \u017e\u00e1dn\u00e9 form\u011b ani \u017e\u00e1dn\u00fdmi prost\u0159edky bez p\u0159edchoz\u00edho p\u00edsemn\u00e9ho povolen\u00ed v\u00fd\u0161e uveden\u00e9ho Subjektu.<\/p><p>Je rovn\u011b\u017e zak\u00e1z\u00e1no odstra\u0148ovat, obch\u00e1zet a\/nebo manipulovat s autorsk\u00fdmi pr\u00e1vy, jako\u017e i s technick\u00fdmi ochrann\u00fdmi za\u0159\u00edzen\u00edmi nebo jak\u00fdmikoliv informa\u010dn\u00edmi mechanismy, kter\u00e9 mohou b\u00fdt obsa\u017eeny v obsahu. U\u017eivatel t\u011bchto webov\u00fdch str\u00e1nek se zavazuje respektovat v\u00fd\u0161e uveden\u00e1 pr\u00e1va a vyvarovat se jak\u00e9hokoli jedn\u00e1n\u00ed, kter\u00e9 by je mohlo po\u0161kodit, p\u0159i\u010dem\u017e si ve v\u0161ech p\u0159\u00edpadech vyhrazuje pr\u00e1vo na <span style=\"color: #ff0000;\"><strong>AAAA<\/strong><\/span> uplatn\u011bn\u00ed jak\u00fdchkoli pr\u00e1vn\u00edch prost\u0159edk\u016f nebo krok\u016f, kter\u00e9 j\u00ed mohou odpov\u00eddat p\u0159i obran\u011b jej\u00edch legitimn\u00edch pr\u00e1v du\u0161evn\u00edho a pr\u016fmyslov\u00e9ho vlastnictv\u00ed.<\/p><p><strong>\u00a0<\/strong><\/p><p><strong>P\u0158\u00cdSLU\u0160N\u00c9 PR\u00c1VO<\/strong><\/p><p>Rozhodn\u00fdm pr\u00e1vem v p\u0159\u00edpad\u011b sporu nebo rozporu p\u0159i v\u00fdkladu podm\u00ednek, kter\u00e9 tvo\u0159\u00ed toto pr\u00e1vn\u00ed upozorn\u011bn\u00ed, jako\u017e i jak\u00fdchkoli ot\u00e1zek souvisej\u00edc\u00edch se slu\u017ebami tohoto port\u00e1lu, je \u0161pan\u011blsk\u00e9 pr\u00e1vo.<\/p>\t\t\t\t\t\t\t\t<\/div>\n\t\t\t\t<\/div>\n\t\t\t\t\t<\/div>\n\t\t<\/div>\n\t\t\t\t\t<\/div>\n\t\t<\/section>\n\t\t\t\t<\/div>","protected":false},"excerpt":{"rendered":"<p>\u00a0 AVISO LEGAL Con el fin de dar cumplimiento al art\u00edculo 10 de la Ley 34\/2002 de Servicios de la Sociedad de la Informaci\u00f3n y del Comercio Electr\u00f3nico, informamos a los usuarios de nuestros datos: Denominaci\u00f3n Social: AAAA Domicilio Social: BBBB NIF: CCCC Registro mercantil: Esta sociedad consta inscrita en el Registro Mercantil de &#8212;-, [&hellip;]<\/p>\n","protected":false},"author":1,"featured_media":0,"parent":0,"menu_order":0,"comment_status":"closed","ping_status":"closed","template":"elementor_header_footer","meta":{"footnotes":""},"class_list":["post-38","page","type-page","status-publish","hentry"],"yoast_head":"<!-- This site is optimized with the Yoast SEO plugin v27.3 - https:\/\/yoast.com\/product\/yoast-seo-wordpress\/ -->\n<title>Aviso Legal - Issaline<\/title>\n<meta name=\"robots\" content=\"index, follow, max-snippet:-1, max-image-preview:large, max-video-preview:-1\" \/>\n<link rel=\"canonical\" href=\"https:\/\/issaline.com\/cs\/pravni-upozorneni\/\" \/>\n<meta property=\"og:locale\" content=\"cs_CZ\" \/>\n<meta property=\"og:type\" content=\"article\" \/>\n<meta property=\"og:title\" content=\"Aviso Legal - Issaline\" \/>\n<meta property=\"og:description\" content=\"\u00a0 AVISO LEGAL Con el fin de dar cumplimiento al art\u00edculo 10 de la Ley 34\/2002 de Servicios de la Sociedad de la Informaci\u00f3n y del Comercio Electr\u00f3nico, informamos a los usuarios de nuestros datos: Denominaci\u00f3n Social: AAAA Domicilio Social: BBBB NIF: CCCC Registro mercantil: Esta sociedad consta inscrita en el Registro Mercantil de &#8212;-, [&hellip;]\" \/>\n<meta property=\"og:url\" content=\"https:\/\/issaline.com\/cs\/pravni-upozorneni\/\" \/>\n<meta property=\"og:site_name\" content=\"Issaline\" \/>\n<meta property=\"article:modified_time\" content=\"2024-11-04T12:43:43+00:00\" \/>\n<meta name=\"twitter:card\" content=\"summary_large_image\" \/>\n<meta name=\"twitter:label1\" content=\"Odhadovan\u00e1 doba \u010dten\u00ed\" \/>\n\t<meta name=\"twitter:data1\" content=\"7 minut\" \/>\n<script type=\"application\/ld+json\" class=\"yoast-schema-graph\">{\"@context\":\"https:\\\/\\\/schema.org\",\"@graph\":[{\"@type\":\"WebPage\",\"@id\":\"https:\\\/\\\/issaline.com\\\/aviso-legal\\\/\",\"url\":\"https:\\\/\\\/issaline.com\\\/aviso-legal\\\/\",\"name\":\"Aviso Legal - Issaline\",\"isPartOf\":{\"@id\":\"https:\\\/\\\/issaline.com\\\/#website\"},\"datePublished\":\"2024-01-08T10:10:14+00:00\",\"dateModified\":\"2024-11-04T12:43:43+00:00\",\"breadcrumb\":{\"@id\":\"https:\\\/\\\/issaline.com\\\/aviso-legal\\\/#breadcrumb\"},\"inLanguage\":\"cs\",\"potentialAction\":[{\"@type\":\"ReadAction\",\"target\":[\"https:\\\/\\\/issaline.com\\\/aviso-legal\\\/\"]}]},{\"@type\":\"BreadcrumbList\",\"@id\":\"https:\\\/\\\/issaline.com\\\/aviso-legal\\\/#breadcrumb\",\"itemListElement\":[{\"@type\":\"ListItem\",\"position\":1,\"name\":\"Portada\",\"item\":\"https:\\\/\\\/issaline.com\\\/\"},{\"@type\":\"ListItem\",\"position\":2,\"name\":\"Aviso Legal\"}]},{\"@type\":\"WebSite\",\"@id\":\"https:\\\/\\\/issaline.com\\\/#website\",\"url\":\"https:\\\/\\\/issaline.com\\\/\",\"name\":\"Issaline\",\"description\":\"\",\"publisher\":{\"@id\":\"https:\\\/\\\/issaline.com\\\/#organization\"},\"potentialAction\":[{\"@type\":\"SearchAction\",\"target\":{\"@type\":\"EntryPoint\",\"urlTemplate\":\"https:\\\/\\\/issaline.com\\\/?s={search_term_string}\"},\"query-input\":{\"@type\":\"PropertyValueSpecification\",\"valueRequired\":true,\"valueName\":\"search_term_string\"}}],\"inLanguage\":\"cs\"},{\"@type\":\"Organization\",\"@id\":\"https:\\\/\\\/issaline.com\\\/#organization\",\"name\":\"Issaline\",\"url\":\"https:\\\/\\\/issaline.com\\\/\",\"logo\":{\"@type\":\"ImageObject\",\"inLanguage\":\"cs\",\"@id\":\"https:\\\/\\\/issaline.com\\\/#\\\/schema\\\/logo\\\/image\\\/\",\"url\":\"https:\\\/\\\/issaline.com\\\/wp-content\\\/uploads\\\/2023\\\/07\\\/Issaline_logo.png\",\"contentUrl\":\"https:\\\/\\\/issaline.com\\\/wp-content\\\/uploads\\\/2023\\\/07\\\/Issaline_logo.png\",\"width\":959,\"height\":391,\"caption\":\"Issaline\"},\"image\":{\"@id\":\"https:\\\/\\\/issaline.com\\\/#\\\/schema\\\/logo\\\/image\\\/\"}}]}<\/script>\n<!-- \/ Yoast SEO plugin. -->","yoast_head_json":{"title":"Pr\u00e1vn\u00ed upozorn\u011bn\u00ed - Issaline","robots":{"index":"index","follow":"follow","max-snippet":"max-snippet:-1","max-image-preview":"max-image-preview:large","max-video-preview":"max-video-preview:-1"},"canonical":"https:\/\/issaline.com\/cs\/pravni-upozorneni\/","og_locale":"cs_CZ","og_type":"article","og_title":"Aviso Legal - Issaline","og_description":"\u00a0 AVISO LEGAL Con el fin de dar cumplimiento al art\u00edculo 10 de la Ley 34\/2002 de Servicios de la Sociedad de la Informaci\u00f3n y del Comercio Electr\u00f3nico, informamos a los usuarios de nuestros datos: Denominaci\u00f3n Social: AAAA Domicilio Social: BBBB NIF: CCCC Registro mercantil: Esta sociedad consta inscrita en el Registro Mercantil de &#8212;-, [&hellip;]","og_url":"https:\/\/issaline.com\/cs\/pravni-upozorneni\/","og_site_name":"Issaline","article_modified_time":"2024-11-04T12:43:43+00:00","twitter_card":"summary_large_image","twitter_misc":{"Odhadovan\u00e1 doba \u010dten\u00ed":"7 minut"},"schema":{"@context":"https:\/\/schema.org","@graph":[{"@type":"WebPage","@id":"https:\/\/issaline.com\/aviso-legal\/","url":"https:\/\/issaline.com\/aviso-legal\/","name":"Pr\u00e1vn\u00ed upozorn\u011bn\u00ed - Issaline","isPartOf":{"@id":"https:\/\/issaline.com\/#website"},"datePublished":"2024-01-08T10:10:14+00:00","dateModified":"2024-11-04T12:43:43+00:00","breadcrumb":{"@id":"https:\/\/issaline.com\/aviso-legal\/#breadcrumb"},"inLanguage":"cs","potentialAction":[{"@type":"ReadAction","target":["https:\/\/issaline.com\/aviso-legal\/"]}]},{"@type":"BreadcrumbList","@id":"https:\/\/issaline.com\/aviso-legal\/#breadcrumb","itemListElement":[{"@type":"ListItem","position":1,"name":"Portada","item":"https:\/\/issaline.com\/"},{"@type":"ListItem","position":2,"name":"Aviso Legal"}]},{"@type":"WebSite","@id":"https:\/\/issaline.com\/#website","url":"https:\/\/issaline.com\/","name":"Issaline","description":"","publisher":{"@id":"https:\/\/issaline.com\/#organization"},"potentialAction":[{"@type":"SearchAction","target":{"@type":"EntryPoint","urlTemplate":"https:\/\/issaline.com\/?s={search_term_string}"},"query-input":{"@type":"PropertyValueSpecification","valueRequired":true,"valueName":"search_term_string"}}],"inLanguage":"cs"},{"@type":"Organization","@id":"https:\/\/issaline.com\/#organization","name":"Issaline","url":"https:\/\/issaline.com\/","logo":{"@type":"ImageObject","inLanguage":"cs","@id":"https:\/\/issaline.com\/#\/schema\/logo\/image\/","url":"https:\/\/issaline.com\/wp-content\/uploads\/2023\/07\/Issaline_logo.png","contentUrl":"https:\/\/issaline.com\/wp-content\/uploads\/2023\/07\/Issaline_logo.png","width":959,"height":391,"caption":"Issaline"},"image":{"@id":"https:\/\/issaline.com\/#\/schema\/logo\/image\/"}}]}},"_links":{"self":[{"href":"https:\/\/issaline.com\/cs\/wp-json\/wp\/v2\/pages\/38","targetHints":{"allow":["GET"]}}],"collection":[{"href":"https:\/\/issaline.com\/cs\/wp-json\/wp\/v2\/pages"}],"about":[{"href":"https:\/\/issaline.com\/cs\/wp-json\/wp\/v2\/types\/page"}],"author":[{"embeddable":true,"href":"https:\/\/issaline.com\/cs\/wp-json\/wp\/v2\/users\/1"}],"replies":[{"embeddable":true,"href":"https:\/\/issaline.com\/cs\/wp-json\/wp\/v2\/comments?post=38"}],"version-history":[{"count":13,"href":"https:\/\/issaline.com\/cs\/wp-json\/wp\/v2\/pages\/38\/revisions"}],"predecessor-version":[{"id":8198,"href":"https:\/\/issaline.com\/cs\/wp-json\/wp\/v2\/pages\/38\/revisions\/8198"}],"wp:attachment":[{"href":"https:\/\/issaline.com\/cs\/wp-json\/wp\/v2\/media?parent=38"}],"curies":[{"name":"wp","href":"https:\/\/api.w.org\/{rel}","templated":true}]}}