{"id":2128,"date":"2024-10-16T09:09:38","date_gmt":"2024-10-16T07:09:38","guid":{"rendered":"https:\/\/issaline.com\/?page_id=2128"},"modified":"2025-03-31T09:59:15","modified_gmt":"2025-03-31T07:59:15","slug":"katalogy","status":"publish","type":"page","link":"https:\/\/issaline.com\/cs\/catalogos\/","title":{"rendered":"Katalogy"},"content":{"rendered":"<div data-elementor-type=\"wp-page\" data-elementor-id=\"2128\" class=\"elementor elementor-2128\" data-elementor-post-type=\"page\">\n\t\t\t\t\t\t<section class=\"elementor-section elementor-top-section elementor-element elementor-element-3034672c elementor-section-full_width elementor-section-height-default elementor-section-height-default\" data-id=\"3034672c\" data-element_type=\"section\" data-e-type=\"section\">\n\t\t\t\t\t\t<div class=\"elementor-container elementor-column-gap-no\">\n\t\t\t\t\t<div class=\"elementor-column elementor-col-100 elementor-top-column elementor-element elementor-element-2d341c16\" data-id=\"2d341c16\" data-element_type=\"column\" data-e-type=\"column\">\n\t\t\t<div class=\"elementor-widget-wrap elementor-element-populated\">\n\t\t\t\t\t\t<div class=\"elementor-element elementor-element-470e5f43 imagen-catalogo elementor-widget elementor-widget-image\" data-id=\"470e5f43\" data-element_type=\"widget\" data-e-type=\"widget\" data-widget_type=\"image.default\">\n\t\t\t\t<div class=\"elementor-widget-container\">\n\t\t\t\t\t\t\t\t\t\t\t\t\t\t\t<img fetchpriority=\"high\" decoding=\"async\" width=\"1920\" height=\"643\" src=\"https:\/\/issaline.com\/wp-content\/uploads\/2024\/10\/catalogos-issaline-1.jpg\" class=\"attachment-full size-full wp-image-2185\" alt=\"\" srcset=\"https:\/\/issaline.com\/wp-content\/uploads\/2024\/10\/catalogos-issaline-1.jpg 1920w, https:\/\/issaline.com\/wp-content\/uploads\/2024\/10\/catalogos-issaline-1-300x100.jpg 300w, https:\/\/issaline.com\/wp-content\/uploads\/2024\/10\/catalogos-issaline-1-1024x343.jpg 1024w, https:\/\/issaline.com\/wp-content\/uploads\/2024\/10\/catalogos-issaline-1-768x257.jpg 768w, https:\/\/issaline.com\/wp-content\/uploads\/2024\/10\/catalogos-issaline-1-1536x514.jpg 1536w\" sizes=\"(max-width: 1920px) 100vw, 1920px\" \/>\t\t\t\t\t\t\t\t\t\t\t\t\t\t\t<\/div>\n\t\t\t\t<\/div>\n\t\t\t\t<section class=\"elementor-section elementor-inner-section elementor-element elementor-element-66e1b9be texto-sobre-imagen-under catalogos elementor-section-boxed elementor-section-height-default elementor-section-height-default\" data-id=\"66e1b9be\" data-element_type=\"section\" data-e-type=\"section\" id=\"texto-banner-catalogo\">\n\t\t\t\t\t\t<div class=\"elementor-container elementor-column-gap-default\">\n\t\t\t\t\t<div class=\"elementor-column elementor-col-50 elementor-inner-column elementor-element elementor-element-480bdc5f\" data-id=\"480bdc5f\" data-element_type=\"column\" data-e-type=\"column\" id=\"catalogo-banner-izq\">\n\t\t\t<div class=\"elementor-widget-wrap elementor-element-populated\">\n\t\t\t\t\t\t<div class=\"elementor-element elementor-element-438c0cc elementor-widget elementor-widget-text-editor\" data-id=\"438c0cc\" data-element_type=\"widget\" data-e-type=\"widget\" data-widget_type=\"text-editor.default\">\n\t\t\t\t<div class=\"elementor-widget-container\">\n\t\t\t\t\t\t\t\t\t<p style=\"margin-bottom: 0;\">Katalogy<\/p>\t\t\t\t\t\t\t\t<\/div>\n\t\t\t\t<\/div>\n\t\t\t\t<div class=\"elementor-element elementor-element-715e9775 elementor-widget elementor-widget-text-editor\" data-id=\"715e9775\" data-element_type=\"widget\" data-e-type=\"widget\" data-widget_type=\"text-editor.default\">\n\t\t\t\t<div class=\"elementor-widget-container\">\n\t\t\t\t\t\t\t\t\t<p>Pracovn\u00ed od\u011bvy a osobn\u00ed ochrann\u00e9 pom\u016fcky ... v\u0161e, co pot\u0159ebujete ve sv\u011bt\u011b pr\u00e1ce, a je\u0161t\u011b v\u00edce!<\/p>\t\t\t\t\t\t\t\t<\/div>\n\t\t\t\t<\/div>\n\t\t\t\t\t<\/div>\n\t\t<\/div>\n\t\t\t\t<div class=\"elementor-column elementor-col-50 elementor-inner-column elementor-element elementor-element-4cae98b1\" data-id=\"4cae98b1\" data-element_type=\"column\" data-e-type=\"column\" id=\"catalogo-banner-der\">\n\t\t\t<div class=\"elementor-widget-wrap\">\n\t\t\t\t\t\t\t<\/div>\n\t\t<\/div>\n\t\t\t\t\t<\/div>\n\t\t<\/section>\n\t\t\t\t\t<\/div>\n\t\t<\/div>\n\t\t\t\t\t<\/div>\n\t\t<\/section>\n\t\t\t\t<section class=\"elementor-section elementor-top-section elementor-element elementor-element-22e8680 elementor-section-boxed elementor-section-height-default elementor-section-height-default\" data-id=\"22e8680\" data-element_type=\"section\" data-e-type=\"section\">\n\t\t\t\t\t\t<div class=\"elementor-container elementor-column-gap-default\">\n\t\t\t\t\t<div class=\"elementor-column elementor-col-50 elementor-top-column elementor-element elementor-element-d678911\" data-id=\"d678911\" data-element_type=\"column\" data-e-type=\"column\">\n\t\t\t<div class=\"elementor-widget-wrap elementor-element-populated\">\n\t\t\t\t\t\t<div class=\"elementor-element elementor-element-3a9cda2 elementor-widget__width-inherit elementor-widget elementor-widget-image\" data-id=\"3a9cda2\" data-element_type=\"widget\" data-e-type=\"widget\" data-widget_type=\"image.default\">\n\t\t\t\t<div class=\"elementor-widget-container\">\n\t\t\t\t\t\t\t\t\t\t\t\t\t\t\t<img decoding=\"async\" width=\"791\" height=\"667\" src=\"https:\/\/issaline.com\/wp-content\/uploads\/2025\/03\/cat_general.jpg\" class=\"attachment-full size-full wp-image-10606\" alt=\"\" srcset=\"https:\/\/issaline.com\/wp-content\/uploads\/2025\/03\/cat_general.jpg 791w, https:\/\/issaline.com\/wp-content\/uploads\/2025\/03\/cat_general-300x253.jpg 300w, https:\/\/issaline.com\/wp-content\/uploads\/2025\/03\/cat_general-768x648.jpg 768w\" sizes=\"(max-width: 791px) 100vw, 791px\" \/>\t\t\t\t\t\t\t\t\t\t\t\t\t\t\t<\/div>\n\t\t\t\t<\/div>\n\t\t\t\t<section class=\"elementor-section elementor-inner-section elementor-element elementor-element-5842ee2 issaline-chapters-seccion-bajo  catalogos-abajo elementor-section-boxed elementor-section-height-default elementor-section-height-default\" data-id=\"5842ee2\" data-element_type=\"section\" data-e-type=\"section\">\n\t\t\t\t\t\t<div class=\"elementor-container elementor-column-gap-default\">\n\t\t\t\t\t<div class=\"elementor-column elementor-col-50 elementor-inner-column elementor-element elementor-element-f1e9fb9 titulo-issaline-chapters-col catalogos-abajo-texto\" data-id=\"f1e9fb9\" data-element_type=\"column\" data-e-type=\"column\">\n\t\t\t<div class=\"elementor-widget-wrap elementor-element-populated\">\n\t\t\t\t\t\t<div class=\"elementor-element elementor-element-1475e37 texto-catalogos elementor-widget elementor-widget-text-editor\" data-id=\"1475e37\" data-element_type=\"widget\" data-e-type=\"widget\" data-widget_type=\"text-editor.default\">\n\t\t\t\t<div class=\"elementor-widget-container\">\n\t\t\t\t\t\t\t\t\t<p>OBECN\u00dd KATALOG<br \/>2024\/25<\/p>\t\t\t\t\t\t\t\t<\/div>\n\t\t\t\t<\/div>\n\t\t\t\t\t<\/div>\n\t\t<\/div>\n\t\t\t\t<div class=\"elementor-column elementor-col-50 elementor-inner-column elementor-element elementor-element-1abfbbf boton-issaline-chapter-col catalogos-abajo-boton\" data-id=\"1abfbbf\" data-element_type=\"column\" data-e-type=\"column\">\n\t\t\t<div class=\"elementor-widget-wrap elementor-element-populated\">\n\t\t\t\t\t\t<div class=\"elementor-element elementor-element-718ba2f elementor-widget elementor-widget-html\" data-id=\"718ba2f\" data-element_type=\"widget\" data-e-type=\"widget\" data-widget_type=\"html.default\">\n\t\t\t\t<div class=\"elementor-widget-container\">\n\t\t\t\t\t<div class=\"izq-vers-mobil-2\">\n    <a href=\"https:\/\/issaline.com\/wp-content\/uploads\/2025\/03\/Catalogo-general-2024-2025.pdf\" class=\"boton-por-defecto boton-color-negro boton-animado\" target=\"_blank\">\n<span class=\"texto-dentro-boton\">St\u00e1hnout<\/span><\/span>\n<span class=\"flecha-dentro-boton\">\n    <div><\/div>\n    <div><\/div>\n    <div><\/div>\n<\/span>\n<\/a>\n<\/div>\t\t\t\t<\/div>\n\t\t\t\t<\/div>\n\t\t\t\t\t<\/div>\n\t\t<\/div>\n\t\t\t\t\t<\/div>\n\t\t<\/section>\n\t\t\t\t\t<\/div>\n\t\t<\/div>\n\t\t\t\t<div class=\"elementor-column elementor-col-50 elementor-top-column elementor-element elementor-element-a6482f2\" data-id=\"a6482f2\" data-element_type=\"column\" data-e-type=\"column\">\n\t\t\t<div class=\"elementor-widget-wrap elementor-element-populated\">\n\t\t\t\t\t\t<div class=\"elementor-element elementor-element-0592b2f elementor-widget elementor-widget-image\" data-id=\"0592b2f\" data-element_type=\"widget\" data-e-type=\"widget\" data-widget_type=\"image.default\">\n\t\t\t\t<div class=\"elementor-widget-container\">\n\t\t\t\t\t\t\t\t\t\t\t\t\t\t\t<img decoding=\"async\" width=\"791\" height=\"667\" src=\"https:\/\/issaline.com\/wp-content\/uploads\/2025\/03\/CAT_cold.jpg\" class=\"attachment-full size-full wp-image-10605\" alt=\"\" srcset=\"https:\/\/issaline.com\/wp-content\/uploads\/2025\/03\/CAT_cold.jpg 791w, https:\/\/issaline.com\/wp-content\/uploads\/2025\/03\/CAT_cold-300x253.jpg 300w, https:\/\/issaline.com\/wp-content\/uploads\/2025\/03\/CAT_cold-768x648.jpg 768w\" sizes=\"(max-width: 791px) 100vw, 791px\" \/>\t\t\t\t\t\t\t\t\t\t\t\t\t\t\t<\/div>\n\t\t\t\t<\/div>\n\t\t\t\t<section class=\"elementor-section elementor-inner-section elementor-element elementor-element-66b9c38 issaline-chapters-seccion-bajo  catalogos-abajo elementor-section-boxed elementor-section-height-default elementor-section-height-default\" data-id=\"66b9c38\" data-element_type=\"section\" data-e-type=\"section\">\n\t\t\t\t\t\t<div class=\"elementor-container elementor-column-gap-default\">\n\t\t\t\t\t<div class=\"elementor-column elementor-col-50 elementor-inner-column elementor-element elementor-element-879f35c titulo-issaline-chapters-col catalogos-abajo-texto\" data-id=\"879f35c\" data-element_type=\"column\" data-e-type=\"column\">\n\t\t\t<div class=\"elementor-widget-wrap elementor-element-populated\">\n\t\t\t\t\t\t<div class=\"elementor-element elementor-element-139063e texto-catalogos elementor-widget elementor-widget-text-editor\" data-id=\"139063e\" data-element_type=\"widget\" data-e-type=\"widget\" data-widget_type=\"text-editor.default\">\n\t\t\t\t<div class=\"elementor-widget-container\">\n\t\t\t\t\t\t\t\t\t<p>ZIMN\u00cd KATALOG<br \/>KOLEKCE 2024\/25<\/p>\t\t\t\t\t\t\t\t<\/div>\n\t\t\t\t<\/div>\n\t\t\t\t\t<\/div>\n\t\t<\/div>\n\t\t\t\t<div class=\"elementor-column elementor-col-50 elementor-inner-column elementor-element elementor-element-d6b1be8 boton-issaline-chapter-col catalogos-abajo-boton\" data-id=\"d6b1be8\" data-element_type=\"column\" data-e-type=\"column\">\n\t\t\t<div class=\"elementor-widget-wrap elementor-element-populated\">\n\t\t\t\t\t\t<div class=\"elementor-element elementor-element-b9d9bef elementor-widget elementor-widget-html\" data-id=\"b9d9bef\" data-element_type=\"widget\" data-e-type=\"widget\" data-widget_type=\"html.default\">\n\t\t\t\t<div class=\"elementor-widget-container\">\n\t\t\t\t\t<div class=\"izq-vers-mobil-2\">\n    <a href=\"https:\/\/issaline.com\/wp-content\/uploads\/2025\/03\/Cold-collection-2024-2025.pdf\" class=\"boton-por-defecto boton-color-negro boton-animado\" target=\"_blank\">\n<span class=\"texto-dentro-boton\">St\u00e1hnout<\/span><\/span>\n<span class=\"flecha-dentro-boton\">\n    <div><\/div>\n    <div><\/div>\n    <div><\/div>\n<\/span>\n<\/a>\n<\/div>\t\t\t\t<\/div>\n\t\t\t\t<\/div>\n\t\t\t\t\t<\/div>\n\t\t<\/div>\n\t\t\t\t\t<\/div>\n\t\t<\/section>\n\t\t\t\t\t<\/div>\n\t\t<\/div>\n\t\t\t\t\t<\/div>\n\t\t<\/section>\n\t\t\t\t<section class=\"elementor-section elementor-top-section elementor-element elementor-element-bbec451 elementor-section-boxed elementor-section-height-default elementor-section-height-default\" data-id=\"bbec451\" data-element_type=\"section\" data-e-type=\"section\">\n\t\t\t\t\t\t<div class=\"elementor-container elementor-column-gap-default\">\n\t\t\t\t\t<div class=\"elementor-column elementor-col-50 elementor-top-column elementor-element elementor-element-1da5a5a\" data-id=\"1da5a5a\" data-element_type=\"column\" data-e-type=\"column\">\n\t\t\t<div class=\"elementor-widget-wrap elementor-element-populated\">\n\t\t\t\t\t\t<div class=\"elementor-element elementor-element-9ff1c1d elementor-widget elementor-widget-image\" data-id=\"9ff1c1d\" data-element_type=\"widget\" data-e-type=\"widget\" data-widget_type=\"image.default\">\n\t\t\t\t<div class=\"elementor-widget-container\">\n\t\t\t\t\t\t\t\t\t\t\t\t\t\t\t<img loading=\"lazy\" decoding=\"async\" width=\"791\" height=\"667\" src=\"https:\/\/issaline.com\/wp-content\/uploads\/2025\/03\/cat_verano.jpg\" class=\"attachment-full size-full wp-image-10607\" alt=\"\" srcset=\"https:\/\/issaline.com\/wp-content\/uploads\/2025\/03\/cat_verano.jpg 791w, https:\/\/issaline.com\/wp-content\/uploads\/2025\/03\/cat_verano-300x253.jpg 300w, https:\/\/issaline.com\/wp-content\/uploads\/2025\/03\/cat_verano-768x648.jpg 768w\" sizes=\"(max-width: 791px) 100vw, 791px\" \/>\t\t\t\t\t\t\t\t\t\t\t\t\t\t\t<\/div>\n\t\t\t\t<\/div>\n\t\t\t\t<section class=\"elementor-section elementor-inner-section elementor-element elementor-element-b4b060d issaline-chapters-seccion-bajo  catalogos-abajo elementor-section-boxed elementor-section-height-default elementor-section-height-default\" data-id=\"b4b060d\" data-element_type=\"section\" data-e-type=\"section\">\n\t\t\t\t\t\t<div class=\"elementor-container elementor-column-gap-default\">\n\t\t\t\t\t<div class=\"elementor-column elementor-col-50 elementor-inner-column elementor-element elementor-element-e9fede7 titulo-issaline-chapters-col catalogos-abajo-texto\" data-id=\"e9fede7\" data-element_type=\"column\" data-e-type=\"column\">\n\t\t\t<div class=\"elementor-widget-wrap elementor-element-populated\">\n\t\t\t\t\t\t<div class=\"elementor-element elementor-element-0b7ce2a texto-catalogos elementor-widget elementor-widget-text-editor\" data-id=\"0b7ce2a\" data-element_type=\"widget\" data-e-type=\"widget\" data-widget_type=\"text-editor.default\">\n\t\t\t\t<div class=\"elementor-widget-container\">\n\t\t\t\t\t\t\t\t\t<p>LETN\u00cd KATALOG<br \/>KOLEKCE 2024\/25<\/p>\t\t\t\t\t\t\t\t<\/div>\n\t\t\t\t<\/div>\n\t\t\t\t\t<\/div>\n\t\t<\/div>\n\t\t\t\t<div class=\"elementor-column elementor-col-50 elementor-inner-column elementor-element elementor-element-8f8688d boton-issaline-chapter-col catalogos-abajo-boton\" data-id=\"8f8688d\" data-element_type=\"column\" data-e-type=\"column\">\n\t\t\t<div class=\"elementor-widget-wrap elementor-element-populated\">\n\t\t\t\t\t\t<div class=\"elementor-element elementor-element-e05ac4c elementor-widget elementor-widget-html\" data-id=\"e05ac4c\" data-element_type=\"widget\" data-e-type=\"widget\" data-widget_type=\"html.default\">\n\t\t\t\t<div class=\"elementor-widget-container\">\n\t\t\t\t\t<div class=\"izq-vers-mobil-2\">\n    <a href=\"https:\/\/issaline.com\/wp-content\/uploads\/2025\/03\/Summer-collection-2025.pdf\" class=\"boton-por-defecto boton-color-negro boton-animado\" target=\"_blank\">\n<span class=\"texto-dentro-boton\">St\u00e1hnout<\/span><\/span>\n<span class=\"flecha-dentro-boton\">\n    <div><\/div>\n    <div><\/div>\n    <div><\/div>\n<\/span>\n<\/a>\n<\/div>\t\t\t\t<\/div>\n\t\t\t\t<\/div>\n\t\t\t\t\t<\/div>\n\t\t<\/div>\n\t\t\t\t\t<\/div>\n\t\t<\/section>\n\t\t\t\t\t<\/div>\n\t\t<\/div>\n\t\t\t\t<div class=\"elementor-column elementor-col-50 elementor-top-column elementor-element elementor-element-e4c82e3\" data-id=\"e4c82e3\" data-element_type=\"column\" data-e-type=\"column\">\n\t\t\t<div class=\"elementor-widget-wrap\">\n\t\t\t\t\t\t\t<\/div>\n\t\t<\/div>\n\t\t\t\t\t<\/div>\n\t\t<\/section>\n\t\t\t\t<\/div>","protected":false},"excerpt":{"rendered":"<p>Katalogy Pracovn\u00ed od\u011bvy a osobn\u00ed ochrann\u00e9 prost\u0159edky ... v\u0161e, co pot\u0159ebujete ve sv\u011bt\u011b pr\u00e1ce, a mnohem v\u00edce! KATALOG V\u0160EOBECN\u00dd2024\/25 St\u00e1hnout KATALOG ZIMN\u00cdKOLEKCE 2024\/25 St\u00e1hnout KATALOG LETN\u00cdKOLEKCE 2024\/25 St\u00e1hnout KATALOG LETN\u00cdKOLEKCE 2024\/25 St\u00e1hnout<\/p>","protected":false},"author":1,"featured_media":0,"parent":0,"menu_order":0,"comment_status":"closed","ping_status":"closed","template":"elementor_header_footer","meta":{"footnotes":""},"class_list":["post-2128","page","type-page","status-publish","hentry"],"yoast_head":"<!-- This site is optimized with the Yoast SEO plugin v27.3 - https:\/\/yoast.com\/product\/yoast-seo-wordpress\/ -->\n<title>Cat\u00e1logos - Issaline<\/title>\n<meta name=\"robots\" content=\"index, follow, max-snippet:-1, max-image-preview:large, max-video-preview:-1\" \/>\n<link rel=\"canonical\" href=\"https:\/\/issaline.com\/cs\/katalogy\/\" \/>\n<meta property=\"og:locale\" content=\"cs_CZ\" \/>\n<meta property=\"og:type\" content=\"article\" \/>\n<meta property=\"og:title\" content=\"Cat\u00e1logos - Issaline\" \/>\n<meta property=\"og:description\" content=\"Cat\u00e1logos Ropa de trabajo y EPIS \u2026 \u00a1todo lo que necesitas en el mundo laboral y mucho m\u00e1s! CAT\u00c1LOGO GENERAL2024\/25 Descargar CAT\u00c1LOGO COLDCOLLECTION 2024\/25 Descargar CAT\u00c1LOGO SUMMERCOLLECTION 2024\/25 Descargar\" \/>\n<meta property=\"og:url\" content=\"https:\/\/issaline.com\/cs\/katalogy\/\" \/>\n<meta property=\"og:site_name\" content=\"Issaline\" \/>\n<meta property=\"article:modified_time\" content=\"2025-03-31T07:59:15+00:00\" \/>\n<meta property=\"og:image\" content=\"https:\/\/issaline.com\/wp-content\/uploads\/2024\/10\/catalogos-issaline-1.jpg\" \/>\n\t<meta property=\"og:image:width\" content=\"1920\" \/>\n\t<meta property=\"og:image:height\" content=\"643\" \/>\n\t<meta property=\"og:image:type\" content=\"image\/jpeg\" \/>\n<meta name=\"twitter:card\" content=\"summary_large_image\" \/>\n<script type=\"application\/ld+json\" class=\"yoast-schema-graph\">{\"@context\":\"https:\\\/\\\/schema.org\",\"@graph\":[{\"@type\":\"WebPage\",\"@id\":\"https:\\\/\\\/issaline.com\\\/it\\\/cataloghi\\\/\",\"url\":\"https:\\\/\\\/issaline.com\\\/it\\\/cataloghi\\\/\",\"name\":\"Cat\u00e1logos - Issaline\",\"isPartOf\":{\"@id\":\"https:\\\/\\\/issaline.com\\\/#website\"},\"primaryImageOfPage\":{\"@id\":\"https:\\\/\\\/issaline.com\\\/it\\\/cataloghi\\\/#primaryimage\"},\"image\":{\"@id\":\"https:\\\/\\\/issaline.com\\\/it\\\/cataloghi\\\/#primaryimage\"},\"thumbnailUrl\":\"https:\\\/\\\/issaline.com\\\/wp-content\\\/uploads\\\/2024\\\/10\\\/catalogos-issaline-1.jpg\",\"datePublished\":\"2024-10-16T07:09:38+00:00\",\"dateModified\":\"2025-03-31T07:59:15+00:00\",\"breadcrumb\":{\"@id\":\"https:\\\/\\\/issaline.com\\\/it\\\/cataloghi\\\/#breadcrumb\"},\"inLanguage\":\"cs\",\"potentialAction\":[{\"@type\":\"ReadAction\",\"target\":[\"https:\\\/\\\/issaline.com\\\/it\\\/cataloghi\\\/\"]}]},{\"@type\":\"ImageObject\",\"inLanguage\":\"cs\",\"@id\":\"https:\\\/\\\/issaline.com\\\/it\\\/cataloghi\\\/#primaryimage\",\"url\":\"https:\\\/\\\/issaline.com\\\/wp-content\\\/uploads\\\/2024\\\/10\\\/catalogos-issaline-1.jpg\",\"contentUrl\":\"https:\\\/\\\/issaline.com\\\/wp-content\\\/uploads\\\/2024\\\/10\\\/catalogos-issaline-1.jpg\"},{\"@type\":\"BreadcrumbList\",\"@id\":\"https:\\\/\\\/issaline.com\\\/it\\\/cataloghi\\\/#breadcrumb\",\"itemListElement\":[{\"@type\":\"ListItem\",\"position\":1,\"name\":\"Portada\",\"item\":\"https:\\\/\\\/issaline.com\\\/\"},{\"@type\":\"ListItem\",\"position\":2,\"name\":\"Cat\u00e1logos\"}]},{\"@type\":\"WebSite\",\"@id\":\"https:\\\/\\\/issaline.com\\\/#website\",\"url\":\"https:\\\/\\\/issaline.com\\\/\",\"name\":\"Issaline\",\"description\":\"\",\"publisher\":{\"@id\":\"https:\\\/\\\/issaline.com\\\/#organization\"},\"potentialAction\":[{\"@type\":\"SearchAction\",\"target\":{\"@type\":\"EntryPoint\",\"urlTemplate\":\"https:\\\/\\\/issaline.com\\\/?s={search_term_string}\"},\"query-input\":{\"@type\":\"PropertyValueSpecification\",\"valueRequired\":true,\"valueName\":\"search_term_string\"}}],\"inLanguage\":\"cs\"},{\"@type\":\"Organization\",\"@id\":\"https:\\\/\\\/issaline.com\\\/#organization\",\"name\":\"Issaline\",\"url\":\"https:\\\/\\\/issaline.com\\\/\",\"logo\":{\"@type\":\"ImageObject\",\"inLanguage\":\"cs\",\"@id\":\"https:\\\/\\\/issaline.com\\\/#\\\/schema\\\/logo\\\/image\\\/\",\"url\":\"https:\\\/\\\/issaline.com\\\/wp-content\\\/uploads\\\/2023\\\/07\\\/Issaline_logo.png\",\"contentUrl\":\"https:\\\/\\\/issaline.com\\\/wp-content\\\/uploads\\\/2023\\\/07\\\/Issaline_logo.png\",\"width\":959,\"height\":391,\"caption\":\"Issaline\"},\"image\":{\"@id\":\"https:\\\/\\\/issaline.com\\\/#\\\/schema\\\/logo\\\/image\\\/\"}}]}<\/script>\n<!-- \/ Yoast SEO plugin. -->","yoast_head_json":{"title":"Katalogy - Issaline","robots":{"index":"index","follow":"follow","max-snippet":"max-snippet:-1","max-image-preview":"max-image-preview:large","max-video-preview":"max-video-preview:-1"},"canonical":"https:\/\/issaline.com\/cs\/katalogy\/","og_locale":"cs_CZ","og_type":"article","og_title":"Cat\u00e1logos - Issaline","og_description":"Cat\u00e1logos Ropa de trabajo y EPIS \u2026 \u00a1todo lo que necesitas en el mundo laboral y mucho m\u00e1s! CAT\u00c1LOGO GENERAL2024\/25 Descargar CAT\u00c1LOGO COLDCOLLECTION 2024\/25 Descargar CAT\u00c1LOGO SUMMERCOLLECTION 2024\/25 Descargar","og_url":"https:\/\/issaline.com\/cs\/katalogy\/","og_site_name":"Issaline","article_modified_time":"2025-03-31T07:59:15+00:00","og_image":[{"width":1920,"height":643,"url":"https:\/\/issaline.com\/wp-content\/uploads\/2024\/10\/catalogos-issaline-1.jpg","type":"image\/jpeg"}],"twitter_card":"summary_large_image","schema":{"@context":"https:\/\/schema.org","@graph":[{"@type":"WebPage","@id":"https:\/\/issaline.com\/it\/cataloghi\/","url":"https:\/\/issaline.com\/it\/cataloghi\/","name":"Katalogy - Issaline","isPartOf":{"@id":"https:\/\/issaline.com\/#website"},"primaryImageOfPage":{"@id":"https:\/\/issaline.com\/it\/cataloghi\/#primaryimage"},"image":{"@id":"https:\/\/issaline.com\/it\/cataloghi\/#primaryimage"},"thumbnailUrl":"https:\/\/issaline.com\/wp-content\/uploads\/2024\/10\/catalogos-issaline-1.jpg","datePublished":"2024-10-16T07:09:38+00:00","dateModified":"2025-03-31T07:59:15+00:00","breadcrumb":{"@id":"https:\/\/issaline.com\/it\/cataloghi\/#breadcrumb"},"inLanguage":"cs","potentialAction":[{"@type":"ReadAction","target":["https:\/\/issaline.com\/it\/cataloghi\/"]}]},{"@type":"ImageObject","inLanguage":"cs","@id":"https:\/\/issaline.com\/it\/cataloghi\/#primaryimage","url":"https:\/\/issaline.com\/wp-content\/uploads\/2024\/10\/catalogos-issaline-1.jpg","contentUrl":"https:\/\/issaline.com\/wp-content\/uploads\/2024\/10\/catalogos-issaline-1.jpg"},{"@type":"BreadcrumbList","@id":"https:\/\/issaline.com\/it\/cataloghi\/#breadcrumb","itemListElement":[{"@type":"ListItem","position":1,"name":"Portada","item":"https:\/\/issaline.com\/"},{"@type":"ListItem","position":2,"name":"Cat\u00e1logos"}]},{"@type":"WebSite","@id":"https:\/\/issaline.com\/#website","url":"https:\/\/issaline.com\/","name":"Issaline","description":"","publisher":{"@id":"https:\/\/issaline.com\/#organization"},"potentialAction":[{"@type":"SearchAction","target":{"@type":"EntryPoint","urlTemplate":"https:\/\/issaline.com\/?s={search_term_string}"},"query-input":{"@type":"PropertyValueSpecification","valueRequired":true,"valueName":"search_term_string"}}],"inLanguage":"cs"},{"@type":"Organization","@id":"https:\/\/issaline.com\/#organization","name":"Issaline","url":"https:\/\/issaline.com\/","logo":{"@type":"ImageObject","inLanguage":"cs","@id":"https:\/\/issaline.com\/#\/schema\/logo\/image\/","url":"https:\/\/issaline.com\/wp-content\/uploads\/2023\/07\/Issaline_logo.png","contentUrl":"https:\/\/issaline.com\/wp-content\/uploads\/2023\/07\/Issaline_logo.png","width":959,"height":391,"caption":"Issaline"},"image":{"@id":"https:\/\/issaline.com\/#\/schema\/logo\/image\/"}}]}},"_links":{"self":[{"href":"https:\/\/issaline.com\/cs\/wp-json\/wp\/v2\/pages\/2128","targetHints":{"allow":["GET"]}}],"collection":[{"href":"https:\/\/issaline.com\/cs\/wp-json\/wp\/v2\/pages"}],"about":[{"href":"https:\/\/issaline.com\/cs\/wp-json\/wp\/v2\/types\/page"}],"author":[{"embeddable":true,"href":"https:\/\/issaline.com\/cs\/wp-json\/wp\/v2\/users\/1"}],"replies":[{"embeddable":true,"href":"https:\/\/issaline.com\/cs\/wp-json\/wp\/v2\/comments?post=2128"}],"version-history":[{"count":201,"href":"https:\/\/issaline.com\/cs\/wp-json\/wp\/v2\/pages\/2128\/revisions"}],"predecessor-version":[{"id":10616,"href":"https:\/\/issaline.com\/cs\/wp-json\/wp\/v2\/pages\/2128\/revisions\/10616"}],"wp:attachment":[{"href":"https:\/\/issaline.com\/cs\/wp-json\/wp\/v2\/media?parent=2128"}],"curies":[{"name":"wp","href":"https:\/\/api.w.org\/{rel}","templated":true}]}}