{"id":1528,"date":"2024-10-14T17:24:08","date_gmt":"2024-10-14T15:24:08","guid":{"rendered":"https:\/\/issaline.com\/?page_id=1528"},"modified":"2024-11-18T17:21:39","modified_gmt":"2024-11-18T16:21:39","slug":"idi","status":"publish","type":"page","link":"https:\/\/issaline.com\/cs\/idi\/","title":{"rendered":"V\u00ddZKUM, V\u00ddVOJ A INOVACE"},"content":{"rendered":"<div data-elementor-type=\"wp-page\" data-elementor-id=\"1528\" class=\"elementor elementor-1528\" data-elementor-post-type=\"page\">\n\t\t\t\t\t\t<section class=\"elementor-section elementor-top-section elementor-element elementor-element-71ee3244 elementor-section-full_width elementor-section-height-default elementor-section-height-default\" data-id=\"71ee3244\" data-element_type=\"section\" data-e-type=\"section\">\n\t\t\t\t\t\t<div class=\"elementor-container elementor-column-gap-no\">\n\t\t\t\t\t<div class=\"elementor-column elementor-col-100 elementor-top-column elementor-element elementor-element-5f5ca769\" data-id=\"5f5ca769\" data-element_type=\"column\" data-e-type=\"column\">\n\t\t\t<div class=\"elementor-widget-wrap elementor-element-populated\">\n\t\t\t\t\t\t<div class=\"elementor-element elementor-element-5126e1be elementor-widget elementor-widget-image\" data-id=\"5126e1be\" data-element_type=\"widget\" data-e-type=\"widget\" id=\"banner-idi-nosotros\" data-widget_type=\"image.default\">\n\t\t\t\t<div class=\"elementor-widget-container\">\n\t\t\t\t\t\t\t\t\t\t\t\t\t\t\t<img fetchpriority=\"high\" decoding=\"async\" width=\"1920\" height=\"643\" src=\"https:\/\/issaline.com\/wp-content\/uploads\/2024\/10\/idi-issaline-1.jpg\" class=\"attachment-full size-full wp-image-4039\" alt=\"\" srcset=\"https:\/\/issaline.com\/wp-content\/uploads\/2024\/10\/idi-issaline-1.jpg 1920w, https:\/\/issaline.com\/wp-content\/uploads\/2024\/10\/idi-issaline-1-300x100.jpg 300w, https:\/\/issaline.com\/wp-content\/uploads\/2024\/10\/idi-issaline-1-1024x343.jpg 1024w, https:\/\/issaline.com\/wp-content\/uploads\/2024\/10\/idi-issaline-1-768x257.jpg 768w, https:\/\/issaline.com\/wp-content\/uploads\/2024\/10\/idi-issaline-1-1536x514.jpg 1536w\" sizes=\"(max-width: 1920px) 100vw, 1920px\" \/>\t\t\t\t\t\t\t\t\t\t\t\t\t\t\t<\/div>\n\t\t\t\t<\/div>\n\t\t\t\t<section class=\"elementor-section elementor-inner-section elementor-element elementor-element-34eb53d9 texto-sobre-imagen-under elementor-section-boxed elementor-section-height-default elementor-section-height-default\" data-id=\"34eb53d9\" data-element_type=\"section\" data-e-type=\"section\">\n\t\t\t\t\t\t<div class=\"elementor-container elementor-column-gap-default\">\n\t\t\t\t\t<div class=\"elementor-column elementor-col-50 elementor-inner-column elementor-element elementor-element-79bf7d13\" data-id=\"79bf7d13\" data-element_type=\"column\" data-e-type=\"column\">\n\t\t\t<div class=\"elementor-widget-wrap elementor-element-populated\">\n\t\t\t\t\t\t<div class=\"elementor-element elementor-element-3e05fae elementor-widget elementor-widget-text-editor\" data-id=\"3e05fae\" data-element_type=\"widget\" data-e-type=\"widget\" data-widget_type=\"text-editor.default\">\n\t\t\t\t<div class=\"elementor-widget-container\">\n\t\t\t\t\t\t\t\t\t<p style=\"text-align: left;margin:0;\">V\u00ddZKUM, V\u00ddVOJ A INOVACE<\/p>\t\t\t\t\t\t\t\t<\/div>\n\t\t\t\t<\/div>\n\t\t\t\t<div class=\"elementor-element elementor-element-d5ce966 elementor-widget elementor-widget-text-editor\" data-id=\"d5ce966\" data-element_type=\"widget\" data-e-type=\"widget\" data-widget_type=\"text-editor.default\">\n\t\t\t\t<div class=\"elementor-widget-container\">\n\t\t\t\t\t\t\t\t\t<p style=\"text-align: left;\">Nejnov\u011bj\u0161\u00ed technologie zaji\u0161\u0165uj\u00ed nejvy\u0161\u0161\u00ed bezpe\u010dnost a pohodl\u00ed na\u0161ich od\u011bv\u016f.<\/p>\t\t\t\t\t\t\t\t<\/div>\n\t\t\t\t<\/div>\n\t\t\t\t\t<\/div>\n\t\t<\/div>\n\t\t\t\t<div class=\"elementor-column elementor-col-50 elementor-inner-column elementor-element elementor-element-516a7458 elementor-hidden-tablet elementor-hidden-mobile\" data-id=\"516a7458\" data-element_type=\"column\" data-e-type=\"column\">\n\t\t\t<div class=\"elementor-widget-wrap\">\n\t\t\t\t\t\t\t<\/div>\n\t\t<\/div>\n\t\t\t\t\t<\/div>\n\t\t<\/section>\n\t\t\t\t\t<\/div>\n\t\t<\/div>\n\t\t\t\t\t<\/div>\n\t\t<\/section>\n\t\t\t\t<section class=\"elementor-section elementor-top-section elementor-element elementor-element-2e39043 elementor-section-boxed elementor-section-height-default elementor-section-height-default\" data-id=\"2e39043\" data-element_type=\"section\" data-e-type=\"section\">\n\t\t\t\t\t\t<div class=\"elementor-container elementor-column-gap-default\">\n\t\t\t\t\t<div class=\"elementor-column elementor-col-66 elementor-top-column elementor-element elementor-element-cba5111\" data-id=\"cba5111\" data-element_type=\"column\" data-e-type=\"column\">\n\t\t\t<div class=\"elementor-widget-wrap elementor-element-populated\">\n\t\t\t\t\t\t<div class=\"elementor-element elementor-element-31942e7 elementor-widget elementor-widget-image\" data-id=\"31942e7\" data-element_type=\"widget\" data-e-type=\"widget\" data-widget_type=\"image.default\">\n\t\t\t\t<div class=\"elementor-widget-container\">\n\t\t\t\t\t\t\t\t\t\t\t\t\t\t\t<img decoding=\"async\" width=\"157\" height=\"64\" src=\"https:\/\/issaline.com\/wp-content\/uploads\/2024\/10\/Logo_Verde.svg\" class=\"attachment-full size-full wp-image-4879\" alt=\"\" \/>\t\t\t\t\t\t\t\t\t\t\t\t\t\t\t<\/div>\n\t\t\t\t<\/div>\n\t\t\t\t<div class=\"elementor-element elementor-element-4717ae7 elementor-widget elementor-widget-text-editor\" data-id=\"4717ae7\" data-element_type=\"widget\" data-e-type=\"widget\" data-widget_type=\"text-editor.default\">\n\t\t\t\t<div class=\"elementor-widget-container\">\n\t\t\t\t\t\t\t\t\t<p>Textiln\u00ed technologie pro maxim\u00e1ln\u00ed pohodl\u00ed. Pracujeme pro v\u00e1s. Bez ohledu na to, jak t\u011b\u017ek\u00e1, obt\u00ed\u017en\u00e1 nebo nehostinn\u00e1 je v\u00fdzva nebo va\u0161e pr\u00e1ce, pracujeme na tom, abychom ji p\u0159ekonali, abychom na\u0161li skute\u010dn\u00e1 \u0159e\u0161en\u00ed, abychom se neust\u00e1le zlep\u0161ovali a v\u017edy se posouvali vp\u0159ed. Nev\u011b\u0159\u00edme v nemo\u017en\u00e9 a sna\u017e\u00edme se toho dos\u00e1hnout.<\/p>\t\t\t\t\t\t\t\t<\/div>\n\t\t\t\t<\/div>\n\t\t\t\t\t<\/div>\n\t\t<\/div>\n\t\t\t\t<div class=\"elementor-column elementor-col-33 elementor-top-column elementor-element elementor-element-855865a elementor-hidden-tablet elementor-hidden-mobile\" data-id=\"855865a\" data-element_type=\"column\" data-e-type=\"column\">\n\t\t\t<div class=\"elementor-widget-wrap\">\n\t\t\t\t\t\t\t<\/div>\n\t\t<\/div>\n\t\t\t\t\t<\/div>\n\t\t<\/section>\n\t\t\t\t<section class=\"elementor-section elementor-top-section elementor-element elementor-element-21d5a5fd elementor-section-boxed elementor-section-height-default elementor-section-height-default\" data-id=\"21d5a5fd\" data-element_type=\"section\" data-e-type=\"section\">\n\t\t\t\t\t\t<div class=\"elementor-container elementor-column-gap-default\">\n\t\t\t\t\t<div class=\"elementor-column elementor-col-50 elementor-top-column elementor-element elementor-element-36938165\" data-id=\"36938165\" data-element_type=\"column\" data-e-type=\"column\">\n\t\t\t<div class=\"elementor-widget-wrap elementor-element-populated\">\n\t\t\t\t\t\t<div class=\"elementor-element elementor-element-75a68759 elementor-widget elementor-widget-text-editor\" data-id=\"75a68759\" data-element_type=\"widget\" data-e-type=\"widget\" data-widget_type=\"text-editor.default\">\n\t\t\t\t<div class=\"elementor-widget-container\">\n\t\t\t\t\t\t\t\t\t<p style=\"text-align: left;\">\"Textiln\u00ed technologie, kter\u00e9 poskytuj\u00ed <span class=\"color-verde-cambio-fuente\">V\u011aT\u0160\u00cd POHODL\u00cd<\/span>.\"<\/p>\t\t\t\t\t\t\t\t<\/div>\n\t\t\t\t<\/div>\n\t\t\t\t\t<\/div>\n\t\t<\/div>\n\t\t\t\t<div class=\"elementor-column elementor-col-50 elementor-top-column elementor-element elementor-element-108179b7\" data-id=\"108179b7\" data-element_type=\"column\" data-e-type=\"column\">\n\t\t\t<div class=\"elementor-widget-wrap\">\n\t\t\t\t\t\t\t<\/div>\n\t\t<\/div>\n\t\t\t\t\t<\/div>\n\t\t<\/section>\n\t\t\t\t<section class=\"elementor-section elementor-top-section elementor-element elementor-element-99a8ea5 elementor-section-full_width elementor-section-content-middle elementor-section-height-default elementor-section-height-default\" data-id=\"99a8ea5\" data-element_type=\"section\" data-e-type=\"section\" id=\"contenedor-b2b-nosotros\">\n\t\t\t\t\t\t<div class=\"elementor-container elementor-column-gap-no\">\n\t\t\t\t\t<div class=\"elementor-column elementor-col-50 elementor-top-column elementor-element elementor-element-e65de26 imagen-contenedor-1-b2b\" data-id=\"e65de26\" data-element_type=\"column\" data-e-type=\"column\" data-settings=\"{&quot;background_background&quot;:&quot;classic&quot;}\">\n\t\t\t<div class=\"elementor-widget-wrap elementor-element-populated\">\n\t\t\t\t\t\t<div class=\"elementor-element elementor-element-a12d0cd elementor-widget elementor-widget-spacer\" data-id=\"a12d0cd\" data-element_type=\"widget\" data-e-type=\"widget\" data-widget_type=\"spacer.default\">\n\t\t\t\t<div class=\"elementor-widget-container\">\n\t\t\t\t\t\t\t<div class=\"elementor-spacer\">\n\t\t\t<div class=\"elementor-spacer-inner\"><\/div>\n\t\t<\/div>\n\t\t\t\t\t\t<\/div>\n\t\t\t\t<\/div>\n\t\t\t\t\t<\/div>\n\t\t<\/div>\n\t\t\t\t<div class=\"elementor-column elementor-col-50 elementor-top-column elementor-element elementor-element-595f469 texto-contenedor-1-b2b\" data-id=\"595f469\" data-element_type=\"column\" data-e-type=\"column\" data-settings=\"{&quot;background_background&quot;:&quot;classic&quot;}\">\n\t\t\t<div class=\"elementor-widget-wrap elementor-element-populated\">\n\t\t\t\t\t\t<div class=\"elementor-element elementor-element-f5766ac elementor-widget elementor-widget-text-editor\" data-id=\"f5766ac\" data-element_type=\"widget\" data-e-type=\"widget\" data-widget_type=\"text-editor.default\">\n\t\t\t\t<div class=\"elementor-widget-container\">\n\t\t\t\t\t\t\t\t\tPr\u016fb\u011b\u017en\u00fd v\u00fdzkum a v\u00fdvoj\t\t\t\t\t\t\t\t<\/div>\n\t\t\t\t<\/div>\n\t\t\t\t<div class=\"elementor-element elementor-element-813921f elementor-widget elementor-widget-text-editor\" data-id=\"813921f\" data-element_type=\"widget\" data-e-type=\"widget\" data-widget_type=\"text-editor.default\">\n\t\t\t\t<div class=\"elementor-widget-container\">\n\t\t\t\t\t\t\t\t\t<p style=\"text-align: left;\">M\u00e1me t\u00fdm v\u00fdzkumu, v\u00fdvoje a inovac\u00ed, kter\u00fd neust\u00e1le zkoum\u00e1 a vyv\u00edj\u00ed inovativn\u00ed \u0159e\u0161en\u00ed pro pracovn\u00edky a hled\u00e1 dokonalou rovnov\u00e1hu mezi bezpe\u010dnost\u00ed, pohodl\u00edm a stylem.<\/p>\t\t\t\t\t\t\t\t<\/div>\n\t\t\t\t<\/div>\n\t\t\t\t\t<\/div>\n\t\t<\/div>\n\t\t\t\t\t<\/div>\n\t\t<\/section>\n\t\t\t\t<section class=\"elementor-section elementor-top-section elementor-element elementor-element-10dc3ee elementor-section-full_width elementor-section-content-middle elementor-section-height-default elementor-section-height-default\" data-id=\"10dc3ee\" data-element_type=\"section\" data-e-type=\"section\" id=\"contenedor-vestuario-nosotros\">\n\t\t\t\t\t\t<div class=\"elementor-container elementor-column-gap-no\">\n\t\t\t\t\t<div class=\"elementor-column elementor-col-50 elementor-top-column elementor-element elementor-element-b8982d1 texto-contenedor-vestuario-nosotros\" data-id=\"b8982d1\" data-element_type=\"column\" data-e-type=\"column\" data-settings=\"{&quot;background_background&quot;:&quot;classic&quot;}\">\n\t\t\t<div class=\"elementor-widget-wrap elementor-element-populated\">\n\t\t\t\t\t\t<div class=\"elementor-element elementor-element-1e8be4a elementor-widget__width-inherit elementor-widget elementor-widget-text-editor\" data-id=\"1e8be4a\" data-element_type=\"widget\" data-e-type=\"widget\" data-widget_type=\"text-editor.default\">\n\t\t\t\t<div class=\"elementor-widget-container\">\n\t\t\t\t\t\t\t\t\tOdborn\u00fd a multidisciplin\u00e1rn\u00ed t\u00fdm\t\t\t\t\t\t\t\t<\/div>\n\t\t\t\t<\/div>\n\t\t\t\t<div class=\"elementor-element elementor-element-1cae857 elementor-widget__width-inherit elementor-widget elementor-widget-text-editor\" data-id=\"1cae857\" data-element_type=\"widget\" data-e-type=\"widget\" data-widget_type=\"text-editor.default\">\n\t\t\t\t<div class=\"elementor-widget-container\">\n\t\t\t\t\t\t\t\t\t<p style=\"text-align: left;\">Odborn\u00fd a multidisciplin\u00e1rn\u00ed t\u00fdm se zku\u0161enostmi a znalostmi, kter\u00e9 umo\u017e\u0148uj\u00ed optim\u00e1ln\u00ed \u0159e\u0161en\u00ed r\u016fzn\u00fdch f\u00e1z\u00ed v\u00fdvoje produktu s dodr\u017een\u00edm nejvy\u0161\u0161\u00edch standard\u016f kvality: Konceptualizace, design, styling, vzorn\u00edk, v\u00fdb\u011br materi\u00e1l\u016f a slo\u017een\u00ed.<\/p>\t\t\t\t\t\t\t\t<\/div>\n\t\t\t\t<\/div>\n\t\t\t\t\t<\/div>\n\t\t<\/div>\n\t\t\t\t<div class=\"elementor-column elementor-col-50 elementor-top-column elementor-element elementor-element-c154177 imagen-contenedor-vestuario-nosotros\" data-id=\"c154177\" data-element_type=\"column\" data-e-type=\"column\" data-settings=\"{&quot;background_background&quot;:&quot;classic&quot;}\">\n\t\t\t<div class=\"elementor-widget-wrap elementor-element-populated\">\n\t\t\t\t\t\t<div class=\"elementor-element elementor-element-d85aef6 elementor-widget elementor-widget-spacer\" data-id=\"d85aef6\" data-element_type=\"widget\" data-e-type=\"widget\" data-widget_type=\"spacer.default\">\n\t\t\t\t<div class=\"elementor-widget-container\">\n\t\t\t\t\t\t\t<div class=\"elementor-spacer\">\n\t\t\t<div class=\"elementor-spacer-inner\"><\/div>\n\t\t<\/div>\n\t\t\t\t\t\t<\/div>\n\t\t\t\t<\/div>\n\t\t\t\t\t<\/div>\n\t\t<\/div>\n\t\t\t\t\t<\/div>\n\t\t<\/section>\n\t\t\t\t<\/div>","protected":false},"excerpt":{"rendered":"<p>I+D+I La \u00faltima tecnolog\u00eda para proporcionar la mayor seguridad y comodidad en nuestras prendas. Tecnolog\u00eda textil para proporcionar la mayor comodidad. Trabajamos para ti. No importa lo duro, lo dif\u00edcil o lo inh\u00f3spito que sea el reto o tu trabajo, trabajamos para superarlo, para encontrar soluciones reales, mejorar de forma constante y avanzar siempre hacia [&hellip;]<\/p>\n","protected":false},"author":1,"featured_media":0,"parent":0,"menu_order":0,"comment_status":"closed","ping_status":"closed","template":"elementor_header_footer","meta":{"footnotes":""},"class_list":["post-1528","page","type-page","status-publish","hentry"],"yoast_head":"<!-- This site is optimized with the Yoast SEO plugin v27.3 - https:\/\/yoast.com\/product\/yoast-seo-wordpress\/ -->\n<title>I+D+I - Issaline<\/title>\n<meta name=\"robots\" content=\"index, follow, max-snippet:-1, max-image-preview:large, max-video-preview:-1\" \/>\n<link rel=\"canonical\" href=\"https:\/\/issaline.com\/cs\/idi\/\" \/>\n<meta property=\"og:locale\" content=\"cs_CZ\" \/>\n<meta property=\"og:type\" content=\"article\" \/>\n<meta property=\"og:title\" content=\"I+D+I - Issaline\" \/>\n<meta property=\"og:description\" content=\"I+D+I La \u00faltima tecnolog\u00eda para proporcionar la mayor seguridad y comodidad en nuestras prendas. Tecnolog\u00eda textil para proporcionar la mayor comodidad. Trabajamos para ti. No importa lo duro, lo dif\u00edcil o lo inh\u00f3spito que sea el reto o tu trabajo, trabajamos para superarlo, para encontrar soluciones reales, mejorar de forma constante y avanzar siempre hacia [&hellip;]\" \/>\n<meta property=\"og:url\" content=\"https:\/\/issaline.com\/cs\/idi\/\" \/>\n<meta property=\"og:site_name\" content=\"Issaline\" \/>\n<meta property=\"article:modified_time\" content=\"2024-11-18T16:21:39+00:00\" \/>\n<meta property=\"og:image\" content=\"https:\/\/issaline.com\/wp-content\/uploads\/2024\/10\/idi-issaline-1.jpg\" \/>\n\t<meta property=\"og:image:width\" content=\"1920\" \/>\n\t<meta property=\"og:image:height\" content=\"643\" \/>\n\t<meta property=\"og:image:type\" content=\"image\/jpeg\" \/>\n<meta name=\"twitter:card\" content=\"summary_large_image\" \/>\n<meta name=\"twitter:label1\" content=\"Odhadovan\u00e1 doba \u010dten\u00ed\" \/>\n\t<meta name=\"twitter:data1\" content=\"1 minuta\" \/>\n<script type=\"application\/ld+json\" class=\"yoast-schema-graph\">{\"@context\":\"https:\\\/\\\/schema.org\",\"@graph\":[{\"@type\":\"WebPage\",\"@id\":\"https:\\\/\\\/issaline.com\\\/idi\\\/\",\"url\":\"https:\\\/\\\/issaline.com\\\/idi\\\/\",\"name\":\"I+D+I - Issaline\",\"isPartOf\":{\"@id\":\"https:\\\/\\\/issaline.com\\\/#website\"},\"primaryImageOfPage\":{\"@id\":\"https:\\\/\\\/issaline.com\\\/idi\\\/#primaryimage\"},\"image\":{\"@id\":\"https:\\\/\\\/issaline.com\\\/idi\\\/#primaryimage\"},\"thumbnailUrl\":\"https:\\\/\\\/issaline.com\\\/wp-content\\\/uploads\\\/2024\\\/10\\\/idi-issaline-1.jpg\",\"datePublished\":\"2024-10-14T15:24:08+00:00\",\"dateModified\":\"2024-11-18T16:21:39+00:00\",\"breadcrumb\":{\"@id\":\"https:\\\/\\\/issaline.com\\\/idi\\\/#breadcrumb\"},\"inLanguage\":\"cs\",\"potentialAction\":[{\"@type\":\"ReadAction\",\"target\":[\"https:\\\/\\\/issaline.com\\\/idi\\\/\"]}]},{\"@type\":\"ImageObject\",\"inLanguage\":\"cs\",\"@id\":\"https:\\\/\\\/issaline.com\\\/idi\\\/#primaryimage\",\"url\":\"https:\\\/\\\/issaline.com\\\/wp-content\\\/uploads\\\/2024\\\/10\\\/idi-issaline-1.jpg\",\"contentUrl\":\"https:\\\/\\\/issaline.com\\\/wp-content\\\/uploads\\\/2024\\\/10\\\/idi-issaline-1.jpg\"},{\"@type\":\"BreadcrumbList\",\"@id\":\"https:\\\/\\\/issaline.com\\\/idi\\\/#breadcrumb\",\"itemListElement\":[{\"@type\":\"ListItem\",\"position\":1,\"name\":\"Portada\",\"item\":\"https:\\\/\\\/issaline.com\\\/\"},{\"@type\":\"ListItem\",\"position\":2,\"name\":\"I+D+I\"}]},{\"@type\":\"WebSite\",\"@id\":\"https:\\\/\\\/issaline.com\\\/#website\",\"url\":\"https:\\\/\\\/issaline.com\\\/\",\"name\":\"Issaline\",\"description\":\"\",\"publisher\":{\"@id\":\"https:\\\/\\\/issaline.com\\\/#organization\"},\"potentialAction\":[{\"@type\":\"SearchAction\",\"target\":{\"@type\":\"EntryPoint\",\"urlTemplate\":\"https:\\\/\\\/issaline.com\\\/?s={search_term_string}\"},\"query-input\":{\"@type\":\"PropertyValueSpecification\",\"valueRequired\":true,\"valueName\":\"search_term_string\"}}],\"inLanguage\":\"cs\"},{\"@type\":\"Organization\",\"@id\":\"https:\\\/\\\/issaline.com\\\/#organization\",\"name\":\"Issaline\",\"url\":\"https:\\\/\\\/issaline.com\\\/\",\"logo\":{\"@type\":\"ImageObject\",\"inLanguage\":\"cs\",\"@id\":\"https:\\\/\\\/issaline.com\\\/#\\\/schema\\\/logo\\\/image\\\/\",\"url\":\"https:\\\/\\\/issaline.com\\\/wp-content\\\/uploads\\\/2023\\\/07\\\/Issaline_logo.png\",\"contentUrl\":\"https:\\\/\\\/issaline.com\\\/wp-content\\\/uploads\\\/2023\\\/07\\\/Issaline_logo.png\",\"width\":959,\"height\":391,\"caption\":\"Issaline\"},\"image\":{\"@id\":\"https:\\\/\\\/issaline.com\\\/#\\\/schema\\\/logo\\\/image\\\/\"}}]}<\/script>\n<!-- \/ Yoast SEO plugin. -->","yoast_head_json":{"title":"V\u00fdzkum, v\u00fdvoj a inovace - Issaline","robots":{"index":"index","follow":"follow","max-snippet":"max-snippet:-1","max-image-preview":"max-image-preview:large","max-video-preview":"max-video-preview:-1"},"canonical":"https:\/\/issaline.com\/cs\/idi\/","og_locale":"cs_CZ","og_type":"article","og_title":"I+D+I - Issaline","og_description":"I+D+I La \u00faltima tecnolog\u00eda para proporcionar la mayor seguridad y comodidad en nuestras prendas. Tecnolog\u00eda textil para proporcionar la mayor comodidad. Trabajamos para ti. No importa lo duro, lo dif\u00edcil o lo inh\u00f3spito que sea el reto o tu trabajo, trabajamos para superarlo, para encontrar soluciones reales, mejorar de forma constante y avanzar siempre hacia [&hellip;]","og_url":"https:\/\/issaline.com\/cs\/idi\/","og_site_name":"Issaline","article_modified_time":"2024-11-18T16:21:39+00:00","og_image":[{"width":1920,"height":643,"url":"https:\/\/issaline.com\/wp-content\/uploads\/2024\/10\/idi-issaline-1.jpg","type":"image\/jpeg"}],"twitter_card":"summary_large_image","twitter_misc":{"Odhadovan\u00e1 doba \u010dten\u00ed":"1 minuta"},"schema":{"@context":"https:\/\/schema.org","@graph":[{"@type":"WebPage","@id":"https:\/\/issaline.com\/idi\/","url":"https:\/\/issaline.com\/idi\/","name":"V\u00fdzkum, v\u00fdvoj a inovace - Issaline","isPartOf":{"@id":"https:\/\/issaline.com\/#website"},"primaryImageOfPage":{"@id":"https:\/\/issaline.com\/idi\/#primaryimage"},"image":{"@id":"https:\/\/issaline.com\/idi\/#primaryimage"},"thumbnailUrl":"https:\/\/issaline.com\/wp-content\/uploads\/2024\/10\/idi-issaline-1.jpg","datePublished":"2024-10-14T15:24:08+00:00","dateModified":"2024-11-18T16:21:39+00:00","breadcrumb":{"@id":"https:\/\/issaline.com\/idi\/#breadcrumb"},"inLanguage":"cs","potentialAction":[{"@type":"ReadAction","target":["https:\/\/issaline.com\/idi\/"]}]},{"@type":"ImageObject","inLanguage":"cs","@id":"https:\/\/issaline.com\/idi\/#primaryimage","url":"https:\/\/issaline.com\/wp-content\/uploads\/2024\/10\/idi-issaline-1.jpg","contentUrl":"https:\/\/issaline.com\/wp-content\/uploads\/2024\/10\/idi-issaline-1.jpg"},{"@type":"BreadcrumbList","@id":"https:\/\/issaline.com\/idi\/#breadcrumb","itemListElement":[{"@type":"ListItem","position":1,"name":"Portada","item":"https:\/\/issaline.com\/"},{"@type":"ListItem","position":2,"name":"I+D+I"}]},{"@type":"WebSite","@id":"https:\/\/issaline.com\/#website","url":"https:\/\/issaline.com\/","name":"Issaline","description":"","publisher":{"@id":"https:\/\/issaline.com\/#organization"},"potentialAction":[{"@type":"SearchAction","target":{"@type":"EntryPoint","urlTemplate":"https:\/\/issaline.com\/?s={search_term_string}"},"query-input":{"@type":"PropertyValueSpecification","valueRequired":true,"valueName":"search_term_string"}}],"inLanguage":"cs"},{"@type":"Organization","@id":"https:\/\/issaline.com\/#organization","name":"Issaline","url":"https:\/\/issaline.com\/","logo":{"@type":"ImageObject","inLanguage":"cs","@id":"https:\/\/issaline.com\/#\/schema\/logo\/image\/","url":"https:\/\/issaline.com\/wp-content\/uploads\/2023\/07\/Issaline_logo.png","contentUrl":"https:\/\/issaline.com\/wp-content\/uploads\/2023\/07\/Issaline_logo.png","width":959,"height":391,"caption":"Issaline"},"image":{"@id":"https:\/\/issaline.com\/#\/schema\/logo\/image\/"}}]}},"_links":{"self":[{"href":"https:\/\/issaline.com\/cs\/wp-json\/wp\/v2\/pages\/1528","targetHints":{"allow":["GET"]}}],"collection":[{"href":"https:\/\/issaline.com\/cs\/wp-json\/wp\/v2\/pages"}],"about":[{"href":"https:\/\/issaline.com\/cs\/wp-json\/wp\/v2\/types\/page"}],"author":[{"embeddable":true,"href":"https:\/\/issaline.com\/cs\/wp-json\/wp\/v2\/users\/1"}],"replies":[{"embeddable":true,"href":"https:\/\/issaline.com\/cs\/wp-json\/wp\/v2\/comments?post=1528"}],"version-history":[{"count":262,"href":"https:\/\/issaline.com\/cs\/wp-json\/wp\/v2\/pages\/1528\/revisions"}],"predecessor-version":[{"id":9313,"href":"https:\/\/issaline.com\/cs\/wp-json\/wp\/v2\/pages\/1528\/revisions\/9313"}],"wp:attachment":[{"href":"https:\/\/issaline.com\/cs\/wp-json\/wp\/v2\/media?parent=1528"}],"curies":[{"name":"wp","href":"https:\/\/api.w.org\/{rel}","templated":true}]}}